{"id":1004,"date":"2024-11-12T12:58:13","date_gmt":"2024-11-12T12:58:13","guid":{"rendered":"https:\/\/www.mcallenflatware.com\/?post_type=product&#038;p=1004"},"modified":"2024-11-12T12:58:14","modified_gmt":"2024-11-12T12:58:14","slug":"custom-stainless-steel-cups","status":"publish","type":"product","link":"https:\/\/www.mcallenflatware.com\/fr\/product\/custom-stainless-steel-cups\/","title":{"rendered":"Gobelets en acier inoxydable personnalis\u00e9s avec pailles Gobelets \u00e0 double paroi en vrac"},"content":{"rendered":"<h2 class=\"wp-block-heading\">Tasses en acier inoxydable Caract\u00e9ristiques :<\/h2>\n\n\n\n<div class=\"wp-block-columns is-layout-flex wp-container-core-columns-is-layout-9d6595d7 wp-block-columns-is-layout-flex\">\n<div class=\"wp-block-column is-layout-flow wp-block-column-is-layout-flow\" style=\"flex-basis:66.66%\">\n<p><strong>Conception \u00e0 double couche<\/strong><br>La structure en acier inoxydable \u00e0 double couche permet d'isoler efficacement la temp\u00e9rature ext\u00e9rieure et de conserver les boissons chaudes ou froides.<\/p>\n\n\n\n<p><strong>Mat\u00e9riau de haute qualit\u00e9<\/strong><br>L'acier inoxydable de qualit\u00e9 alimentaire est utilis\u00e9 pour garantir la s\u00e9curit\u00e9, la non-toxicit\u00e9, la r\u00e9sistance \u00e0 la corrosion et la durabilit\u00e9.<\/p>\n\n\n\n<p><strong>Pailles<\/strong><br>G\u00e9n\u00e9ralement \u00e9quip\u00e9s de pailles en acier inoxydable ou respectueuses de l'environnement, ils sont pratiques pour boire des boissons froides ou des boissons contenant des particules.<\/p>\n\n\n\n<p><strong>Diff\u00e9rentes capacit\u00e9s<\/strong><br>Diff\u00e9rentes capacit\u00e9s sont disponibles pour r\u00e9pondre aux diff\u00e9rents besoins en mati\u00e8re de boisson.<\/p>\n\n\n\n<p><strong>Apparence \u00e9l\u00e9gante<\/strong><br>Design simple et \u00e9l\u00e9gant, adapt\u00e9 \u00e0 toutes les occasions, avec des tasses martel\u00e9es et lisses disponibles.<\/p>\n\n\n\n<p><strong>Respect de l'environnement<\/strong><br>R\u00e9utilisables, ils r\u00e9duisent l'utilisation de gobelets et de pailles en plastique jetables et sont plus respectueux de l'environnement.<\/p>\n<\/div>\n\n\n\n<div class=\"wp-block-column is-layout-flow wp-block-column-is-layout-flow\" style=\"flex-basis:33.33%\">\n<figure class=\"wp-block-image size-full\"><img decoding=\"async\" width=\"1024\" height=\"1024\" src=\"https:\/\/www.mcallenflatware.com\/wp-content\/uploads\/2024\/11\/Wholesale-Stainless-Steel-Cups-2.webp\" alt=\"Grossiste-Coupes en acier inoxydable (2)\" class=\"wp-image-1007\" srcset=\"https:\/\/www.mcallenflatware.com\/wp-content\/uploads\/2024\/11\/Wholesale-Stainless-Steel-Cups-2.webp 1024w, https:\/\/www.mcallenflatware.com\/wp-content\/uploads\/2024\/11\/Wholesale-Stainless-Steel-Cups-2-150x150.webp 150w, https:\/\/www.mcallenflatware.com\/wp-content\/uploads\/2024\/11\/Wholesale-Stainless-Steel-Cups-2-768x768.webp 768w, https:\/\/www.mcallenflatware.com\/wp-content\/uploads\/2024\/11\/Wholesale-Stainless-Steel-Cups-2-600x600.webp 600w, https:\/\/www.mcallenflatware.com\/wp-content\/uploads\/2024\/11\/Wholesale-Stainless-Steel-Cups-2-300x300.webp 300w, https:\/\/www.mcallenflatware.com\/wp-content\/uploads\/2024\/11\/Wholesale-Stainless-Steel-Cups-2-100x100.webp 100w\" sizes=\"(max-width: 1024px) 100vw, 1024px\" \/><\/figure>\n<\/div>\n<\/div>","protected":false},"excerpt":{"rendered":"<p>Ces gobelets en acier inoxydable avec pailles sont dot\u00e9s d'une double couche isolante qui permet de garder les boissons chaudes ou froides. Fabriqu\u00e9s en acier inoxydable durable, ils ont un aspect propre et sont disponibles dans une vari\u00e9t\u00e9 de couleurs et d'options de capacit\u00e9 pour une utilisation \u00e0 la maison, au bureau ou \u00e0 l'ext\u00e9rieur.<\/p>\n<h2>Tasses en acier inoxydable Attributs<\/h2>\n<p><strong>Nom de marque :<\/strong> Mcallen<br \/><strong>Mat\u00e9riau :<\/strong> Acier inoxydable<br \/><strong>Couleur :<\/strong> Or, argent<br \/><strong>Polissage :<\/strong> Mat<br \/><strong>D\u00e9lai d'ex\u00e9cution de l'\u00e9chantillon :<\/strong> Dans les 3 jours<br \/><strong>OEM\/ODM :<\/strong> Disponible<\/p>\n<h2>Gobelets en acier inoxydable personnalis\u00e9s :<\/h2>\n<p><strong>Acier inoxydable :<\/strong> Acier inoxydable 18\/10, 304, 316, 410, 430, 420<br \/><strong>Logo :<\/strong> Gravure laser, s\u00e9rigraphie, impression UV, impression par transfert thermique, gaufrage, etc.<br \/><strong>Finitions de surface :<\/strong> Poli miroir, mat, poli \u00e0 l'eau, rev\u00eatement titane<br \/><strong>Emballage :<\/strong> Vrac, sac opp, bo\u00eete de couleur, bo\u00eete cadeau, sur mesure<\/p>","protected":false},"featured_media":1006,"template":"","meta":[],"product_brand":[],"product_cat":[26,35],"product_tag":[],"class_list":{"0":"post-1004","1":"product","2":"type-product","3":"status-publish","4":"has-post-thumbnail","6":"product_cat-wholesale-bar-supplies-tools","7":"product_cat-custom-stainless-steel-cups","9":"first","10":"instock","11":"shipping-taxable","12":"product-type-simple"},"_links":{"self":[{"href":"https:\/\/www.mcallenflatware.com\/fr\/wp-json\/wp\/v2\/product\/1004","targetHints":{"allow":["GET"]}}],"collection":[{"href":"https:\/\/www.mcallenflatware.com\/fr\/wp-json\/wp\/v2\/product"}],"about":[{"href":"https:\/\/www.mcallenflatware.com\/fr\/wp-json\/wp\/v2\/types\/product"}],"wp:featuredmedia":[{"embeddable":true,"href":"https:\/\/www.mcallenflatware.com\/fr\/wp-json\/wp\/v2\/media\/1006"}],"wp:attachment":[{"href":"https:\/\/www.mcallenflatware.com\/fr\/wp-json\/wp\/v2\/media?parent=1004"}],"wp:term":[{"taxonomy":"product_brand","embeddable":true,"href":"https:\/\/www.mcallenflatware.com\/fr\/wp-json\/wp\/v2\/product_brand?post=1004"},{"taxonomy":"product_cat","embeddable":true,"href":"https:\/\/www.mcallenflatware.com\/fr\/wp-json\/wp\/v2\/product_cat?post=1004"},{"taxonomy":"product_tag","embeddable":true,"href":"https:\/\/www.mcallenflatware.com\/fr\/wp-json\/wp\/v2\/product_tag?post=1004"}],"curies":[{"name":"wp","href":"https:\/\/api.w.org\/{rel}","templated":true}]}}