{"id":1008,"date":"2024-11-12T17:31:52","date_gmt":"2024-11-12T17:31:52","guid":{"rendered":"https:\/\/www.mcallenflatware.com\/?post_type=product&#038;p=1008"},"modified":"2024-11-12T17:31:53","modified_gmt":"2024-11-12T17:31:53","slug":"custom-reusable-boba-straws","status":"publish","type":"product","link":"https:\/\/www.mcallenflatware.com\/fr\/product\/custom-reusable-boba-straws\/","title":{"rendered":"Pailles Boba r\u00e9utilisables personnalis\u00e9es Pailles en acier inoxydable \u00e0 bout angulaire"},"content":{"rendered":"<h2 class=\"wp-block-heading\">Pailles Boba r\u00e9utilisables Caract\u00e9ristiques :<\/h2>\n\n\n\n<div class=\"wp-block-columns is-layout-flex wp-container-core-columns-is-layout-9d6595d7 wp-block-columns-is-layout-flex\">\n<div class=\"wp-block-column is-layout-flow wp-block-column-is-layout-flow\" style=\"flex-basis:66.66%\">\n<p><strong>Mat\u00e9riaux \u00e9cologiques de haute qualit\u00e9<\/strong><br>Acier inoxydable 304 de qualit\u00e9 alimentaire, r\u00e9utilisable, surface lisse, facile \u00e0 nettoyer.<\/p>\n\n\n\n<p><strong>Conception de la pointe biseaut\u00e9e<\/strong><br>L'une des extr\u00e9mit\u00e9s de la paille est con\u00e7ue avec une pointe biseaut\u00e9e, ce qui facilite la p\u00e9n\u00e9tration du film d'\u00e9tanch\u00e9it\u00e9 et l'aspiration des perles dans la boisson.<\/p>\n\n\n\n<p><strong>\u00c9quip\u00e9 d'une brosse de nettoyage<\/strong><br>Nettoyage pratique et complet de l'int\u00e9rieur pour garantir l'hygi\u00e8ne.<\/p>\n\n\n\n<p><strong>Taille personnalisable<\/strong><br>Une vari\u00e9t\u00e9 de calibres et de diam\u00e8tres est disponible, convenant \u00e0 diff\u00e9rentes boissons et gobelets, qu'il s'agisse de boissons \u00e0 gros grains ou de boissons telles que le th\u00e9 au lait perl\u00e9, les jus de fruits et les smoothies.<\/p>\n\n\n\n<p><strong>Plusieurs options de couleurs<\/strong><br>Disponible en or, argent, noir, bleu ou dans des couleurs personnalis\u00e9es pour r\u00e9pondre aux diff\u00e9rentes pr\u00e9f\u00e9rences des utilisateurs.<\/p>\n<\/div>\n\n\n\n<div class=\"wp-block-column is-layout-flow wp-block-column-is-layout-flow\" style=\"flex-basis:33.33%\">\n<figure class=\"wp-block-image size-full\"><img decoding=\"async\" width=\"1536\" height=\"1534\" src=\"https:\/\/www.mcallenflatware.com\/wp-content\/uploads\/2024\/11\/Custom-Reusable-Boba-Straws-1.webp\" alt=\"Bandes personnalis\u00e9es et r\u00e9utilisables (1)\" class=\"wp-image-1010\" srcset=\"https:\/\/www.mcallenflatware.com\/wp-content\/uploads\/2024\/11\/Custom-Reusable-Boba-Straws-1.webp 1536w, https:\/\/www.mcallenflatware.com\/wp-content\/uploads\/2024\/11\/Custom-Reusable-Boba-Straws-1-150x150.webp 150w, https:\/\/www.mcallenflatware.com\/wp-content\/uploads\/2024\/11\/Custom-Reusable-Boba-Straws-1-768x767.webp 768w, https:\/\/www.mcallenflatware.com\/wp-content\/uploads\/2024\/11\/Custom-Reusable-Boba-Straws-1-1200x1198.webp 1200w, https:\/\/www.mcallenflatware.com\/wp-content\/uploads\/2024\/11\/Custom-Reusable-Boba-Straws-1-600x599.webp 600w, https:\/\/www.mcallenflatware.com\/wp-content\/uploads\/2024\/11\/Custom-Reusable-Boba-Straws-1-300x300.webp 300w, https:\/\/www.mcallenflatware.com\/wp-content\/uploads\/2024\/11\/Custom-Reusable-Boba-Straws-1-100x100.webp 100w\" sizes=\"(max-width: 1536px) 100vw, 1536px\" \/><\/figure>\n<\/div>\n<\/div>","protected":false},"excerpt":{"rendered":"<p>Pailles boba r\u00e9utilisables en acier inoxydable, \u00e9cologiques et faciles \u00e0 nettoyer, adapt\u00e9es aux restaurants et aux caf\u00e9s. Mcallen fabricant direct en gros, et supportant le service Amazon FBA.<\/p>\n<h2>Attributs des pailles Boba r\u00e9utilisables<\/h2>\n<p><strong>Nom de marque :<\/strong> Mcallen<br \/><strong>Mat\u00e9riau :<\/strong> Acier inoxydable<br \/><strong>Couleur : <\/strong>Or, argent, or rose, violet ou personnalis\u00e9<br \/><strong>Accessoires :<\/strong> Brosse \u00e0 paille<br \/><strong>Polissage :<\/strong> Miroir poli<br \/><strong>Conception :<\/strong>\u00a0 Droite, angulaire<br \/><strong>D\u00e9lai d'ex\u00e9cution de l'\u00e9chantillon :<\/strong> Dans les 3 jours<br \/><strong>OEM\/ODM :<\/strong> Disponible<\/p>\n<h2>Pailles Boba r\u00e9utilisables personnalis\u00e9es :<\/h2>\n<p><strong>Acier inoxydable :<\/strong>\u00a0Acier inoxydable 18\/10, 304, 316, 410, 430, 420<br \/><strong>Logo :<\/strong>\u00a0 Estampage, laser, gravure, etc.<br \/><strong>Finitions de surface :<\/strong>\u00a0Poli miroir, mat<br \/><strong>Emballage :<\/strong>\u00a0Vrac, sac opp, bo\u00eete de couleur, sur mesure<\/p>","protected":false},"featured_media":1011,"template":"","meta":[],"product_brand":[],"product_cat":[26,36],"product_tag":[],"class_list":{"0":"post-1008","1":"product","2":"type-product","3":"status-publish","4":"has-post-thumbnail","6":"product_cat-wholesale-bar-supplies-tools","7":"product_cat-custom-stainless-steel-straws","9":"first","10":"instock","11":"shipping-taxable","12":"product-type-simple"},"_links":{"self":[{"href":"https:\/\/www.mcallenflatware.com\/fr\/wp-json\/wp\/v2\/product\/1008","targetHints":{"allow":["GET"]}}],"collection":[{"href":"https:\/\/www.mcallenflatware.com\/fr\/wp-json\/wp\/v2\/product"}],"about":[{"href":"https:\/\/www.mcallenflatware.com\/fr\/wp-json\/wp\/v2\/types\/product"}],"wp:featuredmedia":[{"embeddable":true,"href":"https:\/\/www.mcallenflatware.com\/fr\/wp-json\/wp\/v2\/media\/1011"}],"wp:attachment":[{"href":"https:\/\/www.mcallenflatware.com\/fr\/wp-json\/wp\/v2\/media?parent=1008"}],"wp:term":[{"taxonomy":"product_brand","embeddable":true,"href":"https:\/\/www.mcallenflatware.com\/fr\/wp-json\/wp\/v2\/product_brand?post=1008"},{"taxonomy":"product_cat","embeddable":true,"href":"https:\/\/www.mcallenflatware.com\/fr\/wp-json\/wp\/v2\/product_cat?post=1008"},{"taxonomy":"product_tag","embeddable":true,"href":"https:\/\/www.mcallenflatware.com\/fr\/wp-json\/wp\/v2\/product_tag?post=1008"}],"curies":[{"name":"wp","href":"https:\/\/api.w.org\/{rel}","templated":true}]}}