{"id":1019,"date":"2024-11-12T18:17:29","date_gmt":"2024-11-12T18:17:29","guid":{"rendered":"https:\/\/www.mcallenflatware.com\/?post_type=product&#038;p=1019"},"modified":"2024-11-12T18:17:29","modified_gmt":"2024-11-12T18:17:29","slug":"wholesale-metal-straws","status":"publish","type":"product","link":"https:\/\/www.mcallenflatware.com\/fr\/product\/wholesale-metal-straws\/","title":{"rendered":"Vente en gros de pailles en m\u00e9tal r\u00e9utilisables en acier inoxydable droites et courb\u00e9es"},"content":{"rendered":"<h2 class=\"wp-block-heading\">Pailles en m\u00e9tal Caract\u00e9ristiques :<\/h2>\n\n\n\n<div class=\"wp-block-columns is-layout-flex wp-container-core-columns-is-layout-9d6595d7 wp-block-columns-is-layout-flex\">\n<div class=\"wp-block-column is-layout-flow wp-block-column-is-layout-flow\" style=\"flex-basis:66.66%\">\n<p><strong>R\u00e9utilisable<\/strong><br>Fabriqu\u00e9 en acier inoxydable, non toxique et s\u00fbr, r\u00e9sistant \u00e0 l'usure et r\u00e9utilisable.<\/p>\n\n\n\n<p><strong>Vari\u00e9t\u00e9 de styles<\/strong><br>Des mod\u00e8les droits et courb\u00e9s sont disponibles pour r\u00e9pondre aux besoins des diff\u00e9rents types de boissons et aux pr\u00e9f\u00e9rences personnelles.<\/p>\n\n\n\n<p><strong>Options multiples<\/strong><br>Une large gamme de diam\u00e8tres est disponible, convenant \u00e0 un large \u00e9ventail de boissons, des plus froides aux plus chaudes.<\/p>\n\n\n\n<p><strong>Portabilit\u00e9<\/strong><br>L\u00e9ger et portable, il peut \u00eatre compos\u00e9 de kits, faciles \u00e0 transporter et \u00e0 utiliser lors des sorties.<\/p>\n\n\n\n<p><strong>Large \u00e9ventail d'applications<br><\/strong>Il convient non seulement \u00e0 un usage domestique, mais il est \u00e9galement tr\u00e8s populaire dans les lieux commerciaux tels que les caf\u00e9s et les bars.<\/p>\n\n\n\n<p><strong>Facile \u00e0 nettoyer<\/strong><br>La plupart des pailles en m\u00e9tal sont livr\u00e9es avec une brosse de nettoyage, ce qui permet de nettoyer facilement l'int\u00e9rieur et de le maintenir hygi\u00e9nique.<\/p>\n<\/div>\n\n\n\n<div class=\"wp-block-column is-layout-flow wp-block-column-is-layout-flow\" style=\"flex-basis:33.33%\">\n<figure class=\"wp-block-image size-full\"><img decoding=\"async\" width=\"800\" height=\"800\" src=\"https:\/\/www.mcallenflatware.com\/wp-content\/uploads\/2024\/11\/Wholesale-Metal-Straws-2.webp\" alt=\"Vente en gros d&#039;attaches m\u00e9talliques (2)\" class=\"wp-image-1021\" srcset=\"https:\/\/www.mcallenflatware.com\/wp-content\/uploads\/2024\/11\/Wholesale-Metal-Straws-2.webp 800w, https:\/\/www.mcallenflatware.com\/wp-content\/uploads\/2024\/11\/Wholesale-Metal-Straws-2-150x150.webp 150w, https:\/\/www.mcallenflatware.com\/wp-content\/uploads\/2024\/11\/Wholesale-Metal-Straws-2-768x768.webp 768w, https:\/\/www.mcallenflatware.com\/wp-content\/uploads\/2024\/11\/Wholesale-Metal-Straws-2-600x600.webp 600w, https:\/\/www.mcallenflatware.com\/wp-content\/uploads\/2024\/11\/Wholesale-Metal-Straws-2-300x300.webp 300w, https:\/\/www.mcallenflatware.com\/wp-content\/uploads\/2024\/11\/Wholesale-Metal-Straws-2-100x100.webp 100w\" sizes=\"(max-width: 800px) 100vw, 800px\" \/><\/figure>\n<\/div>\n<\/div>","protected":false},"excerpt":{"rendered":"<p>Les pailles m\u00e9talliques en gros sont disponibles en version droite ou coud\u00e9e, en acier inoxydable r\u00e9utilisable et faciles \u00e0 nettoyer. La couleur, la taille et l'emballage peuvent \u00eatre personnalis\u00e9s. L'usine de Mcallen fournit des services de commerce \u00e9lectronique tels qu'Amazon, Lazada et Shopee. N'h\u00e9sitez pas \u00e0 nous contacter !<\/p>\n<h2>Pailles en m\u00e9tal Attributs<\/h2>\n<p><strong>Nom de marque :<\/strong> Mcallen<br \/><strong>Mat\u00e9riau :<\/strong> Acier inoxydable<br \/><strong>Couleur :<\/strong> Or, argent ou personnalis\u00e9<br \/><strong>Accessoires :<\/strong> Brosse \u00e0 paille<br \/><strong>Polissage :<\/strong> Miroir poli<br \/><strong>Conception :<\/strong>\u00a0 Droite et courb\u00e9e<br \/><strong>D\u00e9lai d'ex\u00e9cution de l'\u00e9chantillon :<\/strong> Dans les 3 jours<br \/><strong>OEM\/ODM :<\/strong> Disponible<\/p>\n<h2>Pailles en m\u00e9tal personnalis\u00e9es :<\/h2>\n<p><strong>Acier inoxydable :<\/strong>\u00a0Acier inoxydable 18\/10, 304, 316, 410, 430, 420<br \/><strong>Logo :<\/strong>\u00a0 Estampage, laser, gravure, etc.<br \/><strong>Finitions de surface :<\/strong>\u00a0Poli miroir, mat<br \/><strong>Emballage :<\/strong>\u00a0Vrac, sac opp, bo\u00eete de couleur, sur mesure<\/p>","protected":false},"featured_media":1022,"template":"","meta":[],"product_brand":[],"product_cat":[26,36],"product_tag":[],"class_list":{"0":"post-1019","1":"product","2":"type-product","3":"status-publish","4":"has-post-thumbnail","6":"product_cat-wholesale-bar-supplies-tools","7":"product_cat-custom-stainless-steel-straws","9":"first","10":"instock","11":"shipping-taxable","12":"product-type-simple"},"_links":{"self":[{"href":"https:\/\/www.mcallenflatware.com\/fr\/wp-json\/wp\/v2\/product\/1019","targetHints":{"allow":["GET"]}}],"collection":[{"href":"https:\/\/www.mcallenflatware.com\/fr\/wp-json\/wp\/v2\/product"}],"about":[{"href":"https:\/\/www.mcallenflatware.com\/fr\/wp-json\/wp\/v2\/types\/product"}],"wp:featuredmedia":[{"embeddable":true,"href":"https:\/\/www.mcallenflatware.com\/fr\/wp-json\/wp\/v2\/media\/1022"}],"wp:attachment":[{"href":"https:\/\/www.mcallenflatware.com\/fr\/wp-json\/wp\/v2\/media?parent=1019"}],"wp:term":[{"taxonomy":"product_brand","embeddable":true,"href":"https:\/\/www.mcallenflatware.com\/fr\/wp-json\/wp\/v2\/product_brand?post=1019"},{"taxonomy":"product_cat","embeddable":true,"href":"https:\/\/www.mcallenflatware.com\/fr\/wp-json\/wp\/v2\/product_cat?post=1019"},{"taxonomy":"product_tag","embeddable":true,"href":"https:\/\/www.mcallenflatware.com\/fr\/wp-json\/wp\/v2\/product_tag?post=1019"}],"curies":[{"name":"wp","href":"https:\/\/api.w.org\/{rel}","templated":true}]}}