{"id":1392,"date":"2025-09-24T10:29:26","date_gmt":"2025-09-24T10:29:26","guid":{"rendered":"https:\/\/www.mcallenflatware.com\/?post_type=product&#038;p=1392"},"modified":"2025-09-24T10:29:26","modified_gmt":"2025-09-24T10:29:26","slug":"wholesale-silver-flatware-set","status":"publish","type":"product","link":"https:\/\/www.mcallenflatware.com\/fr\/product\/wholesale-silver-flatware-set\/","title":{"rendered":"Set de couverts en argent moderne en acier inoxydable 18\/10 (Wholesale)"},"content":{"rendered":"<h2 class=\"wp-block-heading\">Ensemble de couverts en argent Caract\u00e9ristiques :<\/h2>\n\n\n\n<div class=\"wp-block-columns is-layout-flex wp-container-core-columns-is-layout-9d6595d7 wp-block-columns-is-layout-flex\">\n<div class=\"wp-block-column is-layout-flow wp-block-column-is-layout-flow\" style=\"flex-basis:66.66%\">\n<p><strong>Design classique et \u00e9l\u00e9gant<\/strong><br>Les couverts en argent s'int\u00e8grent parfaitement \u00e0 tout d\u00e9cor de table gr\u00e2ce \u00e0 leur aspect clair et net et \u00e0 leur design classique.<\/p>\n\n\n\n<p><strong>Acier inoxydable de haute qualit\u00e9<\/strong><br>Fabriqu\u00e9s en acier inoxydable 18\/10, les couverts sont r\u00e9sistants \u00e0 la corrosion et \u00e0 l'usure, tout en conservant longtemps leur \u00e9clat argent\u00e9.<\/p>\n\n\n\n<p><strong>Poli miroir<\/strong><br>La surface est polie au miroir avec une grande pr\u00e9cision, elle est lisse au toucher et pr\u00e9sente une texture de haute qualit\u00e9, exsudant le charmant \u00e9clat de l'argenterie.<\/p>\n\n\n\n<p><strong>Facile \u00e0 nettoyer, passe au lave-vaisselle<\/strong><br>La surface lisse facilite le nettoyage et convient au lavage \u00e0 la main ou au lave-vaisselle.<\/p>\n\n\n\n<p><strong>Riche choix de combinaisons<\/strong><br>Une vari\u00e9t\u00e9 d'options d'ensembles est disponible (telles que 4 pi\u00e8ces, 12 pi\u00e8ces, 24 pi\u00e8ces, etc.) pour r\u00e9pondre aux diff\u00e9rents besoins des familles ou des banquets.<\/p>\n<\/div>\n\n\n\n<div class=\"wp-block-column is-layout-flow wp-block-column-is-layout-flow\" style=\"flex-basis:33.33%\">\n<figure class=\"wp-block-image size-full\"><img decoding=\"async\" width=\"750\" height=\"750\" src=\"https:\/\/www.mcallenflatware.com\/wp-content\/uploads\/2024\/11\/silver-flatware-set-wholesale-6.webp\" alt=\"couverts en argent en gros\" class=\"wp-image-1370\" srcset=\"https:\/\/www.mcallenflatware.com\/wp-content\/uploads\/2024\/11\/silver-flatware-set-wholesale-6.webp 750w, https:\/\/www.mcallenflatware.com\/wp-content\/uploads\/2024\/11\/silver-flatware-set-wholesale-6-150x150.webp 150w, https:\/\/www.mcallenflatware.com\/wp-content\/uploads\/2024\/11\/silver-flatware-set-wholesale-6-12x12.webp 12w, https:\/\/www.mcallenflatware.com\/wp-content\/uploads\/2024\/11\/silver-flatware-set-wholesale-6-600x600.webp 600w, https:\/\/www.mcallenflatware.com\/wp-content\/uploads\/2024\/11\/silver-flatware-set-wholesale-6-300x300.webp 300w, https:\/\/www.mcallenflatware.com\/wp-content\/uploads\/2024\/11\/silver-flatware-set-wholesale-6-100x100.webp 100w\" sizes=\"(max-width: 750px) 100vw, 750px\" \/><\/figure>\n<\/div>\n<\/div>\n\n\n\n<div class=\"wp-block-columns is-layout-flex wp-container-core-columns-is-layout-9d6595d7 wp-block-columns-is-layout-flex\">\n<div class=\"wp-block-column is-layout-flow wp-block-column-is-layout-flow\">\n<figure class=\"wp-block-image size-full\"><img decoding=\"async\" width=\"799\" height=\"799\" src=\"https:\/\/www.mcallenflatware.com\/wp-content\/uploads\/2024\/11\/unique-flatware-wholesale-13.webp\" alt=\"couverts uniques en gros\" class=\"wp-image-1348\" srcset=\"https:\/\/www.mcallenflatware.com\/wp-content\/uploads\/2024\/11\/unique-flatware-wholesale-13.webp 799w, https:\/\/www.mcallenflatware.com\/wp-content\/uploads\/2024\/11\/unique-flatware-wholesale-13-150x150.webp 150w, https:\/\/www.mcallenflatware.com\/wp-content\/uploads\/2024\/11\/unique-flatware-wholesale-13-768x768.webp 768w, https:\/\/www.mcallenflatware.com\/wp-content\/uploads\/2024\/11\/unique-flatware-wholesale-13-12x12.webp 12w, https:\/\/www.mcallenflatware.com\/wp-content\/uploads\/2024\/11\/unique-flatware-wholesale-13-600x600.webp 600w, https:\/\/www.mcallenflatware.com\/wp-content\/uploads\/2024\/11\/unique-flatware-wholesale-13-300x300.webp 300w, https:\/\/www.mcallenflatware.com\/wp-content\/uploads\/2024\/11\/unique-flatware-wholesale-13-100x100.webp 100w\" sizes=\"(max-width: 799px) 100vw, 799px\" \/><\/figure>\n<\/div>\n\n\n\n<div class=\"wp-block-column is-layout-flow wp-block-column-is-layout-flow\">\n<figure class=\"wp-block-image size-full\"><img decoding=\"async\" width=\"800\" height=\"800\" src=\"https:\/\/www.mcallenflatware.com\/wp-content\/uploads\/2024\/11\/silver-flatware-set-wholesale-4.webp\" alt=\"couverts en argent en gros\" class=\"wp-image-1368\" srcset=\"https:\/\/www.mcallenflatware.com\/wp-content\/uploads\/2024\/11\/silver-flatware-set-wholesale-4.webp 800w, https:\/\/www.mcallenflatware.com\/wp-content\/uploads\/2024\/11\/silver-flatware-set-wholesale-4-150x150.webp 150w, https:\/\/www.mcallenflatware.com\/wp-content\/uploads\/2024\/11\/silver-flatware-set-wholesale-4-768x768.webp 768w, https:\/\/www.mcallenflatware.com\/wp-content\/uploads\/2024\/11\/silver-flatware-set-wholesale-4-12x12.webp 12w, https:\/\/www.mcallenflatware.com\/wp-content\/uploads\/2024\/11\/silver-flatware-set-wholesale-4-600x600.webp 600w, https:\/\/www.mcallenflatware.com\/wp-content\/uploads\/2024\/11\/silver-flatware-set-wholesale-4-300x300.webp 300w, https:\/\/www.mcallenflatware.com\/wp-content\/uploads\/2024\/11\/silver-flatware-set-wholesale-4-100x100.webp 100w\" sizes=\"(max-width: 800px) 100vw, 800px\" \/><\/figure>\n<\/div>\n<\/div>\n\n\n\n<p><\/p>","protected":false},"excerpt":{"rendered":"<p>Set de couverts en argent en gros et sur mesure, surface r\u00e9sistante \u00e0 l'usure et brillante, \u00e9clat charmant comme de l'argenterie. Fabriqu\u00e9 par le fabricant Mcallen, qui fournit des services de personnalisation et d'Amazon \u00e0 un prix avantageux. Obtenez un devis maintenant !<\/p>\n<h2>Ensemble de couverts en argent Attributs<\/h2>\n<p><strong>Nom de marque :<\/strong> Mcallen<br \/><strong>Mat\u00e9riau :<\/strong> Acier inoxydable<br \/><strong>Couleur :<\/strong>\u00a0 Argent, or, noir mat, or rose ou personnalis\u00e9<br \/><strong>Polissage :<\/strong> Miroir poli<br \/><strong>Style de conception :<\/strong> Morden Luxe<br \/><strong>D\u00e9lai d'ex\u00e9cution de l'\u00e9chantillon :<\/strong> Dans les 3 jours<br \/><strong>OEM\/ODM :<\/strong> Disponible<\/p>\n<h2>Set de couverts en argent personnalis\u00e9 :<\/h2>\n<p><strong>Acier inoxydable :<\/strong> Acier inoxydable 18\/10, 304, 316, 410, 430, 420<br \/><strong>Logo :<\/strong> Gravure laser, s\u00e9rigraphie, impression UV, impression par transfert thermique, gaufrage, etc.<br \/><strong>Emballage :<\/strong> 4\/8\/12\/16\/20\/24\/45\/48\/72pcs set<br \/><strong>Finitions de surface :<\/strong> Poli miroir, mat, poli \u00e0 l'eau, rev\u00eatement titane<br \/><strong>Emballage :<\/strong> Vrac, sac opp, bo\u00eete de couleur, bo\u00eete cadeau, sur mesure<\/p>","protected":false},"featured_media":1365,"template":"","meta":[],"product_brand":[],"product_cat":[23,29],"product_tag":[],"class_list":{"0":"post-1392","1":"product","2":"type-product","3":"status-publish","4":"has-post-thumbnail","6":"product_cat-wholesale-flatware","7":"product_cat-bulk-flatware","9":"first","10":"instock","11":"shipping-taxable","12":"product-type-simple"},"_links":{"self":[{"href":"https:\/\/www.mcallenflatware.com\/fr\/wp-json\/wp\/v2\/product\/1392","targetHints":{"allow":["GET"]}}],"collection":[{"href":"https:\/\/www.mcallenflatware.com\/fr\/wp-json\/wp\/v2\/product"}],"about":[{"href":"https:\/\/www.mcallenflatware.com\/fr\/wp-json\/wp\/v2\/types\/product"}],"wp:featuredmedia":[{"embeddable":true,"href":"https:\/\/www.mcallenflatware.com\/fr\/wp-json\/wp\/v2\/media\/1365"}],"wp:attachment":[{"href":"https:\/\/www.mcallenflatware.com\/fr\/wp-json\/wp\/v2\/media?parent=1392"}],"wp:term":[{"taxonomy":"product_brand","embeddable":true,"href":"https:\/\/www.mcallenflatware.com\/fr\/wp-json\/wp\/v2\/product_brand?post=1392"},{"taxonomy":"product_cat","embeddable":true,"href":"https:\/\/www.mcallenflatware.com\/fr\/wp-json\/wp\/v2\/product_cat?post=1392"},{"taxonomy":"product_tag","embeddable":true,"href":"https:\/\/www.mcallenflatware.com\/fr\/wp-json\/wp\/v2\/product_tag?post=1392"}],"curies":[{"name":"wp","href":"https:\/\/api.w.org\/{rel}","templated":true}]}}