{"id":1405,"date":"2024-11-23T13:15:35","date_gmt":"2024-11-23T13:15:35","guid":{"rendered":"https:\/\/www.mcallenflatware.com\/?post_type=product&#038;p=1405"},"modified":"2024-11-24T06:37:13","modified_gmt":"2024-11-24T06:37:13","slug":"wholesale-boba-strainer","status":"publish","type":"product","link":"https:\/\/www.mcallenflatware.com\/fr\/product\/wholesale-boba-strainer\/","title":{"rendered":"Wholesale Boba Strainer Tapioca Pearl Scoop Stainless Steel (en anglais)"},"content":{"rendered":"<h2 class=\"wp-block-heading\">Filtre Boba Caract\u00e9ristiques :<\/h2>\n\n\n\n<div class=\"wp-block-columns is-layout-flex wp-container-core-columns-is-layout-9d6595d7 wp-block-columns-is-layout-flex\">\n<div class=\"wp-block-column is-layout-flow wp-block-column-is-layout-flow\" style=\"flex-basis:66.66%\">\n<p><strong>Fabriqu\u00e9 en acier inoxydable, durable et inoxydable<\/strong><br>Fabriqu\u00e9 en acier inoxydable de haute qualit\u00e9, il r\u00e9siste aux temp\u00e9ratures \u00e9lev\u00e9es, \u00e0 la corrosion et \u00e0 la d\u00e9formation.<\/p>\n\n\n\n<p><strong>Conception efficace de la filtration<\/strong><br>Le fil et le cadre robustes du filtre permettent de drainer rapidement les petites particules telles que les perles et le manioc, am\u00e9liorant ainsi l'efficacit\u00e9 de la production.<\/p>\n\n\n\n<p><strong>Poign\u00e9e confortable<\/strong><br>La poign\u00e9e est antid\u00e9rapante et durable, confortable \u00e0 tenir lors de l'utilisation et pratique pour une utilisation \u00e0 long terme.<\/p>\n\n\n\n<p><strong>Facile \u00e0 nettoyer<\/strong><br>La surface est lisse, parfaitement raccord\u00e9e, facile \u00e0 nettoyer, lavable \u00e0 la main ou au lave-vaisselle, adapt\u00e9e \u00e0 une utilisation \u00e0 haute fr\u00e9quence.<\/p>\n\n\n\n<p><strong>Utilisation polyvalente<\/strong><br>Il convient non seulement au filtrage du boba, mais peut \u00e9galement \u00eatre utilis\u00e9 pour l'\u00e9cr\u00e9mage de l'huile de friture, le filtrage de l'eau de th\u00e9, de la pulpe ou d'autres petites particules d'ingr\u00e9dients.<\/p>\n<\/div>\n\n\n\n<div class=\"wp-block-column is-layout-flow wp-block-column-is-layout-flow\" style=\"flex-basis:33.33%\">\n<figure class=\"wp-block-image size-full\"><img decoding=\"async\" width=\"1200\" height=\"1200\" src=\"https:\/\/www.mcallenflatware.com\/wp-content\/uploads\/2024\/11\/Strainer-wholesale-2.webp\" alt=\"Cr\u00e9pine en gros\" class=\"wp-image-1458\" srcset=\"https:\/\/www.mcallenflatware.com\/wp-content\/uploads\/2024\/11\/Strainer-wholesale-2.webp 1200w, https:\/\/www.mcallenflatware.com\/wp-content\/uploads\/2024\/11\/Strainer-wholesale-2-150x150.webp 150w, https:\/\/www.mcallenflatware.com\/wp-content\/uploads\/2024\/11\/Strainer-wholesale-2-768x768.webp 768w, https:\/\/www.mcallenflatware.com\/wp-content\/uploads\/2024\/11\/Strainer-wholesale-2-12x12.webp 12w, https:\/\/www.mcallenflatware.com\/wp-content\/uploads\/2024\/11\/Strainer-wholesale-2-600x600.webp 600w, https:\/\/www.mcallenflatware.com\/wp-content\/uploads\/2024\/11\/Strainer-wholesale-2-300x300.webp 300w, https:\/\/www.mcallenflatware.com\/wp-content\/uploads\/2024\/11\/Strainer-wholesale-2-100x100.webp 100w\" sizes=\"(max-width: 1200px) 100vw, 1200px\" \/><\/figure>\n<\/div>\n<\/div>","protected":false},"excerpt":{"rendered":"<p>Filtre \u00e0 boba en acier inoxydable \u00e0 prix d'usine, peut \u00eatre utilis\u00e9 comme cuill\u00e8re \u00e0 perles de tapioca. Vente directe par le fabricant, bienvenue pour en savoir plus sur la personnalisation.<\/p>\n<h2>Attributs de la passoire Boba<\/h2>\n<p><strong>Nom de marque :<\/strong> Mcallen<br \/><strong>Mat\u00e9riau :<\/strong> Acier inoxydable<br \/><strong>Couleur :<\/strong>\u00a0 Lire, ou sur mesure<br \/><strong>Conception :<\/strong> Cadre en fil d'acier inoxydable<br \/><strong>D\u00e9lai d'ex\u00e9cution de l'\u00e9chantillon :<\/strong> Dans les 3 jours<br \/><strong>OEM\/ODM :<\/strong> Disponible<\/p>\n<h2>Filtre \u00e0 Boba personnalis\u00e9 :<\/h2>\n<p><strong>Acier inoxydable :<\/strong> Acier inoxydable 18\/10, 304, 316, 410, 430, 420<br \/><strong>Logo :<\/strong> Gravure laser, s\u00e9rigraphie, impression UV, impression par transfert thermique, gaufrage, etc.<br \/><strong>Emballage :<\/strong> Vrac, sac opp, bo\u00eete de couleur, bo\u00eete cadeau, sur mesure<\/p>","protected":false},"featured_media":1457,"template":"","meta":[],"product_brand":[],"product_cat":[24,31],"product_tag":[],"class_list":{"0":"post-1405","1":"product","2":"type-product","3":"status-publish","4":"has-post-thumbnail","6":"product_cat-wholesale-kitchen-utensils","7":"product_cat-wholesale-serving-utensils","9":"first","10":"instock","11":"shipping-taxable","12":"product-type-simple"},"_links":{"self":[{"href":"https:\/\/www.mcallenflatware.com\/fr\/wp-json\/wp\/v2\/product\/1405","targetHints":{"allow":["GET"]}}],"collection":[{"href":"https:\/\/www.mcallenflatware.com\/fr\/wp-json\/wp\/v2\/product"}],"about":[{"href":"https:\/\/www.mcallenflatware.com\/fr\/wp-json\/wp\/v2\/types\/product"}],"wp:featuredmedia":[{"embeddable":true,"href":"https:\/\/www.mcallenflatware.com\/fr\/wp-json\/wp\/v2\/media\/1457"}],"wp:attachment":[{"href":"https:\/\/www.mcallenflatware.com\/fr\/wp-json\/wp\/v2\/media?parent=1405"}],"wp:term":[{"taxonomy":"product_brand","embeddable":true,"href":"https:\/\/www.mcallenflatware.com\/fr\/wp-json\/wp\/v2\/product_brand?post=1405"},{"taxonomy":"product_cat","embeddable":true,"href":"https:\/\/www.mcallenflatware.com\/fr\/wp-json\/wp\/v2\/product_cat?post=1405"},{"taxonomy":"product_tag","embeddable":true,"href":"https:\/\/www.mcallenflatware.com\/fr\/wp-json\/wp\/v2\/product_tag?post=1405"}],"curies":[{"name":"wp","href":"https:\/\/api.w.org\/{rel}","templated":true}]}}