{"id":1460,"date":"2024-11-24T06:38:23","date_gmt":"2024-11-24T06:38:23","guid":{"rendered":"https:\/\/www.mcallenflatware.com\/?post_type=product&#038;p=1460"},"modified":"2024-11-24T09:23:23","modified_gmt":"2024-11-24T09:23:23","slug":"custom-stainless-steel-cutlery-set","status":"publish","type":"product","link":"https:\/\/www.mcallenflatware.com\/fr\/product\/custom-stainless-steel-cutlery-set\/","title":{"rendered":"Set de couverts en acier inoxydable personnalis\u00e9 Portugais Glod Silver Plating Color"},"content":{"rendered":"<h2 class=\"wp-block-heading\">Ensemble de couverts en acier inoxydable Caract\u00e9ristiques :<\/h2>\n\n\n\n<div class=\"wp-block-columns is-layout-flex wp-container-core-columns-is-layout-9d6595d7 wp-block-columns-is-layout-flex\">\n<div class=\"wp-block-column is-layout-flow wp-block-column-is-layout-flow\" style=\"flex-basis:66.66%\">\n<p><strong>Design classique de style portugais<\/strong><br>Les bords arrondis et les lignes \u00e9l\u00e9gantes s'harmonisent, les poign\u00e9es sont fines, exquises et haut de gamme.<\/p>\n\n\n\n<p><strong>Mat\u00e9riau en acier inoxydable de haute qualit\u00e9<\/strong><br>Fabriqu\u00e9 en acier inoxydable durable, poli et brillant, plus luxueux<\/p>\n\n\n\n<p><strong>Set de couverts multifonctionnel<\/strong><br>Couteaux, fourchettes, cuill\u00e8res, cuill\u00e8res \u00e0 caf\u00e9 et autres sp\u00e9cifications, qui peuvent r\u00e9pondre \u00e0 l'ensemble des besoins des repas familiaux, des banquets ou des restaurants.<\/p>\n\n\n\n<p><strong>Plusieurs options de couleurs<\/strong><br>Disponibles en or, argent, noir, cuivre et couleurs galvanis\u00e9es, ils peuvent \u00eatre personnalis\u00e9s pour r\u00e9pondre \u00e0 la promotion de la marque et aux besoins personnels.<\/p>\n<\/div>\n\n\n\n<div class=\"wp-block-column is-layout-flow wp-block-column-is-layout-flow\" style=\"flex-basis:33.33%\">\n<figure class=\"wp-block-image size-full\"><img decoding=\"async\" width=\"750\" height=\"750\" src=\"https:\/\/www.mcallenflatware.com\/wp-content\/uploads\/2024\/11\/stainless-steel-cutlery-set-custom-3.webp\" alt=\"Set de couverts en acier inoxydable sur mesure\" class=\"wp-image-1408\" srcset=\"https:\/\/www.mcallenflatware.com\/wp-content\/uploads\/2024\/11\/stainless-steel-cutlery-set-custom-3.webp 750w, https:\/\/www.mcallenflatware.com\/wp-content\/uploads\/2024\/11\/stainless-steel-cutlery-set-custom-3-150x150.webp 150w, https:\/\/www.mcallenflatware.com\/wp-content\/uploads\/2024\/11\/stainless-steel-cutlery-set-custom-3-12x12.webp 12w, https:\/\/www.mcallenflatware.com\/wp-content\/uploads\/2024\/11\/stainless-steel-cutlery-set-custom-3-600x600.webp 600w, https:\/\/www.mcallenflatware.com\/wp-content\/uploads\/2024\/11\/stainless-steel-cutlery-set-custom-3-300x300.webp 300w, https:\/\/www.mcallenflatware.com\/wp-content\/uploads\/2024\/11\/stainless-steel-cutlery-set-custom-3-100x100.webp 100w\" sizes=\"(max-width: 750px) 100vw, 750px\" \/><\/figure>\n<\/div>\n<\/div>\n\n\n\n<div class=\"wp-block-columns is-layout-flex wp-container-core-columns-is-layout-9d6595d7 wp-block-columns-is-layout-flex\">\n<div class=\"wp-block-column is-layout-flow wp-block-column-is-layout-flow\">\n<figure class=\"wp-block-image size-full\"><img decoding=\"async\" width=\"709\" height=\"709\" src=\"https:\/\/www.mcallenflatware.com\/wp-content\/uploads\/2024\/11\/stainless-steel-cutlery-set-custom-6.webp\" alt=\"Set de couverts en acier inoxydable sur mesure\" class=\"wp-image-1411\" srcset=\"https:\/\/www.mcallenflatware.com\/wp-content\/uploads\/2024\/11\/stainless-steel-cutlery-set-custom-6.webp 709w, https:\/\/www.mcallenflatware.com\/wp-content\/uploads\/2024\/11\/stainless-steel-cutlery-set-custom-6-150x150.webp 150w, https:\/\/www.mcallenflatware.com\/wp-content\/uploads\/2024\/11\/stainless-steel-cutlery-set-custom-6-12x12.webp 12w, https:\/\/www.mcallenflatware.com\/wp-content\/uploads\/2024\/11\/stainless-steel-cutlery-set-custom-6-600x600.webp 600w, https:\/\/www.mcallenflatware.com\/wp-content\/uploads\/2024\/11\/stainless-steel-cutlery-set-custom-6-300x300.webp 300w, https:\/\/www.mcallenflatware.com\/wp-content\/uploads\/2024\/11\/stainless-steel-cutlery-set-custom-6-100x100.webp 100w\" sizes=\"(max-width: 709px) 100vw, 709px\" \/><\/figure>\n<\/div>\n\n\n\n<div class=\"wp-block-column is-layout-flow wp-block-column-is-layout-flow\">\n<figure class=\"wp-block-image size-full\"><img decoding=\"async\" width=\"734\" height=\"734\" src=\"https:\/\/www.mcallenflatware.com\/wp-content\/uploads\/2024\/11\/stainless-steel-cutlery-set-custom-8.webp\" alt=\"Set de couverts en acier inoxydable sur mesure\" class=\"wp-image-1413\" srcset=\"https:\/\/www.mcallenflatware.com\/wp-content\/uploads\/2024\/11\/stainless-steel-cutlery-set-custom-8.webp 734w, https:\/\/www.mcallenflatware.com\/wp-content\/uploads\/2024\/11\/stainless-steel-cutlery-set-custom-8-150x150.webp 150w, https:\/\/www.mcallenflatware.com\/wp-content\/uploads\/2024\/11\/stainless-steel-cutlery-set-custom-8-12x12.webp 12w, https:\/\/www.mcallenflatware.com\/wp-content\/uploads\/2024\/11\/stainless-steel-cutlery-set-custom-8-600x600.webp 600w, https:\/\/www.mcallenflatware.com\/wp-content\/uploads\/2024\/11\/stainless-steel-cutlery-set-custom-8-300x300.webp 300w, https:\/\/www.mcallenflatware.com\/wp-content\/uploads\/2024\/11\/stainless-steel-cutlery-set-custom-8-100x100.webp 100w\" sizes=\"(max-width: 734px) 100vw, 734px\" \/><\/figure>\n<\/div>\n\n\n\n<div class=\"wp-block-column is-layout-flow wp-block-column-is-layout-flow\">\n<figure class=\"wp-block-image size-full\"><img decoding=\"async\" width=\"750\" height=\"750\" src=\"https:\/\/www.mcallenflatware.com\/wp-content\/uploads\/2024\/11\/stainless-steel-cutlery-set-custom-7.webp\" alt=\"Set de couverts en acier inoxydable sur mesure\" class=\"wp-image-1412\" srcset=\"https:\/\/www.mcallenflatware.com\/wp-content\/uploads\/2024\/11\/stainless-steel-cutlery-set-custom-7.webp 750w, https:\/\/www.mcallenflatware.com\/wp-content\/uploads\/2024\/11\/stainless-steel-cutlery-set-custom-7-150x150.webp 150w, https:\/\/www.mcallenflatware.com\/wp-content\/uploads\/2024\/11\/stainless-steel-cutlery-set-custom-7-12x12.webp 12w, https:\/\/www.mcallenflatware.com\/wp-content\/uploads\/2024\/11\/stainless-steel-cutlery-set-custom-7-600x600.webp 600w, https:\/\/www.mcallenflatware.com\/wp-content\/uploads\/2024\/11\/stainless-steel-cutlery-set-custom-7-300x300.webp 300w, https:\/\/www.mcallenflatware.com\/wp-content\/uploads\/2024\/11\/stainless-steel-cutlery-set-custom-7-100x100.webp 100w\" sizes=\"(max-width: 750px) 100vw, 750px\" \/><\/figure>\n<\/div>\n<\/div>\n\n\n\n<p><\/p>","protected":false},"excerpt":{"rendered":"<p>Couverts en acier inoxydable personnalis\u00e9s, logo, couleur et emballage personnalis\u00e9s, etc. Le fabricant de Mcallen est sp\u00e9cialis\u00e9 dans la production et soutient les ventes sur Amazon, Walmart, etc.<\/p>\n<h2>Ensemble de couverts en acier inoxydable Attributs :<\/h2>\n<p><strong>Nom de marque :<\/strong> Mcallen<br \/><strong>Mat\u00e9riau :<\/strong> Acier inoxydable<br \/><strong>Couleur :<\/strong> Or, argent, noir, cuivre et couleurs galvanis\u00e9es<br \/><strong>Conception :<\/strong> Style portugais<br \/><strong>D\u00e9lai d'ex\u00e9cution de l'\u00e9chantillon :<\/strong> Dans les 3 jours<br \/><strong>OEM\/ODM :<\/strong> Disponible<\/p>\n<h2>Set de couverts en acier inoxydable personnalis\u00e9 :<\/h2>\n<p><strong>Acier inoxydable :<\/strong>\u00a0Acier inoxydable 18\/10, 304, 316, 410, 430, 420<br \/><strong>Logo :<\/strong>\u00a0Gravure laser, s\u00e9rigraphie, impression UV, impression par transfert thermique, gaufrage, etc.<br \/><strong>Emballage :<\/strong>\u00a04\/8\/12\/16\/20\/24\/45\/48\/72pcs set<br \/><strong>Finitions de surface :<\/strong>\u00a0Poli miroir, mat, poli \u00e0 l'eau, rev\u00eatement titane<br \/><strong>Emballage :<\/strong>\u00a0Vrac, sac opp, bo\u00eete de couleur, bo\u00eete cadeau, sur mesure<\/p>","protected":false},"featured_media":1409,"template":"","meta":[],"product_brand":[],"product_cat":[23,29],"product_tag":[],"class_list":{"0":"post-1460","1":"product","2":"type-product","3":"status-publish","4":"has-post-thumbnail","6":"product_cat-wholesale-flatware","7":"product_cat-bulk-flatware","9":"first","10":"instock","11":"shipping-taxable","12":"product-type-simple"},"_links":{"self":[{"href":"https:\/\/www.mcallenflatware.com\/fr\/wp-json\/wp\/v2\/product\/1460","targetHints":{"allow":["GET"]}}],"collection":[{"href":"https:\/\/www.mcallenflatware.com\/fr\/wp-json\/wp\/v2\/product"}],"about":[{"href":"https:\/\/www.mcallenflatware.com\/fr\/wp-json\/wp\/v2\/types\/product"}],"wp:featuredmedia":[{"embeddable":true,"href":"https:\/\/www.mcallenflatware.com\/fr\/wp-json\/wp\/v2\/media\/1409"}],"wp:attachment":[{"href":"https:\/\/www.mcallenflatware.com\/fr\/wp-json\/wp\/v2\/media?parent=1460"}],"wp:term":[{"taxonomy":"product_brand","embeddable":true,"href":"https:\/\/www.mcallenflatware.com\/fr\/wp-json\/wp\/v2\/product_brand?post=1460"},{"taxonomy":"product_cat","embeddable":true,"href":"https:\/\/www.mcallenflatware.com\/fr\/wp-json\/wp\/v2\/product_cat?post=1460"},{"taxonomy":"product_tag","embeddable":true,"href":"https:\/\/www.mcallenflatware.com\/fr\/wp-json\/wp\/v2\/product_tag?post=1460"}],"curies":[{"name":"wp","href":"https:\/\/api.w.org\/{rel}","templated":true}]}}