{"id":1462,"date":"2025-09-24T10:22:26","date_gmt":"2025-09-24T10:22:26","guid":{"rendered":"https:\/\/www.mcallenflatware.com\/?post_type=product&#038;p=1462"},"modified":"2025-09-24T10:47:52","modified_gmt":"2025-09-24T10:47:52","slug":"whlesale-silver-cutlery-set","status":"publish","type":"product","link":"https:\/\/www.mcallenflatware.com\/fr\/product\/whlesale-silver-cutlery-set\/","title":{"rendered":"Whlesale Silver Cutlery Set Stainless Steel Portuguese Flatware (couverts portugais en acier inoxydable)"},"content":{"rendered":"<h2 class=\"wp-block-heading\">Ensemble de couverts en argent Caract\u00e9ristiques :<\/h2>\n\n\n\n<div class=\"wp-block-columns is-layout-flex wp-container-core-columns-is-layout-9d6595d7 wp-block-columns-is-layout-flex\">\n<div class=\"wp-block-column is-layout-flow wp-block-column-is-layout-flow\" style=\"flex-basis:66.66%\">\n<p><strong>Processus de polissage de l'argent<\/strong><br>La surface du set de couverts est finement polie, brillante et lisse, ajoutant un effet visuel luxueux \u00e0 la table \u00e0 manger.<\/p>\n\n\n\n<p><strong>Design \u00e9l\u00e9gant de style portugais<\/strong><br>Le design classique portugais, qui combine l'esth\u00e9tique r\u00e9tro et moderne, t\u00e9moigne d'un temp\u00e9rament unique et noble.<\/p>\n\n\n\n<p><strong>Mat\u00e9riau durable en acier inoxydable<\/strong><br>Fabriqu\u00e9 en acier inoxydable de qualit\u00e9 alimentaire, il est r\u00e9sistant \u00e0 l'usure et \u00e0 la corrosion et peut \u00eatre utilis\u00e9 dans les lave-vaisselle.<\/p>\n\n\n\n<p><strong>Convient aux occasions formelles et haut de gamme<\/strong><br>Qu'il s'agisse d'un repas familial, d'un banquet de luxe ou d'un h\u00f4tel cinq \u00e9toiles, cet ensemble de couverts s'adapte parfaitement \u00e0 la sc\u00e8ne et rehausse la qualit\u00e9 du repas.<\/p>\n<\/div>\n\n\n\n<div class=\"wp-block-column is-layout-flow wp-block-column-is-layout-flow\" style=\"flex-basis:33.33%\">\n<figure class=\"wp-block-image size-full\"><img decoding=\"async\" width=\"800\" height=\"800\" src=\"https:\/\/www.mcallenflatware.com\/wp-content\/uploads\/2024\/11\/silver-plated-flatware-wholesale-8.webp\" alt=\"Couverts argent\u00e9s en gros\" class=\"wp-image-1422\" srcset=\"https:\/\/www.mcallenflatware.com\/wp-content\/uploads\/2024\/11\/silver-plated-flatware-wholesale-8.webp 800w, https:\/\/www.mcallenflatware.com\/wp-content\/uploads\/2024\/11\/silver-plated-flatware-wholesale-8-150x150.webp 150w, https:\/\/www.mcallenflatware.com\/wp-content\/uploads\/2024\/11\/silver-plated-flatware-wholesale-8-768x768.webp 768w, https:\/\/www.mcallenflatware.com\/wp-content\/uploads\/2024\/11\/silver-plated-flatware-wholesale-8-12x12.webp 12w, https:\/\/www.mcallenflatware.com\/wp-content\/uploads\/2024\/11\/silver-plated-flatware-wholesale-8-600x600.webp 600w, https:\/\/www.mcallenflatware.com\/wp-content\/uploads\/2024\/11\/silver-plated-flatware-wholesale-8-300x300.webp 300w, https:\/\/www.mcallenflatware.com\/wp-content\/uploads\/2024\/11\/silver-plated-flatware-wholesale-8-100x100.webp 100w\" sizes=\"(max-width: 800px) 100vw, 800px\" \/><\/figure>\n<\/div>\n<\/div>\n\n\n\n<div class=\"wp-block-columns is-layout-flex wp-container-core-columns-is-layout-9d6595d7 wp-block-columns-is-layout-flex\">\n<div class=\"wp-block-column is-layout-flow wp-block-column-is-layout-flow\">\n<figure class=\"wp-block-image size-full\"><img decoding=\"async\" width=\"800\" height=\"800\" src=\"https:\/\/www.mcallenflatware.com\/wp-content\/uploads\/2024\/11\/silver-plated-flatware-wholesale-7.webp\" alt=\"Couverts argent\u00e9s en gros\" class=\"wp-image-1421\" srcset=\"https:\/\/www.mcallenflatware.com\/wp-content\/uploads\/2024\/11\/silver-plated-flatware-wholesale-7.webp 800w, https:\/\/www.mcallenflatware.com\/wp-content\/uploads\/2024\/11\/silver-plated-flatware-wholesale-7-150x150.webp 150w, https:\/\/www.mcallenflatware.com\/wp-content\/uploads\/2024\/11\/silver-plated-flatware-wholesale-7-768x768.webp 768w, https:\/\/www.mcallenflatware.com\/wp-content\/uploads\/2024\/11\/silver-plated-flatware-wholesale-7-12x12.webp 12w, https:\/\/www.mcallenflatware.com\/wp-content\/uploads\/2024\/11\/silver-plated-flatware-wholesale-7-600x600.webp 600w, https:\/\/www.mcallenflatware.com\/wp-content\/uploads\/2024\/11\/silver-plated-flatware-wholesale-7-300x300.webp 300w, https:\/\/www.mcallenflatware.com\/wp-content\/uploads\/2024\/11\/silver-plated-flatware-wholesale-7-100x100.webp 100w\" sizes=\"(max-width: 800px) 100vw, 800px\" \/><\/figure>\n<\/div>\n\n\n\n<div class=\"wp-block-column is-layout-flow wp-block-column-is-layout-flow\">\n<figure class=\"wp-block-image size-full\"><img decoding=\"async\" width=\"800\" height=\"800\" src=\"https:\/\/www.mcallenflatware.com\/wp-content\/uploads\/2024\/11\/silver-plated-flatware-wholesale-9.webp\" alt=\"Couverts argent\u00e9s en gros\" class=\"wp-image-1419\" srcset=\"https:\/\/www.mcallenflatware.com\/wp-content\/uploads\/2024\/11\/silver-plated-flatware-wholesale-9.webp 800w, https:\/\/www.mcallenflatware.com\/wp-content\/uploads\/2024\/11\/silver-plated-flatware-wholesale-9-150x150.webp 150w, https:\/\/www.mcallenflatware.com\/wp-content\/uploads\/2024\/11\/silver-plated-flatware-wholesale-9-768x768.webp 768w, https:\/\/www.mcallenflatware.com\/wp-content\/uploads\/2024\/11\/silver-plated-flatware-wholesale-9-12x12.webp 12w, https:\/\/www.mcallenflatware.com\/wp-content\/uploads\/2024\/11\/silver-plated-flatware-wholesale-9-600x600.webp 600w, https:\/\/www.mcallenflatware.com\/wp-content\/uploads\/2024\/11\/silver-plated-flatware-wholesale-9-300x300.webp 300w, https:\/\/www.mcallenflatware.com\/wp-content\/uploads\/2024\/11\/silver-plated-flatware-wholesale-9-100x100.webp 100w\" sizes=\"(max-width: 800px) 100vw, 800px\" \/><\/figure>\n<\/div>\n\n\n\n<div class=\"wp-block-column is-layout-flow wp-block-column-is-layout-flow\">\n<figure class=\"wp-block-image size-full\"><img decoding=\"async\" width=\"800\" height=\"800\" src=\"https:\/\/www.mcallenflatware.com\/wp-content\/uploads\/2024\/11\/silver-plated-flatware-wholesale-4.webp\" alt=\"Couverts argent\u00e9s en gros\" class=\"wp-image-1418\" srcset=\"https:\/\/www.mcallenflatware.com\/wp-content\/uploads\/2024\/11\/silver-plated-flatware-wholesale-4.webp 800w, https:\/\/www.mcallenflatware.com\/wp-content\/uploads\/2024\/11\/silver-plated-flatware-wholesale-4-150x150.webp 150w, https:\/\/www.mcallenflatware.com\/wp-content\/uploads\/2024\/11\/silver-plated-flatware-wholesale-4-768x768.webp 768w, https:\/\/www.mcallenflatware.com\/wp-content\/uploads\/2024\/11\/silver-plated-flatware-wholesale-4-12x12.webp 12w, https:\/\/www.mcallenflatware.com\/wp-content\/uploads\/2024\/11\/silver-plated-flatware-wholesale-4-600x600.webp 600w, https:\/\/www.mcallenflatware.com\/wp-content\/uploads\/2024\/11\/silver-plated-flatware-wholesale-4-300x300.webp 300w, https:\/\/www.mcallenflatware.com\/wp-content\/uploads\/2024\/11\/silver-plated-flatware-wholesale-4-100x100.webp 100w\" sizes=\"(max-width: 800px) 100vw, 800px\" \/><\/figure>\n<\/div>\n<\/div>\n\n\n\n<p><\/p>","protected":false},"excerpt":{"rendered":"<p>Set de couverts en argent en gros et personnalis\u00e9, comprenant des couteaux, des fourchettes, des cuill\u00e8res, des cuill\u00e8res \u00e0 caf\u00e9 et d'autres combinaisons, convenant aux restaurants haut de gamme, aux mariages et aux h\u00f4tels. Nous offrons des services de personnalisation et de vente en Amazonie. N'h\u00e9sitez pas \u00e0 nous demander des \u00e9chantillons gratuits !<\/p>\n<h2>Ensemble de couverts en argent Attributs :<\/h2>\n<p><strong>Nom de marque :<\/strong> Mcallen<br \/><strong>Mat\u00e9riau :<\/strong> Acier inoxydable<br \/><strong>Couleur :<\/strong> Argent, Gloden<br \/><strong>Conception :<\/strong> Style portugais<br \/><strong>D\u00e9lai d'ex\u00e9cution de l'\u00e9chantillon :<\/strong> Dans les 3 jours<br \/><strong>OEM\/ODM :<\/strong> Disponible<\/p>\n<h2>Set de couverts en argent personnalis\u00e9 :<\/h2>\n<p><strong>Acier inoxydable :<\/strong>\u00a0Acier inoxydable 18\/10, 304, 316, 410, 430, 420<br \/><strong>Logo :<\/strong>\u00a0Gravure laser, s\u00e9rigraphie, impression UV, impression par transfert thermique, gaufrage, etc.<br \/><strong>Emballage :<\/strong>\u00a04\/8\/12\/16\/20\/24\/45\/48\/72pcs set<br \/><strong>Finitions de surface :<\/strong>\u00a0Poli miroir, mat, poli \u00e0 l'eau, rev\u00eatement titane<br \/><strong>Emballage :<\/strong>\u00a0Vrac, sac opp, bo\u00eete de couleur, bo\u00eete cadeau, sur mesure<\/p>","protected":false},"featured_media":1417,"template":"","meta":[],"product_brand":[],"product_cat":[23,29],"product_tag":[],"class_list":{"0":"post-1462","1":"product","2":"type-product","3":"status-publish","4":"has-post-thumbnail","6":"product_cat-wholesale-flatware","7":"product_cat-bulk-flatware","9":"first","10":"instock","11":"shipping-taxable","12":"product-type-simple"},"_links":{"self":[{"href":"https:\/\/www.mcallenflatware.com\/fr\/wp-json\/wp\/v2\/product\/1462","targetHints":{"allow":["GET"]}}],"collection":[{"href":"https:\/\/www.mcallenflatware.com\/fr\/wp-json\/wp\/v2\/product"}],"about":[{"href":"https:\/\/www.mcallenflatware.com\/fr\/wp-json\/wp\/v2\/types\/product"}],"wp:featuredmedia":[{"embeddable":true,"href":"https:\/\/www.mcallenflatware.com\/fr\/wp-json\/wp\/v2\/media\/1417"}],"wp:attachment":[{"href":"https:\/\/www.mcallenflatware.com\/fr\/wp-json\/wp\/v2\/media?parent=1462"}],"wp:term":[{"taxonomy":"product_brand","embeddable":true,"href":"https:\/\/www.mcallenflatware.com\/fr\/wp-json\/wp\/v2\/product_brand?post=1462"},{"taxonomy":"product_cat","embeddable":true,"href":"https:\/\/www.mcallenflatware.com\/fr\/wp-json\/wp\/v2\/product_cat?post=1462"},{"taxonomy":"product_tag","embeddable":true,"href":"https:\/\/www.mcallenflatware.com\/fr\/wp-json\/wp\/v2\/product_tag?post=1462"}],"curies":[{"name":"wp","href":"https:\/\/api.w.org\/{rel}","templated":true}]}}