{"id":1464,"date":"2025-09-24T09:28:24","date_gmt":"2025-09-24T09:28:24","guid":{"rendered":"https:\/\/www.mcallenflatware.com\/?post_type=product&#038;p=1464"},"modified":"2025-09-24T10:36:15","modified_gmt":"2025-09-24T10:36:15","slug":"wholesale-cutlery-set-for-16","status":"publish","type":"product","link":"https:\/\/www.mcallenflatware.com\/fr\/product\/wholesale-cutlery-set-for-16\/","title":{"rendered":"Set de couverts en gros pour 16 PCs Acier inoxydable noir mat"},"content":{"rendered":"<h2 class=\"wp-block-heading\">Caract\u00e9ristiques de l'ensemble de couverts pour 16 :<\/h2>\n\n\n\n<div class=\"wp-block-columns is-layout-flex wp-container-core-columns-is-layout-9d6595d7 wp-block-columns-is-layout-flex\">\n<div class=\"wp-block-column is-layout-flow wp-block-column-is-layout-flow\" style=\"flex-basis:66.66%\">\n<p><strong>Set de couverts complet de 16 pi\u00e8ces<\/strong><br>Comprenant un ensemble complet de couteau, fourchette, cuill\u00e8re et cuill\u00e8re \u00e0 caf\u00e9, il peut r\u00e9pondre aux besoins complets de 4 personnes et constitue un choix id\u00e9al pour la famille et les petits rassemblements.<\/p>\n\n\n\n<p><strong>Aspect noir mat \u00e9l\u00e9gant<\/strong><br>Adoptant un rev\u00eatement noir mat, assorti \u00e0 l'or, il est beau et moderne.<\/p>\n\n\n\n<p><strong>Mat\u00e9riau en acier inoxydable de haute qualit\u00e9<\/strong><br>Fabriqu\u00e9 en acier inoxydable 18\/10 de qualit\u00e9 alimentaire, durable et facile \u00e0 nettoyer.<\/p>\n\n\n\n<p><strong>Applicable \u00e0 plusieurs sc\u00e8nes<\/strong><br>Le design noir, simple et \u00e9l\u00e9gant, convient aux repas quotidiens, aux occasions sp\u00e9ciales, aux restaurants et aux h\u00f4tels, et s'adapte facilement \u00e0 diff\u00e9rents styles de tables.<\/p>\n\n\n\n<p><strong>Prise en charge de l'emballage personnalis\u00e9<\/strong><br>Fournir des services d'emballage et de personnalisation exquis, y compris le logo, la conception de l'emballage et la s\u00e9lection des couleurs, pour r\u00e9pondre aux besoins des entreprises et des cadeaux.<\/p>\n<\/div>\n\n\n\n<div class=\"wp-block-column is-layout-flow wp-block-column-is-layout-flow\" style=\"flex-basis:33.33%\">\n<figure class=\"wp-block-image size-full\"><img decoding=\"async\" width=\"790\" height=\"847\" src=\"https:\/\/www.mcallenflatware.com\/wp-content\/uploads\/2024\/11\/wholesale-cutlery-set-for-16.webp\" alt=\"Set de couverts en gros pour 16 personnes\" class=\"wp-image-1434\" srcset=\"https:\/\/www.mcallenflatware.com\/wp-content\/uploads\/2024\/11\/wholesale-cutlery-set-for-16.webp 790w, https:\/\/www.mcallenflatware.com\/wp-content\/uploads\/2024\/11\/wholesale-cutlery-set-for-16-768x823.webp 768w, https:\/\/www.mcallenflatware.com\/wp-content\/uploads\/2024\/11\/wholesale-cutlery-set-for-16-11x12.webp 11w, https:\/\/www.mcallenflatware.com\/wp-content\/uploads\/2024\/11\/wholesale-cutlery-set-for-16-600x643.webp 600w\" sizes=\"(max-width: 790px) 100vw, 790px\" \/><\/figure>\n<\/div>\n<\/div>","protected":false},"excerpt":{"rendered":"<p>Le meilleur fabricant d'acier inoxydable, grossiste et personnalis\u00e9, set de couverts 16 pcs avec bo\u00eete, \u00e0 la mode et haut de gamme, convenant \u00e0 une vari\u00e9t\u00e9 d'occasions. Prix d'usine et garantie de haute qualit\u00e9, nous vous invitons \u00e0 vous renseigner et \u00e0 obtenir des \u00e9chantillons gratuits.<\/p>\n<h2>Attributs de l'ensemble de couverts pour 16 :<\/h2>\n<p><strong>Nom de marque :<\/strong> Mcallen<br \/><strong>Mat\u00e9riau :<\/strong> Acier inoxydable<br \/><strong>Couleur :<\/strong> Noir, vert, argent ou personnalis\u00e9<br \/><strong>Conception :<\/strong> Surface mate, style moderne<br \/><strong>D\u00e9lai d'ex\u00e9cution de l'\u00e9chantillon :<\/strong> Dans les 3 jours<br \/><strong>OEM\/ODM :<\/strong> Disponible<\/p>\n<h2>Set de couverts personnalis\u00e9 pour 16 :<\/h2>\n<p><strong>Acier inoxydable :<\/strong>\u00a0Acier inoxydable 18\/10, 304, 316, 410, 430, 420<br \/><strong>Logo :<\/strong>\u00a0Gravure laser, s\u00e9rigraphie, impression UV, impression par transfert thermique, gaufrage, etc.<br \/><strong>Emballage :<\/strong>\u00a04\/8\/12\/16\/20\/24\/45\/48\/72pcs set<br \/><strong>Finitions de surface :<\/strong>\u00a0Poli miroir, mat, poli \u00e0 l'eau, rev\u00eatement titane<br \/><strong>Emballage :<\/strong>\u00a0Vrac, sac opp, bo\u00eete de couleur, bo\u00eete cadeau, sur mesure<\/p>","protected":false},"featured_media":1434,"template":"","meta":[],"product_brand":[],"product_cat":[30,23],"product_tag":[],"class_list":{"0":"post-1464","1":"product","2":"type-product","3":"status-publish","4":"has-post-thumbnail","6":"product_cat-custom-cutlery-gift-set","7":"product_cat-wholesale-flatware","9":"first","10":"instock","11":"shipping-taxable","12":"product-type-simple"},"_links":{"self":[{"href":"https:\/\/www.mcallenflatware.com\/fr\/wp-json\/wp\/v2\/product\/1464","targetHints":{"allow":["GET"]}}],"collection":[{"href":"https:\/\/www.mcallenflatware.com\/fr\/wp-json\/wp\/v2\/product"}],"about":[{"href":"https:\/\/www.mcallenflatware.com\/fr\/wp-json\/wp\/v2\/types\/product"}],"wp:featuredmedia":[{"embeddable":true,"href":"https:\/\/www.mcallenflatware.com\/fr\/wp-json\/wp\/v2\/media\/1434"}],"wp:attachment":[{"href":"https:\/\/www.mcallenflatware.com\/fr\/wp-json\/wp\/v2\/media?parent=1464"}],"wp:term":[{"taxonomy":"product_brand","embeddable":true,"href":"https:\/\/www.mcallenflatware.com\/fr\/wp-json\/wp\/v2\/product_brand?post=1464"},{"taxonomy":"product_cat","embeddable":true,"href":"https:\/\/www.mcallenflatware.com\/fr\/wp-json\/wp\/v2\/product_cat?post=1464"},{"taxonomy":"product_tag","embeddable":true,"href":"https:\/\/www.mcallenflatware.com\/fr\/wp-json\/wp\/v2\/product_tag?post=1464"}],"curies":[{"name":"wp","href":"https:\/\/api.w.org\/{rel}","templated":true}]}}