{"id":1465,"date":"2024-11-24T10:01:21","date_gmt":"2024-11-24T10:01:21","guid":{"rendered":"https:\/\/www.mcallenflatware.com\/?post_type=product&#038;p=1465"},"modified":"2024-11-24T10:19:29","modified_gmt":"2024-11-24T10:19:29","slug":"custom-24-piece-flatware-set","status":"publish","type":"product","link":"https:\/\/www.mcallenflatware.com\/fr\/product\/custom-24-piece-flatware-set\/","title":{"rendered":"Ensemble de couverts 24 pi\u00e8ces en acier inoxydable avec bo\u00eete cadeau"},"content":{"rendered":"<h2 class=\"wp-block-heading\">Ensemble de couverts 24 pi\u00e8ces Caract\u00e9ristiques :<\/h2>\n\n\n\n<div class=\"wp-block-columns is-layout-flex wp-container-core-columns-is-layout-9d6595d7 wp-block-columns-is-layout-flex\">\n<div class=\"wp-block-column is-layout-flow wp-block-column-is-layout-flow\" style=\"flex-basis:66.66%\">\n<p><strong>Ensemble complet de 24 pi\u00e8ces<\/strong><br>Couteau, fourchette, cuill\u00e8re, cuill\u00e8re \u00e0 caf\u00e9, etc. pour 6 personnes, pour r\u00e9pondre aux besoins de la famille, de la f\u00eate et du banquet.<\/p>\n\n\n\n<p><strong>Mat\u00e9riau en acier inoxydable de haute qualit\u00e9<\/strong><br>Fabriqu\u00e9 en acier inoxydable de qualit\u00e9 alimentaire, r\u00e9sistant \u00e0 l'usure, surface lisse, lavable au lave-vaisselle.<\/p>\n\n\n\n<p><strong>Emballage cadeau haut de gamme<\/strong><br>Dot\u00e9 d'un emballage cadeau exquis, il est facile \u00e0 ranger et convient comme cadeau haut de gamme pour les mariages, les festivals et les occasions d'affaires.<\/p>\n\n\n\n<p><strong>Diverses options de conception<\/strong><br>Le polissage classique, l'or d\u00e9poli, le noir mat et d'autres styles permettent de s'adapter aux diff\u00e9rents styles de table et aux diff\u00e9rentes occasions.<\/p>\n\n\n\n<p><strong>Soutenir les services personnalis\u00e9s<\/strong><br>Nous proposons des services de gravure de logos, de conception d'emballages et de personnalisation de couleurs exclusives, adapt\u00e9s \u00e0 la promotion de marques ou \u00e0 des besoins personnalis\u00e9s.<\/p>\n<\/div>\n\n\n\n<div class=\"wp-block-column is-layout-flow wp-block-column-is-layout-flow\" style=\"flex-basis:33.33%\">\n<figure class=\"wp-block-image size-full\"><img decoding=\"async\" width=\"1200\" height=\"1200\" src=\"https:\/\/www.mcallenflatware.com\/wp-content\/uploads\/2024\/11\/24-piece-flatware-set-wholesale-4.webp\" alt=\"Service de couverts 24 pi\u00e8ces wholesale\" class=\"wp-image-1438\" srcset=\"https:\/\/www.mcallenflatware.com\/wp-content\/uploads\/2024\/11\/24-piece-flatware-set-wholesale-4.webp 1200w, https:\/\/www.mcallenflatware.com\/wp-content\/uploads\/2024\/11\/24-piece-flatware-set-wholesale-4-150x150.webp 150w, https:\/\/www.mcallenflatware.com\/wp-content\/uploads\/2024\/11\/24-piece-flatware-set-wholesale-4-768x768.webp 768w, https:\/\/www.mcallenflatware.com\/wp-content\/uploads\/2024\/11\/24-piece-flatware-set-wholesale-4-12x12.webp 12w, https:\/\/www.mcallenflatware.com\/wp-content\/uploads\/2024\/11\/24-piece-flatware-set-wholesale-4-600x600.webp 600w, https:\/\/www.mcallenflatware.com\/wp-content\/uploads\/2024\/11\/24-piece-flatware-set-wholesale-4-300x300.webp 300w, https:\/\/www.mcallenflatware.com\/wp-content\/uploads\/2024\/11\/24-piece-flatware-set-wholesale-4-100x100.webp 100w\" sizes=\"(max-width: 1200px) 100vw, 1200px\" \/><\/figure>\n<\/div>\n<\/div>","protected":false},"excerpt":{"rendered":"<p>Vente en gros de couverts 24 pi\u00e8ces en acier inoxydable avec bo\u00eete cadeau noire, logo personnalis\u00e9, couleur, etc., vente directe par le fabricant de couverts, fournissant des services de commerce \u00e9lectronique tels que Amazon.<\/p>\n<h2>Ensemble de couverts 24 pi\u00e8ces Attributs :<\/h2>\n<p><strong>Nom de marque :<\/strong> Mcallen<br \/><strong>Mat\u00e9riau :<\/strong> Acier inoxydable<br \/><strong>Couleur :<\/strong> Verre, argent, noir ou personnalis\u00e9<br \/><strong>Conception :<\/strong> Surface de polissage, avec bo\u00eete<br \/><strong>D\u00e9lai d'ex\u00e9cution de l'\u00e9chantillon :<\/strong> Dans les 3 jours<br \/><strong>OEM\/ODM :<\/strong> Disponible<\/p>\n<h2>Service de couverts 24 pi\u00e8ces sur mesure :<\/h2>\n<p><strong>Acier inoxydable :<\/strong>\u00a0Acier inoxydable 18\/10, 304, 316, 410, 430, 420<br \/><strong>Logo :<\/strong>\u00a0Gravure laser, s\u00e9rigraphie, impression UV, impression par transfert thermique, gaufrage, etc.<br \/><strong>Emballage :<\/strong>\u00a04\/8\/12\/16\/20\/24\/45\/48\/72pcs set<br \/><strong>Finitions de surface :<\/strong>\u00a0Poli miroir, mat, poli \u00e0 l'eau, rev\u00eatement titane<br \/><strong>Emballage :<\/strong>\u00a0Vrac, sac opp, bo\u00eete de couleur, bo\u00eete cadeau, sur mesure<\/p>","protected":false},"featured_media":1439,"template":"","meta":[],"product_brand":[],"product_cat":[23,30],"product_tag":[],"class_list":{"0":"post-1465","1":"product","2":"type-product","3":"status-publish","4":"has-post-thumbnail","6":"product_cat-wholesale-flatware","7":"product_cat-custom-cutlery-gift-set","9":"first","10":"instock","11":"shipping-taxable","12":"product-type-simple"},"_links":{"self":[{"href":"https:\/\/www.mcallenflatware.com\/fr\/wp-json\/wp\/v2\/product\/1465","targetHints":{"allow":["GET"]}}],"collection":[{"href":"https:\/\/www.mcallenflatware.com\/fr\/wp-json\/wp\/v2\/product"}],"about":[{"href":"https:\/\/www.mcallenflatware.com\/fr\/wp-json\/wp\/v2\/types\/product"}],"wp:featuredmedia":[{"embeddable":true,"href":"https:\/\/www.mcallenflatware.com\/fr\/wp-json\/wp\/v2\/media\/1439"}],"wp:attachment":[{"href":"https:\/\/www.mcallenflatware.com\/fr\/wp-json\/wp\/v2\/media?parent=1465"}],"wp:term":[{"taxonomy":"product_brand","embeddable":true,"href":"https:\/\/www.mcallenflatware.com\/fr\/wp-json\/wp\/v2\/product_brand?post=1465"},{"taxonomy":"product_cat","embeddable":true,"href":"https:\/\/www.mcallenflatware.com\/fr\/wp-json\/wp\/v2\/product_cat?post=1465"},{"taxonomy":"product_tag","embeddable":true,"href":"https:\/\/www.mcallenflatware.com\/fr\/wp-json\/wp\/v2\/product_tag?post=1465"}],"curies":[{"name":"wp","href":"https:\/\/api.w.org\/{rel}","templated":true}]}}