{"id":1466,"date":"2025-09-24T09:28:27","date_gmt":"2025-09-24T09:28:27","guid":{"rendered":"https:\/\/www.mcallenflatware.com\/?post_type=product&#038;p=1466"},"modified":"2025-09-24T10:35:27","modified_gmt":"2025-09-24T10:35:27","slug":"custom-christmas-flatware","status":"publish","type":"product","link":"https:\/\/www.mcallenflatware.com\/fr\/product\/custom-christmas-flatware\/","title":{"rendered":"Couverts de No\u00ebl personnalis\u00e9s 24 PCs avec bo\u00eete cadeau"},"content":{"rendered":"<h2 class=\"wp-block-heading\">Couverts de No\u00ebl Caract\u00e9ristiques :<\/h2>\n\n\n\n<div class=\"wp-block-columns is-layout-flex wp-container-core-columns-is-layout-9d6595d7 wp-block-columns-is-layout-flex\">\n<div class=\"wp-block-column is-layout-flow wp-block-column-is-layout-flow\" style=\"flex-basis:66.66%\">\n<p><strong>Conception d'un coffret cadeau de No\u00ebl<\/strong><br>Un emballage cadeau exquis sur le th\u00e8me de No\u00ebl, avec un ensemble complet de couverts en or 24, c'est la chaleur et le luxe pour la table de No\u00ebl, ce qui en fait un choix id\u00e9al pour les cadeaux de No\u00ebl.<\/p>\n\n\n\n<p><strong>Mat\u00e9riau en acier inoxydable de qualit\u00e9 alimentaire<br><\/strong>Fabriqu\u00e9s en acier inoxydable 18\/10 de qualit\u00e9 alimentaire, ils sont robustes et durables, r\u00e9sistants \u00e0 la rouille et anti-corrosifs, ce qui garantit la performance sup\u00e9rieure des couverts lors d'une utilisation fr\u00e9quente pendant les festivals.<\/p>\n\n\n\n<p><strong>Convient \u00e0 de multiples occasions<\/strong><br>Il est non seulement le premier choix pour les r\u00e9unions de No\u00ebl en famille, mais il convient \u00e9galement \u00e0 la d\u00e9coration des f\u00eates dans les lieux haut de gamme tels que les h\u00f4tels et les restaurants.<\/p>\n\n\n\n<p><strong>Soutien \u00e0 la personnalisation<\/strong><br>Fournir des services personnalis\u00e9s, notamment en mati\u00e8re de logo, d'emballage et de conception personnalis\u00e9e, afin d'aider les diff\u00e9rents clients \u00e0 promouvoir leur marque.<\/p>\n<\/div>\n\n\n\n<div class=\"wp-block-column is-layout-flow wp-block-column-is-layout-flow\" style=\"flex-basis:33.33%\">\n<figure class=\"wp-block-image size-full\"><img decoding=\"async\" width=\"800\" height=\"800\" src=\"https:\/\/www.mcallenflatware.com\/wp-content\/uploads\/2024\/11\/christmas-flatware-custom-2.webp\" alt=\"couverts de No\u00ebl personnalis\u00e9s\" class=\"wp-image-1442\" srcset=\"https:\/\/www.mcallenflatware.com\/wp-content\/uploads\/2024\/11\/christmas-flatware-custom-2.webp 800w, https:\/\/www.mcallenflatware.com\/wp-content\/uploads\/2024\/11\/christmas-flatware-custom-2-150x150.webp 150w, https:\/\/www.mcallenflatware.com\/wp-content\/uploads\/2024\/11\/christmas-flatware-custom-2-768x768.webp 768w, https:\/\/www.mcallenflatware.com\/wp-content\/uploads\/2024\/11\/christmas-flatware-custom-2-12x12.webp 12w, https:\/\/www.mcallenflatware.com\/wp-content\/uploads\/2024\/11\/christmas-flatware-custom-2-600x600.webp 600w, https:\/\/www.mcallenflatware.com\/wp-content\/uploads\/2024\/11\/christmas-flatware-custom-2-300x300.webp 300w, https:\/\/www.mcallenflatware.com\/wp-content\/uploads\/2024\/11\/christmas-flatware-custom-2-100x100.webp 100w\" sizes=\"(max-width: 800px) 100vw, 800px\" \/><\/figure>\n<\/div>\n<\/div>","protected":false},"excerpt":{"rendered":"<p>Couverts de No\u00ebl personnalis\u00e9s avec bo\u00eete cadeau, beaux et chaleureux, choix id\u00e9al pour les cadeaux de No\u00ebl. Vente directe \u00e0 l'usine, personnalisation possible, et une vari\u00e9t\u00e9 de combinaisons \u00e0 choisir. La meilleure remise est pour les commandes en gros, n'h\u00e9sitez pas \u00e0 vous renseigner !<\/p>\n<h2>Attributs des couverts de No\u00ebl :<\/h2>\n<p><strong>Nom de marque :<\/strong> Mcallen<br \/><strong>Mat\u00e9riau :<\/strong> Acier inoxydable<br \/><strong>Couleur :<\/strong> Glod, ou sur mesure<br \/><strong>Conception :<\/strong> Surface polie, avec bo\u00eete cadeau de No\u00ebl<br \/><strong>D\u00e9lai d'ex\u00e9cution de l'\u00e9chantillon :<\/strong> Dans les 3 jours<br \/><strong>OEM\/ODM :<\/strong> Disponible<\/p>\n<h2>Couverts de No\u00ebl personnalis\u00e9s :<\/h2>\n<p><strong>Acier inoxydable :<\/strong>\u00a0Acier inoxydable 18\/10, 304, 316, 410, 430, 420<br \/><strong>Logo :<\/strong>\u00a0Gravure laser, s\u00e9rigraphie, impression UV, impression par transfert thermique, gaufrage, etc.<br \/><strong>Emballage :<\/strong>\u00a04\/8\/12\/16\/20\/24\/45\/48\/72pcs set<br \/><strong>Finitions de surface :<\/strong>\u00a0Poli miroir, mat, poli \u00e0 l'eau, rev\u00eatement titane<br \/><strong>Emballage :<\/strong>\u00a0Vrac, sac opp, bo\u00eete de couleur, bo\u00eete cadeau, sur mesure<\/p>","protected":false},"featured_media":1445,"template":"","meta":[],"product_brand":[],"product_cat":[23,30],"product_tag":[],"class_list":{"0":"post-1466","1":"product","2":"type-product","3":"status-publish","4":"has-post-thumbnail","6":"product_cat-wholesale-flatware","7":"product_cat-custom-cutlery-gift-set","9":"first","10":"instock","11":"shipping-taxable","12":"product-type-simple"},"_links":{"self":[{"href":"https:\/\/www.mcallenflatware.com\/fr\/wp-json\/wp\/v2\/product\/1466","targetHints":{"allow":["GET"]}}],"collection":[{"href":"https:\/\/www.mcallenflatware.com\/fr\/wp-json\/wp\/v2\/product"}],"about":[{"href":"https:\/\/www.mcallenflatware.com\/fr\/wp-json\/wp\/v2\/types\/product"}],"wp:featuredmedia":[{"embeddable":true,"href":"https:\/\/www.mcallenflatware.com\/fr\/wp-json\/wp\/v2\/media\/1445"}],"wp:attachment":[{"href":"https:\/\/www.mcallenflatware.com\/fr\/wp-json\/wp\/v2\/media?parent=1466"}],"wp:term":[{"taxonomy":"product_brand","embeddable":true,"href":"https:\/\/www.mcallenflatware.com\/fr\/wp-json\/wp\/v2\/product_brand?post=1466"},{"taxonomy":"product_cat","embeddable":true,"href":"https:\/\/www.mcallenflatware.com\/fr\/wp-json\/wp\/v2\/product_cat?post=1466"},{"taxonomy":"product_tag","embeddable":true,"href":"https:\/\/www.mcallenflatware.com\/fr\/wp-json\/wp\/v2\/product_tag?post=1466"}],"curies":[{"name":"wp","href":"https:\/\/api.w.org\/{rel}","templated":true}]}}