{"id":1467,"date":"2024-11-24T10:37:17","date_gmt":"2024-11-24T10:37:17","guid":{"rendered":"https:\/\/www.mcallenflatware.com\/?post_type=product&#038;p=1467"},"modified":"2024-11-24T10:55:48","modified_gmt":"2024-11-24T10:55:48","slug":"wholesale-butter-knife","status":"publish","type":"product","link":"https:\/\/www.mcallenflatware.com\/fr\/product\/wholesale-butter-knife\/","title":{"rendered":"Wholesale Butter Knife Stainless Steel Silver Glod Custom Color (couteau \u00e0 beurre en acier inoxydable, couleur personnalis\u00e9e)"},"content":{"rendered":"<h2 class=\"wp-block-heading\">Couteau \u00e0 beurre Caract\u00e9ristiques :<\/h2>\n\n\n\n<div class=\"wp-block-columns is-layout-flex wp-container-core-columns-is-layout-9d6595d7 wp-block-columns-is-layout-flex\">\n<div class=\"wp-block-column is-layout-flow wp-block-column-is-layout-flow\" style=\"flex-basis:66.66%\">\n<p><strong>Choix de couleurs \u00e9l\u00e9gantes et vari\u00e9es<\/strong><br>Proposez de l'argent classique, de l'or luxueux et des options de couleurs exclusives personnalis\u00e9es pour r\u00e9pondre aux besoins de diff\u00e9rents sc\u00e9narios et styles de table.<\/p>\n\n\n\n<p><strong>Mat\u00e9riau en acier inoxydable poli et brillant<\/strong><br>Fabriqu\u00e9 en acier inoxydable de qualit\u00e9 alimentaire, la surface est polie, lisse et d\u00e9licate, pr\u00e9sentant une texture haut de gamme.<\/p>\n\n\n\n<p><strong>Con\u00e7u pour l'\u00e9pandage<\/strong><br>La lame a une largeur mod\u00e9r\u00e9e et un bord arrondi, ce qui permet d'\u00e9taler facilement le beurre, le fromage, la confiture, etc., et est s\u00fbre et pratique \u00e0 utiliser. ui<\/p>\n\n\n\n<p><strong>Facile \u00e0 nettoyer<\/strong><br>La surface antisalissure est facile \u00e0 laver \u00e0 la main ou au lave-vaisselle, ce qui constitue une solution d'entretien pratique apr\u00e8s utilisation.<\/p>\n<\/div>\n\n\n\n<div class=\"wp-block-column is-layout-flow wp-block-column-is-layout-flow\" style=\"flex-basis:33.33%\">\n<figure class=\"wp-block-image size-full\"><img decoding=\"async\" width=\"800\" height=\"800\" src=\"https:\/\/www.mcallenflatware.com\/wp-content\/uploads\/2024\/11\/wholesale-Butter-knife-3.webp\" alt=\"Couteau \u00e0 beurre en gros\" class=\"wp-image-1448\" srcset=\"https:\/\/www.mcallenflatware.com\/wp-content\/uploads\/2024\/11\/wholesale-Butter-knife-3.webp 800w, https:\/\/www.mcallenflatware.com\/wp-content\/uploads\/2024\/11\/wholesale-Butter-knife-3-150x150.webp 150w, https:\/\/www.mcallenflatware.com\/wp-content\/uploads\/2024\/11\/wholesale-Butter-knife-3-768x768.webp 768w, https:\/\/www.mcallenflatware.com\/wp-content\/uploads\/2024\/11\/wholesale-Butter-knife-3-12x12.webp 12w, https:\/\/www.mcallenflatware.com\/wp-content\/uploads\/2024\/11\/wholesale-Butter-knife-3-600x600.webp 600w, https:\/\/www.mcallenflatware.com\/wp-content\/uploads\/2024\/11\/wholesale-Butter-knife-3-300x300.webp 300w, https:\/\/www.mcallenflatware.com\/wp-content\/uploads\/2024\/11\/wholesale-Butter-knife-3-100x100.webp 100w\" sizes=\"(max-width: 800px) 100vw, 800px\" \/><\/figure>\n<\/div>\n<\/div>","protected":false},"excerpt":{"rendered":"<p>Couteau \u00e0 beurre \u00e0 prix d'usine, produit par un fabricant d'ustensiles de cuisine en acier inoxydable, fournissant des solutions personnalis\u00e9es et des services Amazon. Con\u00e7u pour tartiner, convient pour tartiner le beurre, le fromage, la confiture, etc. Nous vous invitons \u00e0 nous contacter !<\/p>\n<h2>Attributs du couteau \u00e0 beurre<\/h2>\n<p><strong>Nom de marque :<\/strong> Mcallen<br \/><strong>Mat\u00e9riau :<\/strong> Acier inoxydable<br \/><strong>Couleur :<\/strong> Or, argent ou personnalis\u00e9<br \/><strong>Polissage :<\/strong> Miroir poli<br \/><strong>D\u00e9lai d'ex\u00e9cution de l'\u00e9chantillon :<\/strong> Dans les 3 jours<br \/><strong>OEM\/ODM :<\/strong> Disponible<\/p>\n<h2>Couteau \u00e0 beurre personnalis\u00e9 :<\/h2>\n<p><strong>Acier inoxydable :<\/strong> Acier inoxydable 18\/10, 304, 316, 410, 430, 420<br \/><strong>Logo :<\/strong> Gravure laser, s\u00e9rigraphie, impression UV, impression par transfert thermique, gaufrage, etc.<br \/><strong>Finitions de surface :<\/strong> Poli miroir, mat.<br \/><strong>Emballage :<\/strong> Vrac, sac opp, bo\u00eete de couleur, bo\u00eete cadeau, sur mesure<\/p>","protected":false},"featured_media":1446,"template":"","meta":[],"product_brand":[],"product_cat":[24,31],"product_tag":[],"class_list":{"0":"post-1467","1":"product","2":"type-product","3":"status-publish","4":"has-post-thumbnail","6":"product_cat-wholesale-kitchen-utensils","7":"product_cat-wholesale-serving-utensils","9":"first","10":"instock","11":"shipping-taxable","12":"product-type-simple"},"_links":{"self":[{"href":"https:\/\/www.mcallenflatware.com\/fr\/wp-json\/wp\/v2\/product\/1467","targetHints":{"allow":["GET"]}}],"collection":[{"href":"https:\/\/www.mcallenflatware.com\/fr\/wp-json\/wp\/v2\/product"}],"about":[{"href":"https:\/\/www.mcallenflatware.com\/fr\/wp-json\/wp\/v2\/types\/product"}],"wp:featuredmedia":[{"embeddable":true,"href":"https:\/\/www.mcallenflatware.com\/fr\/wp-json\/wp\/v2\/media\/1446"}],"wp:attachment":[{"href":"https:\/\/www.mcallenflatware.com\/fr\/wp-json\/wp\/v2\/media?parent=1467"}],"wp:term":[{"taxonomy":"product_brand","embeddable":true,"href":"https:\/\/www.mcallenflatware.com\/fr\/wp-json\/wp\/v2\/product_brand?post=1467"},{"taxonomy":"product_cat","embeddable":true,"href":"https:\/\/www.mcallenflatware.com\/fr\/wp-json\/wp\/v2\/product_cat?post=1467"},{"taxonomy":"product_tag","embeddable":true,"href":"https:\/\/www.mcallenflatware.com\/fr\/wp-json\/wp\/v2\/product_tag?post=1467"}],"curies":[{"name":"wp","href":"https:\/\/api.w.org\/{rel}","templated":true}]}}