{"id":1468,"date":"2024-11-24T10:57:46","date_gmt":"2024-11-24T10:57:46","guid":{"rendered":"https:\/\/www.mcallenflatware.com\/?post_type=product&#038;p=1468"},"modified":"2025-11-24T04:02:25","modified_gmt":"2025-11-24T04:02:25","slug":"wholesale-stainless-steel-measuring-spoon","status":"publish","type":"product","link":"https:\/\/www.mcallenflatware.com\/fr\/product\/wholesale-stainless-steel-measuring-spoon\/","title":{"rendered":"Grossiste Cuill\u00e8re \u00e0 Mesurer en Acier Inoxydable 15 ML 30 ML"},"content":{"rendered":"<h2 class=\"wp-block-heading\">Cuill\u00e8re \u00e0 mesurer en acier inoxydable Caract\u00e9ristiques :<\/h2>\n\n\n\n<div class=\"wp-block-columns is-layout-flex wp-container-core-columns-is-layout-9d6595d7 wp-block-columns-is-layout-flex\">\n<div class=\"wp-block-column is-layout-flow wp-block-column-is-layout-flow\" style=\"flex-basis:66.66%\">\n<p><strong>Une mesure pr\u00e9cise<\/strong><br>\u00c9quip\u00e9 de deux sp\u00e9cifications communes de 2 cuill\u00e8res (30 ml) et d'une cuill\u00e8re (15 ml), il convient pour mesurer avec pr\u00e9cision divers ingr\u00e9dients secs et humides afin d'assurer l'exactitude des recettes.<\/p>\n\n\n\n<p><strong>Mat\u00e9riau en acier inoxydable de haute qualit\u00e9<\/strong><br>Fabriqu\u00e9 en acier inoxydable de qualit\u00e9 alimentaire, s\u00fbr et stable, r\u00e9sistant aux temp\u00e9ratures \u00e9lev\u00e9es et ne se d\u00e9formant pas facilement, utilisation \u00e0 long terme.<\/p>\n\n\n\n<p><strong>Marquage clair<\/strong><br>Chaque cuill\u00e8re pr\u00e9sente des indications de capacit\u00e9 claires, ce qui permet de trouver rapidement la quantit\u00e9 n\u00e9cessaire.<\/p>\n\n\n\n<p><strong>Facile \u00e0 nettoyer<\/strong><br>La surface lisse emp\u00eache la formation de r\u00e9sidus alimentaires et se nettoie facilement \u00e0 la main ou au lave-vaisselle.<\/p>\n<\/div>\n\n\n\n<div class=\"wp-block-column is-layout-flow wp-block-column-is-layout-flow\" style=\"flex-basis:33.33%\">\n<figure class=\"wp-block-image size-full\"><img decoding=\"async\" width=\"1500\" height=\"1500\" src=\"https:\/\/www.mcallenflatware.com\/wp-content\/uploads\/2024\/11\/wholesale-stainless-steel-Measuring-spoon-11.webp\" alt=\"Grossiste cuill\u00e8re \u00e0 mesurer en acier inoxydable\" class=\"wp-image-1451\" srcset=\"https:\/\/www.mcallenflatware.com\/wp-content\/uploads\/2024\/11\/wholesale-stainless-steel-Measuring-spoon-11.webp 1500w, https:\/\/www.mcallenflatware.com\/wp-content\/uploads\/2024\/11\/wholesale-stainless-steel-Measuring-spoon-11-150x150.webp 150w, https:\/\/www.mcallenflatware.com\/wp-content\/uploads\/2024\/11\/wholesale-stainless-steel-Measuring-spoon-11-768x768.webp 768w, https:\/\/www.mcallenflatware.com\/wp-content\/uploads\/2024\/11\/wholesale-stainless-steel-Measuring-spoon-11-12x12.webp 12w, https:\/\/www.mcallenflatware.com\/wp-content\/uploads\/2024\/11\/wholesale-stainless-steel-Measuring-spoon-11-1200x1200.webp 1200w, https:\/\/www.mcallenflatware.com\/wp-content\/uploads\/2024\/11\/wholesale-stainless-steel-Measuring-spoon-11-600x600.webp 600w, https:\/\/www.mcallenflatware.com\/wp-content\/uploads\/2024\/11\/wholesale-stainless-steel-Measuring-spoon-11-300x300.webp 300w, https:\/\/www.mcallenflatware.com\/wp-content\/uploads\/2024\/11\/wholesale-stainless-steel-Measuring-spoon-11-100x100.webp 100w\" sizes=\"(max-width: 1500px) 100vw, 1500px\" \/><\/figure>\n<\/div>\n<\/div>","protected":false},"excerpt":{"rendered":"<p>Les cuill\u00e8res \u00e0 mesurer en acier inoxydable en vrac, les marques de nettoyage, la s\u00e9curit\u00e9 alimentaire et la durabilit\u00e9, conviennent \u00e0 la cuisson, \u00e0 la cuisine, \u00e0 l'ajout d'assaisonnements et \u00e0 d'autres sc\u00e8nes de cuisine. Nous fournissons des services de personnalisation en gros, nous vous invitons \u00e0 demander un devis gratuit.<\/p>\n<h2>Cuill\u00e8re \u00e0 mesurer en acier inoxydable Attributs :<\/h2>\n<p><strong>Nom de marque :<\/strong> Mcallen<br \/><strong>Mat\u00e9riau :<\/strong> Acier inoxydable<br \/><strong>Couleur :<\/strong> Argent<br \/><strong>Polissage :<\/strong> Miroir poli<br \/><strong>Taille :<\/strong> 15ml, 30ml<br \/><strong>D\u00e9lai d'ex\u00e9cution de l'\u00e9chantillon :<\/strong> Dans les 3 jours<br \/><strong>OEM\/ODM :<\/strong> Disponible<\/p>\n<h2>Cuill\u00e8re \u00e0 mesurer personnalis\u00e9e en acier inoxydable :<\/h2>\n<p><strong>Acier inoxydable :<\/strong> Acier inoxydable 18\/10, 304, 316, 410, 430, 420<br \/><strong>Logo :<\/strong> Gravure laser, s\u00e9rigraphie, impression UV, impression par transfert thermique, gaufrage, etc.<br \/><strong>Couleur :<\/strong> Or, argent ou personnalis\u00e9<br \/><strong>Emballage :<\/strong> Vrac, sac opp, bo\u00eete de couleur, bo\u00eete cadeau, sur mesure<\/p>","protected":false},"featured_media":1450,"template":"","meta":[],"product_brand":[],"product_cat":[24,32],"product_tag":[],"class_list":{"0":"post-1468","1":"product","2":"type-product","3":"status-publish","4":"has-post-thumbnail","6":"product_cat-wholesale-kitchen-utensils","7":"product_cat-custom-baking-tools-utensils","9":"first","10":"instock","11":"shipping-taxable","12":"product-type-simple"},"_links":{"self":[{"href":"https:\/\/www.mcallenflatware.com\/fr\/wp-json\/wp\/v2\/product\/1468","targetHints":{"allow":["GET"]}}],"collection":[{"href":"https:\/\/www.mcallenflatware.com\/fr\/wp-json\/wp\/v2\/product"}],"about":[{"href":"https:\/\/www.mcallenflatware.com\/fr\/wp-json\/wp\/v2\/types\/product"}],"wp:featuredmedia":[{"embeddable":true,"href":"https:\/\/www.mcallenflatware.com\/fr\/wp-json\/wp\/v2\/media\/1450"}],"wp:attachment":[{"href":"https:\/\/www.mcallenflatware.com\/fr\/wp-json\/wp\/v2\/media?parent=1468"}],"wp:term":[{"taxonomy":"product_brand","embeddable":true,"href":"https:\/\/www.mcallenflatware.com\/fr\/wp-json\/wp\/v2\/product_brand?post=1468"},{"taxonomy":"product_cat","embeddable":true,"href":"https:\/\/www.mcallenflatware.com\/fr\/wp-json\/wp\/v2\/product_cat?post=1468"},{"taxonomy":"product_tag","embeddable":true,"href":"https:\/\/www.mcallenflatware.com\/fr\/wp-json\/wp\/v2\/product_tag?post=1468"}],"curies":[{"name":"wp","href":"https:\/\/api.w.org\/{rel}","templated":true}]}}