{"id":1469,"date":"2024-11-24T11:11:19","date_gmt":"2024-11-24T11:11:19","guid":{"rendered":"https:\/\/www.mcallenflatware.com\/?post_type=product&#038;p=1469"},"modified":"2024-11-24T11:28:34","modified_gmt":"2024-11-24T11:28:34","slug":"bulk-serving-utensils-set","status":"publish","type":"product","link":"https:\/\/www.mcallenflatware.com\/fr\/product\/bulk-serving-utensils-set\/","title":{"rendered":"Set d'ustensiles de service en acier inoxydable pour buffet et cuisine"},"content":{"rendered":"<h2 class=\"wp-block-heading\">Set d'ustensiles de service Caract\u00e9ristiques :<\/h2>\n\n\n\n<div class=\"wp-block-columns is-layout-flex wp-container-core-columns-is-layout-9d6595d7 wp-block-columns-is-layout-flex\">\n<div class=\"wp-block-column is-layout-flow wp-block-column-is-layout-flow\" style=\"flex-basis:66.66%\">\n<p><strong>Acier inoxydable de haute qualit\u00e9<\/strong><br>Fabriqu\u00e9 en acier inoxydable de qualit\u00e9 alimentaire, il pr\u00e9sente une excellente r\u00e9sistance \u00e0 la rouille et \u00e0 la corrosion, ce qui garantit la s\u00e9curit\u00e9 et la durabilit\u00e9 de l'utilisation \u00e0 long terme.<\/p>\n\n\n\n<p><strong>Ensemble multi-pi\u00e8ces<\/strong><br>Contient une vari\u00e9t\u00e9 d'articles de table couramment utilis\u00e9s, tels que des pinces \u00e0 vaisselle, des pinces \u00e0 salade, des cuill\u00e8res \u00e0 soupe, des cuill\u00e8res \u00e0 sauce, des cuill\u00e8res \u00e0 sucre, des pinces \u00e0 l\u00e9gumes, etc., pour r\u00e9pondre aux divers besoins des r\u00e9unions de famille, des banquets ou des h\u00f4tels-restaurants.<\/p>\n\n\n\n<p><strong>Aspect \u00e9l\u00e9gant et simple<\/strong><br>La surface lisse et le style simple s'adaptent parfaitement aux repas quotidiens et aux banquets formels.<\/p>\n\n\n\n<p><strong>Facile \u00e0 nettoyer<\/strong><br>La surface lisse r\u00e9duit les r\u00e9sidus alimentaires, convient au lavage \u00e0 la main ou au lave-vaisselle et est facile \u00e0 entretenir au quotidien.<\/p>\n<\/div>\n\n\n\n<div class=\"wp-block-column is-layout-flow wp-block-column-is-layout-flow\" style=\"flex-basis:33.33%\">\n<figure class=\"wp-block-image size-full\"><img decoding=\"async\" width=\"800\" height=\"800\" src=\"https:\/\/www.mcallenflatware.com\/wp-content\/uploads\/2024\/11\/Bulk-Serving-Utensils-Set-4.webp\" alt=\"Set d&#039;ustensiles de service en vrac\" class=\"wp-image-1456\" srcset=\"https:\/\/www.mcallenflatware.com\/wp-content\/uploads\/2024\/11\/Bulk-Serving-Utensils-Set-4.webp 800w, https:\/\/www.mcallenflatware.com\/wp-content\/uploads\/2024\/11\/Bulk-Serving-Utensils-Set-4-150x150.webp 150w, https:\/\/www.mcallenflatware.com\/wp-content\/uploads\/2024\/11\/Bulk-Serving-Utensils-Set-4-768x768.webp 768w, https:\/\/www.mcallenflatware.com\/wp-content\/uploads\/2024\/11\/Bulk-Serving-Utensils-Set-4-12x12.webp 12w, https:\/\/www.mcallenflatware.com\/wp-content\/uploads\/2024\/11\/Bulk-Serving-Utensils-Set-4-600x600.webp 600w, https:\/\/www.mcallenflatware.com\/wp-content\/uploads\/2024\/11\/Bulk-Serving-Utensils-Set-4-300x300.webp 300w, https:\/\/www.mcallenflatware.com\/wp-content\/uploads\/2024\/11\/Bulk-Serving-Utensils-Set-4-100x100.webp 100w\" sizes=\"(max-width: 800px) 100vw, 800px\" \/><\/figure>\n<\/div>\n<\/div>","protected":false},"excerpt":{"rendered":"<p>Le set d'ustensiles de service en acier inoxydable pour buffet, cuisine d'h\u00f4tel, est un ustensile indispensable pour le service de restauration. Vente directe par un fournisseur chinois, soutien d'un service \u00e0 guichet unique pour les affaires d'Amazon. N'h\u00e9sitez pas \u00e0 nous consulter.<\/p>\n<h2>Set d'ustensiles de service Attributs :<\/h2>\n<p><strong>Nom de marque :<\/strong> Mcallen<br \/><strong>Mat\u00e9riau :<\/strong> Acier inoxydable<br \/><strong>Couleur :<\/strong> Argent, Glod<br \/><strong>Types :<\/strong> Couteau, fourchette et cuill\u00e8re, pince \u00e0 servir, louche \u00e0 sauce, cuill\u00e8re \u00e0 sucre, couteau \u00e0 beurre, spatule \u00e0 g\u00e2teau<br \/><strong>Polissage :<\/strong> Miroir poli<br \/><strong>D\u00e9lai d'ex\u00e9cution de l'\u00e9chantillon :<\/strong> Dans les 3 jours<br \/><strong>OEM\/ODM :<\/strong> Disponible<\/p>\n<h2>Set d'ustensiles de service personnalis\u00e9 :<\/h2>\n<p><strong>Acier inoxydable :<\/strong> Acier inoxydable 18\/10, 304, 316, 410, 430, 420<br \/><strong>Logo :<\/strong> Gravure laser, s\u00e9rigraphie, impression UV, impression par transfert thermique, gaufrage, etc.<br \/><strong>Couleur :<\/strong> Glod, sliver, ou personnalis\u00e9<br \/><strong>Emballage :<\/strong> Vrac, sac opp, bo\u00eete de couleur, bo\u00eete cadeau, sur mesure<\/p>","protected":false},"featured_media":1455,"template":"","meta":[],"product_brand":[],"product_cat":[24,31],"product_tag":[],"class_list":{"0":"post-1469","1":"product","2":"type-product","3":"status-publish","4":"has-post-thumbnail","6":"product_cat-wholesale-kitchen-utensils","7":"product_cat-wholesale-serving-utensils","9":"first","10":"instock","11":"shipping-taxable","12":"product-type-simple"},"_links":{"self":[{"href":"https:\/\/www.mcallenflatware.com\/fr\/wp-json\/wp\/v2\/product\/1469","targetHints":{"allow":["GET"]}}],"collection":[{"href":"https:\/\/www.mcallenflatware.com\/fr\/wp-json\/wp\/v2\/product"}],"about":[{"href":"https:\/\/www.mcallenflatware.com\/fr\/wp-json\/wp\/v2\/types\/product"}],"wp:featuredmedia":[{"embeddable":true,"href":"https:\/\/www.mcallenflatware.com\/fr\/wp-json\/wp\/v2\/media\/1455"}],"wp:attachment":[{"href":"https:\/\/www.mcallenflatware.com\/fr\/wp-json\/wp\/v2\/media?parent=1469"}],"wp:term":[{"taxonomy":"product_brand","embeddable":true,"href":"https:\/\/www.mcallenflatware.com\/fr\/wp-json\/wp\/v2\/product_brand?post=1469"},{"taxonomy":"product_cat","embeddable":true,"href":"https:\/\/www.mcallenflatware.com\/fr\/wp-json\/wp\/v2\/product_cat?post=1469"},{"taxonomy":"product_tag","embeddable":true,"href":"https:\/\/www.mcallenflatware.com\/fr\/wp-json\/wp\/v2\/product_tag?post=1469"}],"curies":[{"name":"wp","href":"https:\/\/api.w.org\/{rel}","templated":true}]}}