{"id":1562,"date":"2025-09-24T09:29:27","date_gmt":"2025-09-24T09:29:27","guid":{"rendered":"https:\/\/www.mcallenflatware.com\/?post_type=product&#038;p=1562"},"modified":"2025-09-24T10:32:37","modified_gmt":"2025-09-24T10:32:37","slug":"custom-24-piece-cutlery-set","status":"publish","type":"product","link":"https:\/\/www.mcallenflatware.com\/fr\/product\/custom-24-piece-cutlery-set\/","title":{"rendered":"Ensemble de 24 pi\u00e8ces de coutellerie en acier inoxydable avec bo\u00eete de rangement pour cadeaux"},"content":{"rendered":"<h2 class=\"wp-block-heading\">Ensemble de couverts 24 pi\u00e8ces Caract\u00e9ristiques :<\/h2>\n\n\n\n<div class=\"wp-block-columns is-layout-flex wp-container-core-columns-is-layout-9d6595d7 wp-block-columns-is-layout-flex\">\n<div class=\"wp-block-column is-layout-flow wp-block-column-is-layout-flow\" style=\"flex-basis:66.66%\">\n<p><strong>Mat\u00e9riau en acier inoxydable de haute qualit\u00e9 : <\/strong>Fabriqu\u00e9 en acier inoxydable 304 durable, il convient \u00e0 une utilisation quotidienne et fr\u00e9quente.<\/p>\n\n\n\n<p><strong>Set de couverts complet :<\/strong> L'ensemble de 24 pi\u00e8ces comprend des articles de table courants tels que des couteaux, des fourchettes, des cuill\u00e8res \u00e0 soupe, des cuill\u00e8res \u00e0 caf\u00e9, etc., convenant aux r\u00e9unions de famille, aux f\u00eates, aux restaurants et \u00e0 d'autres occasions.<\/p>\n\n\n\n<p><strong>Emballage en bo\u00eete personnalisable<\/strong>: L'ensemble est livr\u00e9 dans une bo\u00eete d'emballage personnalisable, avec une bo\u00eete cadeau \u00e0 fen\u00eatre ou une bo\u00eete d'emballage color\u00e9e, qui peut \u00eatre con\u00e7ue selon les besoins du client, convenant \u00e0 l'offre de cadeaux ou au rangement de l'ensemble de couverts.<\/p>\n\n\n\n<p><strong>Conception haut de gamme :<\/strong> Le design simple et moderne est associ\u00e9 \u00e0 la surface lisse de l'acier inoxydable, avec une apparence \u00e9l\u00e9gante et styl\u00e9e, convenant \u00e0 diff\u00e9rents types de tables.<\/p>\n\n\n\n<p><strong>Facile \u00e0 nettoyer : <\/strong>Les couverts en acier inoxydable sont r\u00e9sistants aux taches et faciles \u00e0 nettoyer, et peuvent \u00eatre lav\u00e9s au lave-vaisselle.<\/p>\n<\/div>\n\n\n\n<div class=\"wp-block-column is-layout-flow wp-block-column-is-layout-flow\" style=\"flex-basis:33.33%\">\n<figure class=\"wp-block-image size-full\"><img decoding=\"async\" width=\"800\" height=\"800\" src=\"https:\/\/www.mcallenflatware.com\/wp-content\/uploads\/2024\/12\/24-piece-cutlery-set-1.webp\" alt=\"Set de couverts 24 pi\u00e8ces\" class=\"wp-image-1563\" srcset=\"https:\/\/www.mcallenflatware.com\/wp-content\/uploads\/2024\/12\/24-piece-cutlery-set-1.webp 800w, https:\/\/www.mcallenflatware.com\/wp-content\/uploads\/2024\/12\/24-piece-cutlery-set-1-150x150.webp 150w, https:\/\/www.mcallenflatware.com\/wp-content\/uploads\/2024\/12\/24-piece-cutlery-set-1-768x768.webp 768w, https:\/\/www.mcallenflatware.com\/wp-content\/uploads\/2024\/12\/24-piece-cutlery-set-1-12x12.webp 12w, https:\/\/www.mcallenflatware.com\/wp-content\/uploads\/2024\/12\/24-piece-cutlery-set-1-600x600.webp 600w, https:\/\/www.mcallenflatware.com\/wp-content\/uploads\/2024\/12\/24-piece-cutlery-set-1-300x300.webp 300w, https:\/\/www.mcallenflatware.com\/wp-content\/uploads\/2024\/12\/24-piece-cutlery-set-1-100x100.webp 100w\" sizes=\"(max-width: 800px) 100vw, 800px\" \/><\/figure>\n<\/div>\n<\/div>","protected":false},"excerpt":{"rendered":"<p>Bienvenue sur le march\u00e9 de la vente en gros et de la personnalisation d'un ensemble de couverts de 24 pi\u00e8ces, en acier inoxydable, polis et modernes, pouvant \u00eatre personnalis\u00e9s dans diff\u00e9rentes bo\u00eetes. Ventes directes \u00e0 l'usine, soutien des ventes OEM&amp;ODM, Amazon Walmart et autres plateformes de commerce \u00e9lectronique.<\/p>\n<h2>Ensemble de couverts 24 pi\u00e8ces Attributs :<\/h2>\n<p><strong>Nom de marque :<\/strong> Mcallen<br \/><strong>Mat\u00e9riau :<\/strong> Acier inoxydable<br \/><strong>Couleur :<\/strong> Verre, argent, noir ou personnalis\u00e9<br \/><strong>Conception : <\/strong>avec diff\u00e9rents types de bo\u00eetes de couleurs exquises<br \/><strong>D\u00e9lai d'ex\u00e9cution de l'\u00e9chantillon :<\/strong> Dans les 3 jours<br \/><strong>OEM\/ODM :<\/strong> Disponible<\/p>\n<h2>Set de couverts 24 pi\u00e8ces personnalis\u00e9 :<\/h2>\n<p><strong>Acier inoxydable :<\/strong>\u00a0Acier inoxydable 18\/10, 304, 316, 410, 430, 420<br \/><strong>Logo :<\/strong>\u00a0Gravure laser, s\u00e9rigraphie, impression UV, impression par transfert thermique, gaufrage, etc.<br \/><strong>Emballage :<\/strong>\u00a04\/8\/12\/16\/20\/24\/45\/48\/72pcs set<br \/><strong>Finitions de surface :<\/strong>\u00a0Poli miroir, mat, poli \u00e0 l'eau, rev\u00eatement titane<br \/><strong>Emballage :<\/strong>\u00a0Vrac, sac opp, bo\u00eete de couleur, bo\u00eete cadeau, sur mesure<\/p>","protected":false},"featured_media":1563,"template":"","meta":[],"product_brand":[],"product_cat":[23,30],"product_tag":[],"class_list":{"0":"post-1562","1":"product","2":"type-product","3":"status-publish","4":"has-post-thumbnail","6":"product_cat-wholesale-flatware","7":"product_cat-custom-cutlery-gift-set","9":"first","10":"instock","11":"shipping-taxable","12":"product-type-simple"},"_links":{"self":[{"href":"https:\/\/www.mcallenflatware.com\/fr\/wp-json\/wp\/v2\/product\/1562","targetHints":{"allow":["GET"]}}],"collection":[{"href":"https:\/\/www.mcallenflatware.com\/fr\/wp-json\/wp\/v2\/product"}],"about":[{"href":"https:\/\/www.mcallenflatware.com\/fr\/wp-json\/wp\/v2\/types\/product"}],"wp:featuredmedia":[{"embeddable":true,"href":"https:\/\/www.mcallenflatware.com\/fr\/wp-json\/wp\/v2\/media\/1563"}],"wp:attachment":[{"href":"https:\/\/www.mcallenflatware.com\/fr\/wp-json\/wp\/v2\/media?parent=1562"}],"wp:term":[{"taxonomy":"product_brand","embeddable":true,"href":"https:\/\/www.mcallenflatware.com\/fr\/wp-json\/wp\/v2\/product_brand?post=1562"},{"taxonomy":"product_cat","embeddable":true,"href":"https:\/\/www.mcallenflatware.com\/fr\/wp-json\/wp\/v2\/product_cat?post=1562"},{"taxonomy":"product_tag","embeddable":true,"href":"https:\/\/www.mcallenflatware.com\/fr\/wp-json\/wp\/v2\/product_tag?post=1562"}],"curies":[{"name":"wp","href":"https:\/\/api.w.org\/{rel}","templated":true}]}}