{"id":1572,"date":"2024-12-09T01:39:05","date_gmt":"2024-12-09T01:39:05","guid":{"rendered":"https:\/\/www.mcallenflatware.com\/?post_type=product&#038;p=1572"},"modified":"2024-12-09T01:51:28","modified_gmt":"2024-12-09T01:51:28","slug":"wholesale-gold-flatware-set","status":"publish","type":"product","link":"https:\/\/www.mcallenflatware.com\/fr\/product\/wholesale-gold-flatware-set\/","title":{"rendered":"Set de couverts en or en acier inoxydable pour 16 personnes avec bo\u00eete en bois"},"content":{"rendered":"<h2 class=\"wp-block-heading\">Ensemble de couverts en or Caract\u00e9ristiques :<\/h2>\n\n\n\n<div class=\"wp-block-columns is-layout-flex wp-container-core-columns-is-layout-9d6595d7 wp-block-columns-is-layout-flex\">\n<div class=\"wp-block-column is-layout-flow wp-block-column-is-layout-flow\" style=\"flex-basis:66.66%\">\n<p><strong>Mat\u00e9riau en acier inoxydable de haute qualit\u00e9 :<\/strong> Fabriqu\u00e9 en acier inoxydable de haute qualit\u00e9, il garantit qu'il ne rouillera pas et ne s'ab\u00eemera pas apr\u00e8s une utilisation prolong\u00e9e.<\/p>\n\n\n\n<p><strong>Design \u00e9l\u00e9gant en or : <\/strong>Le rev\u00eatement en or conf\u00e8re un aspect moderne et luxueux, adapt\u00e9 \u00e0 diverses occasions formelles ou sp\u00e9ciales, telles que les banquets, les mariages, les f\u00eates de fin d'ann\u00e9e, etc.<\/p>\n\n\n\n<p><strong>Emballage en bois exquis :<\/strong> Chaque set de vaisselle est livr\u00e9 dans un coffret en bois haut de gamme pour un rangement et une protection faciles, id\u00e9al pour les cadeaux.<\/p>\n\n\n\n<p><strong>Ensemble de 16 pi\u00e8ces :<\/strong> Contient des couverts d'usage courant tels que couteaux, fourchettes, cuill\u00e8res, etc., adapt\u00e9s aux repas quotidiens et aux banquets.<\/p>\n\n\n\n<p><strong>Couleur personnalis\u00e9e : <\/strong>Fournir des services de personnalisation, les clients peuvent choisir diff\u00e9rentes couleurs d'or ou autres pour r\u00e9pondre aux besoins de diff\u00e9rents styles.<\/p>\n<\/div>\n\n\n\n<div class=\"wp-block-column is-layout-flow wp-block-column-is-layout-flow\" style=\"flex-basis:33.33%\">\n<figure class=\"wp-block-image size-full\"><img decoding=\"async\" width=\"1200\" height=\"1200\" src=\"https:\/\/www.mcallenflatware.com\/wp-content\/uploads\/2024\/12\/gold-flatware-set-wholesale-2.webp\" alt=\"couverts en or en gros\" class=\"wp-image-1544\" srcset=\"https:\/\/www.mcallenflatware.com\/wp-content\/uploads\/2024\/12\/gold-flatware-set-wholesale-2.webp 1200w, https:\/\/www.mcallenflatware.com\/wp-content\/uploads\/2024\/12\/gold-flatware-set-wholesale-2-150x150.webp 150w, https:\/\/www.mcallenflatware.com\/wp-content\/uploads\/2024\/12\/gold-flatware-set-wholesale-2-768x768.webp 768w, https:\/\/www.mcallenflatware.com\/wp-content\/uploads\/2024\/12\/gold-flatware-set-wholesale-2-12x12.webp 12w, https:\/\/www.mcallenflatware.com\/wp-content\/uploads\/2024\/12\/gold-flatware-set-wholesale-2-600x600.webp 600w, https:\/\/www.mcallenflatware.com\/wp-content\/uploads\/2024\/12\/gold-flatware-set-wholesale-2-300x300.webp 300w, https:\/\/www.mcallenflatware.com\/wp-content\/uploads\/2024\/12\/gold-flatware-set-wholesale-2-100x100.webp 100w\" sizes=\"(max-width: 1200px) 100vw, 1200px\" \/><\/figure>\n<\/div>\n<\/div>","protected":false},"excerpt":{"rendered":"<p>Vente directe d'usine, vente en gros et personnalis\u00e9e de couverts en or avec coffret en bois, acier inoxydable de haute qualit\u00e9 et durable, luxueux et moderne avec un grand attrait. Possibilit\u00e9 de personnaliser le logo, la couleur, etc., meilleure offre pour les commandes en gros, n'h\u00e9sitez pas \u00e0 vous renseigner.<\/p>\n<h2>Ensemble de couverts en or Attributs :<\/h2>\n<p><strong>Nom de marque :<\/strong> Mcallen<br \/><strong>Mat\u00e9riau :<\/strong> Acier inoxydable<br \/><strong>Couleur :<\/strong> Verre, argent, noir, cuivre ou personnalis\u00e9<br \/><strong>Conception :<\/strong> 16 pi\u00e8ces avec bo\u00eete en bois exquise<br \/><strong>D\u00e9lai d'ex\u00e9cution de l'\u00e9chantillon :<\/strong> Dans les 3 jours<br \/><strong>OEM\/ODM :<\/strong> Disponible<\/p>\n<h2>Set de couverts en or personnalis\u00e9 :<\/h2>\n<p><strong>Acier inoxydable :<\/strong>\u00a0Acier inoxydable 18\/10, 304, 316, 410, 430, 420<br \/><strong>Logo :<\/strong>\u00a0Gravure laser, s\u00e9rigraphie, impression UV, impression par transfert thermique, gaufrage, etc.<br \/><strong>Emballage :<\/strong>\u00a04\/8\/12\/16\/20\/24\/45\/48\/72pcs set<br \/><strong>Finitions de surface :<\/strong>\u00a0Poli miroir, mat, poli \u00e0 l'eau, rev\u00eatement titane<br \/><strong>Emballage :<\/strong>\u00a0Vrac, sac opp, bo\u00eete de couleur, bo\u00eete cadeau, sur mesure<\/p>","protected":false},"featured_media":1543,"template":"","meta":[],"product_brand":[],"product_cat":[23,30],"product_tag":[],"class_list":{"0":"post-1572","1":"product","2":"type-product","3":"status-publish","4":"has-post-thumbnail","6":"product_cat-wholesale-flatware","7":"product_cat-custom-cutlery-gift-set","9":"first","10":"instock","11":"shipping-taxable","12":"product-type-simple"},"_links":{"self":[{"href":"https:\/\/www.mcallenflatware.com\/fr\/wp-json\/wp\/v2\/product\/1572","targetHints":{"allow":["GET"]}}],"collection":[{"href":"https:\/\/www.mcallenflatware.com\/fr\/wp-json\/wp\/v2\/product"}],"about":[{"href":"https:\/\/www.mcallenflatware.com\/fr\/wp-json\/wp\/v2\/types\/product"}],"wp:featuredmedia":[{"embeddable":true,"href":"https:\/\/www.mcallenflatware.com\/fr\/wp-json\/wp\/v2\/media\/1543"}],"wp:attachment":[{"href":"https:\/\/www.mcallenflatware.com\/fr\/wp-json\/wp\/v2\/media?parent=1572"}],"wp:term":[{"taxonomy":"product_brand","embeddable":true,"href":"https:\/\/www.mcallenflatware.com\/fr\/wp-json\/wp\/v2\/product_brand?post=1572"},{"taxonomy":"product_cat","embeddable":true,"href":"https:\/\/www.mcallenflatware.com\/fr\/wp-json\/wp\/v2\/product_cat?post=1572"},{"taxonomy":"product_tag","embeddable":true,"href":"https:\/\/www.mcallenflatware.com\/fr\/wp-json\/wp\/v2\/product_tag?post=1572"}],"curies":[{"name":"wp","href":"https:\/\/api.w.org\/{rel}","templated":true}]}}