{"id":1577,"date":"2024-12-09T03:49:22","date_gmt":"2024-12-09T03:49:22","guid":{"rendered":"https:\/\/www.mcallenflatware.com\/?post_type=product&#038;p=1577"},"modified":"2024-12-09T04:09:34","modified_gmt":"2024-12-09T04:09:34","slug":"wholesale-36-pieces-cutlery-set","status":"publish","type":"product","link":"https:\/\/www.mcallenflatware.com\/fr\/product\/wholesale-36-pieces-cutlery-set\/","title":{"rendered":"Wholesale 36 Pieces Cutlery Set Gold Stainless Steel with Wooden Box"},"content":{"rendered":"<h2 class=\"wp-block-heading\">Ensemble de couverts 36 pi\u00e8ces Caract\u00e9ristiques :<\/h2>\n\n\n\n<div class=\"wp-block-columns is-layout-flex wp-container-core-columns-is-layout-9d6595d7 wp-block-columns-is-layout-flex\">\n<div class=\"wp-block-column is-layout-flow wp-block-column-is-layout-flow\" style=\"flex-basis:66.66%\">\n<p><strong>Mat\u00e9riau en acier inoxydable 304<\/strong><br>Fabriqu\u00e9 en acier inoxydable de qualit\u00e9 alimentaire, s\u00fbr et non toxique, r\u00e9sistant \u00e0 l'usure et pouvant \u00eatre utilis\u00e9 pendant longtemps.<\/p>\n\n\n\n<p><strong>Aspect or luxueux<\/strong><br>La surface brillante et lisse est haut de gamme et \u00e9l\u00e9gante. Elle convient aux mariages, aux f\u00eates et aux c\u00e9l\u00e9brations sp\u00e9ciales, ajoutant une atmosph\u00e8re luxueuse \u00e0 la table \u00e0 manger.<\/p>\n\n\n\n<p><strong>Bo\u00eete d'emballage en bois haut de gamme<\/strong><br>Chaque set est accompagn\u00e9 d'une bo\u00eete en bois exquise, pratique pour ranger et prot\u00e9ger la vaisselle, qui rehausse la valeur de l'ensemble du produit et convient parfaitement pour les cadeaux.<\/p>\n\n\n\n<p><strong>Couverts complets 36 pi\u00e8ces<\/strong><br>Enti\u00e8rement \u00e9quip\u00e9, il comprend divers ustensiles de cuisine tels que des couteaux, des fourchettes, des cuill\u00e8res, etc. et peut \u00eatre utilis\u00e9 \u00e0 la maison ou dans des lieux haut de gamme.<\/p>\n\n\n\n<p><strong>Options de personnalisation<\/strong><br>Proposer des services de conception et de gravure sur mesure pour les bo\u00eetes en bois afin de r\u00e9pondre \u00e0 des besoins personnalis\u00e9s et de cr\u00e9er une exp\u00e9rience exclusive de produit haut de gamme.<\/p>\n<\/div>\n\n\n\n<div class=\"wp-block-column is-layout-flow wp-block-column-is-layout-flow\" style=\"flex-basis:33.33%\">\n<figure class=\"wp-block-image size-full\"><img decoding=\"async\" width=\"1200\" height=\"1200\" src=\"https:\/\/www.mcallenflatware.com\/wp-content\/uploads\/2024\/12\/36-piece-cutlery-set-wholesale-2-1.webp\" alt=\"Set de couverts 36 pi\u00e8ces wholesale\" class=\"wp-image-1579\" srcset=\"https:\/\/www.mcallenflatware.com\/wp-content\/uploads\/2024\/12\/36-piece-cutlery-set-wholesale-2-1.webp 1200w, https:\/\/www.mcallenflatware.com\/wp-content\/uploads\/2024\/12\/36-piece-cutlery-set-wholesale-2-1-150x150.webp 150w, https:\/\/www.mcallenflatware.com\/wp-content\/uploads\/2024\/12\/36-piece-cutlery-set-wholesale-2-1-768x768.webp 768w, https:\/\/www.mcallenflatware.com\/wp-content\/uploads\/2024\/12\/36-piece-cutlery-set-wholesale-2-1-12x12.webp 12w, https:\/\/www.mcallenflatware.com\/wp-content\/uploads\/2024\/12\/36-piece-cutlery-set-wholesale-2-1-600x600.webp 600w, https:\/\/www.mcallenflatware.com\/wp-content\/uploads\/2024\/12\/36-piece-cutlery-set-wholesale-2-1-300x300.webp 300w, https:\/\/www.mcallenflatware.com\/wp-content\/uploads\/2024\/12\/36-piece-cutlery-set-wholesale-2-1-100x100.webp 100w\" sizes=\"(max-width: 1200px) 100vw, 1200px\" \/><\/figure>\n<\/div>\n<\/div>","protected":false},"excerpt":{"rendered":"<p>Mcallen manufacturer wholesale and custom 36 pieces cutlery set stainless steel with wooden boxe, luxurious and elegant, support customized logo, color, etc. C'est un choix id\u00e9al pour un mariage, un restaurant ou un cadeau. C'est le choix id\u00e9al pour les mariages, les restaurants ou les cadeaux.<\/p>\n<h2>Ensemble de couverts 36 pi\u00e8ces Attributs :<\/h2>\n<p><strong>Nom de marque :<\/strong> Mcallen<br \/><strong>Mat\u00e9riau :<\/strong> Acier inoxydable<br \/><strong>Couleur :<\/strong> Argent, Gloden<br \/><strong>Conception :<\/strong> 36 PCS avec bo\u00eete en bois<br \/><strong>D\u00e9lai d'ex\u00e9cution de l'\u00e9chantillon :<\/strong> Dans les 3 jours<br \/><strong>OEM\/ODM :<\/strong> Disponible<\/p>\n<h2>Set de couverts 36 pi\u00e8ces personnalis\u00e9 :<\/h2>\n<p><strong>Acier inoxydable :<\/strong>\u00a0Acier inoxydable 18\/10, 304, 316, 410, 430, 420<br \/><strong>Logo :<\/strong>\u00a0Gravure laser, s\u00e9rigraphie, impression UV, impression par transfert thermique, gaufrage, etc.<br \/><strong>Emballage :<\/strong>\u00a04\/8\/12\/16\/20\/24\/45\/48\/72pcs set<br \/><strong>Finitions de surface :<\/strong>\u00a0Poli miroir, mat, poli \u00e0 l'eau, rev\u00eatement titane<br \/><strong>Emballage :<\/strong>\u00a0Vrac, sac opp, bo\u00eete de couleur, bo\u00eete cadeau, sur mesure<\/p>","protected":false},"featured_media":1579,"template":"","meta":[],"product_brand":[],"product_cat":[23,30],"product_tag":[],"class_list":{"0":"post-1577","1":"product","2":"type-product","3":"status-publish","4":"has-post-thumbnail","6":"product_cat-wholesale-flatware","7":"product_cat-custom-cutlery-gift-set","9":"first","10":"instock","11":"shipping-taxable","12":"product-type-simple"},"_links":{"self":[{"href":"https:\/\/www.mcallenflatware.com\/fr\/wp-json\/wp\/v2\/product\/1577","targetHints":{"allow":["GET"]}}],"collection":[{"href":"https:\/\/www.mcallenflatware.com\/fr\/wp-json\/wp\/v2\/product"}],"about":[{"href":"https:\/\/www.mcallenflatware.com\/fr\/wp-json\/wp\/v2\/types\/product"}],"wp:featuredmedia":[{"embeddable":true,"href":"https:\/\/www.mcallenflatware.com\/fr\/wp-json\/wp\/v2\/media\/1579"}],"wp:attachment":[{"href":"https:\/\/www.mcallenflatware.com\/fr\/wp-json\/wp\/v2\/media?parent=1577"}],"wp:term":[{"taxonomy":"product_brand","embeddable":true,"href":"https:\/\/www.mcallenflatware.com\/fr\/wp-json\/wp\/v2\/product_brand?post=1577"},{"taxonomy":"product_cat","embeddable":true,"href":"https:\/\/www.mcallenflatware.com\/fr\/wp-json\/wp\/v2\/product_cat?post=1577"},{"taxonomy":"product_tag","embeddable":true,"href":"https:\/\/www.mcallenflatware.com\/fr\/wp-json\/wp\/v2\/product_tag?post=1577"}],"curies":[{"name":"wp","href":"https:\/\/api.w.org\/{rel}","templated":true}]}}