{"id":1593,"date":"2025-09-24T10:24:26","date_gmt":"2025-09-24T10:24:26","guid":{"rendered":"https:\/\/www.mcallenflatware.com\/?post_type=product&#038;p=1593"},"modified":"2025-09-24T10:47:33","modified_gmt":"2025-09-24T10:47:33","slug":"custom-stainless-flatware-sets","status":"publish","type":"product","link":"https:\/\/www.mcallenflatware.com\/fr\/product\/custom-stainless-flatware-sets\/","title":{"rendered":"Couverts de table en acier inoxydable sur mesure Glod Silver Factory Price"},"content":{"rendered":"<div class=\"wp-block-columns is-layout-flex wp-container-core-columns-is-layout-9d6595d7 wp-block-columns-is-layout-flex\">\n<div class=\"wp-block-column is-layout-flow wp-block-column-is-layout-flow\">\n<h2 class=\"wp-block-heading\">Ensemble de couverts en acier inoxydable Caract\u00e9ristiques :<\/h2>\n\n\n\n<p><strong>Conception unique de la poign\u00e9e oblique :<\/strong> La conception de la poign\u00e9e oblique a non seulement un effet visuel unique, mais offre \u00e9galement une prise en main ergonomique plus confortable.<\/p>\n\n\n\n<p><strong>Poign\u00e9e courb\u00e9e \u00e9l\u00e9gante :<\/strong> Le design incurv\u00e9 du manche conf\u00e8re aux couverts un aspect plus novateur, \u00e9l\u00e9gant et moderne.<\/p>\n\n\n\n<p><strong>Aspect or et argent :<\/strong> Les styles or et argent conviennent parfaitement \u00e0 divers banquets, mariages et restaurants haut de gamme. Ces couleurs peuvent mettre en valeur la noblesse et le raffinement des couverts.<\/p>\n\n\n\n<p><strong>Mat\u00e9riau en acier inoxydable de haute qualit\u00e9 :<\/strong> Fabriqu\u00e9s en acier inoxydable de haute qualit\u00e9, r\u00e9sistants \u00e0 la corrosion et \u00e0 l'oxydation, les ustensiles de table ne rouilleront pas, ne se d\u00e9coloreront pas et ne se d\u00e9formeront pas apr\u00e8s une utilisation prolong\u00e9e.<\/p>\n\n\n\n<p><strong>Protection de l'environnement et de la sant\u00e9 : <\/strong>Fabriqu\u00e9 en acier inoxydable de qualit\u00e9 alimentaire, il est s\u00fbr et inoffensif, conforme aux normes internationales, non toxique et inoffensif pour le corps humain, et convient \u00e0 tous les \u00e2ges.<\/p>\n<\/div>\n\n\n\n<div class=\"wp-block-column is-layout-flow wp-block-column-is-layout-flow\"><div class=\"wp-block-image\">\n<figure class=\"aligncenter size-full is-resized\"><img decoding=\"async\" width=\"800\" height=\"800\" src=\"https:\/\/www.mcallenflatware.com\/wp-content\/uploads\/2024\/12\/stainless-flatware-sets-wholesale-3.webp\" alt=\"Couverts en acier inoxydable en gros\" class=\"wp-image-1518\" style=\"width:352px;height:auto\" srcset=\"https:\/\/www.mcallenflatware.com\/wp-content\/uploads\/2024\/12\/stainless-flatware-sets-wholesale-3.webp 800w, https:\/\/www.mcallenflatware.com\/wp-content\/uploads\/2024\/12\/stainless-flatware-sets-wholesale-3-150x150.webp 150w, https:\/\/www.mcallenflatware.com\/wp-content\/uploads\/2024\/12\/stainless-flatware-sets-wholesale-3-768x768.webp 768w, https:\/\/www.mcallenflatware.com\/wp-content\/uploads\/2024\/12\/stainless-flatware-sets-wholesale-3-12x12.webp 12w, https:\/\/www.mcallenflatware.com\/wp-content\/uploads\/2024\/12\/stainless-flatware-sets-wholesale-3-600x600.webp 600w, https:\/\/www.mcallenflatware.com\/wp-content\/uploads\/2024\/12\/stainless-flatware-sets-wholesale-3-300x300.webp 300w, https:\/\/www.mcallenflatware.com\/wp-content\/uploads\/2024\/12\/stainless-flatware-sets-wholesale-3-100x100.webp 100w\" sizes=\"(max-width: 800px) 100vw, 800px\" \/><\/figure>\n<\/div><\/div>\n<\/div>\n\n\n\n<div class=\"wp-block-columns is-layout-flex wp-container-core-columns-is-layout-9d6595d7 wp-block-columns-is-layout-flex\">\n<div class=\"wp-block-column is-layout-flow wp-block-column-is-layout-flow\">\n<figure class=\"wp-block-image size-full\"><img decoding=\"async\" width=\"1000\" height=\"1000\" src=\"https:\/\/www.mcallenflatware.com\/wp-content\/uploads\/2024\/12\/stainless-flatware-sets-wholesale-8.webp\" alt=\"Couverts en acier inoxydable en gros\" class=\"wp-image-1523\" srcset=\"https:\/\/www.mcallenflatware.com\/wp-content\/uploads\/2024\/12\/stainless-flatware-sets-wholesale-8.webp 1000w, https:\/\/www.mcallenflatware.com\/wp-content\/uploads\/2024\/12\/stainless-flatware-sets-wholesale-8-150x150.webp 150w, https:\/\/www.mcallenflatware.com\/wp-content\/uploads\/2024\/12\/stainless-flatware-sets-wholesale-8-768x768.webp 768w, https:\/\/www.mcallenflatware.com\/wp-content\/uploads\/2024\/12\/stainless-flatware-sets-wholesale-8-12x12.webp 12w, https:\/\/www.mcallenflatware.com\/wp-content\/uploads\/2024\/12\/stainless-flatware-sets-wholesale-8-600x600.webp 600w, https:\/\/www.mcallenflatware.com\/wp-content\/uploads\/2024\/12\/stainless-flatware-sets-wholesale-8-300x300.webp 300w, https:\/\/www.mcallenflatware.com\/wp-content\/uploads\/2024\/12\/stainless-flatware-sets-wholesale-8-100x100.webp 100w\" sizes=\"(max-width: 1000px) 100vw, 1000px\" \/><\/figure>\n<\/div>\n\n\n\n<div class=\"wp-block-column is-layout-flow wp-block-column-is-layout-flow\">\n<figure class=\"wp-block-image size-full\"><img decoding=\"async\" width=\"1000\" height=\"1000\" src=\"https:\/\/www.mcallenflatware.com\/wp-content\/uploads\/2024\/12\/stainless-flatware-sets-wholesale-7.webp\" alt=\"Couverts en acier inoxydable en gros\" class=\"wp-image-1522\" srcset=\"https:\/\/www.mcallenflatware.com\/wp-content\/uploads\/2024\/12\/stainless-flatware-sets-wholesale-7.webp 1000w, https:\/\/www.mcallenflatware.com\/wp-content\/uploads\/2024\/12\/stainless-flatware-sets-wholesale-7-150x150.webp 150w, https:\/\/www.mcallenflatware.com\/wp-content\/uploads\/2024\/12\/stainless-flatware-sets-wholesale-7-768x768.webp 768w, https:\/\/www.mcallenflatware.com\/wp-content\/uploads\/2024\/12\/stainless-flatware-sets-wholesale-7-12x12.webp 12w, https:\/\/www.mcallenflatware.com\/wp-content\/uploads\/2024\/12\/stainless-flatware-sets-wholesale-7-600x600.webp 600w, https:\/\/www.mcallenflatware.com\/wp-content\/uploads\/2024\/12\/stainless-flatware-sets-wholesale-7-300x300.webp 300w, https:\/\/www.mcallenflatware.com\/wp-content\/uploads\/2024\/12\/stainless-flatware-sets-wholesale-7-100x100.webp 100w\" sizes=\"(max-width: 1000px) 100vw, 1000px\" \/><\/figure>\n<\/div>\n\n\n\n<div class=\"wp-block-column is-layout-flow wp-block-column-is-layout-flow\">\n<figure class=\"wp-block-image size-full\"><img decoding=\"async\" width=\"1000\" height=\"1000\" src=\"https:\/\/www.mcallenflatware.com\/wp-content\/uploads\/2024\/12\/stainless-flatware-sets-wholesale-6.webp\" alt=\"Couverts en acier inoxydable en gros\" class=\"wp-image-1521\" srcset=\"https:\/\/www.mcallenflatware.com\/wp-content\/uploads\/2024\/12\/stainless-flatware-sets-wholesale-6.webp 1000w, https:\/\/www.mcallenflatware.com\/wp-content\/uploads\/2024\/12\/stainless-flatware-sets-wholesale-6-150x150.webp 150w, https:\/\/www.mcallenflatware.com\/wp-content\/uploads\/2024\/12\/stainless-flatware-sets-wholesale-6-768x768.webp 768w, https:\/\/www.mcallenflatware.com\/wp-content\/uploads\/2024\/12\/stainless-flatware-sets-wholesale-6-12x12.webp 12w, https:\/\/www.mcallenflatware.com\/wp-content\/uploads\/2024\/12\/stainless-flatware-sets-wholesale-6-600x600.webp 600w, https:\/\/www.mcallenflatware.com\/wp-content\/uploads\/2024\/12\/stainless-flatware-sets-wholesale-6-300x300.webp 300w, https:\/\/www.mcallenflatware.com\/wp-content\/uploads\/2024\/12\/stainless-flatware-sets-wholesale-6-100x100.webp 100w\" sizes=\"(max-width: 1000px) 100vw, 1000px\" \/><\/figure>\n<\/div>\n<\/div>","protected":false},"excerpt":{"rendered":"<p>Couverts en acier inoxydable personnalis\u00e9s avec des poign\u00e9es incurv\u00e9es uniques et un design moderne et \u00e9l\u00e9gant, convenant \u00e0 toutes les occasions. Directement fourni par le meilleur fabricant de couverts en acier inoxydable, fournissant des solutions de vente en gros personnalis\u00e9es et rentables, nous vous invitons \u00e0 nous consulter pour obtenir des \u00e9chantillons gratuits !<\/p>\n<h2 id=\"block-792b966c-c506-49fa-b3c8-9881ee38a4f5\" class=\"block-editor-rich-text__editable block-editor-block-list__block wp-block is-selected wp-block-heading rich-text\" role=\"document\" contenteditable=\"true\" aria-multiline=\"true\" aria-label=\"Bloc : Titre\" data-block=\"792b966c-c506-49fa-b3c8-9881ee38a4f5\" data-type=\"core\/heading\" data-title=\"Heading\" data-wp-block-attribute-key=\"content\">Attributs des ensembles de couverts en acier inoxydable<\/h2>\n<p><strong>Nom de marque :<\/strong> Mcallen<br \/><strong>Mat\u00e9riau :<\/strong> Acier inoxydable<br \/><strong>Couleur :<\/strong>\u00a0 Argent, Glod<br \/><strong>Conception :<\/strong> Miroir poli<br \/><strong>D\u00e9lai d'ex\u00e9cution de l'\u00e9chantillon :<\/strong> Dans les 3 jours<br \/><strong>OEM\/ODM :<\/strong> Disponible<\/p>\n<h2>Couverts en acier inoxydable personnalis\u00e9s :<\/h2>\n<p><strong>Acier inoxydable :<\/strong> Acier inoxydable 18\/10, 304, 316, 410, 430, 420<br \/><strong>Logo :<\/strong> Gravure laser, s\u00e9rigraphie\/impression par transfert UV\/chaleur, gaufrage, etc.<br \/><strong>Emballage :<\/strong> 4\/8\/12\/16\/20\/24\/45\/48\/72pcs set<br \/><strong>Finitions de surface :<\/strong> Poli miroir, mat, poli \u00e0 l'eau, rev\u00eatement titane<br \/><strong>Emballage :<\/strong> Vrac, sac opp, bo\u00eete de couleur, bo\u00eete cadeau, sur mesure<\/p>","protected":false},"featured_media":1520,"template":"","meta":[],"product_brand":[],"product_cat":[23,29],"product_tag":[],"class_list":{"0":"post-1593","1":"product","2":"type-product","3":"status-publish","4":"has-post-thumbnail","6":"product_cat-wholesale-flatware","7":"product_cat-bulk-flatware","9":"first","10":"instock","11":"shipping-taxable","12":"product-type-simple"},"_links":{"self":[{"href":"https:\/\/www.mcallenflatware.com\/fr\/wp-json\/wp\/v2\/product\/1593","targetHints":{"allow":["GET"]}}],"collection":[{"href":"https:\/\/www.mcallenflatware.com\/fr\/wp-json\/wp\/v2\/product"}],"about":[{"href":"https:\/\/www.mcallenflatware.com\/fr\/wp-json\/wp\/v2\/types\/product"}],"wp:featuredmedia":[{"embeddable":true,"href":"https:\/\/www.mcallenflatware.com\/fr\/wp-json\/wp\/v2\/media\/1520"}],"wp:attachment":[{"href":"https:\/\/www.mcallenflatware.com\/fr\/wp-json\/wp\/v2\/media?parent=1593"}],"wp:term":[{"taxonomy":"product_brand","embeddable":true,"href":"https:\/\/www.mcallenflatware.com\/fr\/wp-json\/wp\/v2\/product_brand?post=1593"},{"taxonomy":"product_cat","embeddable":true,"href":"https:\/\/www.mcallenflatware.com\/fr\/wp-json\/wp\/v2\/product_cat?post=1593"},{"taxonomy":"product_tag","embeddable":true,"href":"https:\/\/www.mcallenflatware.com\/fr\/wp-json\/wp\/v2\/product_tag?post=1593"}],"curies":[{"name":"wp","href":"https:\/\/api.w.org\/{rel}","templated":true}]}}