{"id":1596,"date":"2024-12-22T12:45:43","date_gmt":"2024-12-22T12:45:43","guid":{"rendered":"https:\/\/www.mcallenflatware.com\/?post_type=product&#038;p=1596"},"modified":"2024-12-22T13:06:41","modified_gmt":"2024-12-22T13:06:41","slug":"wholesale-butter-knife-with-holes","status":"publish","type":"product","link":"https:\/\/www.mcallenflatware.com\/fr\/product\/wholesale-butter-knife-with-holes\/","title":{"rendered":"Wholesale Butter Knife with Holes Sliver Glod Stainless Steel (couteau \u00e0 beurre avec trous en acier inoxydable)"},"content":{"rendered":"<div class=\"wp-block-columns is-layout-flex wp-container-core-columns-is-layout-9d6595d7 wp-block-columns-is-layout-flex\">\n<div class=\"wp-block-column is-layout-flow wp-block-column-is-layout-flow\">\n<h2 class=\"wp-block-heading\">Couteau \u00e0 beurre avec trous Caract\u00e9ristiques :<\/h2>\n\n\n\n<p><strong>Emp\u00eache le beurre de coller :<\/strong><br>Le couteau \u00e0 beurre \u00e0 trous emp\u00eache le beurre de coller au couteau et laisse moins de r\u00e9sidus sur la lame, ce qui la rend plus propre et plus efficace.<\/p>\n\n\n\n<p><strong>Facile \u00e0 \u00e9taler :<\/strong><br>Les trous sur la lame permettent de r\u00e9duire la friction entre le couteau et le beurre, ce qui facilite l'\u00e9talement du beurre.<\/p>\n\n\n\n<p><strong>Durable et facile \u00e0 nettoyer :<\/strong><br>Le couteau \u00e0 beurre est fabriqu\u00e9 en acier inoxydable de haute qualit\u00e9, qui ne rouille pas et r\u00e9siste \u00e0 la corrosion, m\u00eame en cas de contact fr\u00e9quent avec les acides alimentaires ou l'humidit\u00e9. La surface lisse et polie facilite le nettoyage.<\/p>\n\n\n\n<p><strong>Belle et \u00e9l\u00e9gante :<\/strong><br>Ses lignes minimalistes et \u00e9l\u00e9gantes lui conf\u00e8rent une allure styl\u00e9e et sophistiqu\u00e9e, adapt\u00e9e aux salles \u00e0 manger formelles ou aux occasions sp\u00e9ciales.<\/p>\n\n\n\n<p><strong>Polyvalent :<\/strong><br>Il peut \u00eatre utilis\u00e9 pour \u00e9taler de la margarine, du fromage frais ou d'autres produits \u00e0 tartiner tels que la confiture, ce qui en fait un outil pratique indispensable dans toute cuisine ou salle \u00e0 manger.<\/p>\n<\/div>\n\n\n\n<div class=\"wp-block-column is-layout-flow wp-block-column-is-layout-flow\">\n<figure class=\"wp-block-image size-full\"><img decoding=\"async\" width=\"800\" height=\"800\" src=\"https:\/\/www.mcallenflatware.com\/wp-content\/uploads\/2024\/12\/wholesale-butter-knife-with-holes-1.webp\" alt=\"couteau \u00e0 beurre de gros avec trous\" class=\"wp-image-1597\" srcset=\"https:\/\/www.mcallenflatware.com\/wp-content\/uploads\/2024\/12\/wholesale-butter-knife-with-holes-1.webp 800w, https:\/\/www.mcallenflatware.com\/wp-content\/uploads\/2024\/12\/wholesale-butter-knife-with-holes-1-150x150.webp 150w, https:\/\/www.mcallenflatware.com\/wp-content\/uploads\/2024\/12\/wholesale-butter-knife-with-holes-1-768x768.webp 768w, https:\/\/www.mcallenflatware.com\/wp-content\/uploads\/2024\/12\/wholesale-butter-knife-with-holes-1-12x12.webp 12w, https:\/\/www.mcallenflatware.com\/wp-content\/uploads\/2024\/12\/wholesale-butter-knife-with-holes-1-600x600.webp 600w, https:\/\/www.mcallenflatware.com\/wp-content\/uploads\/2024\/12\/wholesale-butter-knife-with-holes-1-300x300.webp 300w, https:\/\/www.mcallenflatware.com\/wp-content\/uploads\/2024\/12\/wholesale-butter-knife-with-holes-1-100x100.webp 100w\" sizes=\"(max-width: 800px) 100vw, 800px\" \/><\/figure>\n<\/div>\n<\/div>","protected":false},"excerpt":{"rendered":"<p>Couteau \u00e0 beurre avec trous, acier inoxydable, lisse et facile \u00e0 nettoyer, facile \u00e0 \u00e9taler le beurre, la confiture, etc. Nous fournissons des prix d'usine et des solutions d'approvisionnement de haute qualit\u00e9, n'h\u00e9sitez pas \u00e0 nous contacter !<\/p>\n<h2>Couteau \u00e0 beurre avec trous Attributs<\/h2>\n<p><strong>Nom de marque :<\/strong> Mcallen<br \/><strong>Mat\u00e9riau :<\/strong> Acier inoxydable<br \/><strong>Couleur :<\/strong> Or, argent ou personnalis\u00e9<br \/><strong>Polissage :<\/strong> Miroir poli<br \/><strong>D\u00e9lai d'ex\u00e9cution de l'\u00e9chantillon :<\/strong> Dans les 3 jours<br \/><strong>OEM\/ODM :<\/strong> Disponible<\/p>\n<h2>Couteau \u00e0 beurre personnalis\u00e9 :<\/h2>\n<p><strong>Acier inoxydable :<\/strong> Acier inoxydable 18\/10, 304, 316, 410, 430, 420<br \/><strong>Logo :<\/strong> Gravure laser, s\u00e9rigraphie, impression UV, impression par transfert thermique, gaufrage, etc.<br \/><strong>Finitions de surface :<\/strong> Poli miroir, mat.<br \/><strong>Emballage :<\/strong> Vrac, sac opp, bo\u00eete de couleur, bo\u00eete cadeau, sur mesure<\/p>","protected":false},"featured_media":1598,"template":"","meta":[],"product_brand":[],"product_cat":[24,31],"product_tag":[],"class_list":{"0":"post-1596","1":"product","2":"type-product","3":"status-publish","4":"has-post-thumbnail","6":"product_cat-wholesale-kitchen-utensils","7":"product_cat-wholesale-serving-utensils","9":"first","10":"instock","11":"shipping-taxable","12":"product-type-simple"},"_links":{"self":[{"href":"https:\/\/www.mcallenflatware.com\/fr\/wp-json\/wp\/v2\/product\/1596","targetHints":{"allow":["GET"]}}],"collection":[{"href":"https:\/\/www.mcallenflatware.com\/fr\/wp-json\/wp\/v2\/product"}],"about":[{"href":"https:\/\/www.mcallenflatware.com\/fr\/wp-json\/wp\/v2\/types\/product"}],"wp:featuredmedia":[{"embeddable":true,"href":"https:\/\/www.mcallenflatware.com\/fr\/wp-json\/wp\/v2\/media\/1598"}],"wp:attachment":[{"href":"https:\/\/www.mcallenflatware.com\/fr\/wp-json\/wp\/v2\/media?parent=1596"}],"wp:term":[{"taxonomy":"product_brand","embeddable":true,"href":"https:\/\/www.mcallenflatware.com\/fr\/wp-json\/wp\/v2\/product_brand?post=1596"},{"taxonomy":"product_cat","embeddable":true,"href":"https:\/\/www.mcallenflatware.com\/fr\/wp-json\/wp\/v2\/product_cat?post=1596"},{"taxonomy":"product_tag","embeddable":true,"href":"https:\/\/www.mcallenflatware.com\/fr\/wp-json\/wp\/v2\/product_tag?post=1596"}],"curies":[{"name":"wp","href":"https:\/\/api.w.org\/{rel}","templated":true}]}}