{"id":1630,"date":"2025-04-10T03:28:30","date_gmt":"2025-04-10T03:28:30","guid":{"rendered":"https:\/\/www.mcallenflatware.com\/?post_type=product&#038;p=1630"},"modified":"2025-04-10T03:28:32","modified_gmt":"2025-04-10T03:28:32","slug":"wholesale-ice-cream-spoon","status":"publish","type":"product","link":"https:\/\/www.mcallenflatware.com\/fr\/product\/wholesale-ice-cream-spoon\/","title":{"rendered":"Wholesale Ice Cream Spoon, Spade Spoon for Dessert in Bulk (Cuill\u00e8re \u00e0 cr\u00e8me glac\u00e9e, cuill\u00e8re \u00e0 pique pour dessert en vrac)"},"content":{"rendered":"<div class=\"wp-block-columns is-layout-flex wp-container-core-columns-is-layout-9d6595d7 wp-block-columns-is-layout-flex\">\n<div class=\"wp-block-column is-layout-flow wp-block-column-is-layout-flow\">\n<h2 class=\"wp-block-heading\">Cuill\u00e8re \u00e0 glace Caract\u00e9ristiques :<\/h2>\n\n\n\n<p><strong>Acier inoxydable 18\/8 de premi\u00e8re qualit\u00e9 : <\/strong>Fabriqu\u00e9e en acier inoxydable de premi\u00e8re qualit\u00e9, la cuill\u00e8re est plus solide et plus durable.<\/p>\n\n\n\n<p><strong>Design unique en forme de b\u00eache :<\/strong> Cette cuill\u00e8re \u00e0 dessert adopte un design cr\u00e9atif de pelle, ce qui est pratique pour prendre de la cr\u00e8me glac\u00e9e, des fruits et des desserts.<\/p>\n\n\n\n<p><strong>Une vari\u00e9t\u00e9 de couleurs est disponible :<\/strong> Disponible en or, argent, noir et autres couleurs, y compris les options personnalis\u00e9es. Convient \u00e0 diverses occasions telles que les repas \u00e0 la maison, les restaurants et les f\u00eates, et rehausse le plaisir de manger.<\/p>\n\n\n\n<p><strong>Facile \u00e0 nettoyer : <\/strong>La surface lisse est facile \u00e0 nettoyer et passe au lave-vaisselle.<\/p>\n<\/div>\n\n\n\n<div class=\"wp-block-column is-layout-flow wp-block-column-is-layout-flow\"><div class=\"wp-block-image\">\n<figure class=\"aligncenter size-full is-resized\"><img decoding=\"async\" width=\"720\" height=\"700\" src=\"https:\/\/www.mcallenflatware.com\/wp-content\/uploads\/2025\/01\/Wholesale-Reusable-Metal-Shovel-Ice-Cream-Spoon-4.webp\" alt=\"Grossiste-Coupe \u00e0 glace r\u00e9utilisable en m\u00e9tal-Cuill\u00e8re \u00e0 glace-4\" class=\"wp-image-1634\" style=\"width:340px;height:auto\" srcset=\"https:\/\/www.mcallenflatware.com\/wp-content\/uploads\/2025\/01\/Wholesale-Reusable-Metal-Shovel-Ice-Cream-Spoon-4.webp 720w, https:\/\/www.mcallenflatware.com\/wp-content\/uploads\/2025\/01\/Wholesale-Reusable-Metal-Shovel-Ice-Cream-Spoon-4-12x12.webp 12w, https:\/\/www.mcallenflatware.com\/wp-content\/uploads\/2025\/01\/Wholesale-Reusable-Metal-Shovel-Ice-Cream-Spoon-4-600x583.webp 600w\" sizes=\"(max-width: 720px) 100vw, 720px\" \/><\/figure>\n<\/div><\/div>\n<\/div>\n\n\n\n<div class=\"wp-block-columns is-layout-flex wp-container-core-columns-is-layout-9d6595d7 wp-block-columns-is-layout-flex\">\n<div class=\"wp-block-column is-layout-flow wp-block-column-is-layout-flow\"><\/div>\n\n\n\n<div class=\"wp-block-column is-layout-flow wp-block-column-is-layout-flow\"><\/div>\n<\/div>","protected":false},"excerpt":{"rendered":"<p>La forme de la boule est unique et attrayante, et une vari\u00e9t\u00e9 de couleurs est disponible. Fabriqu\u00e9 en acier inoxydable, brillant et durable. Nous supportons la personnalisation et le service Amazon FBA, nous vous invitons \u00e0 demander un \u00e9chantillon gratuit !<\/p>\n<h2 id=\"block-792b966c-c506-49fa-b3c8-9881ee38a4f5\" class=\"block-editor-rich-text__editable block-editor-block-list__block wp-block is-selected wp-block-heading rich-text\" role=\"document\" aria-label=\"Bloc : Titre\" data-block=\"792b966c-c506-49fa-b3c8-9881ee38a4f5\" data-type=\"core\/heading\" data-title=\"Heading\" data-wp-block-attribute-key=\"content\">Cuill\u00e8re \u00e0 glace Attributs :<\/h2>\n<p><strong>Nom de marque :<\/strong> Mcallen<br \/><strong>Mat\u00e9riau :<\/strong> Acier inoxydable<br \/><strong>Couleur :<\/strong>\u00a0 Argent\/Or\/Cuivre\/Noir<br \/><strong>Conception :<\/strong> Miroir poli<br \/><strong>D\u00e9lai d'ex\u00e9cution de l'\u00e9chantillon :<\/strong> Dans les 3 jours<br \/><strong>OEM\/ODM :<\/strong> Disponible<\/p>\n<h2>Cuill\u00e8re \u00e0 glace personnalis\u00e9e :<\/h2>\n<p><strong>Acier inoxydable :<\/strong> Acier inoxydable 18\/10, 304, 316, 410, 430, 420<br \/><strong>Logo :<\/strong> Gravure laser, s\u00e9rigraphie\/impression par transfert UV\/chaleur, gaufrage, etc.<br \/><strong>Emballage :<\/strong> 4\/8\/12\/16\/20\/24\/45\/48\/72pcs set<br \/><strong>Finitions de surface :<\/strong> Poli miroir, mat, poli \u00e0 l'eau, rev\u00eatement titane<br \/><strong>Emballage :<\/strong> Vrac, sac opp, bo\u00eete de couleur, bo\u00eete cadeau, sur mesure<\/p>","protected":false},"featured_media":1631,"template":"","meta":[],"product_brand":[],"product_cat":[23,38],"product_tag":[],"class_list":{"0":"post-1630","1":"product","2":"type-product","3":"status-publish","4":"has-post-thumbnail","6":"product_cat-wholesale-flatware","7":"product_cat-stainless-steel-spoons-wholesale","9":"first","10":"instock","11":"shipping-taxable","12":"product-type-simple"},"_links":{"self":[{"href":"https:\/\/www.mcallenflatware.com\/fr\/wp-json\/wp\/v2\/product\/1630","targetHints":{"allow":["GET"]}}],"collection":[{"href":"https:\/\/www.mcallenflatware.com\/fr\/wp-json\/wp\/v2\/product"}],"about":[{"href":"https:\/\/www.mcallenflatware.com\/fr\/wp-json\/wp\/v2\/types\/product"}],"wp:featuredmedia":[{"embeddable":true,"href":"https:\/\/www.mcallenflatware.com\/fr\/wp-json\/wp\/v2\/media\/1631"}],"wp:attachment":[{"href":"https:\/\/www.mcallenflatware.com\/fr\/wp-json\/wp\/v2\/media?parent=1630"}],"wp:term":[{"taxonomy":"product_brand","embeddable":true,"href":"https:\/\/www.mcallenflatware.com\/fr\/wp-json\/wp\/v2\/product_brand?post=1630"},{"taxonomy":"product_cat","embeddable":true,"href":"https:\/\/www.mcallenflatware.com\/fr\/wp-json\/wp\/v2\/product_cat?post=1630"},{"taxonomy":"product_tag","embeddable":true,"href":"https:\/\/www.mcallenflatware.com\/fr\/wp-json\/wp\/v2\/product_tag?post=1630"}],"curies":[{"name":"wp","href":"https:\/\/api.w.org\/{rel}","templated":true}]}}