{"id":1646,"date":"2025-04-10T03:54:30","date_gmt":"2025-04-10T03:54:30","guid":{"rendered":"https:\/\/www.mcallenflatware.com\/?post_type=product&#038;p=1646"},"modified":"2025-04-10T03:54:32","modified_gmt":"2025-04-10T03:54:32","slug":"wholesale-stainless-steel-soup-spoons","status":"publish","type":"product","link":"https:\/\/www.mcallenflatware.com\/fr\/product\/wholesale-stainless-steel-soup-spoons\/","title":{"rendered":"Wholesale Stainless Steel Soup Spoons, Flatware Supplier"},"content":{"rendered":"<div class=\"wp-block-columns is-layout-flex wp-container-core-columns-is-layout-9d6595d7 wp-block-columns-is-layout-flex\">\n<div class=\"wp-block-column is-layout-flow wp-block-column-is-layout-flow\">\n<h2 class=\"wp-block-heading\">Cuill\u00e8res \u00e0 soupe en acier inoxydable Caract\u00e9ristiques :<\/h2>\n\n\n\n<p><strong>Acier inoxydable de qualit\u00e9 alimentaire :<\/strong> Fabriqu\u00e9 en acier inoxydable 304, la surface lisse et brillante est facile \u00e0 nettoyer, r\u00e9sistante \u00e0 l'usure et \u00e0 l'utilisation \u00e0 long terme comme si elle \u00e9tait neuve.<\/p>\n\n\n\n<p><strong>Polissage fin : <\/strong>Chaque cuill\u00e8re \u00e0 soupe est finement polie, avec des bords lisses et un toucher agr\u00e9able, ce qui am\u00e9liore l'exp\u00e9rience culinaire.<\/p>\n\n\n\n<p><strong>Grande surface de cuill\u00e8re : <\/strong>La surface arrondie de la grande cuill\u00e8re permet de recueillir facilement les soupes liquides et les aliments.<\/p>\n\n\n\n<p><strong>Personnalisation de la couleur et du logo : <\/strong>L'argent et l'or classiques sont disponibles, ainsi que de nombreuses options de personnalisation (logo, couleur, emballage, etc.).<\/p>\n\n\n\n<p><strong>Directement de l'usine, rabais pour personnalisation en vrac<\/strong>: Produit par Mcallen flatware manufacturer, qui propose des prix de gros et les meilleures remises pour les commandes en gros.<\/p>\n<\/div>\n\n\n\n<div class=\"wp-block-column is-layout-flow wp-block-column-is-layout-flow\"><div class=\"wp-block-image\">\n<figure class=\"aligncenter size-full is-resized\"><img decoding=\"async\" width=\"800\" height=\"800\" src=\"https:\/\/www.mcallenflatware.com\/wp-content\/uploads\/2025\/01\/wholesale-stainless-steel-soup-spoons-1.webp\" alt=\"cuill\u00e8res \u00e0 soupe en acier inoxydable en gros\" class=\"wp-image-1660\" style=\"width:352px;height:auto\" srcset=\"https:\/\/www.mcallenflatware.com\/wp-content\/uploads\/2025\/01\/wholesale-stainless-steel-soup-spoons-1.webp 800w, https:\/\/www.mcallenflatware.com\/wp-content\/uploads\/2025\/01\/wholesale-stainless-steel-soup-spoons-1-150x150.webp 150w, https:\/\/www.mcallenflatware.com\/wp-content\/uploads\/2025\/01\/wholesale-stainless-steel-soup-spoons-1-768x768.webp 768w, https:\/\/www.mcallenflatware.com\/wp-content\/uploads\/2025\/01\/wholesale-stainless-steel-soup-spoons-1-12x12.webp 12w, https:\/\/www.mcallenflatware.com\/wp-content\/uploads\/2025\/01\/wholesale-stainless-steel-soup-spoons-1-600x600.webp 600w, https:\/\/www.mcallenflatware.com\/wp-content\/uploads\/2025\/01\/wholesale-stainless-steel-soup-spoons-1-300x300.webp 300w, https:\/\/www.mcallenflatware.com\/wp-content\/uploads\/2025\/01\/wholesale-stainless-steel-soup-spoons-1-100x100.webp 100w\" sizes=\"(max-width: 800px) 100vw, 800px\" \/><\/figure>\n<\/div><\/div>\n<\/div>\n\n\n\n<div class=\"wp-block-columns is-layout-flex wp-container-core-columns-is-layout-9d6595d7 wp-block-columns-is-layout-flex\">\n<div class=\"wp-block-column is-layout-flow wp-block-column-is-layout-flow\"><\/div>\n\n\n\n<div class=\"wp-block-column is-layout-flow wp-block-column-is-layout-flow\"><\/div>\n<\/div>","protected":false},"excerpt":{"rendered":"<p><strong data-start=\"0\" data-end=\"41\">Grossiste cuill\u00e8res \u00e0 soupe en acier inoxydable<\/strong> fabriqu\u00e9s en acier inoxydable durable et de haute qualit\u00e9. Con\u00e7us pour une utilisation durable, ils sont r\u00e9sistants \u00e0 la rouille et faciles \u00e0 nettoyer. Parfaites pour les restaurants et les maisons. Contactez-nous pour des commandes en gros et des solutions personnalis\u00e9es !<\/p>\n<h2>Cuill\u00e8res \u00e0 soupe en acier inoxydable Attributs :<\/h2>\n<p><strong>Nom de marque :<\/strong> Mcallen<br \/><strong>Mat\u00e9riau :<\/strong> Acier inoxydable<br \/><strong>Couleur :<\/strong>\u00a0 Argent, or<br \/><strong>Conception :<\/strong> Poli miroir, ample<br \/><strong>D\u00e9lai d'ex\u00e9cution de l'\u00e9chantillon :<\/strong> Dans les 3 jours<br \/><strong>OEM\/ODM :<\/strong> Disponible<\/p>\n<h2>Cuill\u00e8res \u00e0 soupe en acier inoxydable personnalis\u00e9es :<\/h2>\n<p><strong>Acier inoxydable :<\/strong> Acier inoxydable 18\/10, 304, 316, 410, 430, 420<br \/><strong>Logo :<\/strong> Gravure laser, s\u00e9rigraphie, impression UV, impression par transfert thermique, gaufrage, etc.<br \/><strong>Emballage :<\/strong> 4\/8\/12\/16\/20\/24\/45\/48\/72pcs set<br \/><strong>Finitions de surface :<\/strong> Poli miroir, mat, poli \u00e0 l'eau, rev\u00eatement titane<br \/><strong>Emballage :<\/strong> Vrac, sac opp, bo\u00eete de couleur, bo\u00eete cadeau, sur mesure<\/p>","protected":false},"featured_media":1660,"template":"","meta":[],"product_brand":[],"product_cat":[23,38],"product_tag":[],"class_list":{"0":"post-1646","1":"product","2":"type-product","3":"status-publish","4":"has-post-thumbnail","6":"product_cat-wholesale-flatware","7":"product_cat-stainless-steel-spoons-wholesale","9":"first","10":"instock","11":"shipping-taxable","12":"product-type-simple"},"_links":{"self":[{"href":"https:\/\/www.mcallenflatware.com\/fr\/wp-json\/wp\/v2\/product\/1646","targetHints":{"allow":["GET"]}}],"collection":[{"href":"https:\/\/www.mcallenflatware.com\/fr\/wp-json\/wp\/v2\/product"}],"about":[{"href":"https:\/\/www.mcallenflatware.com\/fr\/wp-json\/wp\/v2\/types\/product"}],"wp:featuredmedia":[{"embeddable":true,"href":"https:\/\/www.mcallenflatware.com\/fr\/wp-json\/wp\/v2\/media\/1660"}],"wp:attachment":[{"href":"https:\/\/www.mcallenflatware.com\/fr\/wp-json\/wp\/v2\/media?parent=1646"}],"wp:term":[{"taxonomy":"product_brand","embeddable":true,"href":"https:\/\/www.mcallenflatware.com\/fr\/wp-json\/wp\/v2\/product_brand?post=1646"},{"taxonomy":"product_cat","embeddable":true,"href":"https:\/\/www.mcallenflatware.com\/fr\/wp-json\/wp\/v2\/product_cat?post=1646"},{"taxonomy":"product_tag","embeddable":true,"href":"https:\/\/www.mcallenflatware.com\/fr\/wp-json\/wp\/v2\/product_tag?post=1646"}],"curies":[{"name":"wp","href":"https:\/\/api.w.org\/{rel}","templated":true}]}}