{"id":1662,"date":"2025-03-26T04:00:48","date_gmt":"2025-03-26T04:00:48","guid":{"rendered":"https:\/\/www.mcallenflatware.com\/?post_type=product&#038;p=1662"},"modified":"2025-03-26T04:00:49","modified_gmt":"2025-03-26T04:00:49","slug":"wholesale-ice-tea-spoon","status":"publish","type":"product","link":"https:\/\/www.mcallenflatware.com\/fr\/product\/wholesale-ice-tea-spoon\/","title":{"rendered":"Wholesale Ice Tea Spoon, Round Spoon Set Bulk (Cuill\u00e8re \u00e0 th\u00e9 glac\u00e9, set de cuill\u00e8res rondes)"},"content":{"rendered":"<div class=\"wp-block-columns is-layout-flex wp-container-core-columns-is-layout-9d6595d7 wp-block-columns-is-layout-flex\">\n<div class=\"wp-block-column is-layout-flow wp-block-column-is-layout-flow\">\n<h2 class=\"wp-block-heading\">Ice Tea Soon Caract\u00e9ristiques :<\/h2>\n\n\n\n<p><strong>Mat\u00e9riau en acier inoxydable de haute qualit\u00e9 : <\/strong>L'acier inoxydable de qualit\u00e9 alimentaire est utilis\u00e9 pour garantir la durabilit\u00e9 et la r\u00e9sistance \u00e0 la corrosion de la cuill\u00e8re.<\/p>\n\n\n\n<p><strong>Design \u00e9l\u00e9gant et arrondi :<\/strong> La petite cuill\u00e8re ronde a une forme lisse et ronde, qui est \u00e9l\u00e9gante et belle, am\u00e9liorant l'exp\u00e9rience culinaire.<\/p>\n\n\n\n<p><strong>Polissage et matage artisanal<\/strong>: La surface polie de la cuill\u00e8re est combin\u00e9e \u00e0 un manche mat, ce qui facilite le nettoyage et augmente le toucher du manche.<\/p>\n\n\n\n<p><strong>Plusieurs options de couleurs :<\/strong> L'or classique, l'argent, le noir moderne et l'or rose sont disponibles.<\/p>\n\n\n\n<p><strong>Divers sc\u00e9narios d'application : <\/strong>Les cuill\u00e8res \u00e0 th\u00e9 glac\u00e9 conviennent aux repas familiaux quotidiens et aux lieux commerciaux tels que les caf\u00e9s, les salons de th\u00e9 et les restaurants.<\/p>\n<\/div>\n\n\n\n<div class=\"wp-block-column is-layout-flow wp-block-column-is-layout-flow\">\n<figure class=\"wp-block-image size-full\"><img decoding=\"async\" width=\"800\" height=\"800\" src=\"https:\/\/www.mcallenflatware.com\/wp-content\/uploads\/2025\/02\/wholesale-ice-tea-spoon-round-spoon-4.webp\" alt=\"cuill\u00e8re \u00e0 th\u00e9 en gros, cuill\u00e8re ronde\" class=\"wp-image-1664\" srcset=\"https:\/\/www.mcallenflatware.com\/wp-content\/uploads\/2025\/02\/wholesale-ice-tea-spoon-round-spoon-4.webp 800w, https:\/\/www.mcallenflatware.com\/wp-content\/uploads\/2025\/02\/wholesale-ice-tea-spoon-round-spoon-4-150x150.webp 150w, https:\/\/www.mcallenflatware.com\/wp-content\/uploads\/2025\/02\/wholesale-ice-tea-spoon-round-spoon-4-768x768.webp 768w, https:\/\/www.mcallenflatware.com\/wp-content\/uploads\/2025\/02\/wholesale-ice-tea-spoon-round-spoon-4-12x12.webp 12w, https:\/\/www.mcallenflatware.com\/wp-content\/uploads\/2025\/02\/wholesale-ice-tea-spoon-round-spoon-4-600x600.webp 600w, https:\/\/www.mcallenflatware.com\/wp-content\/uploads\/2025\/02\/wholesale-ice-tea-spoon-round-spoon-4-300x300.webp 300w, https:\/\/www.mcallenflatware.com\/wp-content\/uploads\/2025\/02\/wholesale-ice-tea-spoon-round-spoon-4-100x100.webp 100w\" sizes=\"(max-width: 800px) 100vw, 800px\" \/><\/figure>\n<\/div>\n<\/div>","protected":false},"excerpt":{"rendered":"<p>Bienvenue sur le site de vente en gros et de personnalisation des cuill\u00e8res \u00e0 th\u00e9 glac\u00e9, en acier inoxydable de premi\u00e8re qualit\u00e9, au design rond et \u00e9l\u00e9gant, parfaites pour le th\u00e9 et les desserts. Profitez de remises en gros et d'options personnalis\u00e9es. Nos prix directs et notre service exceptionnel vous invitent \u00e0 nous contacter d\u00e8s aujourd'hui !<\/p>\n<h2>Cuill\u00e8re \u00e0 th\u00e9 glac\u00e9 Attributs :<\/h2>\n<p><strong>Nom de marque :<\/strong> Mcallen<br \/><strong>Mat\u00e9riau :<\/strong> Acier inoxydable<br \/><strong>Couleur : <\/strong> Or, argent, noir, or rose<br \/><strong>Conception :<\/strong> Miroir poli<br \/><strong>D\u00e9lai d'ex\u00e9cution de l'\u00e9chantillon :<\/strong> Dans les 3 jours<br \/><strong>OEM\/ODM :<\/strong> Disponible<\/p>\n<h2>Cuill\u00e8re \u00e0 th\u00e9 glac\u00e9 personnalis\u00e9e :<\/h2>\n<p><strong>Acier inoxydable :<\/strong> Acier inoxydable 18\/10, 304, 316, 410, 430, 420<br \/><strong>Logo :<\/strong> Gravure laser, s\u00e9rigraphie, impression UV, impression par transfert thermique, gaufrage, etc.<br \/><strong>Emballage :<\/strong> 4\/8\/12\/16\/20\/24\/45\/48\/72pcs set<br \/><strong>Finitions de surface :<\/strong> Poli miroir, mat, poli \u00e0 l'eau, rev\u00eatement titane<br \/><strong>Emballage :<\/strong> Vrac, sac opp, bo\u00eete de couleur, bo\u00eete cadeau, sur mesure<\/p>","protected":false},"featured_media":1666,"template":"","meta":[],"product_brand":[],"product_cat":[23,38],"product_tag":[],"class_list":{"0":"post-1662","1":"product","2":"type-product","3":"status-publish","4":"has-post-thumbnail","6":"product_cat-wholesale-flatware","7":"product_cat-stainless-steel-spoons-wholesale","9":"first","10":"instock","11":"shipping-taxable","12":"product-type-simple"},"_links":{"self":[{"href":"https:\/\/www.mcallenflatware.com\/fr\/wp-json\/wp\/v2\/product\/1662","targetHints":{"allow":["GET"]}}],"collection":[{"href":"https:\/\/www.mcallenflatware.com\/fr\/wp-json\/wp\/v2\/product"}],"about":[{"href":"https:\/\/www.mcallenflatware.com\/fr\/wp-json\/wp\/v2\/types\/product"}],"wp:featuredmedia":[{"embeddable":true,"href":"https:\/\/www.mcallenflatware.com\/fr\/wp-json\/wp\/v2\/media\/1666"}],"wp:attachment":[{"href":"https:\/\/www.mcallenflatware.com\/fr\/wp-json\/wp\/v2\/media?parent=1662"}],"wp:term":[{"taxonomy":"product_brand","embeddable":true,"href":"https:\/\/www.mcallenflatware.com\/fr\/wp-json\/wp\/v2\/product_brand?post=1662"},{"taxonomy":"product_cat","embeddable":true,"href":"https:\/\/www.mcallenflatware.com\/fr\/wp-json\/wp\/v2\/product_cat?post=1662"},{"taxonomy":"product_tag","embeddable":true,"href":"https:\/\/www.mcallenflatware.com\/fr\/wp-json\/wp\/v2\/product_tag?post=1662"}],"curies":[{"name":"wp","href":"https:\/\/api.w.org\/{rel}","templated":true}]}}