{"id":1668,"date":"2025-03-26T04:11:50","date_gmt":"2025-03-26T04:11:50","guid":{"rendered":"https:\/\/www.mcallenflatware.com\/?post_type=product&#038;p=1668"},"modified":"2025-03-26T04:12:15","modified_gmt":"2025-03-26T04:12:15","slug":"wholesale-dessert-spoon","status":"publish","type":"product","link":"https:\/\/www.mcallenflatware.com\/fr\/product\/wholesale-dessert-spoon\/","title":{"rendered":"Cuill\u00e8re \u00e0 dessert en gros, petites cuill\u00e8res \u00e0 ours polaire personnalis\u00e9es"},"content":{"rendered":"<div class=\"wp-block-columns is-layout-flex wp-container-core-columns-is-layout-9d6595d7 wp-block-columns-is-layout-flex\">\n<div class=\"wp-block-column is-layout-flow wp-block-column-is-layout-flow\">\n<h2 class=\"wp-block-heading\">Cuill\u00e8re \u00e0 dessert Caract\u00e9ristiques :<\/h2>\n\n\n\n<p><strong>Design unique de l'ours polaire : <\/strong>Le manche de la cuill\u00e8re adopte une forme cr\u00e9ative d'ours polaire, mignonne et int\u00e9ressante, qui convient \u00e0 toutes sortes de f\u00eates \u00e0 th\u00e8me et de d\u00e9corations de restaurant.<\/p>\n\n\n\n<p><strong>Fabriqu\u00e9 en acier inoxydable : <\/strong>Fabriqu\u00e9 en acier inoxydable 304, s\u00fbr, non toxique et durable.<\/p>\n\n\n\n<p><strong>Finement sculpt\u00e9 et lisse : <\/strong>Le manche de la cuill\u00e8re en forme d'ours polaire est finement sculpt\u00e9, avec des bords lisses et sans bavures, et est confortable \u00e0 utiliser.<\/p>\n\n\n\n<p><strong>Convient pour les desserts : <\/strong>La petite forme convient \u00e0 une utilisation comme cuill\u00e8re \u00e0 dessert, cuill\u00e8re \u00e0 glace, etc.<\/p>\n<\/div>\n\n\n\n<div class=\"wp-block-column is-layout-flow wp-block-column-is-layout-flow\"><div class=\"wp-block-image\">\n<figure class=\"aligncenter size-full\"><img decoding=\"async\" width=\"1200\" height=\"1200\" src=\"https:\/\/www.mcallenflatware.com\/wp-content\/uploads\/2025\/02\/wholesale-Dessert-spoon.webp\" alt=\"Cuill\u00e8re \u00e0 dessert en gros\" class=\"wp-image-1669\" style=\"object-fit:cover\" srcset=\"https:\/\/www.mcallenflatware.com\/wp-content\/uploads\/2025\/02\/wholesale-Dessert-spoon.webp 1200w, https:\/\/www.mcallenflatware.com\/wp-content\/uploads\/2025\/02\/wholesale-Dessert-spoon-150x150.webp 150w, https:\/\/www.mcallenflatware.com\/wp-content\/uploads\/2025\/02\/wholesale-Dessert-spoon-768x768.webp 768w, https:\/\/www.mcallenflatware.com\/wp-content\/uploads\/2025\/02\/wholesale-Dessert-spoon-12x12.webp 12w, https:\/\/www.mcallenflatware.com\/wp-content\/uploads\/2025\/02\/wholesale-Dessert-spoon-600x600.webp 600w, https:\/\/www.mcallenflatware.com\/wp-content\/uploads\/2025\/02\/wholesale-Dessert-spoon-300x300.webp 300w, https:\/\/www.mcallenflatware.com\/wp-content\/uploads\/2025\/02\/wholesale-Dessert-spoon-100x100.webp 100w\" sizes=\"(max-width: 1200px) 100vw, 1200px\" \/><\/figure>\n<\/div><\/div>\n<\/div>\n\n\n\n<div class=\"wp-block-columns is-layout-flex wp-container-core-columns-is-layout-9d6595d7 wp-block-columns-is-layout-flex\">\n<div class=\"wp-block-column is-layout-flow wp-block-column-is-layout-flow\"><\/div>\n\n\n\n<div class=\"wp-block-column is-layout-flow wp-block-column-is-layout-flow\"><\/div>\n<\/div>","protected":false},"excerpt":{"rendered":"<p>Cuill\u00e8re \u00e0 dessert en gros avec manche en forme d'ours polaire, design mignon et unique, fabriqu\u00e9e en acier inoxydable de haute qualit\u00e9, convient pour les desserts \u00e0 base de cr\u00e8me glac\u00e9e. Vente directe \u00e0 l'usine, nous vous invitons \u00e0 personnaliser en vrac pour obtenir le meilleur prix, renseignez-vous d\u00e8s aujourd'hui !<\/p>\n<h2>Cuill\u00e8re \u00e0 dessert Attributs :<\/h2>\n<p><strong>Nom de marque :<\/strong> Mcallen<br \/><strong>Mat\u00e9riau :<\/strong> Acier inoxydable<br \/><strong>Couleur :<\/strong> Or, argent, noir, or rose<br \/><strong>Conception :<\/strong> Poign\u00e9e en forme d'ours polaire<br \/><strong>D\u00e9lai d'ex\u00e9cution de l'\u00e9chantillon :<\/strong> Dans les 3 jours<br \/><strong>OEM\/ODM :<\/strong> Disponible<\/p>\n<h2>Cuill\u00e8re \u00e0 dessert personnalis\u00e9e :<\/h2>\n<p><strong>Acier inoxydable :<\/strong> Acier inoxydable 18\/10, 304, 316, 410, 430, 420<br \/><strong>Logo :<\/strong> Gravure laser, s\u00e9rigraphie, impression UV, impression par transfert thermique, gaufrage, etc.<br \/><strong>Emballage :<\/strong> 4\/8\/12\/16\/20\/24\/45\/48\/72pcs set<br \/><strong>Finitions de surface :<\/strong> Poli miroir, mat, poli \u00e0 l'eau, rev\u00eatement titane<br \/><strong>Emballage :<\/strong> Vrac, sac opp, bo\u00eete de couleur, bo\u00eete cadeau, sur mesure<\/p>","protected":false},"featured_media":1669,"template":"","meta":[],"product_brand":[],"product_cat":[23,38],"product_tag":[],"class_list":{"0":"post-1668","1":"product","2":"type-product","3":"status-publish","4":"has-post-thumbnail","6":"product_cat-wholesale-flatware","7":"product_cat-stainless-steel-spoons-wholesale","9":"first","10":"instock","11":"shipping-taxable","12":"product-type-simple"},"_links":{"self":[{"href":"https:\/\/www.mcallenflatware.com\/fr\/wp-json\/wp\/v2\/product\/1668","targetHints":{"allow":["GET"]}}],"collection":[{"href":"https:\/\/www.mcallenflatware.com\/fr\/wp-json\/wp\/v2\/product"}],"about":[{"href":"https:\/\/www.mcallenflatware.com\/fr\/wp-json\/wp\/v2\/types\/product"}],"wp:featuredmedia":[{"embeddable":true,"href":"https:\/\/www.mcallenflatware.com\/fr\/wp-json\/wp\/v2\/media\/1669"}],"wp:attachment":[{"href":"https:\/\/www.mcallenflatware.com\/fr\/wp-json\/wp\/v2\/media?parent=1668"}],"wp:term":[{"taxonomy":"product_brand","embeddable":true,"href":"https:\/\/www.mcallenflatware.com\/fr\/wp-json\/wp\/v2\/product_brand?post=1668"},{"taxonomy":"product_cat","embeddable":true,"href":"https:\/\/www.mcallenflatware.com\/fr\/wp-json\/wp\/v2\/product_cat?post=1668"},{"taxonomy":"product_tag","embeddable":true,"href":"https:\/\/www.mcallenflatware.com\/fr\/wp-json\/wp\/v2\/product_tag?post=1668"}],"curies":[{"name":"wp","href":"https:\/\/api.w.org\/{rel}","templated":true}]}}