{"id":1674,"date":"2025-03-12T11:42:56","date_gmt":"2025-03-12T11:42:56","guid":{"rendered":"https:\/\/www.mcallenflatware.com\/?post_type=product&#038;p=1674"},"modified":"2025-03-12T11:44:49","modified_gmt":"2025-03-12T11:44:49","slug":"wholesale-feather-spoon","status":"publish","type":"product","link":"https:\/\/www.mcallenflatware.com\/fr\/product\/wholesale-feather-spoon\/","title":{"rendered":"Cuill\u00e8re \u00e0 plumes en gros, cuill\u00e8res en acier inoxydable en vrac"},"content":{"rendered":"<div class=\"wp-block-columns is-layout-flex wp-container-core-columns-is-layout-9d6595d7 wp-block-columns-is-layout-flex\">\n<div class=\"wp-block-column is-layout-flow wp-block-column-is-layout-flow\">\n<h2 class=\"wp-block-heading\">Cuill\u00e8re \u00e0 plumes Caract\u00e9ristiques :<\/h2>\n\n\n\n<p><strong>Conception unique : <\/strong>Le design du manche de la cuill\u00e8re en forme de plume lui conf\u00e8re une beaut\u00e9 artistique et rehausse le style de la salle \u00e0 manger.<\/p>\n\n\n\n<p><strong>Mat\u00e9riaux de haute qualit\u00e9 : <\/strong>Fabriqu\u00e9e en acier inoxydable de haute qualit\u00e9, la cuill\u00e8re est durable et facile \u00e0 nettoyer, et elle reste brillante et neuve pendant longtemps.<\/p>\n\n\n\n<p><strong>Sensation de l\u00e9g\u00e8ret\u00e9 :<\/strong> Le manche de la cuill\u00e8re en forme de plume est non seulement beau, mais aussi l\u00e9ger et agr\u00e9able \u00e0 tenir.<\/p>\n\n\n\n<p><strong>Large application : <\/strong>Des cuill\u00e8res et des fourchettes du m\u00eame motif sont fournies. Elles conviennent \u00e0 la vie familiale quotidienne, au service au restaurant, aux activit\u00e9s festives et \u00e0 d'autres occasions, et ajoutent du plaisir aux repas.<\/p>\n\n\n\n<p><strong>Diverses options de couleurs : <\/strong>Les couleurs propos\u00e9es sont l'or et l'argent classiques, l'or rose \u00e9l\u00e9gant, le noir moderne et l'arc-en-ciel \u00e9lectrod\u00e9pos\u00e9 ; d'autres couleurs personnalis\u00e9es sont les bienvenues.<\/p>\n<\/div>\n\n\n\n<div class=\"wp-block-column is-layout-flow wp-block-column-is-layout-flow\"><div class=\"wp-block-image\">\n<figure class=\"aligncenter size-full\"><img decoding=\"async\" width=\"1000\" height=\"1000\" src=\"https:\/\/www.mcallenflatware.com\/wp-content\/uploads\/2025\/02\/wholesale-Feather-spoon.webp\" alt=\"grossiste Cuill\u00e8re \u00e0 plumes\" class=\"wp-image-1675\" style=\"object-fit:cover\" srcset=\"https:\/\/www.mcallenflatware.com\/wp-content\/uploads\/2025\/02\/wholesale-Feather-spoon.webp 1000w, https:\/\/www.mcallenflatware.com\/wp-content\/uploads\/2025\/02\/wholesale-Feather-spoon-150x150.webp 150w, https:\/\/www.mcallenflatware.com\/wp-content\/uploads\/2025\/02\/wholesale-Feather-spoon-768x768.webp 768w, https:\/\/www.mcallenflatware.com\/wp-content\/uploads\/2025\/02\/wholesale-Feather-spoon-12x12.webp 12w, https:\/\/www.mcallenflatware.com\/wp-content\/uploads\/2025\/02\/wholesale-Feather-spoon-600x600.webp 600w, https:\/\/www.mcallenflatware.com\/wp-content\/uploads\/2025\/02\/wholesale-Feather-spoon-300x300.webp 300w, https:\/\/www.mcallenflatware.com\/wp-content\/uploads\/2025\/02\/wholesale-Feather-spoon-100x100.webp 100w\" sizes=\"(max-width: 1000px) 100vw, 1000px\" \/><\/figure>\n<\/div><\/div>\n<\/div>\n\n\n\n<div class=\"wp-block-columns is-layout-flex wp-container-core-columns-is-layout-9d6595d7 wp-block-columns-is-layout-flex\">\n<div class=\"wp-block-column is-layout-flow wp-block-column-is-layout-flow\"><\/div>\n\n\n\n<div class=\"wp-block-column is-layout-flow wp-block-column-is-layout-flow\"><\/div>\n<\/div>","protected":false},"excerpt":{"rendered":"<p>Bienvenue dans la vente en gros de cuill\u00e8res \u00e0 plumes, offrant une vari\u00e9t\u00e9 d'options de couleurs, \u00e9l\u00e9gantes et int\u00e9ressantes, pouvant \u00eatre utilis\u00e9es pour la cr\u00e8me glac\u00e9e, les desserts, les fruits, etc. Nous offrons la possibilit\u00e9 de personnaliser les cuill\u00e8res et de faire des remises sur les produits en vrac ! N'h\u00e9sitez pas \u00e0 demander des \u00e9chantillons gratuits !<\/p>\n<h2>Cuill\u00e8re \u00e0 plumes Attributs<\/h2>\n<p><strong>Nom de marque :<\/strong> Mcallen<br \/><strong>Mat\u00e9riau :<\/strong> Acier inoxydable<br \/><strong>Couleur :<\/strong> Or, argent, noir, or rose, couleur arc-en-ciel<br \/><strong>Conception :<\/strong> Forme de la plume<br \/><strong>D\u00e9lai d'ex\u00e9cution de l'\u00e9chantillon :<\/strong> Dans les 3 jours<br \/><strong>OEM\/ODM :<\/strong> Disponible<\/p>\n<h2>Cuill\u00e8re \u00e0 plumes personnalis\u00e9e :<\/h2>\n<p><strong>Acier inoxydable :<\/strong> Acier inoxydable 18\/10, 304, 316, 410, 430, 420<br \/><strong>Logo :<\/strong> Gravure laser, s\u00e9rigraphie, impression UV, impression par transfert thermique, gaufrage, etc.<br \/><strong>Emballage :<\/strong> 4\/8\/12\/16\/20\/24\/45\/48\/72pcs set<br \/><strong>Finitions de surface :<\/strong> Poli miroir, mat, poli \u00e0 l'eau, rev\u00eatement titane<br \/><strong>Emballage :<\/strong> Vrac, sac opp, bo\u00eete de couleur, bo\u00eete cadeau, sur mesure<\/p>","protected":false},"featured_media":1675,"template":"","meta":[],"product_brand":[],"product_cat":[23,38],"product_tag":[],"class_list":{"0":"post-1674","1":"product","2":"type-product","3":"status-publish","4":"has-post-thumbnail","6":"product_cat-wholesale-flatware","7":"product_cat-stainless-steel-spoons-wholesale","9":"first","10":"instock","11":"shipping-taxable","12":"product-type-simple"},"_links":{"self":[{"href":"https:\/\/www.mcallenflatware.com\/fr\/wp-json\/wp\/v2\/product\/1674","targetHints":{"allow":["GET"]}}],"collection":[{"href":"https:\/\/www.mcallenflatware.com\/fr\/wp-json\/wp\/v2\/product"}],"about":[{"href":"https:\/\/www.mcallenflatware.com\/fr\/wp-json\/wp\/v2\/types\/product"}],"wp:featuredmedia":[{"embeddable":true,"href":"https:\/\/www.mcallenflatware.com\/fr\/wp-json\/wp\/v2\/media\/1675"}],"wp:attachment":[{"href":"https:\/\/www.mcallenflatware.com\/fr\/wp-json\/wp\/v2\/media?parent=1674"}],"wp:term":[{"taxonomy":"product_brand","embeddable":true,"href":"https:\/\/www.mcallenflatware.com\/fr\/wp-json\/wp\/v2\/product_brand?post=1674"},{"taxonomy":"product_cat","embeddable":true,"href":"https:\/\/www.mcallenflatware.com\/fr\/wp-json\/wp\/v2\/product_cat?post=1674"},{"taxonomy":"product_tag","embeddable":true,"href":"https:\/\/www.mcallenflatware.com\/fr\/wp-json\/wp\/v2\/product_tag?post=1674"}],"curies":[{"name":"wp","href":"https:\/\/api.w.org\/{rel}","templated":true}]}}