{"id":1676,"date":"2025-03-12T11:30:22","date_gmt":"2025-03-12T11:30:22","guid":{"rendered":"https:\/\/www.mcallenflatware.com\/?post_type=product&#038;p=1676"},"modified":"2025-03-12T11:45:37","modified_gmt":"2025-03-12T11:45:37","slug":"wholesale-cat-spoon","status":"publish","type":"product","link":"https:\/\/www.mcallenflatware.com\/fr\/product\/wholesale-cat-spoon\/","title":{"rendered":"Wholesale Cat Spoon, Cute Stainless Steel Fork in Bulk (Cuill\u00e8re \u00e0 chat, mignonne fourchette en acier inoxydable en vrac)"},"content":{"rendered":"<div class=\"wp-block-columns is-layout-flex wp-container-core-columns-is-layout-9d6595d7 wp-block-columns-is-layout-flex\">\n<div class=\"wp-block-column is-layout-flow wp-block-column-is-layout-flow\">\n<h2 class=\"wp-block-heading\">Cuill\u00e8re \u00e0 chat Caract\u00e9ristiques :<\/h2>\n\n\n\n<p><strong>Poign\u00e9e en forme de chat mignon : <\/strong>Le design du manche de la cuill\u00e8re en forme de chat est un gage de chance et ajoute une touche ludique au repas.<\/p>\n\n\n\n<p><strong>Options or et argent :<\/strong> Les couleurs classiques or et argent peuvent \u00eatre assorties \u00e0 n'importe quelle occasion, et des options personnalis\u00e9es sont propos\u00e9es pour r\u00e9pondre aux besoins de votre marque.<\/p>\n\n\n\n<p><strong>Mat\u00e9riau en acier inoxydable : <\/strong>Mat\u00e9riau en acier inoxydable r\u00e9sistant \u00e0 l'usure, surface lisse et brillante, durable et brillante comme \u00e0 l'\u00e9tat neuf.<\/p>\n\n\n\n<p><strong>Sensation de confort :<\/strong> Le design unique du manche de la cuill\u00e8re \"lucky cat\" n'est pas seulement beau, il offre \u00e9galement une prise en main confortable, adapt\u00e9e \u00e0 une utilisation \u00e0 long terme.<\/p>\n\n\n\n<p><strong>Fonction multifonctionnelle : <\/strong>Con\u00e7ue comme une cuill\u00e8re et une fourchette, elle peut \u00eatre utilis\u00e9e de mani\u00e8re flexible pour de nombreux autres usages, tels que les desserts, la cr\u00e8me glac\u00e9e, les fruits, etc.<\/p>\n<\/div>\n\n\n\n<div class=\"wp-block-column is-layout-flow wp-block-column-is-layout-flow\"><div class=\"wp-block-image\">\n<figure class=\"aligncenter size-full\"><img decoding=\"async\" width=\"750\" height=\"750\" src=\"https:\/\/www.mcallenflatware.com\/wp-content\/uploads\/2025\/02\/wholesale-cat-spoon.webp\" alt=\"cuill\u00e8re \u00e0 chat en gros\" class=\"wp-image-1677\" style=\"object-fit:cover\" srcset=\"https:\/\/www.mcallenflatware.com\/wp-content\/uploads\/2025\/02\/wholesale-cat-spoon.webp 750w, https:\/\/www.mcallenflatware.com\/wp-content\/uploads\/2025\/02\/wholesale-cat-spoon-150x150.webp 150w, https:\/\/www.mcallenflatware.com\/wp-content\/uploads\/2025\/02\/wholesale-cat-spoon-12x12.webp 12w, https:\/\/www.mcallenflatware.com\/wp-content\/uploads\/2025\/02\/wholesale-cat-spoon-600x600.webp 600w, https:\/\/www.mcallenflatware.com\/wp-content\/uploads\/2025\/02\/wholesale-cat-spoon-300x300.webp 300w, https:\/\/www.mcallenflatware.com\/wp-content\/uploads\/2025\/02\/wholesale-cat-spoon-100x100.webp 100w\" sizes=\"(max-width: 750px) 100vw, 750px\" \/><\/figure>\n<\/div><\/div>\n<\/div>\n\n\n\n<div class=\"wp-block-columns is-layout-flex wp-container-core-columns-is-layout-9d6595d7 wp-block-columns-is-layout-flex\">\n<div class=\"wp-block-column is-layout-flow wp-block-column-is-layout-flow\"><\/div>\n\n\n\n<div class=\"wp-block-column is-layout-flow wp-block-column-is-layout-flow\"><\/div>\n<\/div>","protected":false},"excerpt":{"rendered":"<p>Cuill\u00e8re \u00e0 chat en gros, design de poign\u00e9e de chat mignon, avec des options de fourchettes assorties, amusant pour attirer les jeunes consommateurs. Profitez des remises en vrac, des prix directs d'usine et de la livraison rapide. Renseignez-vous d\u00e8s maintenant pour apporter de la chance et de l'\u00e9l\u00e9gance \u00e0 vos couverts !<\/p>\n<h2>Cuill\u00e8re \u00e0 chat Attributs<\/h2>\n<p><strong>Nom de marque :<\/strong> Mcallen<br \/><strong>Mat\u00e9riau :<\/strong> Acier inoxydable<br \/><strong>Couleur :<\/strong> Argent, or<br \/><strong>Conception :<\/strong> Cuill\u00e8re Lucky Cat<br \/><strong>D\u00e9lai d'ex\u00e9cution de l'\u00e9chantillon :<\/strong> Dans les 3 jours<br \/><strong>OEM\/ODM :<\/strong> Disponible<\/p>\n<h2>Cuill\u00e8re \u00e0 chat personnalis\u00e9e :<\/h2>\n<p><strong>Acier inoxydable :<\/strong> Acier inoxydable 18\/10, 304, 316, 410, 430, 420<br \/><strong>Logo :<\/strong> Gravure laser, s\u00e9rigraphie, impression UV, impression par transfert thermique, gaufrage, etc.<br \/><strong>Emballage :<\/strong> 4\/8\/12\/16\/20\/24\/45\/48\/72pcs set<br \/><strong>Finitions de surface :<\/strong> Poli miroir, mat, poli \u00e0 l'eau, rev\u00eatement titane<br \/><strong>Emballage :<\/strong> Vrac, sac opp, bo\u00eete de couleur, bo\u00eete cadeau, sur mesure<\/p>","protected":false},"featured_media":1677,"template":"","meta":[],"product_brand":[],"product_cat":[23,38],"product_tag":[],"class_list":{"0":"post-1676","1":"product","2":"type-product","3":"status-publish","4":"has-post-thumbnail","6":"product_cat-wholesale-flatware","7":"product_cat-stainless-steel-spoons-wholesale","9":"first","10":"instock","11":"shipping-taxable","12":"product-type-simple"},"_links":{"self":[{"href":"https:\/\/www.mcallenflatware.com\/fr\/wp-json\/wp\/v2\/product\/1676","targetHints":{"allow":["GET"]}}],"collection":[{"href":"https:\/\/www.mcallenflatware.com\/fr\/wp-json\/wp\/v2\/product"}],"about":[{"href":"https:\/\/www.mcallenflatware.com\/fr\/wp-json\/wp\/v2\/types\/product"}],"wp:featuredmedia":[{"embeddable":true,"href":"https:\/\/www.mcallenflatware.com\/fr\/wp-json\/wp\/v2\/media\/1677"}],"wp:attachment":[{"href":"https:\/\/www.mcallenflatware.com\/fr\/wp-json\/wp\/v2\/media?parent=1676"}],"wp:term":[{"taxonomy":"product_brand","embeddable":true,"href":"https:\/\/www.mcallenflatware.com\/fr\/wp-json\/wp\/v2\/product_brand?post=1676"},{"taxonomy":"product_cat","embeddable":true,"href":"https:\/\/www.mcallenflatware.com\/fr\/wp-json\/wp\/v2\/product_cat?post=1676"},{"taxonomy":"product_tag","embeddable":true,"href":"https:\/\/www.mcallenflatware.com\/fr\/wp-json\/wp\/v2\/product_tag?post=1676"}],"curies":[{"name":"wp","href":"https:\/\/api.w.org\/{rel}","templated":true}]}}