{"id":1678,"date":"2025-03-12T11:19:24","date_gmt":"2025-03-12T11:19:24","guid":{"rendered":"https:\/\/www.mcallenflatware.com\/?post_type=product&#038;p=1678"},"modified":"2025-03-12T11:20:08","modified_gmt":"2025-03-12T11:20:08","slug":"wholesale-coffee-stirring-spoon","status":"publish","type":"product","link":"https:\/\/www.mcallenflatware.com\/fr\/product\/wholesale-coffee-stirring-spoon\/","title":{"rendered":"Wholesale Coffee Stirring Spoon Stainless Steel, Planet Fruit Fork Custom (Cuill\u00e8re \u00e0 remuer le caf\u00e9 en acier inoxydable)"},"content":{"rendered":"<div class=\"wp-block-columns is-layout-flex wp-container-core-columns-is-layout-9d6595d7 wp-block-columns-is-layout-flex\">\n<div class=\"wp-block-column is-layout-flow wp-block-column-is-layout-flow\">\n<h2 class=\"wp-block-heading\">Cuill\u00e8re \u00e0 caf\u00e9 Caract\u00e9ristiques :<\/h2>\n\n\n\n<p><strong>Poign\u00e9e de cuill\u00e8re en forme de b\u00e2ton de plan\u00e8te : <\/strong>Poign\u00e9e cr\u00e9ative en forme de plan\u00e8te, une vari\u00e9t\u00e9 de textures color\u00e9es, une prise en main confortable, int\u00e9ressante et attrayante.<\/p>\n\n\n\n<p><strong>Forme l\u00e9g\u00e8re : <\/strong>bords arrondis, longueur mod\u00e9r\u00e9e, sp\u00e9cialement con\u00e7u pour remuer le caf\u00e9, facile \u00e0 remuer.<\/p>\n\n\n\n<p><strong>Fonctionnel et pratique :<\/strong> avec cuill\u00e8re et fourchette rondes, peut \u00eatre utilis\u00e9 pour le caf\u00e9, le th\u00e9 et d'autres boissons ou desserts \u00e0 base de fruits.<\/p>\n\n\n\n<p><strong>Excellente mati\u00e8re : <\/strong>Acier inoxydable de qualit\u00e9 alimentaire, durable, facile \u00e0 nettoyer, s\u00fbr et hygi\u00e9nique.<\/p>\n<\/div>\n\n\n\n<div class=\"wp-block-column is-layout-flow wp-block-column-is-layout-flow\">\n<figure class=\"wp-block-image size-full is-resized\"><img decoding=\"async\" width=\"800\" height=\"800\" src=\"https:\/\/www.mcallenflatware.com\/wp-content\/uploads\/2025\/02\/wholesale-coffee-stirring-spoon-8.webp\" alt=\"cuill\u00e8re \u00e0 caf\u00e9 en gros\" class=\"wp-image-1682\" style=\"width:341px;height:auto\" srcset=\"https:\/\/www.mcallenflatware.com\/wp-content\/uploads\/2025\/02\/wholesale-coffee-stirring-spoon-8.webp 800w, https:\/\/www.mcallenflatware.com\/wp-content\/uploads\/2025\/02\/wholesale-coffee-stirring-spoon-8-150x150.webp 150w, https:\/\/www.mcallenflatware.com\/wp-content\/uploads\/2025\/02\/wholesale-coffee-stirring-spoon-8-768x768.webp 768w, https:\/\/www.mcallenflatware.com\/wp-content\/uploads\/2025\/02\/wholesale-coffee-stirring-spoon-8-12x12.webp 12w, https:\/\/www.mcallenflatware.com\/wp-content\/uploads\/2025\/02\/wholesale-coffee-stirring-spoon-8-600x600.webp 600w, https:\/\/www.mcallenflatware.com\/wp-content\/uploads\/2025\/02\/wholesale-coffee-stirring-spoon-8-300x300.webp 300w, https:\/\/www.mcallenflatware.com\/wp-content\/uploads\/2025\/02\/wholesale-coffee-stirring-spoon-8-100x100.webp 100w\" sizes=\"(max-width: 800px) 100vw, 800px\" \/><\/figure>\n<\/div>\n<\/div>\n\n\n\n<div class=\"wp-block-columns is-layout-flex wp-container-core-columns-is-layout-9d6595d7 wp-block-columns-is-layout-flex\">\n<div class=\"wp-block-column is-layout-flow wp-block-column-is-layout-flow\"><\/div>\n\n\n\n<div class=\"wp-block-column is-layout-flow wp-block-column-is-layout-flow\"><\/div>\n<\/div>","protected":false},"excerpt":{"rendered":"<p>Bienvenue sur notre site de vente en gros de cuill\u00e8res \u00e0 caf\u00e9 et de fourchettes \u00e0 fruits, avec un manche en forme de plan\u00e8te, \u00e9l\u00e9gantes et attrayantes, fabriqu\u00e9es en acier inoxydable 304 de haute qualit\u00e9, parfaites pour les caf\u00e9s et les restaurants. Nous offrons des services personnalis\u00e9s et des livraisons internationales \u00e0 des prix comp\u00e9titifs. Contactez-nous d\u00e8s maintenant pour un \u00e9chantillon gratuit !<\/p>\n<h2>Cuill\u00e8re \u00e0 caf\u00e9 Attributs<\/h2>\n<p><strong>Nom de marque :<\/strong> Mcallen<br \/><strong>Mat\u00e9riau :<\/strong> Acier inoxydable<br \/><strong>Couleur :<\/strong> Multicolore<br \/><strong>Conception :<\/strong> Conception du b\u00e2ton de la plan\u00e8te<br \/><strong>D\u00e9lai d'ex\u00e9cution de l'\u00e9chantillon :<\/strong> Dans les 3 jours<br \/><strong>OEM\/ODM :<\/strong> Disponible<\/p>\n<h2>Cuill\u00e8re \u00e0 caf\u00e9 personnalis\u00e9e :<\/h2>\n<p><strong>Acier inoxydable :<\/strong> Acier inoxydable 18\/10, 304, 316, 410, 430, 420<br \/><strong>Logo :<\/strong> Gravure laser, s\u00e9rigraphie, impression UV, impression par transfert thermique, gaufrage, etc.<br \/><strong>Emballage :<\/strong> 4\/8\/12\/16\/20\/24\/45\/48\/72pcs set<br \/><strong>Finitions de surface :<\/strong> Poli miroir, mat, poli \u00e0 l'eau, rev\u00eatement titane<br \/><strong>Emballage :<\/strong> Vrac, sac opp, bo\u00eete de couleur, bo\u00eete cadeau, sur mesure<\/p>","protected":false},"featured_media":1685,"template":"","meta":[],"product_brand":[],"product_cat":[23,38],"product_tag":[],"class_list":{"0":"post-1678","1":"product","2":"type-product","3":"status-publish","4":"has-post-thumbnail","6":"product_cat-wholesale-flatware","7":"product_cat-stainless-steel-spoons-wholesale","9":"first","10":"instock","11":"shipping-taxable","12":"product-type-simple"},"_links":{"self":[{"href":"https:\/\/www.mcallenflatware.com\/fr\/wp-json\/wp\/v2\/product\/1678","targetHints":{"allow":["GET"]}}],"collection":[{"href":"https:\/\/www.mcallenflatware.com\/fr\/wp-json\/wp\/v2\/product"}],"about":[{"href":"https:\/\/www.mcallenflatware.com\/fr\/wp-json\/wp\/v2\/types\/product"}],"wp:featuredmedia":[{"embeddable":true,"href":"https:\/\/www.mcallenflatware.com\/fr\/wp-json\/wp\/v2\/media\/1685"}],"wp:attachment":[{"href":"https:\/\/www.mcallenflatware.com\/fr\/wp-json\/wp\/v2\/media?parent=1678"}],"wp:term":[{"taxonomy":"product_brand","embeddable":true,"href":"https:\/\/www.mcallenflatware.com\/fr\/wp-json\/wp\/v2\/product_brand?post=1678"},{"taxonomy":"product_cat","embeddable":true,"href":"https:\/\/www.mcallenflatware.com\/fr\/wp-json\/wp\/v2\/product_cat?post=1678"},{"taxonomy":"product_tag","embeddable":true,"href":"https:\/\/www.mcallenflatware.com\/fr\/wp-json\/wp\/v2\/product_tag?post=1678"}],"curies":[{"name":"wp","href":"https:\/\/api.w.org\/{rel}","templated":true}]}}