{"id":1757,"date":"2025-03-14T06:50:33","date_gmt":"2025-03-14T06:50:33","guid":{"rendered":"https:\/\/www.mcallenflatware.com\/?post_type=product&#038;p=1757"},"modified":"2025-03-15T02:43:45","modified_gmt":"2025-03-15T02:43:45","slug":"wholesale-childrens-cutlery","status":"publish","type":"product","link":"https:\/\/www.mcallenflatware.com\/fr\/product\/wholesale-childrens-cutlery\/","title":{"rendered":"Couverts pour enfants en gros, couverts portables avec poign\u00e9e en silicone en vrac"},"content":{"rendered":"<h2 class=\"wp-block-heading\">Couverts pour enfants Caract\u00e9ristiques :<\/h2>\n\n\n\n<div class=\"wp-block-columns is-layout-flex wp-container-core-columns-is-layout-9d6595d7 wp-block-columns-is-layout-flex\">\n<div class=\"wp-block-column is-layout-flow wp-block-column-is-layout-flow\" style=\"flex-basis:66.66%\">\n<p><strong>Mat\u00e9riau s\u00fbr :<\/strong> Fabriqu\u00e9 en acier inoxydable 304, il est r\u00e9sistant \u00e0 l'usure et peut \u00eatre utilis\u00e9 pendant longtemps. La poign\u00e9e est en silicone de qualit\u00e9 alimentaire, s\u00fbre et non toxique.<\/p>\n\n\n\n<p><strong>Conception ergonomique : <\/strong>La taille et la forme sont sp\u00e9cialement con\u00e7ues pour les enfants, et la poign\u00e9e en caoutchouc est antid\u00e9rapante, ce qui facilite la prise en main par les enfants et aide le b\u00e9b\u00e9 \u00e0 mieux se contr\u00f4ler.<\/p>\n\n\n\n<p><strong>Bord arrondi :<\/strong> Le bord arrondi est poli pour \u00e9viter de griffer le b\u00e9b\u00e9.<\/p>\n\n\n\n<p><strong>Apparence mignonne : <\/strong>Une vari\u00e9t\u00e9 de couleurs est disponible (orange vif, vert, rose, etc.) pour augmenter l'int\u00e9r\u00eat des repas.<\/p>\n\n\n\n<p><strong>Facile \u00e0 nettoyer : <\/strong>La partie en acier inoxydable brillant est lisse et ne se tache pas facilement, et peut \u00eatre lav\u00e9e au lave-vaisselle.<\/p>\n\n\n\n<p><strong>Avec bo\u00eete portable en PVC : <\/strong>Couverts pour enfants avec une bo\u00eete en PVC transparent et une combinaison de couteau, fourchette et cuill\u00e8re, adapt\u00e9s au camping en plein air.<\/p>\n<\/div>\n\n\n\n<div class=\"wp-block-column is-layout-flow wp-block-column-is-layout-flow\" style=\"flex-basis:33.33%\">\n<figure class=\"wp-block-image size-full\"><img decoding=\"async\" src=\"https:\/\/www.mcallenflatware.com\/wp-content\/uploads\/2025\/03\/wholesale-childrens-cutlery-3.webp\" alt=\"Couverts pour enfants en gros\" class=\"wp-image-1780\"\/><\/figure>\n<\/div>\n<\/div>","protected":false},"excerpt":{"rendered":"<p>Les couverts pour enfants sont fabriqu\u00e9s dans un mat\u00e9riau de qualit\u00e9 alimentaire et dot\u00e9s d'un manche en silicone souple. Avec des bords ronds et des options color\u00e9es, ils attirent l'attention de l'enfant et renforcent son int\u00e9r\u00eat pour les repas. Il s'agit de la vaisselle pour enfants la plus vendue. N'h\u00e9sitez pas \u00e0 nous contacter pour des commandes en gros.<\/p>\n<h2>Attributs des couverts pour enfants<\/h2>\n<p><strong>Nom de marque :<\/strong> Mcallen<br \/><strong>Mat\u00e9riau :<\/strong> Acier inoxydable<br \/><strong>Couleur : <\/strong> Orange, vert, rose<br \/><strong>Polissage :<\/strong> Miroir poli<br \/><strong>Conception<\/strong><strong>:<\/strong> avec poign\u00e9e en silicone<br \/><strong>D\u00e9lai d'ex\u00e9cution de l'\u00e9chantillon :<\/strong> Dans les 3 jours<br \/><strong>OEM\/ODM :<\/strong> Disponible<\/p>\n<h2>Couverts pour enfants personnalis\u00e9s :<\/h2>\n<p><strong>Acier inoxydable :<\/strong> Acier inoxydable 18\/10, 304, 316, 410, 430, 420<br \/><strong>Logo :<\/strong> Gravure laser, s\u00e9rigraphie, impression UV, impression par transfert thermique, gaufrage, etc.<br \/><strong>Emballage :<\/strong> 4\/8\/12\/16\/20\/24\/45\/48\/72pcs set<br \/><strong>Finitions de surface :<\/strong> Poli miroir, mat, poli \u00e0 l'eau, rev\u00eatement titane<br \/><strong>Emballage :<\/strong> Vrac, sac opp, bo\u00eete de couleur, bo\u00eete cadeau, sur mesure<\/p>","protected":false},"featured_media":1788,"template":"","meta":[],"product_brand":[],"product_cat":[28,23],"product_tag":[],"class_list":{"0":"post-1757","1":"product","2":"type-product","3":"status-publish","4":"has-post-thumbnail","6":"product_cat-childrens-cutlery-set-wholesale","7":"product_cat-wholesale-flatware","9":"first","10":"instock","11":"shipping-taxable","12":"product-type-simple"},"_links":{"self":[{"href":"https:\/\/www.mcallenflatware.com\/fr\/wp-json\/wp\/v2\/product\/1757","targetHints":{"allow":["GET"]}}],"collection":[{"href":"https:\/\/www.mcallenflatware.com\/fr\/wp-json\/wp\/v2\/product"}],"about":[{"href":"https:\/\/www.mcallenflatware.com\/fr\/wp-json\/wp\/v2\/types\/product"}],"wp:featuredmedia":[{"embeddable":true,"href":"https:\/\/www.mcallenflatware.com\/fr\/wp-json\/wp\/v2\/media\/1788"}],"wp:attachment":[{"href":"https:\/\/www.mcallenflatware.com\/fr\/wp-json\/wp\/v2\/media?parent=1757"}],"wp:term":[{"taxonomy":"product_brand","embeddable":true,"href":"https:\/\/www.mcallenflatware.com\/fr\/wp-json\/wp\/v2\/product_brand?post=1757"},{"taxonomy":"product_cat","embeddable":true,"href":"https:\/\/www.mcallenflatware.com\/fr\/wp-json\/wp\/v2\/product_cat?post=1757"},{"taxonomy":"product_tag","embeddable":true,"href":"https:\/\/www.mcallenflatware.com\/fr\/wp-json\/wp\/v2\/product_tag?post=1757"}],"curies":[{"name":"wp","href":"https:\/\/api.w.org\/{rel}","templated":true}]}}