{"id":1763,"date":"2025-03-14T08:29:35","date_gmt":"2025-03-14T08:29:35","guid":{"rendered":"https:\/\/www.mcallenflatware.com\/?post_type=product&#038;p=1763"},"modified":"2025-03-14T12:06:12","modified_gmt":"2025-03-14T12:06:12","slug":"wholesale-kids-cutlery-2","status":"publish","type":"product","link":"https:\/\/www.mcallenflatware.com\/fr\/product\/wholesale-kids-cutlery-2\/","title":{"rendered":"Couverts pour enfants avec manche en silicone, couteaux, fourchettes et cuill\u00e8res en vrac"},"content":{"rendered":"<h2 class=\"wp-block-heading\">Couverts pour enfants Caract\u00e9ristiques :<\/h2>\n\n\n\n<div class=\"wp-block-columns is-layout-flex wp-container-core-columns-is-layout-9d6595d7 wp-block-columns-is-layout-flex\">\n<div class=\"wp-block-column is-layout-flow wp-block-column-is-layout-flow\" style=\"flex-basis:66.66%\">\n<p><strong>Acier inoxydable de haute qualit\u00e9<\/strong>: Fabriqu\u00e9 en acier inoxydable 316 de qualit\u00e9 alimentaire, souvent utilis\u00e9 dans les ustensiles de cuisine haut de gamme, s\u00fbr et sain pour les enfants.<\/p>\n\n\n\n<p><strong>Poign\u00e9e en silicone<\/strong>: La poign\u00e9e est en silicone souple de qualit\u00e9 alimentaire, confortable, antid\u00e9rapante et facile \u00e0 tenir, l\u00e9g\u00e8re et facile \u00e0 utiliser.<\/p>\n\n\n\n<p><strong>Design \u00e0 bord arrondi<\/strong>: Les bords des couverts pour enfants sont lisses et arrondis pour \u00e9viter les rayures sur les bouches et les mains d\u00e9licates des enfants.<\/p>\n\n\n\n<p><strong>Facile \u00e0 nettoyer :<\/strong> Le chevreau est r\u00e9sistant aux temp\u00e9ratures \u00e9lev\u00e9es et \u00e0 la corrosion, et peut \u00eatre mis directement au lave-vaisselle. La poign\u00e9e en silicone ne favorise pas la prolif\u00e9ration des bact\u00e9ries.<\/p>\n\n\n\n<p><strong>Des couleurs riches :<\/strong> La poign\u00e9e en silicone offre une vari\u00e9t\u00e9 de services de personnalisation de couleurs vives, prend en charge diff\u00e9rentes couleurs pour r\u00e9pondre aux divers besoins.<\/p>\n\n\n\n<p><strong>Portable et pratique :<\/strong> Le poids d'une seule pi\u00e8ce de vaisselle est \u226450g, ce qui correspond \u00e0 la plage de portance des poignets des enfants. L'ensemble de couverts pour enfants est petit et portable.<\/p>\n<\/div>\n\n\n\n<div class=\"wp-block-column is-layout-flow wp-block-column-is-layout-flow\" style=\"flex-basis:33.33%\"><div class=\"wp-block-image\">\n<figure class=\"aligncenter size-full\"><img decoding=\"async\" width=\"1200\" height=\"1657\" src=\"https:\/\/www.mcallenflatware.com\/wp-content\/uploads\/2025\/03\/wholesale-kids-cutlery-316-stainless-steel.webp\" alt=\"couverts pour enfants\" class=\"wp-image-1766\" style=\"object-fit:cover\" srcset=\"https:\/\/www.mcallenflatware.com\/wp-content\/uploads\/2025\/03\/wholesale-kids-cutlery-316-stainless-steel.webp 1200w, https:\/\/www.mcallenflatware.com\/wp-content\/uploads\/2025\/03\/wholesale-kids-cutlery-316-stainless-steel-768x1060.webp 768w, https:\/\/www.mcallenflatware.com\/wp-content\/uploads\/2025\/03\/wholesale-kids-cutlery-316-stainless-steel-9x12.webp 9w, https:\/\/www.mcallenflatware.com\/wp-content\/uploads\/2025\/03\/wholesale-kids-cutlery-316-stainless-steel-600x829.webp 600w\" sizes=\"(max-width: 1200px) 100vw, 1200px\" \/><\/figure>\n<\/div><\/div>\n<\/div>","protected":false},"excerpt":{"rendered":"<p>Bienvenue dans la personnalisation et la vente en gros de couverts pour enfants. Le manche en silicone est s\u00fbr et doux pour les enfants, avec des couleurs mignonnes et un design pratique. C'est un choix id\u00e9al pour le march\u00e9 des couverts pour enfants ! Prix d'usine, soutien aux ventes en Amazonie, n'h\u00e9sitez pas \u00e0 nous contacter pour une demande de renseignements gratuite !<\/p>\n<h2>Attributs des couverts pour enfants<\/h2>\n<p><strong>Nom de marque :<\/strong> Mcallen<br \/><strong>Mat\u00e9riau :<\/strong> Acier inoxydable<br \/><strong>Couleur : <\/strong> Orange, vert<br \/><strong>Polissage :<\/strong> Miroir poli<br \/><strong>Conception<\/strong><strong>:<\/strong> avec poign\u00e9e en silicone<br \/><strong>D\u00e9lai d'ex\u00e9cution de l'\u00e9chantillon :<\/strong> Dans les 3 jours<br \/><strong>OEM\/ODM :<\/strong> Disponible<\/p>\n<h2>Couverts pour enfants personnalis\u00e9s :<\/h2>\n<p><strong>Acier inoxydable :<\/strong> Acier inoxydable 18\/10, 304, 316, 410, 430, 420<br \/><strong>Logo :<\/strong> Gravure laser, s\u00e9rigraphie, impression UV, impression par transfert thermique, gaufrage, etc.<br \/><strong>Emballage :<\/strong> 4\/8\/12\/16\/20\/24\/45\/48\/72pcs set<br \/><strong>Finitions de surface :<\/strong> Poli miroir, mat, poli \u00e0 l'eau, rev\u00eatement titane<br \/><strong>Emballage :<\/strong> Vrac, sac opp, bo\u00eete de couleur, bo\u00eete cadeau, sur mesure<\/p>","protected":false},"featured_media":1765,"template":"","meta":[],"product_brand":[],"product_cat":[23,28],"product_tag":[],"class_list":{"0":"post-1763","1":"product","2":"type-product","3":"status-publish","4":"has-post-thumbnail","6":"product_cat-wholesale-flatware","7":"product_cat-childrens-cutlery-set-wholesale","9":"first","10":"instock","11":"shipping-taxable","12":"product-type-simple"},"_links":{"self":[{"href":"https:\/\/www.mcallenflatware.com\/fr\/wp-json\/wp\/v2\/product\/1763","targetHints":{"allow":["GET"]}}],"collection":[{"href":"https:\/\/www.mcallenflatware.com\/fr\/wp-json\/wp\/v2\/product"}],"about":[{"href":"https:\/\/www.mcallenflatware.com\/fr\/wp-json\/wp\/v2\/types\/product"}],"wp:featuredmedia":[{"embeddable":true,"href":"https:\/\/www.mcallenflatware.com\/fr\/wp-json\/wp\/v2\/media\/1765"}],"wp:attachment":[{"href":"https:\/\/www.mcallenflatware.com\/fr\/wp-json\/wp\/v2\/media?parent=1763"}],"wp:term":[{"taxonomy":"product_brand","embeddable":true,"href":"https:\/\/www.mcallenflatware.com\/fr\/wp-json\/wp\/v2\/product_brand?post=1763"},{"taxonomy":"product_cat","embeddable":true,"href":"https:\/\/www.mcallenflatware.com\/fr\/wp-json\/wp\/v2\/product_cat?post=1763"},{"taxonomy":"product_tag","embeddable":true,"href":"https:\/\/www.mcallenflatware.com\/fr\/wp-json\/wp\/v2\/product_tag?post=1763"}],"curies":[{"name":"wp","href":"https:\/\/api.w.org\/{rel}","templated":true}]}}