{"id":1797,"date":"2025-03-20T01:33:53","date_gmt":"2025-03-20T01:33:53","guid":{"rendered":"https:\/\/www.mcallenflatware.com\/?post_type=product&#038;p=1797"},"modified":"2025-03-26T08:30:51","modified_gmt":"2025-03-26T08:30:51","slug":"custom-square-handle-flatware","status":"publish","type":"product","link":"https:\/\/www.mcallenflatware.com\/fr\/product\/custom-square-handle-flatware\/","title":{"rendered":"Couverts \u00e0 manche carr\u00e9 personnalis\u00e9s, Couverts en or en vrac"},"content":{"rendered":"<div class=\"wp-block-columns is-layout-flex wp-container-core-columns-is-layout-9d6595d7 wp-block-columns-is-layout-flex\">\n<div class=\"wp-block-column is-layout-flow wp-block-column-is-layout-flow\">\n<h2 class=\"wp-block-heading\">Couverts \u00e0 manche carr\u00e9 Caract\u00e9ristiques :<\/h2>\n\n\n\n<p><strong>Mat\u00e9riau de haute qualit\u00e9 :<\/strong> Fabriqu\u00e9 en acier inoxydable de qualit\u00e9 alimentaire, antirouille et r\u00e9sistant \u00e0 la corrosion, durable.<\/p>\n\n\n\n<p><strong>Plaquage or de luxe :<\/strong> Gr\u00e2ce \u00e0 la technologie de placage sous vide, la couleur est uniforme et durable, r\u00e9sistante aux rayures et \u00e0 l'usure.<\/p>\n\n\n\n<p><strong>Poign\u00e9e carr\u00e9e : <\/strong>Poign\u00e9e carr\u00e9e, simple et \u00e9l\u00e9gante, confortable \u00e0 tenir.<\/p>\n\n\n\n<p><strong>Polissage du miroir : <\/strong>La surface est lisse et brillante, facile \u00e0 nettoyer et pr\u00e9sente une texture haut de gamme.<\/p>\n\n\n\n<p><strong>Diverses options de couleurs : <\/strong>Les produits propos\u00e9s sont les classiques or et argent, le noir\uff0cl'or rose \u00e9l\u00e9gant, ainsi que diverses couleurs, et des couleurs plus personnalis\u00e9es sont les bienvenues.<\/p>\n<\/div>\n\n\n\n<div class=\"wp-block-column is-layout-flow wp-block-column-is-layout-flow\"><div class=\"wp-block-image\">\n<figure class=\"aligncenter size-full\"><img decoding=\"async\" width=\"800\" height=\"800\" src=\"https:\/\/www.mcallenflatware.com\/wp-content\/uploads\/2025\/03\/Square-handle-flatware-bulk-2.webp\" alt=\"Couverts \u00e0 manche carr\u00e9 en vrac (2)\" class=\"wp-image-1800\" style=\"aspect-ratio:1;object-fit:cover\" srcset=\"https:\/\/www.mcallenflatware.com\/wp-content\/uploads\/2025\/03\/Square-handle-flatware-bulk-2.webp 800w, https:\/\/www.mcallenflatware.com\/wp-content\/uploads\/2025\/03\/Square-handle-flatware-bulk-2-150x150.webp 150w, https:\/\/www.mcallenflatware.com\/wp-content\/uploads\/2025\/03\/Square-handle-flatware-bulk-2-768x768.webp 768w, https:\/\/www.mcallenflatware.com\/wp-content\/uploads\/2025\/03\/Square-handle-flatware-bulk-2-12x12.webp 12w, https:\/\/www.mcallenflatware.com\/wp-content\/uploads\/2025\/03\/Square-handle-flatware-bulk-2-600x600.webp 600w, https:\/\/www.mcallenflatware.com\/wp-content\/uploads\/2025\/03\/Square-handle-flatware-bulk-2-300x300.webp 300w, https:\/\/www.mcallenflatware.com\/wp-content\/uploads\/2025\/03\/Square-handle-flatware-bulk-2-100x100.webp 100w\" sizes=\"(max-width: 800px) 100vw, 800px\" \/><\/figure>\n<\/div><\/div>\n<\/div>","protected":false},"excerpt":{"rendered":"<p>Nous vous invitons \u00e0 personnaliser et \u00e0 vendre en gros des couverts \u00e0 manche carr\u00e9, fabriqu\u00e9s en acier inoxydable de haute qualit\u00e9, avec des couleurs vari\u00e9es et un aspect mat moderne. Ventes directes \u00e0 l'usine, support OEM&amp;ODM ! N'h\u00e9sitez pas \u00e0 nous contacter d\u00e8s aujourd'hui pour obtenir la meilleure solution !<\/p>\n<h2>Couverts \u00e0 manche carr\u00e9 Attributs :<\/h2>\n<p><strong>Nom de marque :<\/strong> Mcallen<br \/><strong>Mat\u00e9riau :<\/strong> Acier inoxydable<br \/><strong>Couleur :<\/strong> Or, argent, noir, or rose, couleur arc-en-ciel<br \/><strong>Conception :<\/strong> Poign\u00e9e carr\u00e9e<br \/><strong>D\u00e9lai d'ex\u00e9cution de l'\u00e9chantillon :<\/strong> Dans les 3 jours<br \/><strong>OEM\/ODM :<\/strong> Disponible<\/p>\n<h2>Couverts \u00e0 manche carr\u00e9 personnalis\u00e9s<\/h2>\n<p><strong>Acier inoxydable :<\/strong> Acier inoxydable 18\/10, 304, 316, 410, 430, 420<br \/><strong>Logo :<\/strong> Gravure laser, s\u00e9rigraphie, impression UV, impression par transfert thermique, gaufrage, etc.<br \/><strong>Emballage :<\/strong> 4\/8\/12\/16\/20\/24\/45\/48\/72pcs set<br \/><strong>Finitions de surface :<\/strong> Poli miroir, mat, poli \u00e0 l'eau, rev\u00eatement titane<br \/><strong>Emballage :<\/strong> Vrac, sac opp, bo\u00eete de couleur, bo\u00eete cadeau, sur mesure<\/p>","protected":false},"featured_media":1800,"template":"","meta":[],"product_brand":[],"product_cat":[23,29],"product_tag":[],"class_list":{"0":"post-1797","1":"product","2":"type-product","3":"status-publish","4":"has-post-thumbnail","6":"product_cat-wholesale-flatware","7":"product_cat-bulk-flatware","9":"first","10":"instock","11":"shipping-taxable","12":"product-type-simple"},"_links":{"self":[{"href":"https:\/\/www.mcallenflatware.com\/fr\/wp-json\/wp\/v2\/product\/1797","targetHints":{"allow":["GET"]}}],"collection":[{"href":"https:\/\/www.mcallenflatware.com\/fr\/wp-json\/wp\/v2\/product"}],"about":[{"href":"https:\/\/www.mcallenflatware.com\/fr\/wp-json\/wp\/v2\/types\/product"}],"wp:featuredmedia":[{"embeddable":true,"href":"https:\/\/www.mcallenflatware.com\/fr\/wp-json\/wp\/v2\/media\/1800"}],"wp:attachment":[{"href":"https:\/\/www.mcallenflatware.com\/fr\/wp-json\/wp\/v2\/media?parent=1797"}],"wp:term":[{"taxonomy":"product_brand","embeddable":true,"href":"https:\/\/www.mcallenflatware.com\/fr\/wp-json\/wp\/v2\/product_brand?post=1797"},{"taxonomy":"product_cat","embeddable":true,"href":"https:\/\/www.mcallenflatware.com\/fr\/wp-json\/wp\/v2\/product_cat?post=1797"},{"taxonomy":"product_tag","embeddable":true,"href":"https:\/\/www.mcallenflatware.com\/fr\/wp-json\/wp\/v2\/product_tag?post=1797"}],"curies":[{"name":"wp","href":"https:\/\/api.w.org\/{rel}","templated":true}]}}