{"id":1829,"date":"2025-03-26T08:24:09","date_gmt":"2025-03-26T08:24:09","guid":{"rendered":"https:\/\/www.mcallenflatware.com\/?post_type=product&#038;p=1829"},"modified":"2025-04-10T11:21:27","modified_gmt":"2025-04-10T11:21:27","slug":"bulk-flatware-for-wedding","status":"publish","type":"product","link":"https:\/\/www.mcallenflatware.com\/fr\/product\/bulk-flatware-for-wedding\/","title":{"rendered":"Couverts de mariage en vrac, couverts en or et argent personnalis\u00e9s"},"content":{"rendered":"<div class=\"wp-block-columns is-layout-flex wp-container-core-columns-is-layout-9d6595d7 wp-block-columns-is-layout-flex\">\n<div class=\"wp-block-column is-layout-flow wp-block-column-is-layout-flow\">\n<h2 class=\"wp-block-heading\">Caract\u00e9ristiques des couverts de mariage :<\/h2>\n\n\n\n<p><strong>Mat\u00e9riau en acier inoxydable : <\/strong>Fabriqu\u00e9 en acier inoxydable de haute qualit\u00e9, s\u00fbr et non toxique, il peut \u00eatre utilis\u00e9 \u00e0 long terme comme s'il \u00e9tait neuf.<\/p>\n\n\n\n<p><strong>Polissage exquis :<\/strong> Chaque couvert est finement poli, avec une surface lisse et des bords tranchants pour garantir une exp\u00e9rience de coupe.<\/p>\n\n\n\n<p><strong>Design moderne et minimaliste : <\/strong>Lignes \u00e9l\u00e9gantes et magnifiques, design minimaliste lumineux, toucher lisse, ajoutant \u00e9l\u00e9gance et modernit\u00e9 au d\u00e9cor de table, adapt\u00e9 aux mariages, aux restaurants, etc.<\/p>\n\n\n\n<p><strong>Poign\u00e9e ergonomique :<\/strong> La conception de la poign\u00e9e est conforme aux principes de l'ergonomie, confortable \u00e0 tenir et facile \u00e0 utiliser.<\/p>\n\n\n\n<p><strong>Services de personnalisation diversifi\u00e9s : <\/strong>Nous proposons des services OEM et ODM et pouvons concevoir des styles sp\u00e9cifiques, des gravures, des logos de marque, etc. en fonction des besoins du client.<\/p>\n<\/div>\n\n\n\n<div class=\"wp-block-column is-layout-flow wp-block-column-is-layout-flow\"><div class=\"wp-block-image\">\n<figure class=\"aligncenter size-full\"><img decoding=\"async\" width=\"1200\" height=\"1200\" src=\"https:\/\/www.mcallenflatware.com\/wp-content\/uploads\/2025\/03\/bulk-flatware-for-wedding\uff0c-stainless-steel-silver-cutlery-sets-custom-1.webp\" alt=\"couverts en vrac pour mariage\uff0c couverts en acier inoxydable argent\u00e9s personnalis\u00e9s (1)\" class=\"wp-image-1835\" style=\"object-fit:cover\" srcset=\"https:\/\/www.mcallenflatware.com\/wp-content\/uploads\/2025\/03\/bulk-flatware-for-wedding\uff0c-stainless-steel-silver-cutlery-sets-custom-1.webp 1200w, https:\/\/www.mcallenflatware.com\/wp-content\/uploads\/2025\/03\/bulk-flatware-for-wedding\uff0c-stainless-steel-silver-cutlery-sets-custom-1-150x150.webp 150w, https:\/\/www.mcallenflatware.com\/wp-content\/uploads\/2025\/03\/bulk-flatware-for-wedding\uff0c-stainless-steel-silver-cutlery-sets-custom-1-768x768.webp 768w, https:\/\/www.mcallenflatware.com\/wp-content\/uploads\/2025\/03\/bulk-flatware-for-wedding\uff0c-stainless-steel-silver-cutlery-sets-custom-1-12x12.webp 12w, https:\/\/www.mcallenflatware.com\/wp-content\/uploads\/2025\/03\/bulk-flatware-for-wedding\uff0c-stainless-steel-silver-cutlery-sets-custom-1-600x600.webp 600w, https:\/\/www.mcallenflatware.com\/wp-content\/uploads\/2025\/03\/bulk-flatware-for-wedding\uff0c-stainless-steel-silver-cutlery-sets-custom-1-300x300.webp 300w, https:\/\/www.mcallenflatware.com\/wp-content\/uploads\/2025\/03\/bulk-flatware-for-wedding\uff0c-stainless-steel-silver-cutlery-sets-custom-1-100x100.webp 100w\" sizes=\"(max-width: 1200px) 100vw, 1200px\" \/><\/figure>\n<\/div><\/div>\n<\/div>\n\n\n\n<div class=\"wp-block-columns is-layout-flex wp-container-core-columns-is-layout-9d6595d7 wp-block-columns-is-layout-flex\">\n<div class=\"wp-block-column is-layout-flow wp-block-column-is-layout-flow\">\n<figure class=\"wp-block-image size-full\"><img decoding=\"async\" width=\"800\" height=\"800\" src=\"https:\/\/www.mcallenflatware.com\/wp-content\/uploads\/2025\/04\/bulk-flatware-for-wedding\uff0c-stainless-steel-silver-cutlery-sets-custom-7.webp\" alt=\"couverts en vrac pour mariage\uff0c couverts en acier inoxydable argent\u00e9s personnalis\u00e9s (7)\" class=\"wp-image-1947\" srcset=\"https:\/\/www.mcallenflatware.com\/wp-content\/uploads\/2025\/04\/bulk-flatware-for-wedding\uff0c-stainless-steel-silver-cutlery-sets-custom-7.webp 800w, https:\/\/www.mcallenflatware.com\/wp-content\/uploads\/2025\/04\/bulk-flatware-for-wedding\uff0c-stainless-steel-silver-cutlery-sets-custom-7-150x150.webp 150w, https:\/\/www.mcallenflatware.com\/wp-content\/uploads\/2025\/04\/bulk-flatware-for-wedding\uff0c-stainless-steel-silver-cutlery-sets-custom-7-768x768.webp 768w, https:\/\/www.mcallenflatware.com\/wp-content\/uploads\/2025\/04\/bulk-flatware-for-wedding\uff0c-stainless-steel-silver-cutlery-sets-custom-7-12x12.webp 12w, https:\/\/www.mcallenflatware.com\/wp-content\/uploads\/2025\/04\/bulk-flatware-for-wedding\uff0c-stainless-steel-silver-cutlery-sets-custom-7-600x600.webp 600w, https:\/\/www.mcallenflatware.com\/wp-content\/uploads\/2025\/04\/bulk-flatware-for-wedding\uff0c-stainless-steel-silver-cutlery-sets-custom-7-300x300.webp 300w, https:\/\/www.mcallenflatware.com\/wp-content\/uploads\/2025\/04\/bulk-flatware-for-wedding\uff0c-stainless-steel-silver-cutlery-sets-custom-7-100x100.webp 100w\" sizes=\"(max-width: 800px) 100vw, 800px\" \/><\/figure>\n<\/div>\n\n\n\n<div class=\"wp-block-column is-layout-flow wp-block-column-is-layout-flow\">\n<figure class=\"wp-block-image size-full\"><img decoding=\"async\" width=\"800\" height=\"800\" src=\"https:\/\/www.mcallenflatware.com\/wp-content\/uploads\/2025\/04\/bulk-flatware-for-wedding\uff0c-stainless-steel-silver-cutlery-sets-custom-5.webp\" alt=\"couverts en vrac pour mariage\uff0c couverts en acier inoxydable argent\u00e9s personnalis\u00e9s (5)\" class=\"wp-image-1946\" srcset=\"https:\/\/www.mcallenflatware.com\/wp-content\/uploads\/2025\/04\/bulk-flatware-for-wedding\uff0c-stainless-steel-silver-cutlery-sets-custom-5.webp 800w, https:\/\/www.mcallenflatware.com\/wp-content\/uploads\/2025\/04\/bulk-flatware-for-wedding\uff0c-stainless-steel-silver-cutlery-sets-custom-5-150x150.webp 150w, https:\/\/www.mcallenflatware.com\/wp-content\/uploads\/2025\/04\/bulk-flatware-for-wedding\uff0c-stainless-steel-silver-cutlery-sets-custom-5-768x768.webp 768w, https:\/\/www.mcallenflatware.com\/wp-content\/uploads\/2025\/04\/bulk-flatware-for-wedding\uff0c-stainless-steel-silver-cutlery-sets-custom-5-12x12.webp 12w, https:\/\/www.mcallenflatware.com\/wp-content\/uploads\/2025\/04\/bulk-flatware-for-wedding\uff0c-stainless-steel-silver-cutlery-sets-custom-5-600x600.webp 600w, https:\/\/www.mcallenflatware.com\/wp-content\/uploads\/2025\/04\/bulk-flatware-for-wedding\uff0c-stainless-steel-silver-cutlery-sets-custom-5-300x300.webp 300w, https:\/\/www.mcallenflatware.com\/wp-content\/uploads\/2025\/04\/bulk-flatware-for-wedding\uff0c-stainless-steel-silver-cutlery-sets-custom-5-100x100.webp 100w\" sizes=\"(max-width: 800px) 100vw, 800px\" \/><\/figure>\n<\/div>\n\n\n\n<div class=\"wp-block-column is-layout-flow wp-block-column-is-layout-flow\">\n<figure class=\"wp-block-image size-full\"><img decoding=\"async\" width=\"800\" height=\"800\" src=\"https:\/\/www.mcallenflatware.com\/wp-content\/uploads\/2025\/04\/bulk-flatware-for-wedding\uff0c-stainless-steel-silver-cutlery-sets-custom-6.webp\" alt=\"couverts en vrac pour mariage\uff0c couverts en acier inoxydable argent\u00e9s personnalis\u00e9s (6)\" class=\"wp-image-1941\" srcset=\"https:\/\/www.mcallenflatware.com\/wp-content\/uploads\/2025\/04\/bulk-flatware-for-wedding\uff0c-stainless-steel-silver-cutlery-sets-custom-6.webp 800w, https:\/\/www.mcallenflatware.com\/wp-content\/uploads\/2025\/04\/bulk-flatware-for-wedding\uff0c-stainless-steel-silver-cutlery-sets-custom-6-150x150.webp 150w, https:\/\/www.mcallenflatware.com\/wp-content\/uploads\/2025\/04\/bulk-flatware-for-wedding\uff0c-stainless-steel-silver-cutlery-sets-custom-6-768x768.webp 768w, https:\/\/www.mcallenflatware.com\/wp-content\/uploads\/2025\/04\/bulk-flatware-for-wedding\uff0c-stainless-steel-silver-cutlery-sets-custom-6-12x12.webp 12w, https:\/\/www.mcallenflatware.com\/wp-content\/uploads\/2025\/04\/bulk-flatware-for-wedding\uff0c-stainless-steel-silver-cutlery-sets-custom-6-600x600.webp 600w, https:\/\/www.mcallenflatware.com\/wp-content\/uploads\/2025\/04\/bulk-flatware-for-wedding\uff0c-stainless-steel-silver-cutlery-sets-custom-6-300x300.webp 300w, https:\/\/www.mcallenflatware.com\/wp-content\/uploads\/2025\/04\/bulk-flatware-for-wedding\uff0c-stainless-steel-silver-cutlery-sets-custom-6-100x100.webp 100w\" sizes=\"(max-width: 800px) 100vw, 800px\" \/><\/figure>\n<\/div>\n<\/div>","protected":false},"excerpt":{"rendered":"<p>Couverts en vrac pour les mariages, fabriqu\u00e9s en acier inoxydable de haute qualit\u00e9, avec une surface lisse et brillante et un design minimaliste moderne. Ils conviennent aux mariages, aux repas quotidiens, aux h\u00f4tels-restaurants et \u00e0 toutes les occasions. Nous prenons en charge les couverts sur mesure et l'approvisionnement stable et en vrac, veuillez nous contacter pour obtenir un devis !<\/p>\n<h2 id=\"block-792b966c-c506-49fa-b3c8-9881ee38a4f5\" class=\"block-editor-rich-text__editable block-editor-block-list__block wp-block is-selected wp-block-heading rich-text\" role=\"document\" contenteditable=\"true\" aria-multiline=\"true\" aria-label=\"Bloc : Titre\" data-block=\"792b966c-c506-49fa-b3c8-9881ee38a4f5\" data-type=\"core\/heading\" data-title=\"Heading\" data-wp-block-attribute-key=\"content\">Attributs des couverts de mariage :<\/h2>\n<p><strong>Nom de marque :<\/strong> Mcallen<br \/><strong>Mat\u00e9riau :<\/strong> Acier inoxydable<br \/><strong>Couleur :<\/strong>\u00a0 Argent, or<br \/><strong>Conception :<\/strong> Miroir poli<br \/><strong>D\u00e9lai d'ex\u00e9cution de l'\u00e9chantillon :<\/strong> Dans les 3 jours<br \/><strong>OEM\/ODM :<\/strong> Disponible<\/p>\n<h2>Couverts en acier inoxydable personnalis\u00e9s :<\/h2>\n<p><strong>Acier inoxydable :<\/strong> Acier inoxydable 18\/10, 304, 316, 410, 430, 420<br \/><strong>Logo :<\/strong> Gravure laser, s\u00e9rigraphie\/impression par transfert UV\/chaleur, gaufrage, etc.<br \/><strong>Emballage :<\/strong> 4\/8\/12\/16\/20\/24\/45\/48\/72pcs set<br \/><strong>Finitions de surface :<\/strong> Poli miroir, mat, poli \u00e0 l'eau, rev\u00eatement titane<br \/><strong>Emballage :<\/strong> Vrac, sac OPP, bo\u00eete de couleur, bo\u00eete cadeau, sur mesure<\/p>","protected":false},"featured_media":1835,"template":"","meta":[],"product_brand":[],"product_cat":[23,29],"product_tag":[],"class_list":{"0":"post-1829","1":"product","2":"type-product","3":"status-publish","4":"has-post-thumbnail","6":"product_cat-wholesale-flatware","7":"product_cat-bulk-flatware","9":"first","10":"instock","11":"shipping-taxable","12":"product-type-simple"},"_links":{"self":[{"href":"https:\/\/www.mcallenflatware.com\/fr\/wp-json\/wp\/v2\/product\/1829","targetHints":{"allow":["GET"]}}],"collection":[{"href":"https:\/\/www.mcallenflatware.com\/fr\/wp-json\/wp\/v2\/product"}],"about":[{"href":"https:\/\/www.mcallenflatware.com\/fr\/wp-json\/wp\/v2\/types\/product"}],"wp:featuredmedia":[{"embeddable":true,"href":"https:\/\/www.mcallenflatware.com\/fr\/wp-json\/wp\/v2\/media\/1835"}],"wp:attachment":[{"href":"https:\/\/www.mcallenflatware.com\/fr\/wp-json\/wp\/v2\/media?parent=1829"}],"wp:term":[{"taxonomy":"product_brand","embeddable":true,"href":"https:\/\/www.mcallenflatware.com\/fr\/wp-json\/wp\/v2\/product_brand?post=1829"},{"taxonomy":"product_cat","embeddable":true,"href":"https:\/\/www.mcallenflatware.com\/fr\/wp-json\/wp\/v2\/product_cat?post=1829"},{"taxonomy":"product_tag","embeddable":true,"href":"https:\/\/www.mcallenflatware.com\/fr\/wp-json\/wp\/v2\/product_tag?post=1829"}],"curies":[{"name":"wp","href":"https:\/\/api.w.org\/{rel}","templated":true}]}}