{"id":1852,"date":"2025-03-27T02:28:56","date_gmt":"2025-03-27T02:28:56","guid":{"rendered":"https:\/\/www.mcallenflatware.com\/?post_type=product&#038;p=1852"},"modified":"2025-04-10T10:41:11","modified_gmt":"2025-04-10T10:41:11","slug":"wholesale-stainless-cutlery-set","status":"publish","type":"product","link":"https:\/\/www.mcallenflatware.com\/fr\/product\/wholesale-stainless-cutlery-set\/","title":{"rendered":"Wholesale Stainless Cutlery Set, Modern Hammered Flatware in Bulk (Ensemble de couverts en acier inoxydable, couverts modernes martel\u00e9s en vrac)"},"content":{"rendered":"<div class=\"wp-block-columns is-layout-flex wp-container-core-columns-is-layout-9d6595d7 wp-block-columns-is-layout-flex\">\n<div class=\"wp-block-column is-layout-flow wp-block-column-is-layout-flow\">\n<h2 class=\"wp-block-heading\">Ensemble de couverts en acier inoxydable Caract\u00e9ristiques :<\/h2>\n\n\n\n<p><strong>Design unique en forme d'\u00e9cailles de poisson : <\/strong>La poign\u00e9e adopte un design exquis en forme d'\u00e9caille de poisson, ce qui rend l'ensemble de couverts en acier inoxydable plus unique, plus attrayant et plus agr\u00e9able au toucher, am\u00e9liorant ainsi l'exp\u00e9rience culinaire.<\/p>\n\n\n\n<p><strong>Mat\u00e9riau en acier inoxydable 3041 : <\/strong>Choisissez un acier inoxydable de haute qualit\u00e9 et d'une excellente durabilit\u00e9 pour garantir une utilisation \u00e0 long terme.<\/p>\n\n\n\n<p><strong>Fournir une vari\u00e9t\u00e9 d'options de couleurs : <\/strong>or rose \u00e9l\u00e9gant, argent classique, noir moderne et couleurs arc-en-ciel personnalis\u00e9es, etc.<\/p>\n\n\n\n<p><strong>Surface polie et brillante :<\/strong> Les couverts en acier inoxydable ont une surface lisse, belle et facile \u00e0 nettoyer, et peuvent \u00eatre lav\u00e9s au lave-vaisselle.<\/p>\n\n\n\n<p><strong>Large application : <\/strong>La vaisselle en gros du m\u00eame mod\u00e8le convient \u00e0 divers lieux tels que les h\u00f4tels, les restaurants, les caf\u00e9s, etc., et est particuli\u00e8rement adapt\u00e9e aux besoins d'achat en gros dans le secteur de la restauration.<\/p>\n\n\n\n<p><strong><span style=\"box-sizing: border-box; margin: 0px; padding: 0px;\">Sur mesure<\/span> service<\/strong>: Nous fournissons une vari\u00e9t\u00e9 de styles et de services personnalis\u00e9s, et effectuons une personnalisation telle que la gravure et l'emballage en fonction des besoins des grossistes.<\/p>\n<\/div>\n\n\n\n<div class=\"wp-block-column is-layout-flow wp-block-column-is-layout-flow\"><div class=\"wp-block-image\">\n<figure class=\"aligncenter size-full\"><img decoding=\"async\" width=\"800\" height=\"800\" src=\"https:\/\/www.mcallenflatware.com\/wp-content\/uploads\/2025\/03\/bulk-flatware-for-wedding\uff0c-stainless-steel-silver-cutlery-sets-custom-5.webp\" alt=\"couverts en vrac pour mariage\uff0c couverts en acier inoxydable argent\u00e9s personnalis\u00e9s (5)\" class=\"wp-image-1839\" style=\"object-fit:cover\" srcset=\"https:\/\/www.mcallenflatware.com\/wp-content\/uploads\/2025\/03\/bulk-flatware-for-wedding\uff0c-stainless-steel-silver-cutlery-sets-custom-5.webp 800w, https:\/\/www.mcallenflatware.com\/wp-content\/uploads\/2025\/03\/bulk-flatware-for-wedding\uff0c-stainless-steel-silver-cutlery-sets-custom-5-150x150.webp 150w, https:\/\/www.mcallenflatware.com\/wp-content\/uploads\/2025\/03\/bulk-flatware-for-wedding\uff0c-stainless-steel-silver-cutlery-sets-custom-5-768x768.webp 768w, https:\/\/www.mcallenflatware.com\/wp-content\/uploads\/2025\/03\/bulk-flatware-for-wedding\uff0c-stainless-steel-silver-cutlery-sets-custom-5-12x12.webp 12w, https:\/\/www.mcallenflatware.com\/wp-content\/uploads\/2025\/03\/bulk-flatware-for-wedding\uff0c-stainless-steel-silver-cutlery-sets-custom-5-600x600.webp 600w, https:\/\/www.mcallenflatware.com\/wp-content\/uploads\/2025\/03\/bulk-flatware-for-wedding\uff0c-stainless-steel-silver-cutlery-sets-custom-5-300x300.webp 300w, https:\/\/www.mcallenflatware.com\/wp-content\/uploads\/2025\/03\/bulk-flatware-for-wedding\uff0c-stainless-steel-silver-cutlery-sets-custom-5-100x100.webp 100w\" sizes=\"(max-width: 800px) 100vw, 800px\" \/><\/figure>\n<\/div><\/div>\n<\/div>\n\n\n\n<div class=\"wp-block-columns is-layout-flex wp-container-core-columns-is-layout-9d6595d7 wp-block-columns-is-layout-flex\">\n<div class=\"wp-block-column is-layout-flow wp-block-column-is-layout-flow\">\n<figure class=\"wp-block-image size-full\"><img decoding=\"async\" width=\"1600\" height=\"1600\" src=\"https:\/\/www.mcallenflatware.com\/wp-content\/uploads\/2025\/04\/Wholesale-Stainless-Cutlery-Set-Modern-Dinnerware-Sets-in-Bulk-3.webp\" alt=\"Wholesale Stainless Cutlery Set Modern Dinnerware Sets in Bulk (3)\" class=\"wp-image-1952\" srcset=\"https:\/\/www.mcallenflatware.com\/wp-content\/uploads\/2025\/04\/Wholesale-Stainless-Cutlery-Set-Modern-Dinnerware-Sets-in-Bulk-3.webp 1600w, https:\/\/www.mcallenflatware.com\/wp-content\/uploads\/2025\/04\/Wholesale-Stainless-Cutlery-Set-Modern-Dinnerware-Sets-in-Bulk-3-150x150.webp 150w, https:\/\/www.mcallenflatware.com\/wp-content\/uploads\/2025\/04\/Wholesale-Stainless-Cutlery-Set-Modern-Dinnerware-Sets-in-Bulk-3-768x768.webp 768w, https:\/\/www.mcallenflatware.com\/wp-content\/uploads\/2025\/04\/Wholesale-Stainless-Cutlery-Set-Modern-Dinnerware-Sets-in-Bulk-3-12x12.webp 12w, https:\/\/www.mcallenflatware.com\/wp-content\/uploads\/2025\/04\/Wholesale-Stainless-Cutlery-Set-Modern-Dinnerware-Sets-in-Bulk-3-1200x1200.webp 1200w, https:\/\/www.mcallenflatware.com\/wp-content\/uploads\/2025\/04\/Wholesale-Stainless-Cutlery-Set-Modern-Dinnerware-Sets-in-Bulk-3-600x600.webp 600w, https:\/\/www.mcallenflatware.com\/wp-content\/uploads\/2025\/04\/Wholesale-Stainless-Cutlery-Set-Modern-Dinnerware-Sets-in-Bulk-3-300x300.webp 300w, https:\/\/www.mcallenflatware.com\/wp-content\/uploads\/2025\/04\/Wholesale-Stainless-Cutlery-Set-Modern-Dinnerware-Sets-in-Bulk-3-100x100.webp 100w\" sizes=\"(max-width: 1600px) 100vw, 1600px\" \/><\/figure>\n<\/div>\n\n\n\n<div class=\"wp-block-column is-layout-flow wp-block-column-is-layout-flow\">\n<figure class=\"wp-block-image size-full\"><img decoding=\"async\" width=\"1600\" height=\"1600\" src=\"https:\/\/www.mcallenflatware.com\/wp-content\/uploads\/2025\/04\/Wholesale-Stainless-Cutlery-Set-Modern-Dinnerware-Sets-in-Bulk-2.webp\" alt=\"Wholesale Stainless Cutlery Set Modern Dinnerware Sets in Bulk (2)\" class=\"wp-image-1951\" srcset=\"https:\/\/www.mcallenflatware.com\/wp-content\/uploads\/2025\/04\/Wholesale-Stainless-Cutlery-Set-Modern-Dinnerware-Sets-in-Bulk-2.webp 1600w, https:\/\/www.mcallenflatware.com\/wp-content\/uploads\/2025\/04\/Wholesale-Stainless-Cutlery-Set-Modern-Dinnerware-Sets-in-Bulk-2-150x150.webp 150w, https:\/\/www.mcallenflatware.com\/wp-content\/uploads\/2025\/04\/Wholesale-Stainless-Cutlery-Set-Modern-Dinnerware-Sets-in-Bulk-2-768x768.webp 768w, https:\/\/www.mcallenflatware.com\/wp-content\/uploads\/2025\/04\/Wholesale-Stainless-Cutlery-Set-Modern-Dinnerware-Sets-in-Bulk-2-12x12.webp 12w, https:\/\/www.mcallenflatware.com\/wp-content\/uploads\/2025\/04\/Wholesale-Stainless-Cutlery-Set-Modern-Dinnerware-Sets-in-Bulk-2-1200x1200.webp 1200w, https:\/\/www.mcallenflatware.com\/wp-content\/uploads\/2025\/04\/Wholesale-Stainless-Cutlery-Set-Modern-Dinnerware-Sets-in-Bulk-2-600x600.webp 600w, https:\/\/www.mcallenflatware.com\/wp-content\/uploads\/2025\/04\/Wholesale-Stainless-Cutlery-Set-Modern-Dinnerware-Sets-in-Bulk-2-300x300.webp 300w, https:\/\/www.mcallenflatware.com\/wp-content\/uploads\/2025\/04\/Wholesale-Stainless-Cutlery-Set-Modern-Dinnerware-Sets-in-Bulk-2-100x100.webp 100w\" sizes=\"(max-width: 1600px) 100vw, 1600px\" \/><\/figure>\n<\/div>\n<\/div>","protected":false},"excerpt":{"rendered":"<p>Bienvenue sur notre site de vente en gros de couverts en acier inoxydable, le motif d'\u00e9cailles de poisson est beau et pratique, il convient \u00e0 diverses sc\u00e8nes de repas, nous prenons en charge la personnalisation et les remises en vrac ! Contactez-nous pour obtenir un devis !<\/p>\n<h2>Attributs de l'ensemble de couverts en acier inoxydable<\/h2>\n<p><strong>Nom de marque :<\/strong> Mcallen<br \/><strong>Mat\u00e9riau :<\/strong> Acier inoxydable<br \/><strong>Couleur :<\/strong> Or, argent, noir, or rose, couleur arc-en-ciel<br \/><strong>Conception :<\/strong> Motif en \u00e9cailles de poisson<br \/><strong>D\u00e9lai d'ex\u00e9cution de l'\u00e9chantillon :<\/strong> Dans les 3 jours<br \/><strong>OEM\/ODM :<\/strong> Disponible<\/p>\n<h2>Set de couverts en acier inoxydable personnalis\u00e9 :<\/h2>\n<p><strong>Acier inoxydable :<\/strong> Acier inoxydable 18\/10, 304, 316, 410, 430, 420<br \/><strong>Logo :<\/strong> Gravure laser, s\u00e9rigraphie, impression UV, impression par transfert thermique, gaufrage, etc.<br \/><strong>Emballage :<\/strong> 4\/8\/12\/16\/20\/24\/45\/48\/72pcs set<br \/><strong>Finitions de surface :<\/strong> Poli miroir, mat, poli \u00e0 l'eau, rev\u00eatement titane<br \/><strong>Emballage :<\/strong> Vrac, sac opp, bo\u00eete de couleur, bo\u00eete cadeau, sur mesure<\/p>","protected":false},"featured_media":1955,"template":"","meta":[],"product_brand":[],"product_cat":[23,29],"product_tag":[],"class_list":{"0":"post-1852","1":"product","2":"type-product","3":"status-publish","4":"has-post-thumbnail","6":"product_cat-wholesale-flatware","7":"product_cat-bulk-flatware","9":"first","10":"instock","11":"shipping-taxable","12":"product-type-simple"},"_links":{"self":[{"href":"https:\/\/www.mcallenflatware.com\/fr\/wp-json\/wp\/v2\/product\/1852","targetHints":{"allow":["GET"]}}],"collection":[{"href":"https:\/\/www.mcallenflatware.com\/fr\/wp-json\/wp\/v2\/product"}],"about":[{"href":"https:\/\/www.mcallenflatware.com\/fr\/wp-json\/wp\/v2\/types\/product"}],"wp:featuredmedia":[{"embeddable":true,"href":"https:\/\/www.mcallenflatware.com\/fr\/wp-json\/wp\/v2\/media\/1955"}],"wp:attachment":[{"href":"https:\/\/www.mcallenflatware.com\/fr\/wp-json\/wp\/v2\/media?parent=1852"}],"wp:term":[{"taxonomy":"product_brand","embeddable":true,"href":"https:\/\/www.mcallenflatware.com\/fr\/wp-json\/wp\/v2\/product_brand?post=1852"},{"taxonomy":"product_cat","embeddable":true,"href":"https:\/\/www.mcallenflatware.com\/fr\/wp-json\/wp\/v2\/product_cat?post=1852"},{"taxonomy":"product_tag","embeddable":true,"href":"https:\/\/www.mcallenflatware.com\/fr\/wp-json\/wp\/v2\/product_tag?post=1852"}],"curies":[{"name":"wp","href":"https:\/\/api.w.org\/{rel}","templated":true}]}}