{"id":1853,"date":"2025-03-27T02:56:13","date_gmt":"2025-03-27T02:56:13","guid":{"rendered":"https:\/\/www.mcallenflatware.com\/?post_type=product&#038;p=1853"},"modified":"2025-04-19T10:55:16","modified_gmt":"2025-04-19T10:55:16","slug":"custom-gold-cutlery-set","status":"publish","type":"product","link":"https:\/\/www.mcallenflatware.com\/fr\/product\/custom-gold-cutlery-set\/","title":{"rendered":"Set de couverts en or personnalis\u00e9, Couverts uniques en gros"},"content":{"rendered":"<div class=\"wp-block-columns is-layout-flex wp-container-core-columns-is-layout-9d6595d7 wp-block-columns-is-layout-flex\">\n<div class=\"wp-block-column is-vertically-aligned-center is-layout-flow wp-block-column-is-layout-flow\">\n<h2 class=\"wp-block-heading\">Ensemble de couverts en or Caract\u00e9ristiques :<\/h2>\n\n\n\n<p><strong>Poign\u00e9e unique en forme d'\u00e9pi de bl\u00e9 : <\/strong>Le manche est sculpt\u00e9 en forme d'\u00e9pis de bl\u00e9, avec des tons dor\u00e9s classiques, naturels et \u00e9l\u00e9gants, convenant \u00e0 des occasions de d\u00eener haut de gamme.<\/p>\n\n\n\n<p><strong>Acier inoxydable de haute qualit\u00e9 : <\/strong>Fabriqu\u00e9 en acier inoxydable durable et anti-oxydation, il ne rouille pas et ne se d\u00e9colore pas. Il convient \u00e0 un usage quotidien et est facile \u00e0 nettoyer.<\/p>\n\n\n\n<p>M<strong>Finition polie miroir : <\/strong>La surface est polie, la surface est brillante et lisse, et la texture du set de couverts est am\u00e9lior\u00e9e.<\/p>\n\n\n\n<p><strong>Service personnalis\u00e9 :<\/strong> Nous fournissons des services personnalis\u00e9s et pouvons adapter la couleur, la taille, l'emballage et d'autres d\u00e9tails de l'ensemble de couverts.<\/p>\n<\/div>\n\n\n\n<div class=\"wp-block-column is-layout-flow wp-block-column-is-layout-flow\">\n<figure class=\"wp-block-image size-full\"><img decoding=\"async\" width=\"750\" height=\"750\" src=\"https:\/\/www.mcallenflatware.com\/wp-content\/uploads\/2025\/03\/Custom-Gold-Cutlery-Set-Unique-Flatware-Wholesale-1.webp\" alt=\"Set de couverts en or personnalis\u00e9, couverts uniques en gros (1)\" class=\"wp-image-1830\" style=\"object-fit:cover\" srcset=\"https:\/\/www.mcallenflatware.com\/wp-content\/uploads\/2025\/03\/Custom-Gold-Cutlery-Set-Unique-Flatware-Wholesale-1.webp 750w, https:\/\/www.mcallenflatware.com\/wp-content\/uploads\/2025\/03\/Custom-Gold-Cutlery-Set-Unique-Flatware-Wholesale-1-150x150.webp 150w, https:\/\/www.mcallenflatware.com\/wp-content\/uploads\/2025\/03\/Custom-Gold-Cutlery-Set-Unique-Flatware-Wholesale-1-12x12.webp 12w, https:\/\/www.mcallenflatware.com\/wp-content\/uploads\/2025\/03\/Custom-Gold-Cutlery-Set-Unique-Flatware-Wholesale-1-600x600.webp 600w, https:\/\/www.mcallenflatware.com\/wp-content\/uploads\/2025\/03\/Custom-Gold-Cutlery-Set-Unique-Flatware-Wholesale-1-300x300.webp 300w, https:\/\/www.mcallenflatware.com\/wp-content\/uploads\/2025\/03\/Custom-Gold-Cutlery-Set-Unique-Flatware-Wholesale-1-100x100.webp 100w\" sizes=\"(max-width: 750px) 100vw, 750px\" \/><\/figure>\n<\/div>\n<\/div>","protected":false},"excerpt":{"rendered":"<p>Bienvenue sur le march\u00e9 de la vente en gros et de la personnalisation de l'ensemble de couverts en or avec des poign\u00e9es \u00e0 motif unique d'\u00e9pis de bl\u00e9, en acier inoxydable de qualit\u00e9 alimentaire, lisse et brillant, convenant aux lieux de restauration haut de gamme. Nous fournissons des services personnalis\u00e9s tels que la couleur, la taille et l'emballage. N'h\u00e9sitez pas \u00e0 demander des \u00e9chantillons gratuits !<\/p>\n<h2 id=\"block-792b966c-c506-49fa-b3c8-9881ee38a4f5\" class=\"block-editor-rich-text__editable block-editor-block-list__block wp-block is-selected wp-block-heading rich-text\" role=\"document\" contenteditable=\"true\" aria-multiline=\"true\" aria-label=\"Bloc : Titre\" data-block=\"792b966c-c506-49fa-b3c8-9881ee38a4f5\" data-type=\"core\/heading\" data-title=\"Heading\" data-wp-block-attribute-key=\"content\">Set de couverts en or Attributs<\/h2>\n<p><strong>Nom de marque :<\/strong> Mcallen<br \/><strong>Mat\u00e9riau :<\/strong> Acier inoxydable<br \/><strong>Couleur :<\/strong>\u00a0 L'or<br \/><strong>Conception :<\/strong> Poign\u00e9e en bl\u00e9 dor\u00e9<br \/><strong>D\u00e9lai d'ex\u00e9cution de l'\u00e9chantillon :<\/strong> Dans les 3 jours<br \/><strong>OEM\/ODM :<\/strong> Disponible<\/p>\n<h2>Set de couverts en or personnalis\u00e9 :<\/h2>\n<p><strong>Acier inoxydable :<\/strong> Acier inoxydable 18\/10, 304, 316, 410, 430, 420<br \/><strong>Logo :<\/strong> Gravure laser, s\u00e9rigraphie\/impression par transfert UV\/chaleur, gaufrage, etc.<br \/><strong>Emballage :<\/strong> 4\/8\/12\/16\/20\/24\/45\/48\/72pcs set<br \/><strong>Finitions de surface :<\/strong> Poli miroir, mat, poli \u00e0 l'eau, rev\u00eatement titane<br \/><strong>Emballage :<\/strong> Vrac, sac opp, bo\u00eete de couleur, bo\u00eete cadeau, sur mesure<\/p>","protected":false},"featured_media":1830,"template":"","meta":[],"product_brand":[],"product_cat":[23,29],"product_tag":[],"class_list":{"0":"post-1853","1":"product","2":"type-product","3":"status-publish","4":"has-post-thumbnail","6":"product_cat-wholesale-flatware","7":"product_cat-bulk-flatware","9":"first","10":"instock","11":"shipping-taxable","12":"product-type-simple"},"_links":{"self":[{"href":"https:\/\/www.mcallenflatware.com\/fr\/wp-json\/wp\/v2\/product\/1853","targetHints":{"allow":["GET"]}}],"collection":[{"href":"https:\/\/www.mcallenflatware.com\/fr\/wp-json\/wp\/v2\/product"}],"about":[{"href":"https:\/\/www.mcallenflatware.com\/fr\/wp-json\/wp\/v2\/types\/product"}],"wp:featuredmedia":[{"embeddable":true,"href":"https:\/\/www.mcallenflatware.com\/fr\/wp-json\/wp\/v2\/media\/1830"}],"wp:attachment":[{"href":"https:\/\/www.mcallenflatware.com\/fr\/wp-json\/wp\/v2\/media?parent=1853"}],"wp:term":[{"taxonomy":"product_brand","embeddable":true,"href":"https:\/\/www.mcallenflatware.com\/fr\/wp-json\/wp\/v2\/product_brand?post=1853"},{"taxonomy":"product_cat","embeddable":true,"href":"https:\/\/www.mcallenflatware.com\/fr\/wp-json\/wp\/v2\/product_cat?post=1853"},{"taxonomy":"product_tag","embeddable":true,"href":"https:\/\/www.mcallenflatware.com\/fr\/wp-json\/wp\/v2\/product_tag?post=1853"}],"curies":[{"name":"wp","href":"https:\/\/api.w.org\/{rel}","templated":true}]}}