{"id":1855,"date":"2025-03-27T07:21:02","date_gmt":"2025-03-27T07:21:02","guid":{"rendered":"https:\/\/www.mcallenflatware.com\/?post_type=product&#038;p=1855"},"modified":"2025-04-21T02:18:49","modified_gmt":"2025-04-21T02:18:49","slug":"wholesale-high-end-flatware","status":"publish","type":"product","link":"https:\/\/www.mcallenflatware.com\/fr\/product\/wholesale-high-end-flatware\/","title":{"rendered":"Couverts de table haut de gamme en gros, couverts en or noir et argent en vrac"},"content":{"rendered":"<div class=\"wp-block-columns is-layout-flex wp-container-core-columns-is-layout-9d6595d7 wp-block-columns-is-layout-flex\">\n<div class=\"wp-block-column is-vertically-aligned-center is-layout-flow wp-block-column-is-layout-flow\">\n<h2 class=\"wp-block-heading\">Couverts haut de gamme Caract\u00e9ristiques :<\/h2>\n\n\n\n<p><strong>Acier inoxydable de haute qualit\u00e9 : <\/strong>Fabriqu\u00e9 en acier inoxydable 304 de qualit\u00e9 alimentaire, s\u00fbr et non toxique, conception \u00e9paissie, utilisation \u00e0 long terme comme neuf.<\/p>\n\n\n\n<p><strong>Conception \u00e0 double face de l'\u00e9chelle du serpent : <\/strong>La poign\u00e9e adopte un design unique en forme d'\u00e9caille de serpent sur les deux faces, ce qui t\u00e9moigne d'un grand sens artistique et am\u00e9liore la prise en main.<\/p>\n\n\n\n<p><strong>Plusieurs couleurs disponibles : <\/strong>Nous proposons une vari\u00e9t\u00e9 de couleurs de surface uniques, telles que le noir, l'or rose, l'argent, les couleurs de l'arc-en-ciel, etc.<\/p>\n\n\n\n<p><strong>Plusieurs s\u00e9ries de combinaisons :<\/strong> Couteau, fourchette, cuill\u00e8re, cuill\u00e8re \u00e0 soupe, cuill\u00e8re de service, etc. de conception identique, adapt\u00e9s aux diff\u00e9rents besoins de la restauration.<\/p>\n\n\n\n<p><strong>Service de personnalisation<\/strong>: Possibilit\u00e9 de personnalisation : LOGO de la marque, motifs sp\u00e9ciaux, conception de l'emballage, etc., ce qui permet de renforcer l'image de la marque et le caract\u00e8re unique des couverts.<\/p>\n<\/div>\n\n\n\n<div class=\"wp-block-column is-layout-flow wp-block-column-is-layout-flow\"><div class=\"wp-block-image\">\n<figure class=\"aligncenter size-full\"><img decoding=\"async\" width=\"800\" height=\"800\" src=\"https:\/\/www.mcallenflatware.com\/wp-content\/uploads\/2025\/03\/Wholesale-High-end-Flatware-Black-Gold-Silver-Cutlery-Set-Bulk-1.webp\" alt=\"Couverts de table haut de gamme en gros, couverts en or noir et argent en vrac (1)\" class=\"wp-image-1856\" style=\"object-fit:cover\" srcset=\"https:\/\/www.mcallenflatware.com\/wp-content\/uploads\/2025\/03\/Wholesale-High-end-Flatware-Black-Gold-Silver-Cutlery-Set-Bulk-1.webp 800w, https:\/\/www.mcallenflatware.com\/wp-content\/uploads\/2025\/03\/Wholesale-High-end-Flatware-Black-Gold-Silver-Cutlery-Set-Bulk-1-150x150.webp 150w, https:\/\/www.mcallenflatware.com\/wp-content\/uploads\/2025\/03\/Wholesale-High-end-Flatware-Black-Gold-Silver-Cutlery-Set-Bulk-1-768x768.webp 768w, https:\/\/www.mcallenflatware.com\/wp-content\/uploads\/2025\/03\/Wholesale-High-end-Flatware-Black-Gold-Silver-Cutlery-Set-Bulk-1-12x12.webp 12w, https:\/\/www.mcallenflatware.com\/wp-content\/uploads\/2025\/03\/Wholesale-High-end-Flatware-Black-Gold-Silver-Cutlery-Set-Bulk-1-600x600.webp 600w, https:\/\/www.mcallenflatware.com\/wp-content\/uploads\/2025\/03\/Wholesale-High-end-Flatware-Black-Gold-Silver-Cutlery-Set-Bulk-1-300x300.webp 300w, https:\/\/www.mcallenflatware.com\/wp-content\/uploads\/2025\/03\/Wholesale-High-end-Flatware-Black-Gold-Silver-Cutlery-Set-Bulk-1-100x100.webp 100w\" sizes=\"(max-width: 800px) 100vw, 800px\" \/><\/figure>\n<\/div><\/div>\n<\/div>","protected":false},"excerpt":{"rendered":"<p>Nos couverts haut de gamme en gros sont fabriqu\u00e9s en acier inoxydable de haute qualit\u00e9, et les poign\u00e9es sont dot\u00e9es d'une \u00e9chelle de serpent \u00e0 double face pour am\u00e9liorer l'attrait visuel. Vente en gros, service de logistique pour le commerce \u00e9lectronique. N'h\u00e9sitez pas \u00e0 nous contacter pour obtenir un devis !<\/p>\n<h2>Attributs des couverts haut de gamme<\/h2>\n<p><strong>Nom de marque :<\/strong> Mcallen<br \/><strong>Mat\u00e9riau :<\/strong> Acier inoxydable<br \/><strong>Couleur :<\/strong> Noir, or, argent, arc-en-ciel<br \/><strong>Conception :\u00a0 <\/strong> Poign\u00e9e en \u00e9cailles de serpent\u00a0<br \/><strong>D\u00e9lai d'ex\u00e9cution de l'\u00e9chantillon :<\/strong> Dans les 3 jours<br \/><strong>OEM\/ODM :<\/strong> Disponible<\/p>\n<h2>Couverts haut de gamme sur mesure :<\/h2>\n<p><strong>Acier inoxydable :<\/strong> Acier inoxydable 18\/10, 304, 316, 410, 430, 420<br \/><strong>Logo :<\/strong> Gravure laser, s\u00e9rigraphie, impression UV, impression par transfert thermique, gaufrage, etc.<br \/><strong>Emballage :<\/strong> 4\/8\/12\/16\/20\/24\/45\/48\/72pcs set<br \/><strong>Finitions de surface :<\/strong> Poli miroir, mat, poli \u00e0 l'eau, rev\u00eatement titane<br \/><strong>Emballage :<\/strong> Vrac, sac OPP, bo\u00eete de couleur, bo\u00eete cadeau, sur mesure<\/p>","protected":false},"featured_media":2035,"template":"","meta":[],"product_brand":[],"product_cat":[23,29],"product_tag":[],"class_list":{"0":"post-1855","1":"product","2":"type-product","3":"status-publish","4":"has-post-thumbnail","6":"product_cat-wholesale-flatware","7":"product_cat-bulk-flatware","9":"first","10":"instock","11":"shipping-taxable","12":"product-type-simple"},"_links":{"self":[{"href":"https:\/\/www.mcallenflatware.com\/fr\/wp-json\/wp\/v2\/product\/1855","targetHints":{"allow":["GET"]}}],"collection":[{"href":"https:\/\/www.mcallenflatware.com\/fr\/wp-json\/wp\/v2\/product"}],"about":[{"href":"https:\/\/www.mcallenflatware.com\/fr\/wp-json\/wp\/v2\/types\/product"}],"wp:featuredmedia":[{"embeddable":true,"href":"https:\/\/www.mcallenflatware.com\/fr\/wp-json\/wp\/v2\/media\/2035"}],"wp:attachment":[{"href":"https:\/\/www.mcallenflatware.com\/fr\/wp-json\/wp\/v2\/media?parent=1855"}],"wp:term":[{"taxonomy":"product_brand","embeddable":true,"href":"https:\/\/www.mcallenflatware.com\/fr\/wp-json\/wp\/v2\/product_brand?post=1855"},{"taxonomy":"product_cat","embeddable":true,"href":"https:\/\/www.mcallenflatware.com\/fr\/wp-json\/wp\/v2\/product_cat?post=1855"},{"taxonomy":"product_tag","embeddable":true,"href":"https:\/\/www.mcallenflatware.com\/fr\/wp-json\/wp\/v2\/product_tag?post=1855"}],"curies":[{"name":"wp","href":"https:\/\/api.w.org\/{rel}","templated":true}]}}