{"id":1863,"date":"2025-09-24T10:27:25","date_gmt":"2025-09-24T10:27:25","guid":{"rendered":"https:\/\/www.mcallenflatware.com\/?post_type=product&#038;p=1863"},"modified":"2025-09-24T10:39:24","modified_gmt":"2025-09-24T10:39:24","slug":"wholesale-flatware-for-restaurants","status":"publish","type":"product","link":"https:\/\/www.mcallenflatware.com\/fr\/product\/wholesale-flatware-for-restaurants\/","title":{"rendered":"Couverts de table en gros pour les restaurants, couverts en acier inoxydable en vrac"},"content":{"rendered":"<div class=\"wp-block-columns is-layout-flex wp-container-core-columns-is-layout-9d6595d7 wp-block-columns-is-layout-flex\">\n<div class=\"wp-block-column is-layout-flow wp-block-column-is-layout-flow\">\n<h2 class=\"wp-block-heading\">Caract\u00e9ristiques des couverts pour restaurants :<\/h2>\n\n\n\n<p><strong>Mat\u00e9riau en acier inoxydable de haute qualit\u00e9 : <\/strong>Fabriqu\u00e9e en acier inoxydable 304 ou 316 de haute qualit\u00e9, la vaisselle est durable et r\u00e9sistante \u00e0 l'usure, et convient \u00e0 divers environnements de restauration.<\/p>\n\n\n\n<p><strong>Design moderne et minimaliste : <\/strong>Lignes fines minimalistes et poign\u00e9e carr\u00e9e, bords lisses, \u00e9l\u00e9gance moderne, largement utilis\u00e9e dans une vari\u00e9t\u00e9 de styles et de th\u00e8mes de restauration.<\/p>\n\n\n\n<p><strong>Riche combinaison de couverts : <\/strong>Contient le m\u00eame mod\u00e8le de couteau, fourchette, cuill\u00e8re, couteau \u00e0 beurre, cuill\u00e8re et fourchette \u00e0 dessert, etc.<\/p>\n\n\n\n<p><strong>Large gamme d'options de couleurs :<\/strong> Y compris l'or classique, l'argent, l'or rose, le noir et d'autres couleurs personnalis\u00e9es pour r\u00e9pondre au style de marque des diff\u00e9rents restaurants.<\/p>\n\n\n\n<p><strong>Facile \u00e0 nettoyer et \u00e0 entretenir<\/strong>: Le traitement de surface tr\u00e8s brillant rend la vaisselle plus r\u00e9sistante aux taches et tr\u00e8s facile \u00e0 nettoyer. Convient aux lieux commerciaux o\u00f9 les nettoyages sont fr\u00e9quents.<\/p>\n\n\n\n<p><strong>Options personnalisables : <\/strong>Des commandes en gros sont possibles, ainsi que des options de personnalisation de la marque.<\/p>\n<\/div>\n\n\n\n<div class=\"wp-block-column is-layout-flow wp-block-column-is-layout-flow\"><div class=\"wp-block-image\">\n<figure class=\"aligncenter size-full\"><img decoding=\"async\" width=\"800\" height=\"800\" src=\"https:\/\/www.mcallenflatware.com\/wp-content\/uploads\/2025\/03\/Wholesale-Flatware-for-Restaurants-Stainless-Steel-Cutlery-Set-In-Bulk-4.webp\" alt=\"Couverts de table pour restaurants en gros, couverts en acier inoxydable en vrac 4\" class=\"wp-image-1867\" style=\"object-fit:cover\" srcset=\"https:\/\/www.mcallenflatware.com\/wp-content\/uploads\/2025\/03\/Wholesale-Flatware-for-Restaurants-Stainless-Steel-Cutlery-Set-In-Bulk-4.webp 800w, https:\/\/www.mcallenflatware.com\/wp-content\/uploads\/2025\/03\/Wholesale-Flatware-for-Restaurants-Stainless-Steel-Cutlery-Set-In-Bulk-4-150x150.webp 150w, https:\/\/www.mcallenflatware.com\/wp-content\/uploads\/2025\/03\/Wholesale-Flatware-for-Restaurants-Stainless-Steel-Cutlery-Set-In-Bulk-4-768x768.webp 768w, https:\/\/www.mcallenflatware.com\/wp-content\/uploads\/2025\/03\/Wholesale-Flatware-for-Restaurants-Stainless-Steel-Cutlery-Set-In-Bulk-4-12x12.webp 12w, https:\/\/www.mcallenflatware.com\/wp-content\/uploads\/2025\/03\/Wholesale-Flatware-for-Restaurants-Stainless-Steel-Cutlery-Set-In-Bulk-4-600x600.webp 600w, https:\/\/www.mcallenflatware.com\/wp-content\/uploads\/2025\/03\/Wholesale-Flatware-for-Restaurants-Stainless-Steel-Cutlery-Set-In-Bulk-4-300x300.webp 300w, https:\/\/www.mcallenflatware.com\/wp-content\/uploads\/2025\/03\/Wholesale-Flatware-for-Restaurants-Stainless-Steel-Cutlery-Set-In-Bulk-4-100x100.webp 100w\" sizes=\"(max-width: 800px) 100vw, 800px\" \/><\/figure>\n<\/div><\/div>\n<\/div>","protected":false},"excerpt":{"rendered":"<p>Bienvenue dans la vente en gros de couverts pour restaurants avec de multiples options de couleurs, en acier inoxydable de haute qualit\u00e9, durable et moderne, id\u00e9al pour les restaurants et les services de restauration. Approvisionnement direct de l'usine, meilleures remises pour les commandes personnalis\u00e9es en vrac, livraison rapide. Nous vous invitons \u00e0 nous contacter d\u00e8s maintenant !<\/p>\n<h2 id=\"block-792b966c-c506-49fa-b3c8-9881ee38a4f5\" class=\"block-editor-rich-text__editable block-editor-block-list__block wp-block is-selected wp-block-heading rich-text\" role=\"document\" aria-label=\"Bloc : Titre\" data-block=\"792b966c-c506-49fa-b3c8-9881ee38a4f5\" data-type=\"core\/heading\" data-title=\"Heading\" data-wp-block-attribute-key=\"content\">Attributs des couverts pour les restaurants<\/h2>\n<p><strong>Nom de marque :<\/strong> Mcallen<br \/><strong>Mat\u00e9riau :<\/strong> Acier inoxydable<br \/><strong>Couleur :<\/strong>\u00a0 Argent, or, noir, or rose, arc-en-ciel.<br \/><strong>Conception : <\/strong>Poign\u00e9e carr\u00e9e moderne<br \/><strong>D\u00e9lai d'ex\u00e9cution de l'\u00e9chantillon :<\/strong> Dans les 3 jours<br \/><strong>OEM\/ODM :<\/strong> Disponible<\/p>\n<h2>Couverts pour restaurants sur mesure :<\/h2>\n<p><strong>Acier inoxydable :<\/strong> Acier inoxydable 18\/10, 304, 316, 410, 430, 420<br \/><strong>Logo :<\/strong> Gravure au laser, impression par s\u00e9rigraphie\/UV\/transfert thermique, gaufrage, etc.<br \/><strong>Emballage :<\/strong> 4\/8\/12\/16\/20\/24\/45\/48\/72pcs set<br \/><strong>Finitions de surface :<\/strong> Poli miroir, mat, poli \u00e0 l'eau, rev\u00eatement titane<br \/><strong>Emballage :<\/strong> Vrac, sac OPP, bo\u00eete de couleur, bo\u00eete cadeau, sur mesure<\/p>","protected":false},"featured_media":1865,"template":"","meta":[],"product_brand":[],"product_cat":[23,29],"product_tag":[],"class_list":{"0":"post-1863","1":"product","2":"type-product","3":"status-publish","4":"has-post-thumbnail","6":"product_cat-wholesale-flatware","7":"product_cat-bulk-flatware","9":"first","10":"instock","11":"shipping-taxable","12":"product-type-simple"},"_links":{"self":[{"href":"https:\/\/www.mcallenflatware.com\/fr\/wp-json\/wp\/v2\/product\/1863","targetHints":{"allow":["GET"]}}],"collection":[{"href":"https:\/\/www.mcallenflatware.com\/fr\/wp-json\/wp\/v2\/product"}],"about":[{"href":"https:\/\/www.mcallenflatware.com\/fr\/wp-json\/wp\/v2\/types\/product"}],"wp:featuredmedia":[{"embeddable":true,"href":"https:\/\/www.mcallenflatware.com\/fr\/wp-json\/wp\/v2\/media\/1865"}],"wp:attachment":[{"href":"https:\/\/www.mcallenflatware.com\/fr\/wp-json\/wp\/v2\/media?parent=1863"}],"wp:term":[{"taxonomy":"product_brand","embeddable":true,"href":"https:\/\/www.mcallenflatware.com\/fr\/wp-json\/wp\/v2\/product_brand?post=1863"},{"taxonomy":"product_cat","embeddable":true,"href":"https:\/\/www.mcallenflatware.com\/fr\/wp-json\/wp\/v2\/product_cat?post=1863"},{"taxonomy":"product_tag","embeddable":true,"href":"https:\/\/www.mcallenflatware.com\/fr\/wp-json\/wp\/v2\/product_tag?post=1863"}],"curies":[{"name":"wp","href":"https:\/\/api.w.org\/{rel}","templated":true}]}}