{"id":1874,"date":"2025-04-19T11:47:33","date_gmt":"2025-04-19T11:47:33","guid":{"rendered":"https:\/\/www.mcallenflatware.com\/?post_type=product&#038;p=1874"},"modified":"2025-04-19T11:47:35","modified_gmt":"2025-04-19T11:47:35","slug":"bulk-stainless-steel-flatware","status":"publish","type":"product","link":"https:\/\/www.mcallenflatware.com\/fr\/product\/bulk-stainless-steel-flatware\/","title":{"rendered":"Couverts en acier inoxydable en vrac, couverts en argent et en or Wholesale"},"content":{"rendered":"<div class=\"wp-block-columns is-layout-flex wp-container-core-columns-is-layout-9d6595d7 wp-block-columns-is-layout-flex\">\n<div class=\"wp-block-column is-layout-flow wp-block-column-is-layout-flow\">\n<h2 class=\"wp-block-heading\">Couverts en acier inoxydable Caract\u00e9ristiques :<\/h2>\n\n\n\n<p><strong>Mat\u00e9riau en acier inoxydable de haute qualit\u00e9 : <\/strong>Fabriqu\u00e9 en acier inoxydable 304 ou 420 de qualit\u00e9 alimentaire, il ne se d\u00e9forme pas facilement, il est s\u00fbr et durable.<\/p>\n\n\n\n<p><strong>Proc\u00e9d\u00e9 miroir poli : <\/strong>Gr\u00e2ce \u00e0 une technologie de polissage exquise, la surface de la vaisselle est brillante et lisse, l'aspect est luxueux et la texture des couverts est am\u00e9lior\u00e9e.<\/p>\n\n\n\n<p><strong>Fusion de l'esth\u00e9tique moderne et royale :<\/strong> La sculpture unique de la ligne de la poign\u00e9e rend le produit unique et moderne, r\u00e9tro, convenant \u00e0 une vari\u00e9t\u00e9 de styles de restaurants.<\/p>\n\n\n\n<p><strong>Poign\u00e9e confortable :<\/strong> Design ergonomique en une seule pi\u00e8ce, prise en main confortable, id\u00e9al pour les mariages, les h\u00f4tels, les restaurants et les repas \u00e0 la maison.<\/p>\n\n\n\n<p><strong>Facile \u00e0 nettoyer et \u00e0 entretenir<\/strong>: Le traitement de surface tr\u00e8s brillant rend la vaisselle plus r\u00e9sistante aux taches et tr\u00e8s facile \u00e0 nettoyer. Convient aux lieux commerciaux o\u00f9 les nettoyages sont fr\u00e9quents.<\/p>\n\n\n\n<p><strong>Options personnalisables : <\/strong>Des commandes en gros sont possibles, ainsi que des options de personnalisation de la marque.<\/p>\n<\/div>\n\n\n\n<div class=\"wp-block-column is-layout-flow wp-block-column-is-layout-flow\">\n<figure class=\"wp-block-image size-full\"><img decoding=\"async\" width=\"790\" height=\"790\" src=\"https:\/\/www.mcallenflatware.com\/wp-content\/uploads\/2025\/04\/wholesale-gold-flatware-sets-for-restaurant-7-edited.webp\" alt=\"grossiste-ensembles-de-plats-d&#039;or-pour-restaurant-7\" class=\"wp-image-2019\" style=\"object-fit:cover\" srcset=\"https:\/\/www.mcallenflatware.com\/wp-content\/uploads\/2025\/04\/wholesale-gold-flatware-sets-for-restaurant-7-edited.webp 790w, https:\/\/www.mcallenflatware.com\/wp-content\/uploads\/2025\/04\/wholesale-gold-flatware-sets-for-restaurant-7-edited-150x150.webp 150w, https:\/\/www.mcallenflatware.com\/wp-content\/uploads\/2025\/04\/wholesale-gold-flatware-sets-for-restaurant-7-edited-768x768.webp 768w, https:\/\/www.mcallenflatware.com\/wp-content\/uploads\/2025\/04\/wholesale-gold-flatware-sets-for-restaurant-7-edited-12x12.webp 12w, https:\/\/www.mcallenflatware.com\/wp-content\/uploads\/2025\/04\/wholesale-gold-flatware-sets-for-restaurant-7-edited-600x600.webp 600w, https:\/\/www.mcallenflatware.com\/wp-content\/uploads\/2025\/04\/wholesale-gold-flatware-sets-for-restaurant-7-edited-300x300.webp 300w, https:\/\/www.mcallenflatware.com\/wp-content\/uploads\/2025\/04\/wholesale-gold-flatware-sets-for-restaurant-7-edited-100x100.webp 100w\" sizes=\"(max-width: 790px) 100vw, 790px\" \/><\/figure>\n<\/div>\n<\/div>","protected":false},"excerpt":{"rendered":"<p>Couverts en acier inoxydable en vrac, au design moderne et royal, convenant \u00e0 tout type de restaurant. Logo, couleur et emballage personnalisables. L'usine de Mcallen assure un approvisionnement stable et fournit des prix de gros pour les distributeurs, les grossistes, etc. Nous vous invitons \u00e0 nous contacter !<\/p>\n<h2 id=\"block-792b966c-c506-49fa-b3c8-9881ee38a4f5\" class=\"block-editor-rich-text__editable block-editor-block-list__block wp-block is-selected wp-block-heading rich-text\" role=\"document\" aria-label=\"Bloc : Titre\" data-block=\"792b966c-c506-49fa-b3c8-9881ee38a4f5\" data-type=\"core\/heading\" data-title=\"Heading\" data-wp-block-attribute-key=\"content\">Couverts en acier inoxydable Attributs :<\/h2>\n<p><strong>Nom de marque :<\/strong> Mcallen<br \/><strong>Mat\u00e9riau :<\/strong> Acier inoxydable<br \/><strong>Couleur :<\/strong>\u00a0 Argent, or<br \/><strong>Conception :<\/strong>Poign\u00e9e moderne et royale<br \/><strong>D\u00e9lai d'ex\u00e9cution de l'\u00e9chantillon :<\/strong> Dans les 3 jours<br \/><strong>OEM\/ODM :<\/strong> Disponible<\/p>\n<h2>Couverts en acier inoxydable personnalis\u00e9s :<\/h2>\n<p><strong>Acier inoxydable :<\/strong> Acier inoxydable 18\/10, 304, 316, 410, 430, 420<br \/><strong>Logo :<\/strong> Gravure au laser, impression par s\u00e9rigraphie\/UV\/transfert thermique, gaufrage, etc.<br \/><strong>Emballage :<\/strong> 4\/8\/12\/16\/20\/24\/45\/48\/72pcs set<br \/><strong>Finitions de surface :<\/strong> Poli miroir, mat, poli \u00e0 l'eau, rev\u00eatement titane<br \/><strong>Emballage :<\/strong> Vrac, sac OPP, bo\u00eete de couleur, bo\u00eete cadeau, sur mesure<\/p>","protected":false},"featured_media":2020,"template":"","meta":[],"product_brand":[],"product_cat":[23,29],"product_tag":[],"class_list":{"0":"post-1874","1":"product","2":"type-product","3":"status-publish","4":"has-post-thumbnail","6":"product_cat-wholesale-flatware","7":"product_cat-bulk-flatware","9":"first","10":"instock","11":"shipping-taxable","12":"product-type-simple"},"_links":{"self":[{"href":"https:\/\/www.mcallenflatware.com\/fr\/wp-json\/wp\/v2\/product\/1874","targetHints":{"allow":["GET"]}}],"collection":[{"href":"https:\/\/www.mcallenflatware.com\/fr\/wp-json\/wp\/v2\/product"}],"about":[{"href":"https:\/\/www.mcallenflatware.com\/fr\/wp-json\/wp\/v2\/types\/product"}],"wp:featuredmedia":[{"embeddable":true,"href":"https:\/\/www.mcallenflatware.com\/fr\/wp-json\/wp\/v2\/media\/2020"}],"wp:attachment":[{"href":"https:\/\/www.mcallenflatware.com\/fr\/wp-json\/wp\/v2\/media?parent=1874"}],"wp:term":[{"taxonomy":"product_brand","embeddable":true,"href":"https:\/\/www.mcallenflatware.com\/fr\/wp-json\/wp\/v2\/product_brand?post=1874"},{"taxonomy":"product_cat","embeddable":true,"href":"https:\/\/www.mcallenflatware.com\/fr\/wp-json\/wp\/v2\/product_cat?post=1874"},{"taxonomy":"product_tag","embeddable":true,"href":"https:\/\/www.mcallenflatware.com\/fr\/wp-json\/wp\/v2\/product_tag?post=1874"}],"curies":[{"name":"wp","href":"https:\/\/api.w.org\/{rel}","templated":true}]}}