{"id":1882,"date":"2025-04-24T16:24:57","date_gmt":"2025-04-24T16:24:57","guid":{"rendered":"https:\/\/www.mcallenflatware.com\/?post_type=product&#038;p=1882"},"modified":"2025-04-24T16:24:58","modified_gmt":"2025-04-24T16:24:58","slug":"wholesale-18-10-cutlery-set","status":"publish","type":"product","link":"https:\/\/www.mcallenflatware.com\/fr\/product\/wholesale-18-10-cutlery-set\/","title":{"rendered":"Wholesale 18\/10 Cutlery Set Stainless Steel, Hammered Silverware Set for Restaurant"},"content":{"rendered":"<div class=\"wp-block-columns is-layout-flex wp-container-core-columns-is-layout-9d6595d7 wp-block-columns-is-layout-flex\">\n<div class=\"wp-block-column is-layout-flow wp-block-column-is-layout-flow\">\n<h2 class=\"wp-block-heading\">Ensemble de couverts 18\/10 Caract\u00e9ristiques :<\/h2>\n\n\n\n<p><strong>Design vintage \u00e9l\u00e9gant<\/strong>: L'argenterie pr\u00e9sente une finition martel\u00e9e et des poign\u00e9es de style baroque, ajoutant une touche d'\u00e9l\u00e9gance antique et de sophistication \u00e0 tout d\u00e9cor de salle \u00e0 manger.<\/p>\n\n\n\n<p><strong>Convient \u00e0 une vari\u00e9t\u00e9 d'occasions :<\/strong> Qu'il s'agisse d'un banquet haut de gamme, d'un mariage, d'une f\u00eate \u00e0 th\u00e8me ou d'un cadeau de luxe, cette vaisselle peut facilement \u00eatre utilis\u00e9e et afficher un style unique.<\/p>\n\n\n\n<p><strong>Mat\u00e9riaux de haute qualit\u00e9<\/strong>l : Cet ensemble de couverts martel\u00e9s est fabriqu\u00e9 en acier inoxydable 18\/10 de haute qualit\u00e9, garantissant la durabilit\u00e9, la s\u00e9curit\u00e9 et un aspect luxueux, parfait pour un usage quotidien et les occasions sp\u00e9ciales.<\/p>\n\n\n\n<p><strong>Un travail de pr\u00e9cision<\/strong>: Chaque pi\u00e8ce est m\u00e9ticuleusement fabriqu\u00e9e avec une surface polie pour un nettoyage facile et une brillance durable, garantissant fonctionnalit\u00e9 et style.<\/p>\n\n\n\n<p><strong>Options personnalisables : <\/strong>Des commandes en gros sont possibles, ainsi que des options de personnalisation de la marque.<\/p>\n<\/div>\n\n\n\n<div class=\"wp-block-column is-layout-flow wp-block-column-is-layout-flow\"><div class=\"wp-block-image\">\n<figure class=\"aligncenter size-full\"><img decoding=\"async\" width=\"1400\" height=\"1322\" src=\"https:\/\/www.mcallenflatware.com\/wp-content\/uploads\/2025\/04\/bespoken-hammered-silverware-set-for-wedding-3.webp\" alt=\"set de vaisselle en argent martel\u00e9 pour le mariage-3\" class=\"wp-image-1885\" style=\"object-fit:cover\" srcset=\"https:\/\/www.mcallenflatware.com\/wp-content\/uploads\/2025\/04\/bespoken-hammered-silverware-set-for-wedding-3.webp 1400w, https:\/\/www.mcallenflatware.com\/wp-content\/uploads\/2025\/04\/bespoken-hammered-silverware-set-for-wedding-3-768x725.webp 768w, https:\/\/www.mcallenflatware.com\/wp-content\/uploads\/2025\/04\/bespoken-hammered-silverware-set-for-wedding-3-13x12.webp 13w, https:\/\/www.mcallenflatware.com\/wp-content\/uploads\/2025\/04\/bespoken-hammered-silverware-set-for-wedding-3-1200x1133.webp 1200w, https:\/\/www.mcallenflatware.com\/wp-content\/uploads\/2025\/04\/bespoken-hammered-silverware-set-for-wedding-3-600x567.webp 600w\" sizes=\"(max-width: 1400px) 100vw, 1400px\" \/><\/figure>\n<\/div><\/div>\n<\/div>","protected":false},"excerpt":{"rendered":"<p>Set de couverts en gros 18\/10 avec manche martel\u00e9 unique, luxueux et d\u00e9coratif, adapt\u00e9 aux mariages haut de gamme, aux restaurants, aux cadeaux, etc. Nous fournissons des services de personnalisation en gros pour aider les clients du commerce \u00e9lectronique d'Amazon \u00e0 cr\u00e9er rapidement des produits de marque. N'h\u00e9sitez pas \u00e0 nous contacter d\u00e8s maintenant !<\/p>\n<h2 id=\"block-792b966c-c506-49fa-b3c8-9881ee38a4f5\" class=\"block-editor-rich-text__editable block-editor-block-list__block wp-block is-selected wp-block-heading rich-text\" role=\"document\" aria-label=\"Bloc : Titre\" data-block=\"792b966c-c506-49fa-b3c8-9881ee38a4f5\" data-type=\"core\/heading\" data-title=\"Heading\" data-wp-block-attribute-key=\"content\">Ensemble de couverts 18\/10 Attributs :<\/h2>\n<p><strong>Nom de marque :<\/strong> Mcallen<br \/><strong>Mat\u00e9riau :<\/strong> Acier inoxydable<br \/><strong>Couleur :<\/strong>\u00a0 Argent, or<br \/><strong>Conception : <\/strong>avec poign\u00e9e martel\u00e9e<br \/><strong>D\u00e9lai d'ex\u00e9cution de l'\u00e9chantillon :<\/strong> Dans les 3 jours<br \/><strong>OEM\/ODM :<\/strong> Disponible<\/p>\n<h2>Set de couverts 18\/10 personnalis\u00e9 :<\/h2>\n<p><strong>Acier inoxydable :<\/strong> Acier inoxydable 18\/10, 304, 316, 410, 430, 420<br \/><strong>Logo :<\/strong> Gravure au laser, impression par s\u00e9rigraphie\/UV\/transfert thermique, gaufrage, etc.<br \/><strong>Emballage :<\/strong> 4\/8\/12\/16\/20\/24\/45\/48\/72pcs set<br \/><strong>Finitions de surface :<\/strong> Poli miroir, mat, poli \u00e0 l'eau, rev\u00eatement titane<br \/><strong>Emballage :<\/strong> Vrac, sac OPP, bo\u00eete de couleur, bo\u00eete cadeau, sur mesure<\/p>","protected":false},"featured_media":1883,"template":"","meta":[],"product_brand":[],"product_cat":[23,29],"product_tag":[],"class_list":{"0":"post-1882","1":"product","2":"type-product","3":"status-publish","4":"has-post-thumbnail","6":"product_cat-wholesale-flatware","7":"product_cat-bulk-flatware","9":"first","10":"instock","11":"shipping-taxable","12":"product-type-simple"},"_links":{"self":[{"href":"https:\/\/www.mcallenflatware.com\/fr\/wp-json\/wp\/v2\/product\/1882","targetHints":{"allow":["GET"]}}],"collection":[{"href":"https:\/\/www.mcallenflatware.com\/fr\/wp-json\/wp\/v2\/product"}],"about":[{"href":"https:\/\/www.mcallenflatware.com\/fr\/wp-json\/wp\/v2\/types\/product"}],"wp:featuredmedia":[{"embeddable":true,"href":"https:\/\/www.mcallenflatware.com\/fr\/wp-json\/wp\/v2\/media\/1883"}],"wp:attachment":[{"href":"https:\/\/www.mcallenflatware.com\/fr\/wp-json\/wp\/v2\/media?parent=1882"}],"wp:term":[{"taxonomy":"product_brand","embeddable":true,"href":"https:\/\/www.mcallenflatware.com\/fr\/wp-json\/wp\/v2\/product_brand?post=1882"},{"taxonomy":"product_cat","embeddable":true,"href":"https:\/\/www.mcallenflatware.com\/fr\/wp-json\/wp\/v2\/product_cat?post=1882"},{"taxonomy":"product_tag","embeddable":true,"href":"https:\/\/www.mcallenflatware.com\/fr\/wp-json\/wp\/v2\/product_tag?post=1882"}],"curies":[{"name":"wp","href":"https:\/\/api.w.org\/{rel}","templated":true}]}}