{"id":1904,"date":"2025-04-06T03:25:58","date_gmt":"2025-04-06T03:25:58","guid":{"rendered":"https:\/\/www.mcallenflatware.com\/?post_type=product&#038;p=1904"},"modified":"2025-04-24T16:04:24","modified_gmt":"2025-04-24T16:04:24","slug":"bulk-cheese-knife-set","status":"publish","type":"product","link":"https:\/\/www.mcallenflatware.com\/fr\/product\/bulk-cheese-knife-set\/","title":{"rendered":"Bulk Best Cheese Knife Set with Bamboo Handle Stainless Steel Knives Wholesale (Jeu de couteaux \u00e0 fromage avec manche en bambou en acier inoxydable)"},"content":{"rendered":"<div class=\"wp-block-columns is-layout-flex wp-container-core-columns-is-layout-9d6595d7 wp-block-columns-is-layout-flex\">\n<div class=\"wp-block-column is-layout-flow wp-block-column-is-layout-flow\">\n<h2 class=\"wp-block-heading\">Set de couteaux \u00e0 fromage Caract\u00e9ristiques :<\/h2>\n\n\n\n<p><strong>Manche en bambou respectueux de l'environnement :<\/strong> La poign\u00e9e est en bambou naturel, d'un aspect naturel et unique, v\u00e9hiculant le concept de protection de l'environnement.<\/p>\n\n\n\n<p><strong>Acier inoxydable de haute qualit\u00e9 : <\/strong>La lame est fabriqu\u00e9e en acier inoxydable de qualit\u00e9 alimentaire, durable et adapt\u00e9e \u00e0 une utilisation \u00e0 long terme.<\/p>\n\n\n\n<p><strong>Processus de polissage :<\/strong> Chaque couteau et chaque fourchette sont polis, lisses et exempts de bavures, ce qui garantit une utilisation s\u00fbre et une exp\u00e9rience de coupe de haute qualit\u00e9.<\/p>\n\n\n\n<p><strong>Combinaison fonctionnelle en cinq pi\u00e8ces<\/strong>: L'ensemble comprend un trancheur, un couteau \u00e0 copeaux, une spatule, une fourchette et un couteau \u00e0 trous, qui r\u00e9pondent aux diff\u00e9rents besoins de traitement des fromages \u00e0 p\u00e2te molle et \u00e0 p\u00e2te dure, flexibles et pratiques.<\/p>\n\n\n\n<p><strong>Application multi-sc\u00e8ne<\/strong>: Ce set de fourchettes et de couteaux convient au fromage ainsi qu'\u00e0 divers ingr\u00e9dients mous tels que le beurre, le chocolat, les noix, etc. <\/p>\n\n\n\n<p><strong>Conception portative<\/strong>: Chaque outil est con\u00e7u pour \u00eatre l\u00e9ger et facile \u00e0 tenir, adapt\u00e9 \u00e0 l'utilisation quotidienne et au transport en voyage.<\/p>\n<\/div>\n\n\n\n<div class=\"wp-block-column is-layout-flow wp-block-column-is-layout-flow\">\n<figure class=\"wp-block-image size-full\"><img decoding=\"async\" width=\"800\" height=\"800\" src=\"https:\/\/www.mcallenflatware.com\/wp-content\/uploads\/2025\/04\/Custom-Cheese-Knives-with-Natural-Bamboo-Handle-Stainless-Steel-Cutlery-Set-Wholesale-4.webp\" alt=\"Couteaux \u00e0 fromage personnalis\u00e9s avec manche en bambou naturel Set de couverts en acier inoxydable Wholesale (4)\" class=\"wp-image-1913\" srcset=\"https:\/\/www.mcallenflatware.com\/wp-content\/uploads\/2025\/04\/Custom-Cheese-Knives-with-Natural-Bamboo-Handle-Stainless-Steel-Cutlery-Set-Wholesale-4.webp 800w, https:\/\/www.mcallenflatware.com\/wp-content\/uploads\/2025\/04\/Custom-Cheese-Knives-with-Natural-Bamboo-Handle-Stainless-Steel-Cutlery-Set-Wholesale-4-150x150.webp 150w, https:\/\/www.mcallenflatware.com\/wp-content\/uploads\/2025\/04\/Custom-Cheese-Knives-with-Natural-Bamboo-Handle-Stainless-Steel-Cutlery-Set-Wholesale-4-768x768.webp 768w, https:\/\/www.mcallenflatware.com\/wp-content\/uploads\/2025\/04\/Custom-Cheese-Knives-with-Natural-Bamboo-Handle-Stainless-Steel-Cutlery-Set-Wholesale-4-12x12.webp 12w, https:\/\/www.mcallenflatware.com\/wp-content\/uploads\/2025\/04\/Custom-Cheese-Knives-with-Natural-Bamboo-Handle-Stainless-Steel-Cutlery-Set-Wholesale-4-600x600.webp 600w, https:\/\/www.mcallenflatware.com\/wp-content\/uploads\/2025\/04\/Custom-Cheese-Knives-with-Natural-Bamboo-Handle-Stainless-Steel-Cutlery-Set-Wholesale-4-300x300.webp 300w, https:\/\/www.mcallenflatware.com\/wp-content\/uploads\/2025\/04\/Custom-Cheese-Knives-with-Natural-Bamboo-Handle-Stainless-Steel-Cutlery-Set-Wholesale-4-100x100.webp 100w\" sizes=\"(max-width: 800px) 100vw, 800px\" \/><\/figure>\n<\/div>\n<\/div>","protected":false},"excerpt":{"rendered":"<p>Set de couteaux \u00e0 fromage en gros avec manche en bambou, combinaison de mat\u00e9riaux en acier inoxydable et en bambou, durable et beau. Combinaison \u00e9cologique de plusieurs couteaux, convenant \u00e0 la maison, au restaurant et \u00e0 l'h\u00f4tel. Nous fournissons des services personnalis\u00e9s et soutenons les ventes en Amazonie. N'h\u00e9sitez pas \u00e0 nous contacter pour toute demande de renseignements !<\/p>\n<h2>Set de couteaux \u00e0 fromage Attributs :<\/h2>\n<p><strong>Nom de marque :<\/strong> Mcallen<br \/><strong>Mat\u00e9riau :<\/strong> Bambou, acier inoxydable<br \/><strong>Couleur :<\/strong> Argent<br \/><strong>Polissage :<\/strong> Miroir poli<br \/><strong>D\u00e9lai d'ex\u00e9cution de l'\u00e9chantillon :<\/strong> Dans les 3 jours<br \/><strong>OEM\/ODM :<\/strong> Disponible<\/p>\n<h2>Set de couteaux \u00e0 fromage personnalis\u00e9 :<\/h2>\n<p><strong>Acier inoxydable :<\/strong> Acier inoxydable 18\/10, 304, 316, 410, 430, 420<br \/><strong>Logo :<\/strong> Gravure laser, s\u00e9rigraphie, impression UV, impression par transfert thermique, gaufrage, etc.<br \/><strong>Finitions de surface :<\/strong> Poli miroir, mat.<br \/><strong>Emballage :<\/strong> Vrac, sac OPP, bo\u00eete de couleur, bo\u00eete cadeau, sur mesure<\/p>","protected":false},"featured_media":1914,"template":"","meta":[],"product_brand":[],"product_cat":[24,31],"product_tag":[],"class_list":{"0":"post-1904","1":"product","2":"type-product","3":"status-publish","4":"has-post-thumbnail","6":"product_cat-wholesale-kitchen-utensils","7":"product_cat-wholesale-serving-utensils","9":"first","10":"instock","11":"shipping-taxable","12":"product-type-simple"},"_links":{"self":[{"href":"https:\/\/www.mcallenflatware.com\/fr\/wp-json\/wp\/v2\/product\/1904","targetHints":{"allow":["GET"]}}],"collection":[{"href":"https:\/\/www.mcallenflatware.com\/fr\/wp-json\/wp\/v2\/product"}],"about":[{"href":"https:\/\/www.mcallenflatware.com\/fr\/wp-json\/wp\/v2\/types\/product"}],"wp:featuredmedia":[{"embeddable":true,"href":"https:\/\/www.mcallenflatware.com\/fr\/wp-json\/wp\/v2\/media\/1914"}],"wp:attachment":[{"href":"https:\/\/www.mcallenflatware.com\/fr\/wp-json\/wp\/v2\/media?parent=1904"}],"wp:term":[{"taxonomy":"product_brand","embeddable":true,"href":"https:\/\/www.mcallenflatware.com\/fr\/wp-json\/wp\/v2\/product_brand?post=1904"},{"taxonomy":"product_cat","embeddable":true,"href":"https:\/\/www.mcallenflatware.com\/fr\/wp-json\/wp\/v2\/product_cat?post=1904"},{"taxonomy":"product_tag","embeddable":true,"href":"https:\/\/www.mcallenflatware.com\/fr\/wp-json\/wp\/v2\/product_tag?post=1904"}],"curies":[{"name":"wp","href":"https:\/\/api.w.org\/{rel}","templated":true}]}}