{"id":1905,"date":"2025-04-06T07:18:13","date_gmt":"2025-04-06T07:18:13","guid":{"rendered":"https:\/\/www.mcallenflatware.com\/?post_type=product&#038;p=1905"},"modified":"2025-04-24T16:16:41","modified_gmt":"2025-04-24T16:16:41","slug":"wholesale-quality-flatware","status":"publish","type":"product","link":"https:\/\/www.mcallenflatware.com\/fr\/product\/wholesale-quality-flatware\/","title":{"rendered":"Couverts de table de qualit\u00e9 en gros, couverts modernes en acier inoxydable personnalis\u00e9s"},"content":{"rendered":"<div class=\"wp-block-columns is-layout-flex wp-container-core-columns-is-layout-9d6595d7 wp-block-columns-is-layout-flex\">\n<div class=\"wp-block-column is-layout-flow wp-block-column-is-layout-flow\">\n<h2 class=\"wp-block-heading\">Couverts de qualit\u00e9 Caract\u00e9ristiques :<\/h2>\n\n\n\n<p><strong>Design moderne et minimaliste : <\/strong>Poign\u00e9e profil\u00e9e et fine, prise en main confortable et belle apparence.<\/p>\n\n\n\n<p><strong>Acier inoxydable 304 : <\/strong>Acier inoxydable de qualit\u00e9 alimentaire, r\u00e9sistant \u00e0 l'usure et \u00e0 l'oxydation, conforme aux normes internationales de s\u00e9curit\u00e9 de la restauration.<\/p>\n\n\n\n<p><strong>Finition polie miroir :<\/strong> polissage global du miroir, brillant et lisse, apportant une texture visuelle haut de gamme.<\/p>\n\n\n\n<p><strong>Fournir une vari\u00e9t\u00e9 d'options de couleurs :<\/strong> or, argent, noir, cuivre, arc-en-ciel, rouge et vert, des tons classiques et luxueux aux options de couleurs uniques et personnalis\u00e9es, et prise en charge de la personnalisation.<\/p>\n\n\n\n<p><strong>Fournir des solutions d'emballage : <\/strong>Nous proposons des LOGO personnalis\u00e9s (gravure au laser, gaufrage et autres proc\u00e9d\u00e9s), des bo\u00eetes en couleur, du papier kraft, des sacs OPP et d'autres solutions d'emballage pour r\u00e9pondre aux besoins de promotion de la marque, de cadeaux ou d'exportation.<\/p>\n\n\n\n<p><strong>Approvisionnement direct en gros, approvisionnement stable : <\/strong>Notre propre usine, qui prend en charge les commandes de gros volumes, offre un cycle de livraison stable et des prix pr\u00e9f\u00e9rentiels. Elle convient parfaitement \u00e0 l'\u00e9tablissement d'une coop\u00e9ration \u00e0 long terme avec les propri\u00e9taires de marques, les distributeurs et les grossistes.<\/p>\n<\/div>\n\n\n\n<div class=\"wp-block-column is-layout-flow wp-block-column-is-layout-flow\"><div class=\"wp-block-image\">\n<figure class=\"aligncenter size-full\"><img decoding=\"async\" width=\"800\" height=\"800\" src=\"https:\/\/www.mcallenflatware.com\/wp-content\/uploads\/2025\/04\/wholesale-quality-flatwarestainless-steel-cutlery-set-custom-4.webp\" alt=\"Couverts de table en acier inoxydable personnalis\u00e9s (4)\" class=\"wp-image-1911\" srcset=\"https:\/\/www.mcallenflatware.com\/wp-content\/uploads\/2025\/04\/wholesale-quality-flatwarestainless-steel-cutlery-set-custom-4.webp 800w, https:\/\/www.mcallenflatware.com\/wp-content\/uploads\/2025\/04\/wholesale-quality-flatwarestainless-steel-cutlery-set-custom-4-150x150.webp 150w, https:\/\/www.mcallenflatware.com\/wp-content\/uploads\/2025\/04\/wholesale-quality-flatwarestainless-steel-cutlery-set-custom-4-768x768.webp 768w, https:\/\/www.mcallenflatware.com\/wp-content\/uploads\/2025\/04\/wholesale-quality-flatwarestainless-steel-cutlery-set-custom-4-12x12.webp 12w, https:\/\/www.mcallenflatware.com\/wp-content\/uploads\/2025\/04\/wholesale-quality-flatwarestainless-steel-cutlery-set-custom-4-600x600.webp 600w, https:\/\/www.mcallenflatware.com\/wp-content\/uploads\/2025\/04\/wholesale-quality-flatwarestainless-steel-cutlery-set-custom-4-300x300.webp 300w, https:\/\/www.mcallenflatware.com\/wp-content\/uploads\/2025\/04\/wholesale-quality-flatwarestainless-steel-cutlery-set-custom-4-100x100.webp 100w\" sizes=\"(max-width: 800px) 100vw, 800px\" \/><\/figure>\n<\/div><\/div>\n<\/div>","protected":false},"excerpt":{"rendered":"<p>Ensemble de couverts en acier inoxydable de qualit\u00e9 grossiste, polis miroir, de forme moderne et a\u00e9rodynamique, avec diverses options de couleurs, convenant \u00e0 diverses sc\u00e8nes de restauration. Possibilit\u00e9 de personnaliser le logo et l'emballage. Fourniture directe par l'usine, veuillez nous contacter pour un devis !<\/p>\n<h2 id=\"block-792b966c-c506-49fa-b3c8-9881ee38a4f5\" class=\"block-editor-rich-text__editable block-editor-block-list__block wp-block is-selected wp-block-heading rich-text\" role=\"document\" aria-label=\"Bloc : Titre\" data-block=\"792b966c-c506-49fa-b3c8-9881ee38a4f5\" data-type=\"core\/heading\" data-title=\"Heading\" data-wp-block-attribute-key=\"content\">Attributs des couverts de qualit\u00e9 :<\/h2>\n<p><strong>Nom de marque :<\/strong> Mcallen<br \/><strong>Mat\u00e9riau :<\/strong> Acier inoxydable<br \/><strong>Couleur :<\/strong>\u00a0 Argent, or, noir, cuivre, arc-en-ciel, rouge et vert<br \/><strong>Conception : <\/strong> Moderne et poli miroir<br \/><strong>D\u00e9lai d'ex\u00e9cution de l'\u00e9chantillon :<\/strong> Dans les 3 jours<br \/><strong>OEM\/ODM :<\/strong> Disponible<\/p>\n<h2>Couverts de qualit\u00e9 sur mesure :<\/h2>\n<p><strong>Acier inoxydable :<\/strong> Acier inoxydable 18\/10, 304, 316, 410, 430, 420<br \/><strong>Logo :<\/strong> Gravure au laser, impression par s\u00e9rigraphie\/UV\/transfert thermique, gaufrage, etc.<br \/><strong>Emballage :<\/strong> 4\/8\/12\/16\/20\/24\/45\/48\/72pcs set<br \/><strong>Finitions de surface :<\/strong> Poli miroir, mat, poli \u00e0 l'eau, rev\u00eatement titane<br \/><strong>Emballage :<\/strong> Vrac, sac OPP, bo\u00eete de couleur, bo\u00eete cadeau, sur mesure<\/p>","protected":false},"featured_media":1908,"template":"","meta":[],"product_brand":[],"product_cat":[23,29],"product_tag":[],"class_list":{"0":"post-1905","1":"product","2":"type-product","3":"status-publish","4":"has-post-thumbnail","6":"product_cat-wholesale-flatware","7":"product_cat-bulk-flatware","9":"first","10":"instock","11":"shipping-taxable","12":"product-type-simple"},"_links":{"self":[{"href":"https:\/\/www.mcallenflatware.com\/fr\/wp-json\/wp\/v2\/product\/1905","targetHints":{"allow":["GET"]}}],"collection":[{"href":"https:\/\/www.mcallenflatware.com\/fr\/wp-json\/wp\/v2\/product"}],"about":[{"href":"https:\/\/www.mcallenflatware.com\/fr\/wp-json\/wp\/v2\/types\/product"}],"wp:featuredmedia":[{"embeddable":true,"href":"https:\/\/www.mcallenflatware.com\/fr\/wp-json\/wp\/v2\/media\/1908"}],"wp:attachment":[{"href":"https:\/\/www.mcallenflatware.com\/fr\/wp-json\/wp\/v2\/media?parent=1905"}],"wp:term":[{"taxonomy":"product_brand","embeddable":true,"href":"https:\/\/www.mcallenflatware.com\/fr\/wp-json\/wp\/v2\/product_brand?post=1905"},{"taxonomy":"product_cat","embeddable":true,"href":"https:\/\/www.mcallenflatware.com\/fr\/wp-json\/wp\/v2\/product_cat?post=1905"},{"taxonomy":"product_tag","embeddable":true,"href":"https:\/\/www.mcallenflatware.com\/fr\/wp-json\/wp\/v2\/product_tag?post=1905"}],"curies":[{"name":"wp","href":"https:\/\/api.w.org\/{rel}","templated":true}]}}