{"id":1917,"date":"2025-09-24T10:28:25","date_gmt":"2025-09-24T10:28:25","guid":{"rendered":"https:\/\/www.mcallenflatware.com\/?post_type=product&#038;p=1917"},"modified":"2025-09-24T10:39:15","modified_gmt":"2025-09-24T10:39:15","slug":"wholesale-round-spoon","status":"publish","type":"product","link":"https:\/\/www.mcallenflatware.com\/fr\/product\/wholesale-round-spoon\/","title":{"rendered":"Cuill\u00e8re ronde en gros, cuill\u00e8res de service en acier inoxydable en vrac"},"content":{"rendered":"<div class=\"wp-block-columns is-layout-flex wp-container-core-columns-is-layout-9d6595d7 wp-block-columns-is-layout-flex\">\n<div class=\"wp-block-column is-layout-flow wp-block-column-is-layout-flow\">\n<h2 class=\"wp-block-heading\">Cuill\u00e8re ronde Caract\u00e9ristiques :<\/h2>\n\n\n\n<p><strong>Poign\u00e9e martel\u00e9e brillante :<\/strong> Le manche rond de la cuill\u00e8re est martel\u00e9 et scintille d'argent, tout comme les \u00e9toiles brillantes, ce qui est tr\u00e8s luxueux et \u00e9blouissant.<\/p>\n\n\n\n<p><strong>Mat\u00e9riau de haute qualit\u00e9 : <\/strong>Fabriqu\u00e9 en acier inoxydable durable, il est s\u00fbr et non toxique, r\u00e9sistant aux temp\u00e9ratures \u00e9lev\u00e9es et \u00e0 l'usure, et peut \u00eatre lav\u00e9 au lave-vaisselle.<\/p>\n\n\n\n<p><strong>Processus de polissage de la surface brillante :<\/strong> La cuill\u00e8re ronde adopte un processus de polissage \u00e0 miroir \u00e9lev\u00e9, la surface est polie, durable et brillante, facile \u00e0 nettoyer, et poss\u00e8de \u00e0 la fois un sens pratique et un sens de la mode.<\/p>\n\n\n\n<p><strong>Utilisation multifonctionnelle : <\/strong>En plus de servir \u00e0 la pr\u00e9paration quotidienne des aliments, il peut \u00e9galement, gr\u00e2ce \u00e0 son aspect unique, \u00eatre utilis\u00e9 pour la restauration dans des lieux tels que les caf\u00e9s, afin d'am\u00e9liorer l'atmosph\u00e8re des repas.<\/p>\n\n\n\n<p><strong>Personnalisation en masse :<\/strong> Fournir un large \u00e9ventail d'options de personnalisation et de prix de gros pour cr\u00e9er une s\u00e9rie unique et attrayante de couverts en gros.<\/p>\n<\/div>\n\n\n\n<div class=\"wp-block-column is-layout-flow wp-block-column-is-layout-flow\"><div class=\"wp-block-image\">\n<figure class=\"aligncenter size-full\"><img decoding=\"async\" width=\"800\" height=\"800\" src=\"https:\/\/www.mcallenflatware.com\/wp-content\/uploads\/2025\/04\/Wholesale-Stainless-Steel-Soup-Spoon-8.webp\" alt=\"\" class=\"wp-image-1925\" style=\"object-fit:cover\" srcset=\"https:\/\/www.mcallenflatware.com\/wp-content\/uploads\/2025\/04\/Wholesale-Stainless-Steel-Soup-Spoon-8.webp 800w, https:\/\/www.mcallenflatware.com\/wp-content\/uploads\/2025\/04\/Wholesale-Stainless-Steel-Soup-Spoon-8-150x150.webp 150w, https:\/\/www.mcallenflatware.com\/wp-content\/uploads\/2025\/04\/Wholesale-Stainless-Steel-Soup-Spoon-8-768x768.webp 768w, https:\/\/www.mcallenflatware.com\/wp-content\/uploads\/2025\/04\/Wholesale-Stainless-Steel-Soup-Spoon-8-12x12.webp 12w, https:\/\/www.mcallenflatware.com\/wp-content\/uploads\/2025\/04\/Wholesale-Stainless-Steel-Soup-Spoon-8-600x600.webp 600w, https:\/\/www.mcallenflatware.com\/wp-content\/uploads\/2025\/04\/Wholesale-Stainless-Steel-Soup-Spoon-8-300x300.webp 300w, https:\/\/www.mcallenflatware.com\/wp-content\/uploads\/2025\/04\/Wholesale-Stainless-Steel-Soup-Spoon-8-100x100.webp 100w\" sizes=\"(max-width: 800px) 100vw, 800px\" \/><\/figure>\n<\/div><\/div>\n<\/div>\n\n\n\n<div class=\"wp-block-columns is-layout-flex wp-container-core-columns-is-layout-9d6595d7 wp-block-columns-is-layout-flex\">\n<div class=\"wp-block-column is-layout-flow wp-block-column-is-layout-flow\">\n<figure class=\"wp-block-image size-full\"><img decoding=\"async\" width=\"800\" height=\"800\" src=\"https:\/\/www.mcallenflatware.com\/wp-content\/uploads\/2025\/04\/Wholesale-Stainless-Steel-Soup-Spoon-4.webp\" alt=\"Wholesale Stainless Steel Spoon (cuill\u00e8re en acier inoxydable)\" class=\"wp-image-1921\" srcset=\"https:\/\/www.mcallenflatware.com\/wp-content\/uploads\/2025\/04\/Wholesale-Stainless-Steel-Soup-Spoon-4.webp 800w, https:\/\/www.mcallenflatware.com\/wp-content\/uploads\/2025\/04\/Wholesale-Stainless-Steel-Soup-Spoon-4-150x150.webp 150w, https:\/\/www.mcallenflatware.com\/wp-content\/uploads\/2025\/04\/Wholesale-Stainless-Steel-Soup-Spoon-4-768x768.webp 768w, https:\/\/www.mcallenflatware.com\/wp-content\/uploads\/2025\/04\/Wholesale-Stainless-Steel-Soup-Spoon-4-12x12.webp 12w, https:\/\/www.mcallenflatware.com\/wp-content\/uploads\/2025\/04\/Wholesale-Stainless-Steel-Soup-Spoon-4-600x600.webp 600w, https:\/\/www.mcallenflatware.com\/wp-content\/uploads\/2025\/04\/Wholesale-Stainless-Steel-Soup-Spoon-4-300x300.webp 300w, https:\/\/www.mcallenflatware.com\/wp-content\/uploads\/2025\/04\/Wholesale-Stainless-Steel-Soup-Spoon-4-100x100.webp 100w\" sizes=\"(max-width: 800px) 100vw, 800px\" \/><\/figure>\n<\/div>\n\n\n\n<div class=\"wp-block-column is-layout-flow wp-block-column-is-layout-flow\">\n<figure class=\"wp-block-image size-full\"><img decoding=\"async\" width=\"800\" height=\"800\" src=\"https:\/\/www.mcallenflatware.com\/wp-content\/uploads\/2025\/04\/Wholesale-Stainless-Steel-Soup-Spoon-3.webp\" alt=\"Wholesale Stainless Steel Spoon (cuill\u00e8re en acier inoxydable)\" class=\"wp-image-1920\" srcset=\"https:\/\/www.mcallenflatware.com\/wp-content\/uploads\/2025\/04\/Wholesale-Stainless-Steel-Soup-Spoon-3.webp 800w, https:\/\/www.mcallenflatware.com\/wp-content\/uploads\/2025\/04\/Wholesale-Stainless-Steel-Soup-Spoon-3-150x150.webp 150w, https:\/\/www.mcallenflatware.com\/wp-content\/uploads\/2025\/04\/Wholesale-Stainless-Steel-Soup-Spoon-3-768x768.webp 768w, https:\/\/www.mcallenflatware.com\/wp-content\/uploads\/2025\/04\/Wholesale-Stainless-Steel-Soup-Spoon-3-12x12.webp 12w, https:\/\/www.mcallenflatware.com\/wp-content\/uploads\/2025\/04\/Wholesale-Stainless-Steel-Soup-Spoon-3-600x600.webp 600w, https:\/\/www.mcallenflatware.com\/wp-content\/uploads\/2025\/04\/Wholesale-Stainless-Steel-Soup-Spoon-3-300x300.webp 300w, https:\/\/www.mcallenflatware.com\/wp-content\/uploads\/2025\/04\/Wholesale-Stainless-Steel-Soup-Spoon-3-100x100.webp 100w\" sizes=\"(max-width: 800px) 100vw, 800px\" \/><\/figure>\n<\/div>\n\n\n\n<div class=\"wp-block-column is-layout-flow wp-block-column-is-layout-flow\">\n<figure class=\"wp-block-image size-full\"><img decoding=\"async\" width=\"800\" height=\"800\" src=\"https:\/\/www.mcallenflatware.com\/wp-content\/uploads\/2025\/04\/Wholesale-Stainless-Steel-Soup-Spoon-2.webp\" alt=\"Wholesale Stainless Steel Spoon (cuill\u00e8re en acier inoxydable)\" class=\"wp-image-1919\" srcset=\"https:\/\/www.mcallenflatware.com\/wp-content\/uploads\/2025\/04\/Wholesale-Stainless-Steel-Soup-Spoon-2.webp 800w, https:\/\/www.mcallenflatware.com\/wp-content\/uploads\/2025\/04\/Wholesale-Stainless-Steel-Soup-Spoon-2-150x150.webp 150w, https:\/\/www.mcallenflatware.com\/wp-content\/uploads\/2025\/04\/Wholesale-Stainless-Steel-Soup-Spoon-2-768x768.webp 768w, https:\/\/www.mcallenflatware.com\/wp-content\/uploads\/2025\/04\/Wholesale-Stainless-Steel-Soup-Spoon-2-12x12.webp 12w, https:\/\/www.mcallenflatware.com\/wp-content\/uploads\/2025\/04\/Wholesale-Stainless-Steel-Soup-Spoon-2-600x600.webp 600w, https:\/\/www.mcallenflatware.com\/wp-content\/uploads\/2025\/04\/Wholesale-Stainless-Steel-Soup-Spoon-2-300x300.webp 300w, https:\/\/www.mcallenflatware.com\/wp-content\/uploads\/2025\/04\/Wholesale-Stainless-Steel-Soup-Spoon-2-100x100.webp 100w\" sizes=\"(max-width: 800px) 100vw, 800px\" \/><\/figure>\n<\/div>\n<\/div>","protected":false},"excerpt":{"rendered":"<p>Nous vous invitons \u00e0 personnaliser les cuill\u00e8res rondes en gros, avec une sculpture exquise au marteau, un manche en forme de diamant brillant, luxueux et \u00e0 la mode, adapt\u00e9 aux desserts, aux cr\u00e8mes glac\u00e9es, etc. Prix d'usine, support OEM et ODM, nous vous invitons \u00e0 nous demander des \u00e9chantillons gratuits !<\/p>\n<h2>Cuill\u00e8re ronde Attributs :<\/h2>\n<p><strong>Nom de marque :<\/strong> Mcallen<br \/><strong>Mat\u00e9riau :<\/strong> Acier inoxydable<br \/><strong>Couleur : <\/strong>Argent<br \/><strong>Conception :<\/strong> Poign\u00e9e martel\u00e9e<br \/><strong>D\u00e9lai d'ex\u00e9cution de l'\u00e9chantillon :<\/strong> Dans les 3 jours<br \/><strong>OEM\/ODM :<\/strong> Disponible<\/p>\n<h2>Cuill\u00e8re ronde personnalis\u00e9e :<\/h2>\n<p><strong>Acier inoxydable :<\/strong> Acier inoxydable 18\/10, 304, 316, 410, 430, 420<br \/><strong>Logo :<\/strong> Gravure laser, s\u00e9rigraphie, impression UV, impression par transfert thermique, gaufrage, etc.<br \/><strong>Emballage :<\/strong> 4\/8\/12\/16\/20\/24\/45\/48\/72pcs set<br \/><strong>Finitions de surface :<\/strong> Poli miroir, mat, poli \u00e0 l'eau, rev\u00eatement titane<br \/><strong>Emballage :<\/strong> Vrac, sac opp, bo\u00eete de couleur, bo\u00eete cadeau, sur mesure<\/p>","protected":false},"featured_media":1921,"template":"","meta":[],"product_brand":[],"product_cat":[23,38],"product_tag":[],"class_list":{"0":"post-1917","1":"product","2":"type-product","3":"status-publish","4":"has-post-thumbnail","6":"product_cat-wholesale-flatware","7":"product_cat-stainless-steel-spoons-wholesale","9":"first","10":"instock","11":"shipping-taxable","12":"product-type-simple"},"_links":{"self":[{"href":"https:\/\/www.mcallenflatware.com\/fr\/wp-json\/wp\/v2\/product\/1917","targetHints":{"allow":["GET"]}}],"collection":[{"href":"https:\/\/www.mcallenflatware.com\/fr\/wp-json\/wp\/v2\/product"}],"about":[{"href":"https:\/\/www.mcallenflatware.com\/fr\/wp-json\/wp\/v2\/types\/product"}],"wp:featuredmedia":[{"embeddable":true,"href":"https:\/\/www.mcallenflatware.com\/fr\/wp-json\/wp\/v2\/media\/1921"}],"wp:attachment":[{"href":"https:\/\/www.mcallenflatware.com\/fr\/wp-json\/wp\/v2\/media?parent=1917"}],"wp:term":[{"taxonomy":"product_brand","embeddable":true,"href":"https:\/\/www.mcallenflatware.com\/fr\/wp-json\/wp\/v2\/product_brand?post=1917"},{"taxonomy":"product_cat","embeddable":true,"href":"https:\/\/www.mcallenflatware.com\/fr\/wp-json\/wp\/v2\/product_cat?post=1917"},{"taxonomy":"product_tag","embeddable":true,"href":"https:\/\/www.mcallenflatware.com\/fr\/wp-json\/wp\/v2\/product_tag?post=1917"}],"curies":[{"name":"wp","href":"https:\/\/api.w.org\/{rel}","templated":true}]}}