{"id":1973,"date":"2025-04-19T10:30:14","date_gmt":"2025-04-19T10:30:14","guid":{"rendered":"https:\/\/www.mcallenflatware.com\/?post_type=product&#038;p=1973"},"modified":"2025-04-19T10:36:49","modified_gmt":"2025-04-19T10:36:49","slug":"wholesale-ice-cream-spoons","status":"publish","type":"product","link":"https:\/\/www.mcallenflatware.com\/fr\/product\/wholesale-ice-cream-spoons\/","title":{"rendered":"Cuill\u00e8res \u00e0 cr\u00e8me glac\u00e9e en gros, fourchette \u00e0 dessert en acier inoxydable en vrac"},"content":{"rendered":"<div class=\"wp-block-columns is-layout-flex wp-container-core-columns-is-layout-9d6595d7 wp-block-columns-is-layout-flex\">\n<div class=\"wp-block-column is-layout-flow wp-block-column-is-layout-flow\">\n<h2 class=\"wp-block-heading\">Cuill\u00e8res \u00e0 cr\u00e8me glac\u00e9e Caract\u00e9ristiques :<\/h2>\n\n\n\n<p><strong>Poign\u00e9e martel\u00e9e brillante :<\/strong> Le manche de la cuill\u00e8re \u00e0 caf\u00e9 est martel\u00e9 et scintille d'argent, tout comme les \u00e9toiles brillantes, ce qui est tr\u00e8s luxueux et \u00e9blouissant.<\/p>\n\n\n\n<p><strong>Mat\u00e9riau de haute qualit\u00e9 : <\/strong>Fabriqu\u00e9 en acier inoxydable durable, il est s\u00fbr et non toxique, r\u00e9sistant aux temp\u00e9ratures \u00e9lev\u00e9es et \u00e0 l'usure, et peut \u00eatre lav\u00e9 au lave-vaisselle.<\/p>\n\n\n\n<p><strong>Processus de polissage de la surface brillante :<\/strong> La cuill\u00e8re \u00e0 caf\u00e9 adopte un processus de polissage par miroir, la surface est polie, durable et brillante, facile \u00e0 nettoyer, et pr\u00e9sente \u00e0 la fois un sens pratique et un sens de la mode.<\/p>\n\n\n\n<p><strong>Utilisation multifonctionnelle : <\/strong>En plus de servir \u00e0 la pr\u00e9paration quotidienne des aliments, il peut \u00e9galement, gr\u00e2ce \u00e0 son aspect unique, \u00eatre utilis\u00e9 pour la restauration dans des lieux tels que les caf\u00e9s, afin d'am\u00e9liorer l'atmosph\u00e8re des repas.<\/p>\n\n\n\n<p><strong>Personnalisation en masse :<\/strong> Fournir un large \u00e9ventail d'options de personnalisation et de prix de gros pour cr\u00e9er une s\u00e9rie unique et attrayante de couverts en gros.<\/p>\n<\/div>\n\n\n\n<div class=\"wp-block-column is-layout-flow wp-block-column-is-layout-flow\"><div class=\"wp-block-image\">\n<figure class=\"aligncenter size-full\"><img decoding=\"async\" width=\"800\" height=\"800\" src=\"https:\/\/www.mcallenflatware.com\/wp-content\/uploads\/2025\/04\/Hammered-Wholesale-Japanese-Stainless-Steel-Dessert-Spoon-Set-1.webp\" alt=\"Hammered-Grossiste-Japonais-Acier inoxydable-Cuill\u00e8re \u00e0 dessert-Set-1\" class=\"wp-image-1974\" style=\"object-fit:cover\" srcset=\"https:\/\/www.mcallenflatware.com\/wp-content\/uploads\/2025\/04\/Hammered-Wholesale-Japanese-Stainless-Steel-Dessert-Spoon-Set-1.webp 800w, https:\/\/www.mcallenflatware.com\/wp-content\/uploads\/2025\/04\/Hammered-Wholesale-Japanese-Stainless-Steel-Dessert-Spoon-Set-1-150x150.webp 150w, https:\/\/www.mcallenflatware.com\/wp-content\/uploads\/2025\/04\/Hammered-Wholesale-Japanese-Stainless-Steel-Dessert-Spoon-Set-1-768x768.webp 768w, https:\/\/www.mcallenflatware.com\/wp-content\/uploads\/2025\/04\/Hammered-Wholesale-Japanese-Stainless-Steel-Dessert-Spoon-Set-1-12x12.webp 12w, https:\/\/www.mcallenflatware.com\/wp-content\/uploads\/2025\/04\/Hammered-Wholesale-Japanese-Stainless-Steel-Dessert-Spoon-Set-1-600x600.webp 600w, https:\/\/www.mcallenflatware.com\/wp-content\/uploads\/2025\/04\/Hammered-Wholesale-Japanese-Stainless-Steel-Dessert-Spoon-Set-1-300x300.webp 300w, https:\/\/www.mcallenflatware.com\/wp-content\/uploads\/2025\/04\/Hammered-Wholesale-Japanese-Stainless-Steel-Dessert-Spoon-Set-1-100x100.webp 100w\" sizes=\"(max-width: 800px) 100vw, 800px\" \/><\/figure>\n<\/div><\/div>\n<\/div>\n\n\n\n<div class=\"wp-block-columns is-layout-flex wp-container-core-columns-is-layout-9d6595d7 wp-block-columns-is-layout-flex\">\n<div class=\"wp-block-column is-layout-flow wp-block-column-is-layout-flow\">\n<figure class=\"wp-block-image size-full\"><img decoding=\"async\" width=\"800\" height=\"800\" src=\"https:\/\/www.mcallenflatware.com\/wp-content\/uploads\/2025\/04\/Hammered-Wholesale-Japanese-Stainless-Steel-Dessert-Spoon-Set-5.webp\" alt=\"Hammered-Grossiste-Japonais-Acier inoxydable-Cuill\u00e8re \u00e0 dessert-Set-5\" class=\"wp-image-1978\" srcset=\"https:\/\/www.mcallenflatware.com\/wp-content\/uploads\/2025\/04\/Hammered-Wholesale-Japanese-Stainless-Steel-Dessert-Spoon-Set-5.webp 800w, https:\/\/www.mcallenflatware.com\/wp-content\/uploads\/2025\/04\/Hammered-Wholesale-Japanese-Stainless-Steel-Dessert-Spoon-Set-5-150x150.webp 150w, https:\/\/www.mcallenflatware.com\/wp-content\/uploads\/2025\/04\/Hammered-Wholesale-Japanese-Stainless-Steel-Dessert-Spoon-Set-5-768x768.webp 768w, https:\/\/www.mcallenflatware.com\/wp-content\/uploads\/2025\/04\/Hammered-Wholesale-Japanese-Stainless-Steel-Dessert-Spoon-Set-5-12x12.webp 12w, https:\/\/www.mcallenflatware.com\/wp-content\/uploads\/2025\/04\/Hammered-Wholesale-Japanese-Stainless-Steel-Dessert-Spoon-Set-5-600x600.webp 600w, https:\/\/www.mcallenflatware.com\/wp-content\/uploads\/2025\/04\/Hammered-Wholesale-Japanese-Stainless-Steel-Dessert-Spoon-Set-5-300x300.webp 300w, https:\/\/www.mcallenflatware.com\/wp-content\/uploads\/2025\/04\/Hammered-Wholesale-Japanese-Stainless-Steel-Dessert-Spoon-Set-5-100x100.webp 100w\" sizes=\"(max-width: 800px) 100vw, 800px\" \/><\/figure>\n<\/div>\n\n\n\n<div class=\"wp-block-column is-layout-flow wp-block-column-is-layout-flow\">\n<figure class=\"wp-block-image size-full\"><img decoding=\"async\" width=\"800\" height=\"800\" src=\"https:\/\/www.mcallenflatware.com\/wp-content\/uploads\/2025\/04\/Hammered-Wholesale-Japanese-Stainless-Steel-Dessert-Spoon-Set-2.webp\" alt=\"Wholesale Ice Cream Spoons Dessert Fork Stainless Steel Bulk (Cuill\u00e8res \u00e0 cr\u00e8me glac\u00e9e Fourchette \u00e0 dessert en acier inoxydable en vrac)\" class=\"wp-image-1975\" style=\"aspect-ratio:1;object-fit:cover\" srcset=\"https:\/\/www.mcallenflatware.com\/wp-content\/uploads\/2025\/04\/Hammered-Wholesale-Japanese-Stainless-Steel-Dessert-Spoon-Set-2.webp 800w, https:\/\/www.mcallenflatware.com\/wp-content\/uploads\/2025\/04\/Hammered-Wholesale-Japanese-Stainless-Steel-Dessert-Spoon-Set-2-150x150.webp 150w, https:\/\/www.mcallenflatware.com\/wp-content\/uploads\/2025\/04\/Hammered-Wholesale-Japanese-Stainless-Steel-Dessert-Spoon-Set-2-768x768.webp 768w, https:\/\/www.mcallenflatware.com\/wp-content\/uploads\/2025\/04\/Hammered-Wholesale-Japanese-Stainless-Steel-Dessert-Spoon-Set-2-12x12.webp 12w, https:\/\/www.mcallenflatware.com\/wp-content\/uploads\/2025\/04\/Hammered-Wholesale-Japanese-Stainless-Steel-Dessert-Spoon-Set-2-600x600.webp 600w, https:\/\/www.mcallenflatware.com\/wp-content\/uploads\/2025\/04\/Hammered-Wholesale-Japanese-Stainless-Steel-Dessert-Spoon-Set-2-300x300.webp 300w, https:\/\/www.mcallenflatware.com\/wp-content\/uploads\/2025\/04\/Hammered-Wholesale-Japanese-Stainless-Steel-Dessert-Spoon-Set-2-100x100.webp 100w\" sizes=\"(max-width: 800px) 100vw, 800px\" \/><\/figure>\n<\/div>\n\n\n\n<div class=\"wp-block-column is-layout-flow wp-block-column-is-layout-flow\">\n<figure class=\"wp-block-image size-full\"><img decoding=\"async\" width=\"763\" height=\"1017\" src=\"https:\/\/www.mcallenflatware.com\/wp-content\/uploads\/2025\/04\/Hammered-Wholesale-Japanese-Stainless-Steel-Dessert-Spoon-Set-8-edited.webp\" alt=\"Wholesale Ice Cream Spoons Dessert Fork Stainless Steel Bulk (Cuill\u00e8res \u00e0 cr\u00e8me glac\u00e9e Fourchette \u00e0 dessert en acier inoxydable en vrac)\" class=\"wp-image-1983\" style=\"aspect-ratio:1;object-fit:cover\" srcset=\"https:\/\/www.mcallenflatware.com\/wp-content\/uploads\/2025\/04\/Hammered-Wholesale-Japanese-Stainless-Steel-Dessert-Spoon-Set-8-edited.webp 763w, https:\/\/www.mcallenflatware.com\/wp-content\/uploads\/2025\/04\/Hammered-Wholesale-Japanese-Stainless-Steel-Dessert-Spoon-Set-8-edited-9x12.webp 9w, https:\/\/www.mcallenflatware.com\/wp-content\/uploads\/2025\/04\/Hammered-Wholesale-Japanese-Stainless-Steel-Dessert-Spoon-Set-8-edited-600x800.webp 600w\" sizes=\"(max-width: 763px) 100vw, 763px\" \/><\/figure>\n<\/div>\n<\/div>","protected":false},"excerpt":{"rendered":"<p>Nous vous invitons \u00e0 personnaliser les cuill\u00e8res \u00e0 glace et les fourchettes \u00e0 dessert en gros. Le design de la sculpture du marteau du manche brille comme un diamant, luxueux et \u00e0 la mode, il convient aux desserts, aux glaces, aux fruits, etc. Prix d'usine, support OEM et ODM, nous vous invitons \u00e0 demander des \u00e9chantillons gratuits !<\/p>\n<h2>Cuill\u00e8res \u00e0 glace Attributs :<\/h2>\n<p><strong>Nom de marque :<\/strong> Mcallen<br \/><strong>Mat\u00e9riau :<\/strong> Acier inoxydable<br \/><strong>Couleur : <\/strong>Argent, Glod<br \/><strong>Conception :<\/strong> Poign\u00e9e martel\u00e9e<br \/><strong>D\u00e9lai d'ex\u00e9cution de l'\u00e9chantillon :<\/strong> Dans les 3 jours<br \/><strong>OEM\/ODM :<\/strong> Disponible<\/p>\n<h2>Cuill\u00e8res \u00e0 glace personnalis\u00e9es :<\/h2>\n<p><strong>Acier inoxydable :<\/strong> Acier inoxydable 18\/10, 304, 316, 410, 430, 420<br \/><strong>Logo :<\/strong> Gravure laser, s\u00e9rigraphie, impression UV, impression par transfert thermique, gaufrage, etc.<br \/><strong>Finitions de surface :<\/strong> Poli miroir, mat, poli \u00e0 l'eau, rev\u00eatement titane<br \/><strong>Emballage :<\/strong> Vrac, sac opp, bo\u00eete de couleur, bo\u00eete cadeau, sur mesure<\/p>","protected":false},"featured_media":1976,"template":"","meta":[],"product_brand":[],"product_cat":[23,38],"product_tag":[],"class_list":{"0":"post-1973","1":"product","2":"type-product","3":"status-publish","4":"has-post-thumbnail","6":"product_cat-wholesale-flatware","7":"product_cat-stainless-steel-spoons-wholesale","9":"first","10":"instock","11":"shipping-taxable","12":"product-type-simple"},"_links":{"self":[{"href":"https:\/\/www.mcallenflatware.com\/fr\/wp-json\/wp\/v2\/product\/1973","targetHints":{"allow":["GET"]}}],"collection":[{"href":"https:\/\/www.mcallenflatware.com\/fr\/wp-json\/wp\/v2\/product"}],"about":[{"href":"https:\/\/www.mcallenflatware.com\/fr\/wp-json\/wp\/v2\/types\/product"}],"wp:featuredmedia":[{"embeddable":true,"href":"https:\/\/www.mcallenflatware.com\/fr\/wp-json\/wp\/v2\/media\/1976"}],"wp:attachment":[{"href":"https:\/\/www.mcallenflatware.com\/fr\/wp-json\/wp\/v2\/media?parent=1973"}],"wp:term":[{"taxonomy":"product_brand","embeddable":true,"href":"https:\/\/www.mcallenflatware.com\/fr\/wp-json\/wp\/v2\/product_brand?post=1973"},{"taxonomy":"product_cat","embeddable":true,"href":"https:\/\/www.mcallenflatware.com\/fr\/wp-json\/wp\/v2\/product_cat?post=1973"},{"taxonomy":"product_tag","embeddable":true,"href":"https:\/\/www.mcallenflatware.com\/fr\/wp-json\/wp\/v2\/product_tag?post=1973"}],"curies":[{"name":"wp","href":"https:\/\/api.w.org\/{rel}","templated":true}]}}