{"id":1985,"date":"2025-04-19T10:11:54","date_gmt":"2025-04-19T10:11:54","guid":{"rendered":"https:\/\/www.mcallenflatware.com\/?post_type=product&#038;p=1985"},"modified":"2025-04-19T10:11:55","modified_gmt":"2025-04-19T10:11:55","slug":"wholesale-luxury-cutlery-set","status":"publish","type":"product","link":"https:\/\/www.mcallenflatware.com\/fr\/product\/wholesale-luxury-cutlery-set\/","title":{"rendered":"Set de couverts de luxe en gros, couverts en acier inoxydable personnalis\u00e9s"},"content":{"rendered":"<div class=\"wp-block-columns is-layout-flex wp-container-core-columns-is-layout-9d6595d7 wp-block-columns-is-layout-flex\">\n<div class=\"wp-block-column is-layout-flow wp-block-column-is-layout-flow\">\n<div class=\"wp-block-columns is-layout-flex wp-container-core-columns-is-layout-9d6595d7 wp-block-columns-is-layout-flex\">\n<div class=\"wp-block-column is-layout-flow wp-block-column-is-layout-flow\">\n<h2 class=\"wp-block-heading\">Set de couverts de luxe Caract\u00e9ristiques :<\/h2>\n\n\n\n<p><strong>Gravure luxueuse : <\/strong>Le manche est d\u00e9licieusement grav\u00e9 de lignes luxueuses, avec une bordure dor\u00e9e et des motifs embellis, ce qui rend l'ensemble de couverts encore plus luxueux et haut de gamme.<\/p>\n\n\n\n<p><strong>Mat\u00e9riau en acier inoxydable de qualit\u00e9 alimentaire : <\/strong>Fabriqu\u00e9 en acier inoxydable 304, il pr\u00e9sente une excellente r\u00e9sistance \u00e0 la corrosion et \u00e0 l'oxydation et r\u00e9pond aux normes internationales de s\u00e9curit\u00e9 dans la restauration.<\/p>\n\n\n\n<p><strong>Polissage du miroir :<\/strong> La surface globale est polie miroir, la surface brillante est lisse et apporte une texture visuelle haut de gamme.<\/p>\n\n\n\n<p><strong>Options classiques or et argent : <\/strong>Avec ses options or luxueux et argent moderne, il convient aux diff\u00e9rents styles de restauration.<\/p>\n\n\n\n<p><strong>Services personnalis\u00e9s OEM et ODM : <\/strong>), fournir des bo\u00eetes en couleur, du papier kraft, des sacs OPP et d'autres solutions d'emballage pour r\u00e9pondre aux besoins de la promotion de la marque, des cadeaux ou de l'exportation.<\/p>\n\n\n\n<p><strong>Approvisionnement direct en gros, d\u00e9lais de livraison stables : <\/strong>Avec sa propre usine, elle prend en charge les commandes de gros volumes, les cycles de livraison stables, les prix comp\u00e9titifs, et convient \u00e0 une coop\u00e9ration \u00e0 long terme avec les marques, les distributeurs et les grossistes.<\/p>\n<\/div>\n\n\n\n<div class=\"wp-block-column is-layout-flow wp-block-column-is-layout-flow\">\n<figure class=\"wp-block-image size-full\"><img decoding=\"async\" width=\"1200\" height=\"1362\" src=\"https:\/\/www.mcallenflatware.com\/wp-content\/uploads\/2025\/04\/Wholasale-Luxury-Stainless-Steel-Gold-Silverware-Bulk-1.webp\" alt=\"Wholasale-Luxe-Instruments en acier inoxydable-Or-Argenterie-Bulk-1\" class=\"wp-image-1986\" srcset=\"https:\/\/www.mcallenflatware.com\/wp-content\/uploads\/2025\/04\/Wholasale-Luxury-Stainless-Steel-Gold-Silverware-Bulk-1.webp 1200w, https:\/\/www.mcallenflatware.com\/wp-content\/uploads\/2025\/04\/Wholasale-Luxury-Stainless-Steel-Gold-Silverware-Bulk-1-768x872.webp 768w, https:\/\/www.mcallenflatware.com\/wp-content\/uploads\/2025\/04\/Wholasale-Luxury-Stainless-Steel-Gold-Silverware-Bulk-1-11x12.webp 11w, https:\/\/www.mcallenflatware.com\/wp-content\/uploads\/2025\/04\/Wholasale-Luxury-Stainless-Steel-Gold-Silverware-Bulk-1-600x681.webp 600w\" sizes=\"(max-width: 1200px) 100vw, 1200px\" \/><\/figure>\n<\/div>\n<\/div>\n\n\n\n<div class=\"wp-block-columns is-layout-flex wp-container-core-columns-is-layout-9d6595d7 wp-block-columns-is-layout-flex\">\n<div class=\"wp-block-column is-layout-flow wp-block-column-is-layout-flow\">\n<figure class=\"wp-block-image size-full\"><img decoding=\"async\" width=\"1200\" height=\"1136\" src=\"https:\/\/www.mcallenflatware.com\/wp-content\/uploads\/2025\/04\/Wholasale-Luxury-Stainless-Steel-Gold-Silverware-Bulk-9.webp\" alt=\"Wholasale-Luxe-Acier inoxydable-Or-Argenterie-Bulk-9\" class=\"wp-image-1993\" style=\"aspect-ratio:1;object-fit:cover\" srcset=\"https:\/\/www.mcallenflatware.com\/wp-content\/uploads\/2025\/04\/Wholasale-Luxury-Stainless-Steel-Gold-Silverware-Bulk-9.webp 1200w, https:\/\/www.mcallenflatware.com\/wp-content\/uploads\/2025\/04\/Wholasale-Luxury-Stainless-Steel-Gold-Silverware-Bulk-9-768x727.webp 768w, https:\/\/www.mcallenflatware.com\/wp-content\/uploads\/2025\/04\/Wholasale-Luxury-Stainless-Steel-Gold-Silverware-Bulk-9-13x12.webp 13w, https:\/\/www.mcallenflatware.com\/wp-content\/uploads\/2025\/04\/Wholasale-Luxury-Stainless-Steel-Gold-Silverware-Bulk-9-600x568.webp 600w\" sizes=\"(max-width: 1200px) 100vw, 1200px\" \/><\/figure>\n<\/div>\n\n\n\n<div class=\"wp-block-column is-layout-flow wp-block-column-is-layout-flow\">\n<figure class=\"wp-block-image size-full\"><img decoding=\"async\" width=\"1200\" height=\"1200\" src=\"https:\/\/www.mcallenflatware.com\/wp-content\/uploads\/2025\/04\/Wholasale-Luxury-Stainless-Steel-Gold-Silverware-Bulk-2.webp\" alt=\"Wholasale-Luxe-Acier inoxydable-Or-Argenterie-Bulk-2\" class=\"wp-image-1987\" srcset=\"https:\/\/www.mcallenflatware.com\/wp-content\/uploads\/2025\/04\/Wholasale-Luxury-Stainless-Steel-Gold-Silverware-Bulk-2.webp 1200w, https:\/\/www.mcallenflatware.com\/wp-content\/uploads\/2025\/04\/Wholasale-Luxury-Stainless-Steel-Gold-Silverware-Bulk-2-150x150.webp 150w, https:\/\/www.mcallenflatware.com\/wp-content\/uploads\/2025\/04\/Wholasale-Luxury-Stainless-Steel-Gold-Silverware-Bulk-2-768x768.webp 768w, https:\/\/www.mcallenflatware.com\/wp-content\/uploads\/2025\/04\/Wholasale-Luxury-Stainless-Steel-Gold-Silverware-Bulk-2-12x12.webp 12w, https:\/\/www.mcallenflatware.com\/wp-content\/uploads\/2025\/04\/Wholasale-Luxury-Stainless-Steel-Gold-Silverware-Bulk-2-600x600.webp 600w, https:\/\/www.mcallenflatware.com\/wp-content\/uploads\/2025\/04\/Wholasale-Luxury-Stainless-Steel-Gold-Silverware-Bulk-2-300x300.webp 300w, https:\/\/www.mcallenflatware.com\/wp-content\/uploads\/2025\/04\/Wholasale-Luxury-Stainless-Steel-Gold-Silverware-Bulk-2-100x100.webp 100w\" sizes=\"(max-width: 1200px) 100vw, 1200px\" \/><\/figure>\n<\/div>\n\n\n\n<div class=\"wp-block-column is-layout-flow wp-block-column-is-layout-flow\">\n<figure class=\"wp-block-image size-full\"><img decoding=\"async\" width=\"1200\" height=\"1152\" src=\"https:\/\/www.mcallenflatware.com\/wp-content\/uploads\/2025\/04\/Wholasale-Luxury-Stainless-Steel-Gold-Silverware-Bulk-5.webp\" alt=\"Wholasale-Luxury-Stainless-Steel-Gold-Silverware-Bulk-5\" class=\"wp-image-1990\" style=\"aspect-ratio:1;object-fit:cover\" srcset=\"https:\/\/www.mcallenflatware.com\/wp-content\/uploads\/2025\/04\/Wholasale-Luxury-Stainless-Steel-Gold-Silverware-Bulk-5.webp 1200w, https:\/\/www.mcallenflatware.com\/wp-content\/uploads\/2025\/04\/Wholasale-Luxury-Stainless-Steel-Gold-Silverware-Bulk-5-768x737.webp 768w, https:\/\/www.mcallenflatware.com\/wp-content\/uploads\/2025\/04\/Wholasale-Luxury-Stainless-Steel-Gold-Silverware-Bulk-5-13x12.webp 13w, https:\/\/www.mcallenflatware.com\/wp-content\/uploads\/2025\/04\/Wholasale-Luxury-Stainless-Steel-Gold-Silverware-Bulk-5-600x576.webp 600w\" sizes=\"(max-width: 1200px) 100vw, 1200px\" \/><\/figure>\n<\/div>\n<\/div>\n<\/div>\n<\/div>","protected":false},"excerpt":{"rendered":"<p>Bienvenue sur le march\u00e9 de la vente en gros et de la personnalisation d'ensembles de couverts de luxe, poign\u00e9e au design unique, options or et argent, convenant aux restaurants, aux h\u00f4tels, \u00e0 l'usage domestique, etc. Nous pouvons personnaliser le LOGO et l'emballage afin d'am\u00e9liorer la personnalisation de la marque. Ventes directes \u00e0 l'usine, approvisionnement global, n'h\u00e9sitez pas \u00e0 nous contacter pour un devis.<\/p>\n<h2 id=\"block-792b966c-c506-49fa-b3c8-9881ee38a4f5\" class=\"block-editor-rich-text__editable block-editor-block-list__block wp-block is-selected wp-block-heading rich-text\" role=\"document\" aria-label=\"Bloc : Titre\" data-block=\"792b966c-c506-49fa-b3c8-9881ee38a4f5\" data-type=\"core\/heading\" data-title=\"Heading\" data-wp-block-attribute-key=\"content\">Set de couverts de luxe Attributs :<\/h2>\n<p><strong>Nom de marque :<\/strong> Mcallen<br \/><strong>Mat\u00e9riau :<\/strong> Acier inoxydable<br \/><strong>Couleur :<\/strong>\u00a0 Argent, or<br \/><strong>D\u00e9lai d'ex\u00e9cution de l'\u00e9chantillon :<\/strong> Dans les 3 jours<br \/><strong>OEM\/ODM :<\/strong> Disponible<\/p>\n<h2>Set de couverts de luxe personnalis\u00e9 :<\/h2>\n<p><strong>Acier inoxydable :<\/strong> Acier inoxydable 18\/10, 304, 316, 410, 430, 420<br \/><strong>Logo :<\/strong> Gravure au laser, impression par s\u00e9rigraphie\/UV\/transfert thermique, gaufrage, etc.<br \/><strong>Emballage :<\/strong> 4\/8\/12\/16\/20\/24\/45\/48\/72pcs set<br \/><strong>Finitions de surface :<\/strong> Poli miroir, mat, poli \u00e0 l'eau, rev\u00eatement titane<br \/><strong>Emballage :<\/strong> Vrac, sac OPP, bo\u00eete de couleur, bo\u00eete cadeau, sur mesure<\/p>","protected":false},"featured_media":1987,"template":"","meta":[],"product_brand":[],"product_cat":[23,29],"product_tag":[],"class_list":{"0":"post-1985","1":"product","2":"type-product","3":"status-publish","4":"has-post-thumbnail","6":"product_cat-wholesale-flatware","7":"product_cat-bulk-flatware","9":"first","10":"instock","11":"shipping-taxable","12":"product-type-simple"},"_links":{"self":[{"href":"https:\/\/www.mcallenflatware.com\/fr\/wp-json\/wp\/v2\/product\/1985","targetHints":{"allow":["GET"]}}],"collection":[{"href":"https:\/\/www.mcallenflatware.com\/fr\/wp-json\/wp\/v2\/product"}],"about":[{"href":"https:\/\/www.mcallenflatware.com\/fr\/wp-json\/wp\/v2\/types\/product"}],"wp:featuredmedia":[{"embeddable":true,"href":"https:\/\/www.mcallenflatware.com\/fr\/wp-json\/wp\/v2\/media\/1987"}],"wp:attachment":[{"href":"https:\/\/www.mcallenflatware.com\/fr\/wp-json\/wp\/v2\/media?parent=1985"}],"wp:term":[{"taxonomy":"product_brand","embeddable":true,"href":"https:\/\/www.mcallenflatware.com\/fr\/wp-json\/wp\/v2\/product_brand?post=1985"},{"taxonomy":"product_cat","embeddable":true,"href":"https:\/\/www.mcallenflatware.com\/fr\/wp-json\/wp\/v2\/product_cat?post=1985"},{"taxonomy":"product_tag","embeddable":true,"href":"https:\/\/www.mcallenflatware.com\/fr\/wp-json\/wp\/v2\/product_tag?post=1985"}],"curies":[{"name":"wp","href":"https:\/\/api.w.org\/{rel}","templated":true}]}}