{"id":2118,"date":"2025-06-03T06:15:20","date_gmt":"2025-06-03T06:15:20","guid":{"rendered":"https:\/\/www.mcallenflatware.com\/?post_type=product&#038;p=2118"},"modified":"2025-11-24T04:08:29","modified_gmt":"2025-11-24T04:08:29","slug":"wholesale-measuring-spoons","status":"publish","type":"product","link":"https:\/\/www.mcallenflatware.com\/fr\/product\/wholesale-measuring-spoons\/","title":{"rendered":"Cuill\u00e8res \u00e0 mesurer en gros Acier inoxydable 304 Or Argent 6 Taille Personnalis\u00e9e"},"content":{"rendered":"<h2 class=\"wp-block-heading\">Cuill\u00e8res \u00e0 mesurer Caract\u00e9ristiques :<\/h2>\n\n\n\n<div class=\"wp-block-columns is-layout-flex wp-container-core-columns-is-layout-9d6595d7 wp-block-columns-is-layout-flex\">\n<div class=\"wp-block-column is-layout-flow wp-block-column-is-layout-flow\" style=\"flex-basis:66.66%\">\n<p><strong>Mat\u00e9riau en acier inoxydable de haute qualit\u00e9<\/strong>l : Fabriqu\u00e9 en acier inoxydable de qualit\u00e9 alimentaire, il est s\u00fbr, r\u00e9sistant \u00e0 la corrosion et ne rouille pas facilement, il convient \u00e0 une utilisation \u00e0 long terme.<\/p>\n\n\n\n<p><strong>Poign\u00e9e \u00e9paisse<\/strong>n : La poign\u00e9e est \u00e9paissie, elle est stable, emp\u00eache la flexion et la d\u00e9formation, et am\u00e9liore la durabilit\u00e9 et le professionnalisme.<\/p>\n\n\n\n<p><strong>Polissage des miroirs<\/strong>: La surface est lisse et brillante, tr\u00e8s textur\u00e9e, facile \u00e0 nettoyer et ne laisse pas de r\u00e9sidus ni d'odeurs.<\/p>\n\n\n\n<p><strong>Six sp\u00e9cifications pr\u00e9cises<\/strong>: Contient 6 sp\u00e9cifications couramment utilis\u00e9es (telles que 1 cuill\u00e8re \u00e0 soupe \u00e0 2 cuill\u00e8res \u00e0 soupe), ce qui r\u00e9pond aux besoins de mesures pr\u00e9cises pour l'assaisonnement, la p\u00e2tisserie ou le caf\u00e9.<\/p>\n\n\n\n<p><strong>Proc\u00e9d\u00e9 de moulage en une seule pi\u00e8ce<\/strong>: Pas de soudure, robuste et durable, ne cache pas la salet\u00e9 et r\u00e9pond \u00e0 des normes d'hygi\u00e8ne \u00e9lev\u00e9es.<\/p>\n\n\n\n<p><strong>Conception de l'espace de stockage imbriqu\u00e9<\/strong>: Il peut \u00eatre empil\u00e9 pour le stockage, ce qui permet d'\u00e9conomiser de l'espace. Il convient aux cuisines commerciales, aux cuisines domestiques, \u00e0 la distribution et \u00e0 la vente en gros.<\/p>\n\n\n\n<p><strong>Applicable \u00e0 de multiples sc\u00e9narios<\/strong>: Convient aux caf\u00e9s, aux boulangeries, aux cuisines de restauration, etc., permettant une personnalisation de masse et des services OEM\/ODM.<\/p>\n<\/div>\n\n\n\n<div class=\"wp-block-column is-layout-flow wp-block-column-is-layout-flow\" style=\"flex-basis:33.33%\">\n<figure class=\"wp-block-image size-full\"><img decoding=\"async\" width=\"800\" height=\"800\" src=\"https:\/\/www.mcallenflatware.com\/wp-content\/uploads\/2025\/06\/Wholesale-Measuring-Spoons-304-Stainless-Steel-Glod-Sliver-6-Size-Custom-5.webp\" alt=\"Cuill\u00e8res \u00e0 mesurer en gros en acier inoxydable 304 Glod Sliver 6 tailles personnalis\u00e9es (5)\" class=\"wp-image-2123\" srcset=\"https:\/\/www.mcallenflatware.com\/wp-content\/uploads\/2025\/06\/Wholesale-Measuring-Spoons-304-Stainless-Steel-Glod-Sliver-6-Size-Custom-5.webp 800w, https:\/\/www.mcallenflatware.com\/wp-content\/uploads\/2025\/06\/Wholesale-Measuring-Spoons-304-Stainless-Steel-Glod-Sliver-6-Size-Custom-5-150x150.webp 150w, https:\/\/www.mcallenflatware.com\/wp-content\/uploads\/2025\/06\/Wholesale-Measuring-Spoons-304-Stainless-Steel-Glod-Sliver-6-Size-Custom-5-768x768.webp 768w, https:\/\/www.mcallenflatware.com\/wp-content\/uploads\/2025\/06\/Wholesale-Measuring-Spoons-304-Stainless-Steel-Glod-Sliver-6-Size-Custom-5-12x12.webp 12w, https:\/\/www.mcallenflatware.com\/wp-content\/uploads\/2025\/06\/Wholesale-Measuring-Spoons-304-Stainless-Steel-Glod-Sliver-6-Size-Custom-5-600x600.webp 600w, https:\/\/www.mcallenflatware.com\/wp-content\/uploads\/2025\/06\/Wholesale-Measuring-Spoons-304-Stainless-Steel-Glod-Sliver-6-Size-Custom-5-300x300.webp 300w, https:\/\/www.mcallenflatware.com\/wp-content\/uploads\/2025\/06\/Wholesale-Measuring-Spoons-304-Stainless-Steel-Glod-Sliver-6-Size-Custom-5-100x100.webp 100w\" sizes=\"(max-width: 800px) 100vw, 800px\" \/><\/figure>\n<\/div>\n<\/div>","protected":false},"excerpt":{"rendered":"<p>Jeu de cuill\u00e8res \u00e0 mesurer en gros, en acier inoxydable de qualit\u00e9 alimentaire, poli miroir, six sp\u00e9cifications communes, adapt\u00e9 \u00e0 la cuisine, au caf\u00e9, \u00e0 la p\u00e2tisserie, etc. Nous offrons la meilleure remise pour les commandes en gros. N'h\u00e9sitez pas \u00e0 nous contacter !<\/p>\n<h2>Cuill\u00e8res \u00e0 mesurer Attributs<\/h2>\n<p><strong>Nom de marque :<\/strong> Mcallen<br \/><strong>Mat\u00e9riau :<\/strong> Acier inoxydable<br \/><strong>Couleur :<\/strong> Or, argent ou personnalis\u00e9<br \/><strong>Polissage :<\/strong> Miroir poli<br \/><strong>D\u00e9lai d'ex\u00e9cution de l'\u00e9chantillon :<\/strong> Dans les 3 jours<br \/><strong>OEM\/ODM :<\/strong> Disponible<\/p>\n<h2>Cuill\u00e8res \u00e0 mesurer personnalis\u00e9es :<\/h2>\n<p><strong>Acier inoxydable :<\/strong> Acier inoxydable 18\/10, 304, 316, 410, 430, 420<br \/><strong>Logo :<\/strong> Gravure laser, s\u00e9rigraphie, impression UV, impression par transfert thermique, gaufrage, etc.<br \/><strong>Finitions de surface :<\/strong> Poli miroir, mat.<br \/><strong>Emballage :<\/strong> Vrac, sac opp, bo\u00eete de couleur, bo\u00eete cadeau, sur mesure<\/p>","protected":false},"featured_media":2119,"template":"","meta":[],"product_brand":[],"product_cat":[24,32],"product_tag":[],"class_list":{"0":"post-2118","1":"product","2":"type-product","3":"status-publish","4":"has-post-thumbnail","6":"product_cat-wholesale-kitchen-utensils","7":"product_cat-custom-baking-tools-utensils","9":"first","10":"instock","11":"shipping-taxable","12":"product-type-simple"},"_links":{"self":[{"href":"https:\/\/www.mcallenflatware.com\/fr\/wp-json\/wp\/v2\/product\/2118","targetHints":{"allow":["GET"]}}],"collection":[{"href":"https:\/\/www.mcallenflatware.com\/fr\/wp-json\/wp\/v2\/product"}],"about":[{"href":"https:\/\/www.mcallenflatware.com\/fr\/wp-json\/wp\/v2\/types\/product"}],"wp:featuredmedia":[{"embeddable":true,"href":"https:\/\/www.mcallenflatware.com\/fr\/wp-json\/wp\/v2\/media\/2119"}],"wp:attachment":[{"href":"https:\/\/www.mcallenflatware.com\/fr\/wp-json\/wp\/v2\/media?parent=2118"}],"wp:term":[{"taxonomy":"product_brand","embeddable":true,"href":"https:\/\/www.mcallenflatware.com\/fr\/wp-json\/wp\/v2\/product_brand?post=2118"},{"taxonomy":"product_cat","embeddable":true,"href":"https:\/\/www.mcallenflatware.com\/fr\/wp-json\/wp\/v2\/product_cat?post=2118"},{"taxonomy":"product_tag","embeddable":true,"href":"https:\/\/www.mcallenflatware.com\/fr\/wp-json\/wp\/v2\/product_tag?post=2118"}],"curies":[{"name":"wp","href":"https:\/\/api.w.org\/{rel}","templated":true}]}}