{"id":2124,"date":"2025-06-03T06:40:18","date_gmt":"2025-06-03T06:40:18","guid":{"rendered":"https:\/\/www.mcallenflatware.com\/?post_type=product&#038;p=2124"},"modified":"2025-06-21T01:48:34","modified_gmt":"2025-06-21T01:48:34","slug":"custom-measuring-spoons","status":"publish","type":"product","link":"https:\/\/www.mcallenflatware.com\/fr\/product\/custom-measuring-spoons\/","title":{"rendered":"Cuill\u00e8res \u00e0 mesurer personnalis\u00e9es carr\u00e9es en acier inoxydable poli miroir en vrac"},"content":{"rendered":"<h2 class=\"wp-block-heading\">Cuill\u00e8re \u00e0 mesurer carr\u00e9e Caract\u00e9ristiques :<\/h2>\n\n\n\n<div class=\"wp-block-columns is-layout-flex wp-container-core-columns-is-layout-9d6595d7 wp-block-columns-is-layout-flex\">\n<div class=\"wp-block-column is-layout-flow wp-block-column-is-layout-flow\" style=\"flex-basis:66.66%\">\n<p><strong>Mat\u00e9riau de haute qualit\u00e9<\/strong>: Fabriqu\u00e9 en acier inoxydable de qualit\u00e9 alimentaire, il est r\u00e9sistant \u00e0 la corrosion et \u00e0 la rouille, durable, s\u00fbr et inodore, et convient \u00e0 tous les types de cuisine.<\/p>\n\n\n\n<p><strong>T\u00eate de cuill\u00e8re carr\u00e9e<\/strong>Forme unique, facile \u00e0 prendre les ingr\u00e9dients dans la bouteille d'assaisonnement, peu encombrante, facile \u00e0 racler les ingr\u00e9dients en poudre.<\/p>\n\n\n\n<p><strong>Polissage des miroirs<\/strong>La texture brillante, facile \u00e0 nettoyer sans r\u00e9sidus, rehausse l'aspect g\u00e9n\u00e9ral de la cuisine.<\/p>\n\n\n\n<p><strong>Poign\u00e9e \u00e9paisse moul\u00e9e d'une seule pi\u00e8ce<\/strong>Les produits de la gamme sont : solides, ergonomiques, ils ne sont pas faciles \u00e0 plier ou \u00e0 d\u00e9former, et leur utilisation est moins contraignante.<\/p>\n\n\n\n<p><strong>Combinaison d'ensembles multi-sp\u00e9cifications :<\/strong> Capacit\u00e9 conventionnelle : 1 cuill\u00e8re \u00e0 soupe (15 ml), 1 cuill\u00e8re \u00e0 caf\u00e9 (5 ml), 1\/2 cuill\u00e8re \u00e0 caf\u00e9 (2,5 ml), etc., mesure pr\u00e9cise pour r\u00e9pondre aux diff\u00e9rents besoins de mesure.<\/p>\n\n\n\n<p><strong>Balance laser<\/strong>: Chaque cuill\u00e8re \u00e0 mesurer est dot\u00e9e d'une \u00e9chelle laser claire, indiquant la capacit\u00e9 en millilitres\/ml et en cuill\u00e8res \u00e0 caf\u00e9\/tsp en double unit\u00e9, qui reste claire et lisible apr\u00e8s une utilisation prolong\u00e9e.<\/p>\n\n\n\n<p><strong>Une vari\u00e9t\u00e9<\/strong><em><strong>t<\/strong><\/em><strong>y de couleurs disponibles<\/strong>Les couleurs de galvanoplastie sont les suivantes : or, noir, or rose, argent et autres couleurs pour r\u00e9pondre aux diff\u00e9rents styles de marque.<\/p>\n<\/div>\n\n\n\n<div class=\"wp-block-column is-layout-flow wp-block-column-is-layout-flow\" style=\"flex-basis:33.33%\">\n<figure class=\"wp-block-image size-full\"><img decoding=\"async\" width=\"800\" height=\"800\" src=\"https:\/\/www.mcallenflatware.com\/wp-content\/uploads\/2025\/06\/Custom-Measuring-Spoons-Square-Stainless-Steel-Mirror-Polish-in-Bulk-4.webp\" alt=\"Cuill\u00e8res \u00e0 mesurer carr\u00e9es en acier inoxydable poli miroir en vrac (4)\" class=\"wp-image-2128\" srcset=\"https:\/\/www.mcallenflatware.com\/wp-content\/uploads\/2025\/06\/Custom-Measuring-Spoons-Square-Stainless-Steel-Mirror-Polish-in-Bulk-4.webp 800w, https:\/\/www.mcallenflatware.com\/wp-content\/uploads\/2025\/06\/Custom-Measuring-Spoons-Square-Stainless-Steel-Mirror-Polish-in-Bulk-4-150x150.webp 150w, https:\/\/www.mcallenflatware.com\/wp-content\/uploads\/2025\/06\/Custom-Measuring-Spoons-Square-Stainless-Steel-Mirror-Polish-in-Bulk-4-768x768.webp 768w, https:\/\/www.mcallenflatware.com\/wp-content\/uploads\/2025\/06\/Custom-Measuring-Spoons-Square-Stainless-Steel-Mirror-Polish-in-Bulk-4-12x12.webp 12w, https:\/\/www.mcallenflatware.com\/wp-content\/uploads\/2025\/06\/Custom-Measuring-Spoons-Square-Stainless-Steel-Mirror-Polish-in-Bulk-4-600x600.webp 600w, https:\/\/www.mcallenflatware.com\/wp-content\/uploads\/2025\/06\/Custom-Measuring-Spoons-Square-Stainless-Steel-Mirror-Polish-in-Bulk-4-300x300.webp 300w, https:\/\/www.mcallenflatware.com\/wp-content\/uploads\/2025\/06\/Custom-Measuring-Spoons-Square-Stainless-Steel-Mirror-Polish-in-Bulk-4-100x100.webp 100w\" sizes=\"(max-width: 800px) 100vw, 800px\" \/><\/figure>\n<\/div>\n<\/div>","protected":false},"excerpt":{"rendered":"<p>Cuill\u00e8res \u00e0 mesurer personnalis\u00e9es, t\u00eates de cuill\u00e8res carr\u00e9es, multiples sp\u00e9cifications et couleurs disponibles, largement utilis\u00e9es dans la p\u00e2tisserie, l'assaisonnement, le caf\u00e9 et d'autres besoins de mesure pr\u00e9cise. Fourniture directe de l'usine, bienvenue pour obtenir des devis gratuits.<\/p>\n<h2>Cuill\u00e8re \u00e0 mesurer carr\u00e9e Attributs :<\/h2>\n<p><strong>Nom de marque :<\/strong> Mcallen<br \/><strong>Mat\u00e9riau :<\/strong> Acier inoxydable<br \/><strong>Couleur :<\/strong> Argent, or, noir, or rose, etc.<br \/><strong>Polissage :<\/strong> Miroir poli<br \/><strong>Taille :<\/strong> 0.63ML, 1.25ML, 2.5ml, 3.75ml, 5ml,15ml<br \/><strong>D\u00e9lai d'ex\u00e9cution de l'\u00e9chantillon :<\/strong> Dans les 3 jours<br \/><strong>OEM\/ODM :<\/strong> Disponible<\/p>\n<h2>Cuill\u00e8re \u00e0 mesurer carr\u00e9e personnalis\u00e9e :<\/h2>\n<p><strong>Acier inoxydable :<\/strong> Acier inoxydable 18\/10, 304, 316, 410, 430, 420<br \/><strong>Logo :<\/strong> Gravure laser, s\u00e9rigraphie, impression UV, impression par transfert thermique, gaufrage, etc.<br \/><strong>Couleur :<\/strong> Or, argent ou personnalis\u00e9<br \/><strong>Emballage :<\/strong> Vrac, sac OPP, bo\u00eete de couleur, bo\u00eete cadeau, sur mesure<\/p>","protected":false},"featured_media":2126,"template":"","meta":[],"product_brand":[],"product_cat":[24,32],"product_tag":[],"class_list":{"0":"post-2124","1":"product","2":"type-product","3":"status-publish","4":"has-post-thumbnail","6":"product_cat-wholesale-kitchen-utensils","7":"product_cat-custom-baking-tools-utensils","9":"first","10":"instock","11":"shipping-taxable","12":"product-type-simple"},"_links":{"self":[{"href":"https:\/\/www.mcallenflatware.com\/fr\/wp-json\/wp\/v2\/product\/2124","targetHints":{"allow":["GET"]}}],"collection":[{"href":"https:\/\/www.mcallenflatware.com\/fr\/wp-json\/wp\/v2\/product"}],"about":[{"href":"https:\/\/www.mcallenflatware.com\/fr\/wp-json\/wp\/v2\/types\/product"}],"wp:featuredmedia":[{"embeddable":true,"href":"https:\/\/www.mcallenflatware.com\/fr\/wp-json\/wp\/v2\/media\/2126"}],"wp:attachment":[{"href":"https:\/\/www.mcallenflatware.com\/fr\/wp-json\/wp\/v2\/media?parent=2124"}],"wp:term":[{"taxonomy":"product_brand","embeddable":true,"href":"https:\/\/www.mcallenflatware.com\/fr\/wp-json\/wp\/v2\/product_brand?post=2124"},{"taxonomy":"product_cat","embeddable":true,"href":"https:\/\/www.mcallenflatware.com\/fr\/wp-json\/wp\/v2\/product_cat?post=2124"},{"taxonomy":"product_tag","embeddable":true,"href":"https:\/\/www.mcallenflatware.com\/fr\/wp-json\/wp\/v2\/product_tag?post=2124"}],"curies":[{"name":"wp","href":"https:\/\/api.w.org\/{rel}","templated":true}]}}