{"id":2142,"date":"2025-06-10T06:26:20","date_gmt":"2025-06-10T06:26:20","guid":{"rendered":"https:\/\/www.mcallenflatware.com\/?post_type=product&#038;p=2142"},"modified":"2025-06-21T01:54:50","modified_gmt":"2025-06-21T01:54:50","slug":"wholesale-childrens-flatware","status":"publish","type":"product","link":"https:\/\/www.mcallenflatware.com\/fr\/product\/wholesale-childrens-flatware\/","title":{"rendered":"Couverts pour enfants en gros avec manche en silicone et bo\u00eete en vrac"},"content":{"rendered":"<h2 class=\"wp-block-heading\">Couverts pour enfants Caract\u00e9ristiques :<\/h2>\n\n\n\n<div class=\"wp-block-columns is-layout-flex wp-container-core-columns-is-layout-9d6595d7 wp-block-columns-is-layout-flex\">\n<div class=\"wp-block-column is-layout-flow wp-block-column-is-layout-flow\" style=\"flex-basis:66.66%\">\n<p><strong>Acier inoxydable 316 de haute qualit\u00e9<\/strong><br>Il est fabriqu\u00e9 en acier inoxydable 316 de qualit\u00e9 alimentaire, plus r\u00e9sistant \u00e0 la corrosion et plus s\u00fbr pour une utilisation \u00e0 long terme. Il est sp\u00e9cialement con\u00e7u pour la vaisselle des nourrissons.<\/p>\n\n\n\n<p><strong>Poign\u00e9e en silicone souple et antid\u00e9rapante<\/strong><br>La poign\u00e9e est recouverte de silicone doux, antid\u00e9rapant et anti-br\u00fblure. Elle s'adapte aux petites mains du b\u00e9b\u00e9 et est plus facile \u00e0 saisir, ce qui l'aide \u00e0 d\u00e9velopper sa capacit\u00e9 \u00e0 manger de mani\u00e8re autonome.<\/p>\n\n\n\n<p><strong>Les coins arrondis sont plus s\u00fbrs<\/strong><br>Tous les bords sont polis et arrondis sans angles vifs pour \u00e9viter que le b\u00e9b\u00e9 ne se gratte la bouche ou les gencives pendant les repas.<\/p>\n\n\n\n<p><strong>Un design mignon aux couleurs assorties attire les b\u00e9b\u00e9s.<\/strong><br>Les couleurs vives et les formes de style bande dessin\u00e9e stimulent l'int\u00e9r\u00eat des b\u00e9b\u00e9s pour la nourriture et rendent les repas plus int\u00e9ressants.<\/p>\n\n\n\n<p><strong>Facile \u00e0 nettoyer et compatible avec le lave-vaisselle<\/strong><br>La surface en acier inoxydable est lisse et ne risque pas de rouiller. La poign\u00e9e en silicone est r\u00e9sistante \u00e0 la chaleur et facile \u00e0 nettoyer. Il peut \u00eatre directement mis au lave-vaisselle pour \u00eatre nettoy\u00e9, ce qui permet d'\u00e9conomiser du temps et des efforts.<\/p>\n\n\n\n<p><strong>Prise en charge des services personnalis\u00e9s OEM\/ODM<\/strong><br>Le LOGO, la couleur, le motif et l'emballage peuvent \u00eatre personnalis\u00e9s en fonction des besoins du client. Ils conviennent \u00e0 de nombreux types de clients, tels que les marques maternelles et infantiles, les plates-formes de commerce \u00e9lectronique, les cha\u00eenes de supermarch\u00e9s, etc.<\/p>\n<\/div>\n\n\n\n<div class=\"wp-block-column is-layout-flow wp-block-column-is-layout-flow\" style=\"flex-basis:33.33%\">\n<figure class=\"wp-block-image size-full\"><img decoding=\"async\" width=\"700\" height=\"700\" src=\"https:\/\/www.mcallenflatware.com\/wp-content\/uploads\/2025\/06\/Wholesale-Childrens-Cutlery-Gift-Set-Stainless-Steel-with-Silicone-Handle-3.webp\" alt=\"Wholesale Childrens Cutlery Gift Set Stainless Steel with Silicone Handle (3)\" class=\"wp-image-2145\" srcset=\"https:\/\/www.mcallenflatware.com\/wp-content\/uploads\/2025\/06\/Wholesale-Childrens-Cutlery-Gift-Set-Stainless-Steel-with-Silicone-Handle-3.webp 700w, https:\/\/www.mcallenflatware.com\/wp-content\/uploads\/2025\/06\/Wholesale-Childrens-Cutlery-Gift-Set-Stainless-Steel-with-Silicone-Handle-3-150x150.webp 150w, https:\/\/www.mcallenflatware.com\/wp-content\/uploads\/2025\/06\/Wholesale-Childrens-Cutlery-Gift-Set-Stainless-Steel-with-Silicone-Handle-3-12x12.webp 12w, https:\/\/www.mcallenflatware.com\/wp-content\/uploads\/2025\/06\/Wholesale-Childrens-Cutlery-Gift-Set-Stainless-Steel-with-Silicone-Handle-3-600x600.webp 600w, https:\/\/www.mcallenflatware.com\/wp-content\/uploads\/2025\/06\/Wholesale-Childrens-Cutlery-Gift-Set-Stainless-Steel-with-Silicone-Handle-3-300x300.webp 300w, https:\/\/www.mcallenflatware.com\/wp-content\/uploads\/2025\/06\/Wholesale-Childrens-Cutlery-Gift-Set-Stainless-Steel-with-Silicone-Handle-3-100x100.webp 100w\" sizes=\"(max-width: 700px) 100vw, 700px\" \/><\/figure>\n<\/div>\n<\/div>","protected":false},"excerpt":{"rendered":"<p>Bienvenue dans la vente en gros de couverts pour enfants, fabriqu\u00e9s en acier inoxydable 316 de qualit\u00e9 alimentaire et dot\u00e9s de poign\u00e9es en silicone, s\u00fbres et durables. Avec des couleurs riches, c'est un produit tr\u00e8s vendu sur le march\u00e9 des couverts pour enfants. Ventes directes d'usine, qualit\u00e9 fiable, prix de gros, support de personnalisation, contactez-nous pour les demandes de renseignements\uff01.<\/p>\n<h2>Attributs des couverts pour enfants<\/h2>\n<p><strong>Nom de marque :<\/strong> Mcallen<br \/><strong>Mat\u00e9riau :<\/strong> Acier inoxydable<br \/><strong>Couleur :<\/strong> Vert, orange, poign\u00e9e color\u00e9e<br \/><strong>Polissage :<\/strong> Miroir poli<br \/><strong>Conception :<\/strong> Poign\u00e9e de bloc de construction mignonne<br \/><strong>D\u00e9lai d'ex\u00e9cution de l'\u00e9chantillon :<\/strong> Dans les 3 jours<br \/><strong>OEM\/ODM :<\/strong> Disponible<\/p>\n<h2>Couverts personnalis\u00e9s pour enfants :<\/h2>\n<p><strong>Acier inoxydable :<\/strong> Acier inoxydable 18\/10, 304, 316, 410, 430, 420<br \/><strong>Logo :<\/strong> Gravure laser, s\u00e9rigraphie, impression UV, impression par transfert thermique, gaufrage, etc.<br \/><strong>Emballage :<\/strong> 4\/8\/12\/16\/20\/24\/45\/48\/72pcs set<br \/><strong>Finitions de surface :<\/strong> Poli miroir, mat, poli \u00e0 l'eau, rev\u00eatement titane<br \/><strong>Emballage :<\/strong> Vrac, sac opp, bo\u00eete de couleur, bo\u00eete cadeau, sur mesure<\/p>","protected":false},"featured_media":2143,"template":"","meta":[],"product_brand":[],"product_cat":[23,28],"product_tag":[],"class_list":{"0":"post-2142","1":"product","2":"type-product","3":"status-publish","4":"has-post-thumbnail","6":"product_cat-wholesale-flatware","7":"product_cat-childrens-cutlery-set-wholesale","9":"first","10":"instock","11":"shipping-taxable","12":"product-type-simple"},"_links":{"self":[{"href":"https:\/\/www.mcallenflatware.com\/fr\/wp-json\/wp\/v2\/product\/2142","targetHints":{"allow":["GET"]}}],"collection":[{"href":"https:\/\/www.mcallenflatware.com\/fr\/wp-json\/wp\/v2\/product"}],"about":[{"href":"https:\/\/www.mcallenflatware.com\/fr\/wp-json\/wp\/v2\/types\/product"}],"wp:featuredmedia":[{"embeddable":true,"href":"https:\/\/www.mcallenflatware.com\/fr\/wp-json\/wp\/v2\/media\/2143"}],"wp:attachment":[{"href":"https:\/\/www.mcallenflatware.com\/fr\/wp-json\/wp\/v2\/media?parent=2142"}],"wp:term":[{"taxonomy":"product_brand","embeddable":true,"href":"https:\/\/www.mcallenflatware.com\/fr\/wp-json\/wp\/v2\/product_brand?post=2142"},{"taxonomy":"product_cat","embeddable":true,"href":"https:\/\/www.mcallenflatware.com\/fr\/wp-json\/wp\/v2\/product_cat?post=2142"},{"taxonomy":"product_tag","embeddable":true,"href":"https:\/\/www.mcallenflatware.com\/fr\/wp-json\/wp\/v2\/product_tag?post=2142"}],"curies":[{"name":"wp","href":"https:\/\/api.w.org\/{rel}","templated":true}]}}