{"id":2154,"date":"2025-06-16T06:27:27","date_gmt":"2025-06-16T06:27:27","guid":{"rendered":"https:\/\/www.mcallenflatware.com\/?post_type=product&#038;p=2154"},"modified":"2025-11-24T04:12:40","modified_gmt":"2025-11-24T04:12:40","slug":"wholesale-kids-cutlery-set","status":"publish","type":"product","link":"https:\/\/www.mcallenflatware.com\/fr\/product\/wholesale-kids-cutlery-set\/","title":{"rendered":"Wholesale Kids Cutlery Set Stainless Steel, Children's Flatware with Silicone Handle Custom (couverts pour enfants en acier inoxydable avec manche en silicone)"},"content":{"rendered":"<h2 class=\"wp-block-heading\">Ensemble de couverts pour enfants Caract\u00e9ristiques :<\/h2>\n\n\n\n<div class=\"wp-block-columns is-layout-flex wp-container-core-columns-is-layout-9d6595d7 wp-block-columns-is-layout-flex\">\n<div class=\"wp-block-column is-layout-flow wp-block-column-is-layout-flow\" style=\"flex-basis:66.66%\">\n<p><strong>Mat\u00e9riau en acier inoxydable de qualit\u00e9 alimentaire<\/strong>: Acier inoxydable 304 de haute qualit\u00e9, ne rouille pas facilement, r\u00e9siste aux acides, convient \u00e0 l'utilisation quotidienne par les nourrissons et les enfants, garantissant la sant\u00e9 et la tranquillit\u00e9 d'esprit.<\/p>\n\n\n\n<p><strong>Poign\u00e9e en silicone \u00e9paissie et antid\u00e9rapante<\/strong>Conception ergonomique, poign\u00e9e souple et \u00e9paisse, adapt\u00e9e aux mains des enfants, antid\u00e9rapante et anti-br\u00fblure, aidant les b\u00e9b\u00e9s \u00e0 s'entra\u00eener \u00e0 manger de mani\u00e8re autonome et am\u00e9liorant leur confort.<\/p>\n\n\n\n<p><strong>Bords arrondis<\/strong>: Les bords des couteaux, fourchettes et cuill\u00e8res sont arrondis, sans bavures ni rayures, ce qui rend leur utilisation plus s\u00fbre et emp\u00eache les b\u00e9b\u00e9s de se gratter la bouche ou les gencives.<\/p>\n\n\n\n<p><strong>Couleurs douces et attrayantes : <\/strong>une vari\u00e9t\u00e9 de combinaisons de couleurs douces, telles que le vert olive et l'orange chaud, ont un impact positif sur l'environnement.<strong> <\/strong>une forte affinit\u00e9 visuelle, attirent plus facilement l'attention du b\u00e9b\u00e9 et am\u00e9liorent l'exp\u00e9rience gastronomique.<\/p>\n\n\n\n<p><strong>Bo\u00eete portable en plastique respectueuse de l'environnement<\/strong>: Chaque set de couverts pour enfants est \u00e9quip\u00e9 d'une bo\u00eete de rangement en plastique PP de qualit\u00e9 alimentaire, pratique pour les voyages et les jardins d'enfants, propre et hygi\u00e9nique.<\/p>\n\n\n\n<p><strong>Personnalisation de l'assistance<\/strong>: Nous fournissons des services OEM\/ODM et personnalisons les couleurs, les motifs, le LOGO et l'emballage du coffret cadeau en fonction des besoins du client, etc., ce qui convient aux marques de produits maternels et infantiles, aux plateformes de commerce \u00e9lectronique, aux clients de cadeaux et \u00e0 d'autres canaux.<\/p>\n<\/div>\n\n\n\n<div class=\"wp-block-column is-layout-flow wp-block-column-is-layout-flow\" style=\"flex-basis:33.33%\"><div class=\"wp-block-image\">\n<figure class=\"aligncenter size-full\"><img decoding=\"async\" width=\"800\" height=\"800\" src=\"https:\/\/www.mcallenflatware.com\/wp-content\/uploads\/2025\/06\/Wholesale-Kids-Cutlery-Set-Stainless-Steel-3.webp\" alt=\"Wholesale Kids Cutlery Set Stainless Steel (3)\" class=\"wp-image-2155\" style=\"object-fit:cover\" srcset=\"https:\/\/www.mcallenflatware.com\/wp-content\/uploads\/2025\/06\/Wholesale-Kids-Cutlery-Set-Stainless-Steel-3.webp 800w, https:\/\/www.mcallenflatware.com\/wp-content\/uploads\/2025\/06\/Wholesale-Kids-Cutlery-Set-Stainless-Steel-3-150x150.webp 150w, https:\/\/www.mcallenflatware.com\/wp-content\/uploads\/2025\/06\/Wholesale-Kids-Cutlery-Set-Stainless-Steel-3-768x768.webp 768w, https:\/\/www.mcallenflatware.com\/wp-content\/uploads\/2025\/06\/Wholesale-Kids-Cutlery-Set-Stainless-Steel-3-12x12.webp 12w, https:\/\/www.mcallenflatware.com\/wp-content\/uploads\/2025\/06\/Wholesale-Kids-Cutlery-Set-Stainless-Steel-3-600x600.webp 600w, https:\/\/www.mcallenflatware.com\/wp-content\/uploads\/2025\/06\/Wholesale-Kids-Cutlery-Set-Stainless-Steel-3-300x300.webp 300w, https:\/\/www.mcallenflatware.com\/wp-content\/uploads\/2025\/06\/Wholesale-Kids-Cutlery-Set-Stainless-Steel-3-100x100.webp 100w\" sizes=\"(max-width: 800px) 100vw, 800px\" \/><\/figure>\n<\/div><\/div>\n<\/div>","protected":false},"excerpt":{"rendered":"<p>L'ensemble de couverts pour enfants en acier inoxydable 304 avec des poign\u00e9es en silicone souple, des bords arrondis s\u00fbrs et un design portable est un choix id\u00e9al pour le march\u00e9 des couverts pour enfants. Nous prenons en charge la personnalisation, les demandes de renseignements sont les bienvenues !<\/p>\n<h2>Attributs de l'ensemble de couverts pour enfants<\/h2>\n<p><strong>Nom de marque :<\/strong> Mcallen<br \/><strong>Mat\u00e9riau :<\/strong> Acier inoxydable<br \/><strong>Couleur : <\/strong> Orange, vert, cr\u00e8me<br \/><strong>Polissage :<\/strong> Miroir poli<br \/><strong>Conception<\/strong><strong>:<\/strong> avec poign\u00e9e en silicone<br \/><strong>D\u00e9lai d'ex\u00e9cution de l'\u00e9chantillon :<\/strong> Dans les 3 jours<br \/><strong>OEM\/ODM :<\/strong> Disponible<\/p>\n<h2>Set de couverts personnalis\u00e9s pour enfants :<\/h2>\n<p><strong>Acier inoxydable :<\/strong> Acier inoxydable 18\/10, 304, 316, 410, 430, 420<br \/><strong>Logo :<\/strong> Gravure laser, s\u00e9rigraphie, impression UV, impression par transfert thermique, gaufrage, etc.<br \/><strong>Emballage :<\/strong> 4\/8\/12\/16\/20\/24\/45\/48\/72pcs set<br \/><strong>Finitions de surface :<\/strong> Poli miroir, mat, poli \u00e0 l'eau, rev\u00eatement titane<br \/><strong>Emballage :<\/strong> Vrac, sac OPP, bo\u00eete de couleur, bo\u00eete cadeau, sur mesure<\/p>","protected":false},"featured_media":2161,"template":"","meta":[],"product_brand":[],"product_cat":[23,28],"product_tag":[],"class_list":{"0":"post-2154","1":"product","2":"type-product","3":"status-publish","4":"has-post-thumbnail","6":"product_cat-wholesale-flatware","7":"product_cat-childrens-cutlery-set-wholesale","9":"first","10":"instock","11":"shipping-taxable","12":"product-type-simple"},"_links":{"self":[{"href":"https:\/\/www.mcallenflatware.com\/fr\/wp-json\/wp\/v2\/product\/2154","targetHints":{"allow":["GET"]}}],"collection":[{"href":"https:\/\/www.mcallenflatware.com\/fr\/wp-json\/wp\/v2\/product"}],"about":[{"href":"https:\/\/www.mcallenflatware.com\/fr\/wp-json\/wp\/v2\/types\/product"}],"wp:featuredmedia":[{"embeddable":true,"href":"https:\/\/www.mcallenflatware.com\/fr\/wp-json\/wp\/v2\/media\/2161"}],"wp:attachment":[{"href":"https:\/\/www.mcallenflatware.com\/fr\/wp-json\/wp\/v2\/media?parent=2154"}],"wp:term":[{"taxonomy":"product_brand","embeddable":true,"href":"https:\/\/www.mcallenflatware.com\/fr\/wp-json\/wp\/v2\/product_brand?post=2154"},{"taxonomy":"product_cat","embeddable":true,"href":"https:\/\/www.mcallenflatware.com\/fr\/wp-json\/wp\/v2\/product_cat?post=2154"},{"taxonomy":"product_tag","embeddable":true,"href":"https:\/\/www.mcallenflatware.com\/fr\/wp-json\/wp\/v2\/product_tag?post=2154"}],"curies":[{"name":"wp","href":"https:\/\/api.w.org\/{rel}","templated":true}]}}