{"id":2163,"date":"2025-06-16T06:46:54","date_gmt":"2025-06-16T06:46:54","guid":{"rendered":"https:\/\/www.mcallenflatware.com\/?post_type=product&#038;p=2163"},"modified":"2025-06-21T02:08:42","modified_gmt":"2025-06-21T02:08:42","slug":"bulk-flatware-sets","status":"publish","type":"product","link":"https:\/\/www.mcallenflatware.com\/fr\/product\/bulk-flatware-sets\/","title":{"rendered":"Couverts de table en acier inoxydable avec manche carr\u00e9 Wholesale"},"content":{"rendered":"<div class=\"wp-block-columns is-layout-flex wp-container-core-columns-is-layout-9d6595d7 wp-block-columns-is-layout-flex\">\n<div class=\"wp-block-column is-layout-flow wp-block-column-is-layout-flow\">\n<h2 class=\"wp-block-heading\">Ensemble de couverts Caract\u00e9ristiques :<\/h2>\n\n\n\n<p><strong>Style minimaliste \u00e0 la mode<\/strong>: des lignes simples et soign\u00e9es, des couleurs modernes et polyvalentes, qui conviennent aux restaurants modernes ou aux maisons de style minimaliste.<\/p>\n\n\n\n<p><strong>Mat\u00e9riau de haute qualit\u00e9<\/strong>: Fabriqu\u00e9 en acier inoxydable 304 de qualit\u00e9 alimentaire, s\u00fbr et non toxique, forte r\u00e9sistance \u00e0 la corrosion, adapt\u00e9 \u00e0 une utilisation \u00e0 long terme.<\/p>\n\n\n\n<p><strong>Technologie de surface avanc\u00e9e<\/strong>Le traitement bross\u00e9 classique, une texture de haute qualit\u00e9, ne laisse pas facilement de traces de doigts et met en valeur le style luxueux et discret de la collection.<\/p>\n\n\n\n<p><strong>Conception ergonomique<\/strong>Le couteau, la fourchette et la cuill\u00e8re ont des lignes douces, des proportions coordonn\u00e9es, des poign\u00e9es confortables et sont faciles \u00e0 utiliser.<\/p>\n\n\n\n<p><strong>Applicable \u00e0 plusieurs sc\u00e8nes<\/strong>: Il est id\u00e9al pour la vie familiale quotidienne, les restaurants haut de gamme, les h\u00f4tels \u00e9toil\u00e9s, la personnalisation de banquets de mariage, les cadeaux d'affaires et d'autres sc\u00e8nes.<\/p>\n\n\n\n<p><strong>Facile \u00e0 nettoyer<\/strong>: La surface lisse ne dissimule pas facilement la salet\u00e9 et permet un lavage \u00e0 la main ou au lave-vaisselle, ce qui est pratique et sans souci.<\/p>\n\n\n\n<p><strong>Personnalisation de l'assistance<\/strong>: Le LOGO, l'emballage, la couleur et la combinaison peuvent \u00eatre personnalis\u00e9s en fonction des besoins pour r\u00e9pondre aux divers besoins des marques de restauration, de la distribution, etc.<\/p>\n<\/div>\n\n\n\n<div class=\"wp-block-column is-layout-flow wp-block-column-is-layout-flow\"><div class=\"wp-block-image\">\n<figure class=\"aligncenter size-full\"><img decoding=\"async\" width=\"800\" height=\"800\" src=\"https:\/\/www.mcallenflatware.com\/wp-content\/uploads\/2025\/06\/Wholesale-Square-Handle-Flatware-Stainless-Steel-Silver-Plate-Flatware-Bulk.webp\" alt=\"Grossiste Couverts \u00e0 manche carr\u00e9, Couverts en acier inoxydable en vrac\" class=\"wp-image-2169\" style=\"aspect-ratio:1;object-fit:cover\" srcset=\"https:\/\/www.mcallenflatware.com\/wp-content\/uploads\/2025\/06\/Wholesale-Square-Handle-Flatware-Stainless-Steel-Silver-Plate-Flatware-Bulk.webp 800w, https:\/\/www.mcallenflatware.com\/wp-content\/uploads\/2025\/06\/Wholesale-Square-Handle-Flatware-Stainless-Steel-Silver-Plate-Flatware-Bulk-150x150.webp 150w, https:\/\/www.mcallenflatware.com\/wp-content\/uploads\/2025\/06\/Wholesale-Square-Handle-Flatware-Stainless-Steel-Silver-Plate-Flatware-Bulk-768x768.webp 768w, https:\/\/www.mcallenflatware.com\/wp-content\/uploads\/2025\/06\/Wholesale-Square-Handle-Flatware-Stainless-Steel-Silver-Plate-Flatware-Bulk-12x12.webp 12w, https:\/\/www.mcallenflatware.com\/wp-content\/uploads\/2025\/06\/Wholesale-Square-Handle-Flatware-Stainless-Steel-Silver-Plate-Flatware-Bulk-600x600.webp 600w, https:\/\/www.mcallenflatware.com\/wp-content\/uploads\/2025\/06\/Wholesale-Square-Handle-Flatware-Stainless-Steel-Silver-Plate-Flatware-Bulk-300x300.webp 300w, https:\/\/www.mcallenflatware.com\/wp-content\/uploads\/2025\/06\/Wholesale-Square-Handle-Flatware-Stainless-Steel-Silver-Plate-Flatware-Bulk-100x100.webp 100w\" sizes=\"(max-width: 800px) 100vw, 800px\" \/><\/figure>\n<\/div><\/div>\n<\/div>","protected":false},"excerpt":{"rendered":"<p>Bienvenue sur le site de vente en gros de couverts \u00e0 poign\u00e9es carr\u00e9es, en acier inoxydable, au design moderne et poli, disponibles en or, argent, noir et autres options, convenant \u00e0 diverses occasions de repas. Fourniture d'usine, support OEM\/ODM ! Contactez-nous d\u00e8s aujourd'hui pour obtenir la meilleure solution !<\/p>\n<h2>Ensemble de couverts Attributs :<\/h2>\n<p><strong>Nom de marque :<\/strong> Mcallen<br \/><strong>Mat\u00e9riau :<\/strong> Acier inoxydable<br \/><strong>Couleur :<\/strong> Or, argent, noir, or rose, etc.<br \/><strong>Conception :<\/strong> Poign\u00e9e carr\u00e9e<br \/><strong>D\u00e9lai d'ex\u00e9cution de l'\u00e9chantillon :<\/strong> Dans les 3 jours<br \/><strong>OEM\/ODM :<\/strong> Disponible<\/p>\n<h2>Couverts sur mesure<\/h2>\n<p><strong>Acier inoxydable :<\/strong> Acier inoxydable 18\/10, 304, 316, 410, 430, 420<br \/><strong>Logo :<\/strong> Gravure laser, s\u00e9rigraphie, impression UV, impression par transfert thermique, gaufrage, etc.<br \/><strong>Emballage :<\/strong> 4\/8\/12\/16\/20\/24\/45\/48\/72pcs set<br \/><strong>Finitions de surface :<\/strong> Poli miroir, mat, poli \u00e0 l'eau, rev\u00eatement titane<br \/><strong>Emballage :<\/strong> Vrac, sac OPP, bo\u00eete de couleur, bo\u00eete cadeau, sur mesure<\/p>","protected":false},"featured_media":2169,"template":"","meta":[],"product_brand":[],"product_cat":[23,29],"product_tag":[],"class_list":{"0":"post-2163","1":"product","2":"type-product","3":"status-publish","4":"has-post-thumbnail","6":"product_cat-wholesale-flatware","7":"product_cat-bulk-flatware","9":"first","10":"instock","11":"shipping-taxable","12":"product-type-simple"},"_links":{"self":[{"href":"https:\/\/www.mcallenflatware.com\/fr\/wp-json\/wp\/v2\/product\/2163","targetHints":{"allow":["GET"]}}],"collection":[{"href":"https:\/\/www.mcallenflatware.com\/fr\/wp-json\/wp\/v2\/product"}],"about":[{"href":"https:\/\/www.mcallenflatware.com\/fr\/wp-json\/wp\/v2\/types\/product"}],"wp:featuredmedia":[{"embeddable":true,"href":"https:\/\/www.mcallenflatware.com\/fr\/wp-json\/wp\/v2\/media\/2169"}],"wp:attachment":[{"href":"https:\/\/www.mcallenflatware.com\/fr\/wp-json\/wp\/v2\/media?parent=2163"}],"wp:term":[{"taxonomy":"product_brand","embeddable":true,"href":"https:\/\/www.mcallenflatware.com\/fr\/wp-json\/wp\/v2\/product_brand?post=2163"},{"taxonomy":"product_cat","embeddable":true,"href":"https:\/\/www.mcallenflatware.com\/fr\/wp-json\/wp\/v2\/product_cat?post=2163"},{"taxonomy":"product_tag","embeddable":true,"href":"https:\/\/www.mcallenflatware.com\/fr\/wp-json\/wp\/v2\/product_tag?post=2163"}],"curies":[{"name":"wp","href":"https:\/\/api.w.org\/{rel}","templated":true}]}}