{"id":2426,"date":"2025-10-24T03:48:19","date_gmt":"2025-10-24T03:48:19","guid":{"rendered":"https:\/\/www.mcallenflatware.com\/?post_type=product&#038;p=2426"},"modified":"2025-10-24T03:48:21","modified_gmt":"2025-10-24T03:48:21","slug":"bulk-measuring-spoons","status":"publish","type":"product","link":"https:\/\/www.mcallenflatware.com\/fr\/product\/bulk-measuring-spoons\/","title":{"rendered":"Cuill\u00e8res \u00e0 mesurer en vrac 20ml, Set de cuill\u00e8res en acier inoxydable aux couleurs personnalis\u00e9es"},"content":{"rendered":"<div class=\"wp-block-columns is-layout-flex wp-container-core-columns-is-layout-9d6595d7 wp-block-columns-is-layout-flex\">\n<div class=\"wp-block-column is-layout-flow wp-block-column-is-layout-flow\">\n<h2 class=\"wp-block-heading\">Cuill\u00e8re \u00e0 mesurer Caract\u00e9ristiques :<\/h2>\n\n\n\n<p><strong>Mat\u00e9riaux de qualit\u00e9 alimentaire s\u00fbrs :<\/strong> Fabriqu\u00e9 en acier inoxydable 304 de haute qualit\u00e9, il est durable, r\u00e9sistant \u00e0 la corrosion et \u00e0 la rouille, et r\u00e9pond enti\u00e8rement aux normes de s\u00e9curit\u00e9 en mati\u00e8re de contact avec les aliments pour une utilisation s\u00fbre.<\/p>\n\n\n\n<p><strong>Diverses options de couleur : <\/strong>argent, brun, violet, bleu, jaune, vert, etc. sont disponibles pour rompre le style traditionnel, le rendre plus vivant et plus int\u00e9ressant, et renforcer l'attrait du produit.<\/p>\n\n\n\n<p><strong>Capacit\u00e9 pr\u00e9cise de 20 ml : <\/strong>Capacit\u00e9 pr\u00e9cise de 20 ml avec une erreur de mesure minimale, parfaite pour la p\u00e2tisserie, la cuisine et les travaux de laboratoire.<\/p>\n\n\n\n<p><strong>Cuill\u00e8re arrondie Design : <\/strong>La forme lisse et arrondie de la cuill\u00e8re permet de recueillir facilement les ingr\u00e9dients en poudre (tels que la farine et le sucre) ou les ingr\u00e9dients collants (tels que le miel et les sauces), tout en simplifiant le versement et le nettoyage.<\/p>\n\n\n\n<p><strong>Facile \u00e0 nettoyer : <\/strong>Le processus de moulage en une seule pi\u00e8ce (surface finement polie) garantit une surface lisse qui r\u00e9siste aux taches. Il peut \u00eatre lav\u00e9 directement ou au lave-vaisselle pour une utilisation durable.<\/p>\n\n\n\n<p><strong>Approvisionnement en vrac et personnalisation flexible : <\/strong>En tant que fabricant professionnel, nous prenons en charge les achats de gros volumes et proposons des prix tr\u00e8s comp\u00e9titifs. Nous proposons \u00e9galement des services de personnalisation OEM\/ODM (tels que l'impression de logos) pour r\u00e9pondre \u00e0 vos divers besoins commerciaux.<\/p>\n<\/div>\n\n\n\n<div class=\"wp-block-column is-layout-flow wp-block-column-is-layout-flow\">\n<figure class=\"wp-block-image size-full\"><img decoding=\"async\" width=\"1000\" height=\"1000\" src=\"https:\/\/www.mcallenflatware.com\/wp-content\/uploads\/2025\/09\/Custom-Measuring-Spoons-4.webp\" alt=\"Cuill\u00e8res \u00e0 mesurer personnalis\u00e9es en vrac\" class=\"wp-image-2431\" srcset=\"https:\/\/www.mcallenflatware.com\/wp-content\/uploads\/2025\/09\/Custom-Measuring-Spoons-4.webp 1000w, https:\/\/www.mcallenflatware.com\/wp-content\/uploads\/2025\/09\/Custom-Measuring-Spoons-4-150x150.webp 150w, https:\/\/www.mcallenflatware.com\/wp-content\/uploads\/2025\/09\/Custom-Measuring-Spoons-4-768x768.webp 768w, https:\/\/www.mcallenflatware.com\/wp-content\/uploads\/2025\/09\/Custom-Measuring-Spoons-4-12x12.webp 12w, https:\/\/www.mcallenflatware.com\/wp-content\/uploads\/2025\/09\/Custom-Measuring-Spoons-4-600x600.webp 600w, https:\/\/www.mcallenflatware.com\/wp-content\/uploads\/2025\/09\/Custom-Measuring-Spoons-4-300x300.webp 300w, https:\/\/www.mcallenflatware.com\/wp-content\/uploads\/2025\/09\/Custom-Measuring-Spoons-4-100x100.webp 100w\" sizes=\"(max-width: 1000px) 100vw, 1000px\" \/><\/figure>\n<\/div>\n<\/div>","protected":false},"excerpt":{"rendered":"<p id=\"tw-target-text\" class=\"tw-data-text tw-text-large tw-ta\" dir=\"ltr\" role=\"text\" data-placeholder=\"\u7ffb\u8bd1\" data-ved=\"2ahUKEwiyhqC54PWPAxUs1jQHHZXjJswQ3ewLegQIFBAW\" aria-label=\"\u8bd1\u6587\uff1aCette cuill\u00e8re \u00e0 mesurer en acier inoxydable de 20 ml est l&#039;un de nos produits phares, con\u00e7u pour ceux qui appr\u00e9cient la pr\u00e9cision et la commodit\u00e9. Fabriqu\u00e9e en acier inoxydable 304 de qualit\u00e9 alimentaire, elle est durable, s\u00fbre et hygi\u00e9nique. Sa capacit\u00e9 pr\u00e9cise de 20 ml et son design arrondi unique vous permettent de mesurer les ingr\u00e9dients de p\u00e2tisserie, de pr\u00e9parer des boissons et d&#039;effectuer d&#039;autres mesures pr\u00e9cises avec facilit\u00e9, tout en \u00e9vitant les d\u00e9versements. Nous offrons des remises pour les achats en gros et proposons une personnalisation flexible.\">Les cuill\u00e8res \u00e0 mesurer en vrac, disponibles dans une vari\u00e9t\u00e9 de couleurs, sont fabriqu\u00e9es en acier inoxydable poli pour une finition lisse et facile \u00e0 nettoyer. Cet ensemble attrayant de cuill\u00e8res \u00e0 mesurer est parfait pour la p\u00e2tisserie, la cuisine, la pr\u00e9paration des aliments et bien plus encore. En direct de l'usine, nous offrons des options de personnalisation \u00e0 des prix de gros. Demande de renseignements maintenant !<\/p>\n<p><strong>Nom de marque :<\/strong> Mcallen<br \/><strong>Mat\u00e9riau :<\/strong> Acier inoxydable<br \/><strong>Couleur :<\/strong> Argent, brun, violet, bleu, jaune, vert, etc.<br \/><strong>Taille :<\/strong> 20ML<br \/><strong>D\u00e9lai d'ex\u00e9cution de l'\u00e9chantillon :<\/strong> Dans les 3 jours<br \/><strong>OEM\/ODM :<\/strong> Disponible<\/p>\n<h2>Cuill\u00e8re \u00e0 mesurer personnalis\u00e9e :<\/h2>\n<p><strong>Acier inoxydable :<\/strong> Acier inoxydable 18\/10, 304, 316, 410, 430, 420<br \/><strong>Logo :<\/strong> Gravure laser, s\u00e9rigraphie, impression UV, impression par transfert thermique, gaufrage, etc.<br \/><strong>Couleur :<\/strong> Or, argent ou personnalis\u00e9<br \/><strong>Emballage :<\/strong> Vrac, sac OPP, bo\u00eete de couleur, bo\u00eete cadeau, sur mesure<\/p>","protected":false},"featured_media":2427,"template":"","meta":[],"product_brand":[],"product_cat":[24,32],"product_tag":[],"class_list":{"0":"post-2426","1":"product","2":"type-product","3":"status-publish","4":"has-post-thumbnail","6":"product_cat-wholesale-kitchen-utensils","7":"product_cat-custom-baking-tools-utensils","9":"first","10":"instock","11":"shipping-taxable","12":"product-type-simple"},"_links":{"self":[{"href":"https:\/\/www.mcallenflatware.com\/fr\/wp-json\/wp\/v2\/product\/2426","targetHints":{"allow":["GET"]}}],"collection":[{"href":"https:\/\/www.mcallenflatware.com\/fr\/wp-json\/wp\/v2\/product"}],"about":[{"href":"https:\/\/www.mcallenflatware.com\/fr\/wp-json\/wp\/v2\/types\/product"}],"wp:featuredmedia":[{"embeddable":true,"href":"https:\/\/www.mcallenflatware.com\/fr\/wp-json\/wp\/v2\/media\/2427"}],"wp:attachment":[{"href":"https:\/\/www.mcallenflatware.com\/fr\/wp-json\/wp\/v2\/media?parent=2426"}],"wp:term":[{"taxonomy":"product_brand","embeddable":true,"href":"https:\/\/www.mcallenflatware.com\/fr\/wp-json\/wp\/v2\/product_brand?post=2426"},{"taxonomy":"product_cat","embeddable":true,"href":"https:\/\/www.mcallenflatware.com\/fr\/wp-json\/wp\/v2\/product_cat?post=2426"},{"taxonomy":"product_tag","embeddable":true,"href":"https:\/\/www.mcallenflatware.com\/fr\/wp-json\/wp\/v2\/product_tag?post=2426"}],"curies":[{"name":"wp","href":"https:\/\/api.w.org\/{rel}","templated":true}]}}