{"id":2451,"date":"2025-10-24T04:05:30","date_gmt":"2025-10-24T04:05:30","guid":{"rendered":"https:\/\/www.mcallenflatware.com\/?post_type=product&#038;p=2451"},"modified":"2025-10-24T04:06:49","modified_gmt":"2025-10-24T04:06:49","slug":"measuring-spoons-bulk","status":"publish","type":"product","link":"https:\/\/www.mcallenflatware.com\/fr\/product\/measuring-spoons-bulk\/","title":{"rendered":"Cuill\u00e8res \u00e0 mesurer \u00e0 manche rond en vrac, cuill\u00e8res \u00e0 mesurer en acier inoxydable, set de cuill\u00e8res \u00e0 mesurer personnalis\u00e9es"},"content":{"rendered":"<div class=\"wp-block-columns is-layout-flex wp-container-core-columns-is-layout-9d6595d7 wp-block-columns-is-layout-flex\">\n<div class=\"wp-block-column is-layout-flow wp-block-column-is-layout-flow\">\n<h2 class=\"wp-block-heading\">Cuill\u00e8re \u00e0 mesurer \u00e0 manche rond Caract\u00e9ristiques :<\/h2>\n\n\n\n<p><strong>Acier inoxydable 304 de qualit\u00e9 alimentaire :<\/strong> Fabriqu\u00e9 en acier inoxydable 304 de haute qualit\u00e9 (acier inoxydable 18\/8), il est durable, r\u00e9sistant \u00e0 la rouille et \u00e0 la corrosion, et r\u00e9pond aux normes de s\u00e9curit\u00e9 alimentaire. Il est inodore et facile \u00e0 nettoyer et \u00e0 d\u00e9sinfecter.<\/p>\n\n\n\n<p><strong>Poign\u00e9e ronde :<\/strong> La poign\u00e9e ronde, \u00e9l\u00e9gante et pratique, offre une prise en main confortable et s\u00fbre, ce qui facilite son utilisation.<\/p>\n\n\n\n<p><strong>Connexion circulaire : <\/strong>Le design circulaire unique permet d'encha\u00eener, d'empiler ou de ranger les cuill\u00e8res \u00e0 mesurer, ce qui permet de gagner de l'espace et de garder votre cuisine ou votre plan de travail bien rang\u00e9 et organis\u00e9.<\/p>\n\n\n\n<p><strong>\u00c9chelle de mesure pr\u00e9cise : <\/strong>La balance pr\u00e9sente des tailles courantes et est facile \u00e0 lire, ce qui garantit des mesures pr\u00e9cises pour la cuisson, la cuisine et la pr\u00e9paration des repas.<\/p>\n\n\n\n<p><strong>Avantage de la vente en gros :<\/strong> Nous proposons une option d'achat en gros pour r\u00e9pondre aux besoins des restaurants, des boulangeries, des caf\u00e9s, de la personnalisation des cadeaux et des distributeurs, en offrant un rapport co\u00fbt-efficacit\u00e9 et un approvisionnement stable.<\/p>\n\n\n\n<figure class=\"wp-block-image size-full\"><img decoding=\"async\" width=\"1500\" height=\"1500\" src=\"https:\/\/www.mcallenflatware.com\/wp-content\/uploads\/2025\/10\/Wholesale-Round-handle-Measuring-Spoon-5.webp\" alt=\"Wholesale Round handle Measuring Spoons (Cuill\u00e8res \u00e0 mesurer \u00e0 poign\u00e9e ronde)\" class=\"wp-image-2456\" srcset=\"https:\/\/www.mcallenflatware.com\/wp-content\/uploads\/2025\/10\/Wholesale-Round-handle-Measuring-Spoon-5.webp 1500w, https:\/\/www.mcallenflatware.com\/wp-content\/uploads\/2025\/10\/Wholesale-Round-handle-Measuring-Spoon-5-150x150.webp 150w, https:\/\/www.mcallenflatware.com\/wp-content\/uploads\/2025\/10\/Wholesale-Round-handle-Measuring-Spoon-5-768x768.webp 768w, https:\/\/www.mcallenflatware.com\/wp-content\/uploads\/2025\/10\/Wholesale-Round-handle-Measuring-Spoon-5-12x12.webp 12w, https:\/\/www.mcallenflatware.com\/wp-content\/uploads\/2025\/10\/Wholesale-Round-handle-Measuring-Spoon-5-1200x1200.webp 1200w, https:\/\/www.mcallenflatware.com\/wp-content\/uploads\/2025\/10\/Wholesale-Round-handle-Measuring-Spoon-5-600x600.webp 600w, https:\/\/www.mcallenflatware.com\/wp-content\/uploads\/2025\/10\/Wholesale-Round-handle-Measuring-Spoon-5-300x300.webp 300w, https:\/\/www.mcallenflatware.com\/wp-content\/uploads\/2025\/10\/Wholesale-Round-handle-Measuring-Spoon-5-100x100.webp 100w\" sizes=\"(max-width: 1500px) 100vw, 1500px\" \/><\/figure>\n<\/div>\n\n\n\n<div class=\"wp-block-column is-layout-flow wp-block-column-is-layout-flow\">\n<figure class=\"wp-block-image size-full\"><img decoding=\"async\" width=\"750\" height=\"1360\" src=\"https:\/\/www.mcallenflatware.com\/wp-content\/uploads\/2025\/10\/Wholesale-Round-handle-Measuring-Spoon-15.webp\" alt=\"\" class=\"wp-image-2466\" srcset=\"https:\/\/www.mcallenflatware.com\/wp-content\/uploads\/2025\/10\/Wholesale-Round-handle-Measuring-Spoon-15.webp 750w, https:\/\/www.mcallenflatware.com\/wp-content\/uploads\/2025\/10\/Wholesale-Round-handle-Measuring-Spoon-15-7x12.webp 7w, https:\/\/www.mcallenflatware.com\/wp-content\/uploads\/2025\/10\/Wholesale-Round-handle-Measuring-Spoon-15-600x1088.webp 600w\" sizes=\"(max-width: 750px) 100vw, 750px\" \/><\/figure>\n<\/div>\n<\/div>","protected":false},"excerpt":{"rendered":"<p class=\"tw-data-text tw-text-large tw-ta\" dir=\"ltr\" role=\"text\" data-placeholder=\"\u7ffb\u8bd1\" data-ved=\"2ahUKEwiyhqC54PWPAxUs1jQHHZXjJswQ3ewLegQIFBAW\" aria-label=\"\u8bd1\u6587\uff1aCette cuill\u00e8re \u00e0 mesurer en acier inoxydable de 20 ml est l&#039;un de nos produits phares, con\u00e7u pour ceux qui appr\u00e9cient la pr\u00e9cision et la commodit\u00e9. Fabriqu\u00e9e en acier inoxydable 304 de qualit\u00e9 alimentaire, elle est durable, s\u00fbre et hygi\u00e9nique. Sa capacit\u00e9 pr\u00e9cise de 20 ml et son design arrondi unique vous permettent de mesurer les ingr\u00e9dients de p\u00e2tisserie, de pr\u00e9parer des boissons et d&#039;effectuer d&#039;autres mesures pr\u00e9cises avec facilit\u00e9, tout en \u00e9vitant les d\u00e9versements. Nous offrons des remises pour les achats en gros et proposons une personnalisation flexible.\">Cuill\u00e8res \u00e0 mesurer personnalis\u00e9es en vrac. Fabriqu\u00e9es en acier inoxydable de qualit\u00e9 alimentaire, elles sont dot\u00e9es d'un manche rond et de graduations pr\u00e9cises dans diff\u00e9rentes tailles, parfaites pour la p\u00e2tisserie et la cuisine. Nous proposons une s\u00e9lection en gros \u00e0 des prix comp\u00e9titifs. Renseignez-vous d\u00e8s maintenant !<\/p>\n<p><strong>Nom de marque :<\/strong> Mcallen<br \/><strong>Mat\u00e9riau :<\/strong> Acier inoxydable<br \/><strong>Couleur :<\/strong> Argent, or, noir, or rose, etc.<br \/><strong>Taille :<\/strong> 5ML,10ML,15ML,20ML,25ML,30ML<br \/><strong>D\u00e9lai d'ex\u00e9cution de l'\u00e9chantillon :<\/strong> Dans les 3 jours<br \/><strong>OEM\/ODM :<\/strong> Disponible<\/p>\n<h2>Cuill\u00e8res \u00e0 mesurer personnalis\u00e9es :<\/h2>\n<p><strong>Acier inoxydable :<\/strong> Acier inoxydable 18\/10, 304, 316, 410, 430, 420<br \/><strong>Logo :<\/strong> Gravure laser, s\u00e9rigraphie, impression UV, impression par transfert thermique, gaufrage, etc.<br \/><strong>Couleur :<\/strong> Or, argent ou personnalis\u00e9<br \/><strong>Emballage :<\/strong> Vrac, sac OPP, bo\u00eete de couleur, bo\u00eete cadeau, sur mesure<\/p>","protected":false},"featured_media":2460,"template":"","meta":[],"product_brand":[],"product_cat":[24,32],"product_tag":[],"class_list":{"0":"post-2451","1":"product","2":"type-product","3":"status-publish","4":"has-post-thumbnail","6":"product_cat-wholesale-kitchen-utensils","7":"product_cat-custom-baking-tools-utensils","9":"first","10":"instock","11":"shipping-taxable","12":"product-type-simple"},"_links":{"self":[{"href":"https:\/\/www.mcallenflatware.com\/fr\/wp-json\/wp\/v2\/product\/2451","targetHints":{"allow":["GET"]}}],"collection":[{"href":"https:\/\/www.mcallenflatware.com\/fr\/wp-json\/wp\/v2\/product"}],"about":[{"href":"https:\/\/www.mcallenflatware.com\/fr\/wp-json\/wp\/v2\/types\/product"}],"wp:featuredmedia":[{"embeddable":true,"href":"https:\/\/www.mcallenflatware.com\/fr\/wp-json\/wp\/v2\/media\/2460"}],"wp:attachment":[{"href":"https:\/\/www.mcallenflatware.com\/fr\/wp-json\/wp\/v2\/media?parent=2451"}],"wp:term":[{"taxonomy":"product_brand","embeddable":true,"href":"https:\/\/www.mcallenflatware.com\/fr\/wp-json\/wp\/v2\/product_brand?post=2451"},{"taxonomy":"product_cat","embeddable":true,"href":"https:\/\/www.mcallenflatware.com\/fr\/wp-json\/wp\/v2\/product_cat?post=2451"},{"taxonomy":"product_tag","embeddable":true,"href":"https:\/\/www.mcallenflatware.com\/fr\/wp-json\/wp\/v2\/product_tag?post=2451"}],"curies":[{"name":"wp","href":"https:\/\/api.w.org\/{rel}","templated":true}]}}