{"id":2585,"date":"2025-12-20T02:45:49","date_gmt":"2025-12-20T02:45:49","guid":{"rendered":"https:\/\/www.mcallenflatware.com\/?post_type=product&#038;p=2585"},"modified":"2025-12-20T03:04:53","modified_gmt":"2025-12-20T03:04:53","slug":"wholesale-flatware-set-modern","status":"publish","type":"product","link":"https:\/\/www.mcallenflatware.com\/fr\/product\/wholesale-flatware-set-modern\/","title":{"rendered":"Ensemble de couverts de table en acier inoxydable moderne, poli miroir, vendu en gros"},"content":{"rendered":"<h2 class=\"wp-block-heading\">Caract\u00e9ristiques du service de couverts moderne :<\/h2>\n\n\n\n<div class=\"wp-block-columns is-layout-flex wp-container-core-columns-is-layout-9d6595d7 wp-block-columns-is-layout-flex\">\n<div class=\"wp-block-column is-layout-flow wp-block-column-is-layout-flow\" style=\"flex-basis:66.66%\">\n<p><strong>Apparence raffin\u00e9e :<\/strong> Une fusion magistrale entre \u00e9l\u00e9gance classique et esth\u00e9tique minimaliste moderne. Les d\u00e9tails d\u00e9coratifs uniques et les courbes fluides des poign\u00e9es repr\u00e9sentent un m\u00e9lange parfait entre fonctionnalit\u00e9 et art.<\/p>\n\n\n\n<p><strong>Mat\u00e9riaux de qualit\u00e9 sup\u00e9rieure :<\/strong> Fabriqu\u00e9 \u00e0 partir d'acier inoxydable 304 de haute qualit\u00e9 s\u00e9lectionn\u00e9, garantissant la durabilit\u00e9, la r\u00e9sistance \u00e0 la corrosion et \u00e0 la rouille de la vaisselle, qui r\u00e9siste \u00e0 l'\u00e9preuve du temps.<\/p>\n\n\n\n<p><strong>Polissage miroir : <\/strong>Gr\u00e2ce \u00e0 un processus de polissage miroir haut de gamme, la surface est aussi lisse qu'un miroir et pr\u00e9sente un \u00e9clat blanc argent\u00e9 pur et scintillant. Chaque utilisation refl\u00e8te l'atmosph\u00e8re raffin\u00e9e de la table \u00e0 manger, mettant en valeur un style \u00e9l\u00e9gant.<\/p>\n\n\n\n<p><strong>Un savoir-faire minutieux : <\/strong>Les bords et les joints de chaque pi\u00e8ce de vaisselle sont m\u00e9ticuleusement polis, ce qui donne une surface lisse et sans bavures pour une exp\u00e9rience utilisateur s\u00fbre et confortable.<\/p>\n\n\n\n<p><strong>Poign\u00e9e ergonomique : <\/strong>Les poign\u00e9es sont con\u00e7ues de mani\u00e8re ergonomique pour offrir une prise en main confortable et stable, ce qui les rend faciles \u00e0 utiliser aussi bien pour les repas quotidiens que pour les occasions formelles.<\/p>\n\n\n\n<p><strong>Ensemble complet de couverts : <\/strong>Comprend diff\u00e9rents types de couverts tels que des couteaux, des fourchettes, des cuill\u00e8res \u00e0 soupe et des cuill\u00e8res \u00e0 dessert, dont les tailles ont \u00e9t\u00e9 scientifiquement adapt\u00e9es. Qu'ils soient utilis\u00e9s individuellement ou pr\u00e9sent\u00e9s en ensemble, ils cr\u00e9ent une esth\u00e9tique visuelle harmonieuse et unifi\u00e9e.<\/p>\n\n\n\n<p><strong>Multifonctionnel et adapt\u00e9 \u00e0 divers sc\u00e9narios de repas<\/strong>, Des plats principaux aux soupes, en passant par les desserts et les salades, c'est le choix id\u00e9al pour am\u00e9liorer la qualit\u00e9 des repas quotidiens en famille et organiser des r\u00e9unions chaleureuses.<\/p>\n<\/div>\n\n\n\n<div class=\"wp-block-column is-layout-flow wp-block-column-is-layout-flow\" style=\"flex-basis:33.33%\">\n<figure class=\"wp-block-image size-full\"><img decoding=\"async\" width=\"560\" height=\"560\" src=\"https:\/\/www.mcallenflatware.com\/wp-content\/uploads\/2025\/12\/wholesale-flatware-set-modern-stainless-steel-cutlery-set-mirror-polished-custom-4.webp\" alt=\"Ensemble de couverts de table moderne en acier inoxydable, poli miroir, personnalis\u00e9 (4)\" class=\"wp-image-2594\" srcset=\"https:\/\/www.mcallenflatware.com\/wp-content\/uploads\/2025\/12\/wholesale-flatware-set-modern-stainless-steel-cutlery-set-mirror-polished-custom-4.webp 560w, https:\/\/www.mcallenflatware.com\/wp-content\/uploads\/2025\/12\/wholesale-flatware-set-modern-stainless-steel-cutlery-set-mirror-polished-custom-4-150x150.webp 150w, https:\/\/www.mcallenflatware.com\/wp-content\/uploads\/2025\/12\/wholesale-flatware-set-modern-stainless-steel-cutlery-set-mirror-polished-custom-4-12x12.webp 12w, https:\/\/www.mcallenflatware.com\/wp-content\/uploads\/2025\/12\/wholesale-flatware-set-modern-stainless-steel-cutlery-set-mirror-polished-custom-4-300x300.webp 300w, https:\/\/www.mcallenflatware.com\/wp-content\/uploads\/2025\/12\/wholesale-flatware-set-modern-stainless-steel-cutlery-set-mirror-polished-custom-4-100x100.webp 100w\" sizes=\"(max-width: 560px) 100vw, 560px\" \/><\/figure>\n<\/div>\n<\/div>\n\n\n\n<div class=\"wp-block-columns is-layout-flex wp-container-core-columns-is-layout-9d6595d7 wp-block-columns-is-layout-flex\">\n<div class=\"wp-block-column is-layout-flow wp-block-column-is-layout-flow\">\n<figure class=\"wp-block-image size-full\"><img decoding=\"async\" width=\"560\" height=\"560\" src=\"https:\/\/www.mcallenflatware.com\/wp-content\/uploads\/2025\/12\/wholesale-flatware-set-modern-mirror-polished-stainless-steel-cutlery-set-custom-4.webp\" alt=\"Ensemble de couverts de table moderne en acier inoxydable poli miroir, personnalis\u00e9 (4)\" class=\"wp-image-2589\" srcset=\"https:\/\/www.mcallenflatware.com\/wp-content\/uploads\/2025\/12\/wholesale-flatware-set-modern-mirror-polished-stainless-steel-cutlery-set-custom-4.webp 560w, https:\/\/www.mcallenflatware.com\/wp-content\/uploads\/2025\/12\/wholesale-flatware-set-modern-mirror-polished-stainless-steel-cutlery-set-custom-4-150x150.webp 150w, https:\/\/www.mcallenflatware.com\/wp-content\/uploads\/2025\/12\/wholesale-flatware-set-modern-mirror-polished-stainless-steel-cutlery-set-custom-4-12x12.webp 12w, https:\/\/www.mcallenflatware.com\/wp-content\/uploads\/2025\/12\/wholesale-flatware-set-modern-mirror-polished-stainless-steel-cutlery-set-custom-4-300x300.webp 300w, https:\/\/www.mcallenflatware.com\/wp-content\/uploads\/2025\/12\/wholesale-flatware-set-modern-mirror-polished-stainless-steel-cutlery-set-custom-4-100x100.webp 100w\" sizes=\"(max-width: 560px) 100vw, 560px\" \/><\/figure>\n<\/div>\n\n\n\n<div class=\"wp-block-column is-layout-flow wp-block-column-is-layout-flow\">\n<figure class=\"wp-block-image size-full\"><img decoding=\"async\" width=\"560\" height=\"560\" src=\"https:\/\/www.mcallenflatware.com\/wp-content\/uploads\/2025\/12\/wholesale-flatware-set-modern-mirror-polished-stainless-steel-cutlery-set-custom-3.webp\" alt=\"Ensemble de couverts de table moderne en acier inoxydable poli miroir, personnalis\u00e9 (3)\" class=\"wp-image-2588\" srcset=\"https:\/\/www.mcallenflatware.com\/wp-content\/uploads\/2025\/12\/wholesale-flatware-set-modern-mirror-polished-stainless-steel-cutlery-set-custom-3.webp 560w, https:\/\/www.mcallenflatware.com\/wp-content\/uploads\/2025\/12\/wholesale-flatware-set-modern-mirror-polished-stainless-steel-cutlery-set-custom-3-150x150.webp 150w, https:\/\/www.mcallenflatware.com\/wp-content\/uploads\/2025\/12\/wholesale-flatware-set-modern-mirror-polished-stainless-steel-cutlery-set-custom-3-12x12.webp 12w, https:\/\/www.mcallenflatware.com\/wp-content\/uploads\/2025\/12\/wholesale-flatware-set-modern-mirror-polished-stainless-steel-cutlery-set-custom-3-300x300.webp 300w, https:\/\/www.mcallenflatware.com\/wp-content\/uploads\/2025\/12\/wholesale-flatware-set-modern-mirror-polished-stainless-steel-cutlery-set-custom-3-100x100.webp 100w\" sizes=\"(max-width: 560px) 100vw, 560px\" \/><\/figure>\n<\/div>\n<\/div>\n\n\n\n<p><\/p>","protected":false},"excerpt":{"rendered":"<p>Ensemble de couverts moderne en acier inoxydable, ensemble complet de 6 couverts polis miroir. Fourniture directe par le fabricant Mcallen, personnalisation \u00e9conomique. N'h\u00e9sitez pas \u00e0 nous contacter pour obtenir un devis d\u00e8s maintenant !<\/p>\n<h2>Ensemble de couverts Attributs modernes<\/h2>\n<p><strong>Nom de marque :<\/strong> Mcallen<br \/><strong>Mat\u00e9riau :<\/strong> Acier inoxydable<br \/><strong>Couleur :<\/strong>\u00a0 Argent, or, noir mat, or rose ou personnalis\u00e9<br \/><strong>Polissage :<\/strong> Miroir poli<br \/><strong>Style de conception :<\/strong> Luxe moderne<br \/><strong>D\u00e9lai d'ex\u00e9cution de l'\u00e9chantillon :<\/strong> Dans les 3 jours<br \/><strong>OEM\/ODM :<\/strong> Disponible<\/p>\n<h2>Ensemble de couverts personnalis\u00e9s modernes :<\/h2>\n<p><strong>Acier inoxydable :<\/strong> Acier inoxydable 18\/10, 304, 316, 410, 430, 420<br \/><strong>Logo :<\/strong> Gravure laser, s\u00e9rigraphie, impression UV, impression par transfert thermique, gaufrage, etc.<br \/><strong>Emballage :<\/strong> 4\/8\/12\/16\/20\/24\/45\/48\/72pcs set<br \/><strong>Finitions de surface :<\/strong> Poli miroir, mat, poli \u00e0 l'eau, rev\u00eatement titane<br \/><strong>Emballage :<\/strong> Vrac, sac opp, bo\u00eete de couleur, bo\u00eete cadeau, sur mesure<\/p>","protected":false},"featured_media":2592,"template":"","meta":[],"product_brand":[],"product_cat":[23,29],"product_tag":[],"class_list":{"0":"post-2585","1":"product","2":"type-product","3":"status-publish","4":"has-post-thumbnail","6":"product_cat-wholesale-flatware","7":"product_cat-bulk-flatware","9":"first","10":"instock","11":"shipping-taxable","12":"product-type-simple"},"_links":{"self":[{"href":"https:\/\/www.mcallenflatware.com\/fr\/wp-json\/wp\/v2\/product\/2585","targetHints":{"allow":["GET"]}}],"collection":[{"href":"https:\/\/www.mcallenflatware.com\/fr\/wp-json\/wp\/v2\/product"}],"about":[{"href":"https:\/\/www.mcallenflatware.com\/fr\/wp-json\/wp\/v2\/types\/product"}],"wp:featuredmedia":[{"embeddable":true,"href":"https:\/\/www.mcallenflatware.com\/fr\/wp-json\/wp\/v2\/media\/2592"}],"wp:attachment":[{"href":"https:\/\/www.mcallenflatware.com\/fr\/wp-json\/wp\/v2\/media?parent=2585"}],"wp:term":[{"taxonomy":"product_brand","embeddable":true,"href":"https:\/\/www.mcallenflatware.com\/fr\/wp-json\/wp\/v2\/product_brand?post=2585"},{"taxonomy":"product_cat","embeddable":true,"href":"https:\/\/www.mcallenflatware.com\/fr\/wp-json\/wp\/v2\/product_cat?post=2585"},{"taxonomy":"product_tag","embeddable":true,"href":"https:\/\/www.mcallenflatware.com\/fr\/wp-json\/wp\/v2\/product_tag?post=2585"}],"curies":[{"name":"wp","href":"https:\/\/api.w.org\/{rel}","templated":true}]}}