{"id":2842,"date":"2026-02-05T02:04:40","date_gmt":"2026-02-05T02:04:40","guid":{"rendered":"https:\/\/www.mcallenflatware.com\/?post_type=product&#038;p=2842"},"modified":"2026-02-05T03:05:55","modified_gmt":"2026-02-05T03:05:55","slug":"custom-hammered-flatware","status":"publish","type":"product","link":"https:\/\/www.mcallenflatware.com\/fr\/product\/custom-hammered-flatware\/","title":{"rendered":"Couverts martel\u00e9s sur mesure, couverts en acier inoxydable polis \u00e0 la morphine Fournisseur"},"content":{"rendered":"<div class=\"wp-block-columns is-layout-flex wp-container-core-columns-is-layout-9d6595d7 wp-block-columns-is-layout-flex\">\n<div class=\"wp-block-column is-layout-flow wp-block-column-is-layout-flow\">\n<h2 class=\"wp-block-heading\">Couverts martel\u00e9s Caract\u00e9ristiques :<\/h2>\n\n\n\n<p><strong>Poign\u00e9e ergonomique martel\u00e9e :<\/strong> La finition martel\u00e9e textur\u00e9e offre une prise en main confortable et antid\u00e9rapante, tandis que le poli \u00e9l\u00e9gant et r\u00e9fl\u00e9chissant ajoute une touche de luxe moderne \u00e0 tout d\u00e9cor de table.<\/p>\n\n\n\n<p><strong>Mat\u00e9riel de s\u00e9curit\u00e9 alimentaire<\/strong>l : Fabriqu\u00e9 en acier inoxydable de qualit\u00e9 alimentaire, r\u00e9sistant \u00e0 la corrosion et sans BPA, il garantit une utilisation s\u00fbre et durable dans les locaux commerciaux et domestiques.<\/p>\n\n\n\n<p><strong>Construction forg\u00e9e en une seule pi\u00e8ce :<\/strong> Un design \u00e9pais et sans couture \u00e9limine les pi\u00e8ges \u00e0 salet\u00e9 cach\u00e9s, ce qui facilite le nettoyage tout en r\u00e9sistant \u00e0 la flexion ou \u00e0 la rupture, m\u00eame en cas d'utilisation quotidienne intensive.<\/p>\n\n\n\n<p><strong>Couteau professionnel dentel\u00e9<\/strong>: La lame tranchante \u00e0 grandes dents coupe les steaks et les viandes coriaces en douceur, am\u00e9liorant ainsi l'exp\u00e9rience culinaire de vos clients.<\/p>\n\n\n\n<p><strong>Finition polie miroir<\/strong>: La surface brillante, r\u00e9sistante aux empreintes digitales, reste brillante pendant des ann\u00e9es et conserve un aspect haut de gamme qui impressionne les invit\u00e9s.<\/p>\n\n\n\n<p><strong>Flexible MOQ :<\/strong> Les essais en petits lots et les commandes en gros volumes peuvent \u00eatre adapt\u00e9s \u00e0 votre plan d'inventaire.<\/p>\n<\/div>\n\n\n\n<div class=\"wp-block-column is-layout-flow wp-block-column-is-layout-flow\"><div class=\"wp-block-image\">\n<figure class=\"aligncenter size-full\"><img decoding=\"async\" width=\"800\" height=\"800\" src=\"https:\/\/www.mcallenflatware.com\/wp-content\/uploads\/2026\/02\/custom-hammered-flatware-stainless-steel-cutlery-set-2.webp\" alt=\"couverts martel\u00e9s personnalis\u00e9s en acier inoxydable (2)\" class=\"wp-image-2844\" style=\"object-fit:cover\" srcset=\"https:\/\/www.mcallenflatware.com\/wp-content\/uploads\/2026\/02\/custom-hammered-flatware-stainless-steel-cutlery-set-2.webp 800w, https:\/\/www.mcallenflatware.com\/wp-content\/uploads\/2026\/02\/custom-hammered-flatware-stainless-steel-cutlery-set-2-150x150.webp 150w, https:\/\/www.mcallenflatware.com\/wp-content\/uploads\/2026\/02\/custom-hammered-flatware-stainless-steel-cutlery-set-2-768x768.webp 768w, https:\/\/www.mcallenflatware.com\/wp-content\/uploads\/2026\/02\/custom-hammered-flatware-stainless-steel-cutlery-set-2-12x12.webp 12w, https:\/\/www.mcallenflatware.com\/wp-content\/uploads\/2026\/02\/custom-hammered-flatware-stainless-steel-cutlery-set-2-600x600.webp 600w, https:\/\/www.mcallenflatware.com\/wp-content\/uploads\/2026\/02\/custom-hammered-flatware-stainless-steel-cutlery-set-2-300x300.webp 300w, https:\/\/www.mcallenflatware.com\/wp-content\/uploads\/2026\/02\/custom-hammered-flatware-stainless-steel-cutlery-set-2-100x100.webp 100w\" sizes=\"(max-width: 800px) 100vw, 800px\" \/><\/figure>\n<\/div><\/div>\n<\/div>\n\n\n\n<div class=\"wp-block-columns is-layout-flex wp-container-core-columns-is-layout-9d6595d7 wp-block-columns-is-layout-flex\">\n<div class=\"wp-block-column is-layout-flow wp-block-column-is-layout-flow\"><\/div>\n\n\n\n<div class=\"wp-block-column is-layout-flow wp-block-column-is-layout-flow\"><\/div>\n<\/div>","protected":false},"excerpt":{"rendered":"<p>Notre service de couverts martel\u00e9s personnalis\u00e9, fabriqu\u00e9 en acier inoxydable de qualit\u00e9 alimentaire, est dot\u00e9 d'un manche martel\u00e9 unique pour une meilleure prise en main et un style intemporel. Parfait pour les restaurants, les h\u00f4tels, les mariages ou les cadeaux de marque. Nous offrons une personnalisation compl\u00e8te pour correspondre \u00e0 l'identit\u00e9 de votre marque. Contactez-nous pour obtenir plus de produits !<\/p>\n<h2>Attributs des couverts martel\u00e9s<\/h2>\n<p><strong>Nom de marque :<\/strong> Mcallen<br \/><strong>Mat\u00e9riau :<\/strong> Acier inoxydable<br \/><strong>Couleur :<\/strong> Or, argent<br \/><strong>Conception :<\/strong> Design martel\u00e9<br \/><strong>D\u00e9lai d'ex\u00e9cution de l'\u00e9chantillon :<\/strong> Dans les 3 jours<br \/><strong>OEM\/ODM :<\/strong> Disponible<\/p>\n<h2>Couverts martel\u00e9s sur mesure :<\/h2>\n<p><strong>Acier inoxydable :<\/strong> Acier inoxydable 18\/10, 304, 316, 410, 430, 420<br \/><strong>Logo :<\/strong> Gravure laser, s\u00e9rigraphie, impression UV, impression par transfert thermique, gaufrage, etc.<br \/><strong>Emballage :<\/strong> 4\/8\/12\/16\/20\/24\/45\/48\/72pcs set<br \/><strong>Finitions de surface :<\/strong> Poli miroir, mat, poli \u00e0 l'eau, rev\u00eatement titane<br \/><strong>Emballage :<\/strong> Vrac, sac opp, bo\u00eete de couleur, bo\u00eete cadeau, sur mesure<\/p>","protected":false},"featured_media":2846,"template":"","meta":[],"product_brand":[],"product_cat":[23,29],"product_tag":[],"class_list":{"0":"post-2842","1":"product","2":"type-product","3":"status-publish","4":"has-post-thumbnail","6":"product_cat-wholesale-flatware","7":"product_cat-bulk-flatware","9":"first","10":"instock","11":"shipping-taxable","12":"product-type-simple"},"_links":{"self":[{"href":"https:\/\/www.mcallenflatware.com\/fr\/wp-json\/wp\/v2\/product\/2842","targetHints":{"allow":["GET"]}}],"collection":[{"href":"https:\/\/www.mcallenflatware.com\/fr\/wp-json\/wp\/v2\/product"}],"about":[{"href":"https:\/\/www.mcallenflatware.com\/fr\/wp-json\/wp\/v2\/types\/product"}],"wp:featuredmedia":[{"embeddable":true,"href":"https:\/\/www.mcallenflatware.com\/fr\/wp-json\/wp\/v2\/media\/2846"}],"wp:attachment":[{"href":"https:\/\/www.mcallenflatware.com\/fr\/wp-json\/wp\/v2\/media?parent=2842"}],"wp:term":[{"taxonomy":"product_brand","embeddable":true,"href":"https:\/\/www.mcallenflatware.com\/fr\/wp-json\/wp\/v2\/product_brand?post=2842"},{"taxonomy":"product_cat","embeddable":true,"href":"https:\/\/www.mcallenflatware.com\/fr\/wp-json\/wp\/v2\/product_cat?post=2842"},{"taxonomy":"product_tag","embeddable":true,"href":"https:\/\/www.mcallenflatware.com\/fr\/wp-json\/wp\/v2\/product_tag?post=2842"}],"curies":[{"name":"wp","href":"https:\/\/api.w.org\/{rel}","templated":true}]}}