{"id":2883,"date":"2026-02-26T09:38:26","date_gmt":"2026-02-26T09:38:26","guid":{"rendered":"https:\/\/www.mcallenflatware.com\/?post_type=product&#038;p=2883"},"modified":"2026-02-26T10:10:26","modified_gmt":"2026-02-26T10:10:26","slug":"wholesale-hammered-stainless-flatware","status":"publish","type":"product","link":"https:\/\/www.mcallenflatware.com\/fr\/product\/wholesale-hammered-stainless-flatware\/","title":{"rendered":"Wholesale Hammered Stainless Flatware, Modern Cutlery Set 4-Piece Supplier"},"content":{"rendered":"<div class=\"wp-block-columns is-layout-flex wp-container-core-columns-is-layout-9d6595d7 wp-block-columns-is-layout-flex\">\n<div class=\"wp-block-column is-layout-flow wp-block-column-is-layout-flow\">\n<h2 class=\"wp-block-heading\">Couverts en acier inoxydable martel\u00e9 Caract\u00e9ristiques :<\/h2>\n\n\n\n<p><strong>Artisanat martel\u00e9 :<\/strong> La texture martel\u00e9e unique et irr\u00e9guli\u00e8re de la poign\u00e9e ajoute une touche d'\u00e9l\u00e9gance industrielle et emp\u00eache de glisser pendant l'utilisation.<\/p>\n\n\n\n<p><strong>Acier inoxydable de qualit\u00e9 alimentaire :<\/strong> Fabriqu\u00e9s en acier inoxydable 18\/10, ils r\u00e9sistent \u00e0 la rouille et \u00e0 la corrosion et sont con\u00e7us pour durer. Ils sont de loin sup\u00e9rieurs aux couverts standard 18\/0.<\/p>\n\n\n\n<p><strong>Poids robuste et \u00e9quilibr\u00e9 :<\/strong> Usin\u00e9 avec pr\u00e9cision pour un \u00e9quilibre parfait afin d'\u00e9viter le basculement des assiettes.<\/p>\n\n\n\n<p><strong>Polissage miroir : <\/strong>Finition miroir ultra-brillante et r\u00e9sistante aux rayures ; le couteau \u00e0 steak dentel\u00e9 coupe la viande sans effort et sans la d\u00e9chirer.<\/p>\n\n\n\n<p><strong>Lavable au lave-vaisselle<\/strong>: Conserve son \u00e9clat et sa texture m\u00eame apr\u00e8s des centaines de lavages - aucun lavage \u00e0 la main n'est n\u00e9cessaire.<\/p>\n\n\n\n<p><strong>S'adapter \u00e0 toutes les occasions<\/strong>: Ensemble classique de 4 pi\u00e8ces, qui s'adapte parfaitement aux d\u00eeners de famille d\u00e9contract\u00e9s, aux \u00e9v\u00e9nements formels, aux mariages et aux services de restauration.<\/p>\n<\/div>\n\n\n\n<div class=\"wp-block-column is-layout-flow wp-block-column-is-layout-flow\"><div class=\"wp-block-image\">\n<figure class=\"aligncenter size-full\"><img decoding=\"async\" width=\"800\" height=\"800\" src=\"https:\/\/www.mcallenflatware.com\/wp-content\/uploads\/2026\/02\/wholesale-hammered-stainless-flatware-2.webp\" alt=\"couverts en gros en acier inoxydable martel\u00e9 (2)\" class=\"wp-image-2885\" style=\"object-fit:cover\" srcset=\"https:\/\/www.mcallenflatware.com\/wp-content\/uploads\/2026\/02\/wholesale-hammered-stainless-flatware-2.webp 800w, https:\/\/www.mcallenflatware.com\/wp-content\/uploads\/2026\/02\/wholesale-hammered-stainless-flatware-2-150x150.webp 150w, https:\/\/www.mcallenflatware.com\/wp-content\/uploads\/2026\/02\/wholesale-hammered-stainless-flatware-2-768x768.webp 768w, https:\/\/www.mcallenflatware.com\/wp-content\/uploads\/2026\/02\/wholesale-hammered-stainless-flatware-2-12x12.webp 12w, https:\/\/www.mcallenflatware.com\/wp-content\/uploads\/2026\/02\/wholesale-hammered-stainless-flatware-2-600x600.webp 600w, https:\/\/www.mcallenflatware.com\/wp-content\/uploads\/2026\/02\/wholesale-hammered-stainless-flatware-2-300x300.webp 300w, https:\/\/www.mcallenflatware.com\/wp-content\/uploads\/2026\/02\/wholesale-hammered-stainless-flatware-2-100x100.webp 100w\" sizes=\"(max-width: 800px) 100vw, 800px\" \/><\/figure>\n<\/div><\/div>\n<\/div>","protected":false},"excerpt":{"rendered":"<p>\u00c9levez votre table avec notre ensemble de couverts en acier inoxydable martel\u00e9. Poign\u00e9es textur\u00e9es, finition miroir, couteau \u00e0 steak tranchant, lavable au lave-vaisselle, ergonomique, design 4 pi\u00e8ces, parfait pour un usage quotidien ou un repas commercial. Approvisionnement direct de l'usine de Mcallen. Contactez-nous pour des devis en gros et personnalis\u00e9s.<\/p>\n<h2 id=\"block-792b966c-c506-49fa-b3c8-9881ee38a4f5\" class=\"block-editor-rich-text__editable block-editor-block-list__block wp-block is-selected wp-block-heading rich-text\" role=\"document\" aria-label=\"Bloc : Titre\" data-block=\"792b966c-c506-49fa-b3c8-9881ee38a4f5\" data-type=\"core\/heading\" data-title=\"Heading\" data-wp-block-attribute-key=\"content\">Couverts en acier inoxydable martel\u00e9 Attributs :<\/h2>\n<p><strong>Nom de marque :<\/strong> Mcallen<br \/><strong>Mat\u00e9riau :<\/strong> Acier inoxydable<br \/><strong>Couleur :<\/strong>\u00a0 Argent, or, noir, or rose, arc-en-ciel.<br \/><strong>Conception : <\/strong>Poign\u00e9e carr\u00e9e moderne<br \/><strong>D\u00e9lai d'ex\u00e9cution de l'\u00e9chantillon :<\/strong> Dans les 3 jours<br \/><strong>OEM\/ODM :<\/strong> Disponible<\/p>\n<h2>Couverts pour restaurants sur mesure :<\/h2>\n<p><strong>Acier inoxydable :<\/strong> Acier inoxydable 18\/10, 304, 316, 410, 430, 420<br \/><strong>Logo :<\/strong> Gravure au laser, impression par s\u00e9rigraphie\/UV\/transfert thermique, gaufrage, etc.<br \/><strong>Emballage :<\/strong> 4\/8\/12\/16\/20\/24\/45\/48\/72pcs set<br \/><strong>Finitions de surface :<\/strong> Poli miroir, mat, poli \u00e0 l'eau, rev\u00eatement titane<br \/><strong>Emballage :<\/strong> Vrac, sac OPP, bo\u00eete de couleur, bo\u00eete cadeau, sur mesure<\/p>","protected":false},"featured_media":2891,"template":"","meta":[],"product_brand":[],"product_cat":[23,29],"product_tag":[],"class_list":{"0":"post-2883","1":"product","2":"type-product","3":"status-publish","4":"has-post-thumbnail","6":"product_cat-wholesale-flatware","7":"product_cat-bulk-flatware","9":"first","10":"instock","11":"shipping-taxable","12":"product-type-simple"},"_links":{"self":[{"href":"https:\/\/www.mcallenflatware.com\/fr\/wp-json\/wp\/v2\/product\/2883","targetHints":{"allow":["GET"]}}],"collection":[{"href":"https:\/\/www.mcallenflatware.com\/fr\/wp-json\/wp\/v2\/product"}],"about":[{"href":"https:\/\/www.mcallenflatware.com\/fr\/wp-json\/wp\/v2\/types\/product"}],"wp:featuredmedia":[{"embeddable":true,"href":"https:\/\/www.mcallenflatware.com\/fr\/wp-json\/wp\/v2\/media\/2891"}],"wp:attachment":[{"href":"https:\/\/www.mcallenflatware.com\/fr\/wp-json\/wp\/v2\/media?parent=2883"}],"wp:term":[{"taxonomy":"product_brand","embeddable":true,"href":"https:\/\/www.mcallenflatware.com\/fr\/wp-json\/wp\/v2\/product_brand?post=2883"},{"taxonomy":"product_cat","embeddable":true,"href":"https:\/\/www.mcallenflatware.com\/fr\/wp-json\/wp\/v2\/product_cat?post=2883"},{"taxonomy":"product_tag","embeddable":true,"href":"https:\/\/www.mcallenflatware.com\/fr\/wp-json\/wp\/v2\/product_tag?post=2883"}],"curies":[{"name":"wp","href":"https:\/\/api.w.org\/{rel}","templated":true}]}}